{"id":62664,"date":"2022-05-18T10:33:22","date_gmt":"2022-05-18T08:33:22","guid":{"rendered":"https:\/\/www.gecleant.de\/betingelser\/"},"modified":"2022-05-18T10:33:22","modified_gmt":"2022-05-18T08:33:22","slug":"betingelser","status":"publish","type":"page","link":"https:\/\/www.gecleant.de\/da\/betingelser\/","title":{"rendered":"Betingelser"},"content":{"rendered":"\t\t<div data-elementor-type=\"wp-page\" data-elementor-id=\"62664\" class=\"elementor elementor-62664 elementor-2459\" data-elementor-post-type=\"page\">\n\t\t\t\t\t\t<section class=\"elementor-section elementor-top-section elementor-element elementor-element-371c7c5b elementor-section-boxed elementor-section-height-default elementor-section-height-default\" data-id=\"371c7c5b\" data-element_type=\"section\" data-e-type=\"section\">\n\t\t\t\t\t\t<div class=\"elementor-container elementor-column-gap-default\">\n\t\t\t\t\t<div class=\"elementor-column elementor-col-100 elementor-top-column elementor-element elementor-element-20c90e4c\" data-id=\"20c90e4c\" data-element_type=\"column\" data-e-type=\"column\">\n\t\t\t<div class=\"elementor-widget-wrap elementor-element-populated\">\n\t\t\t\t\t\t<div class=\"elementor-element elementor-element-6ba8a3c7 elementor-widget elementor-widget-text-editor\" data-id=\"6ba8a3c7\" data-element_type=\"widget\" data-e-type=\"widget\" data-widget_type=\"text-editor.default\">\n\t\t\t\t<div class=\"elementor-widget-container\">\n\t\t\t\t\t\t\t\t\t<p><span class=\"gecleant_Titel\"><strong>Vilk\u00e5r og betingelser og kundeoplysninger<\/strong><\/span><\/p><p><span class=\"gecleant_Paragraph\"><strong>I. Vilk\u00e5r og betingelser<\/strong><\/span><\/p><p><span class=\"gecleant_Paragraph\"><strong>\u00a7 1 Grundl\u00e6ggende bestemmelser<\/strong><\/span><\/p><p><span class=\"gecleant_Absatz\"><strong>(1)<\/strong> F\u00f8lgende forretningsbetingelser g\u00e6lder for alle de kontrakter, som du indg\u00e5r med os som leverand\u00f8r <strong>(Stefan von Ryssel)<\/strong> via hjemmesiden www.gecleant.de. Medmindre andet er aftalt, er medtagelsen af eventuelle vilk\u00e5r, du m\u00e5tte have brugt, modsagt.<\/span><\/p><p><span class=\"gecleant_Absatz\"><strong>Stk. 2.<\/strong> En forbruger i nedenst\u00e5ende reglers forstand er enhver fysisk person, der indg\u00e5r en juridisk handel med form\u00e5l, der i overvejende grad hverken kan henf\u00f8res til deres erhvervsm\u00e6ssige eller selvst\u00e6ndige erhvervsm\u00e6ssige virksomhed. En iv\u00e6rks\u00e6tter er enhver fysisk eller juridisk person eller et partnerskab med retlig handleevne, der, n\u00e5r de indg\u00e5r en juridisk transaktion, handler i ud\u00f8velsen af deres selvst\u00e6ndige professionelle eller kommercielle aktivitet.<\/span><\/p><p><span class=\"gecleant_Paragraph\"><strong>\u00a7 2 Kontraktdannelse<\/strong><\/span><\/p><p><span class=\"gecleant_Absatz\"><strong>(1)<\/strong> Genstanden for kontrakten er salg af varer<\/span> <span class=\"gecleant_Absatz\">.<\/span><\/p><p><span class=\"gecleant_Absatz\"><strong>(2)<\/strong> S\u00e5 snart det p\u00e5g\u00e6ldende produkt er placeret p\u00e5 vores hjemmeside, giver vi dig et bindende tilbud om at indg\u00e5 en kontrakt via online indk\u00f8bskurvsystemet under de betingelser, der er angivet i varebeskrivelsen.<\/span><\/p><p><span class=\"gecleant_Absatz\"><strong>(3)<\/strong> Kontrakten indg\u00e5s via online indk\u00f8bskurvsystemet som f\u00f8lger:<br>De varer, der er beregnet til k\u00f8b, l\u00e6gges i &#8220;indk\u00f8bskurven&#8221;. Du kan bruge den tilsvarende knap i navigationslinjen til at hente &#8220;indk\u00f8bskurven&#8221; og til enhver tid foretage \u00e6ndringer der.<br>Efter at have ringet til siden &#8220;Kasse&#8221; og indtastet dine personlige data samt betalings- og forsendelsesbetingelser, vil ordredataene blive vist som en ordreoversigt.<\/span><\/p><p><span class=\"gecleant_Absatz\">Hvis du bruger et \u00f8jeblikkelig betalingssystem (f.eks. PayPal \/ PayPal Express, Stripe, Sofort\u00fcberweisung) som betalingsmetode, vil du enten blive f\u00f8rt til ordreoversigtssiden i vores onlinebutik eller omdirigeret til webstedet for udbyderen af det \u00f8jeblikkelige betalingssystem .<br>Hvis du videresendes til det respektive \u00f8jeblikkelige betalingssystem, skal du foretage det relevante valg eller indtaste dine data der. Til sidst vil ordredataene blive vist som en ordreoversigt p\u00e5 hjemmesiden for udbyderen af det \u00f8jeblikkelige betalingssystem eller efter at du er blevet omdirigeret til vores online shop.<\/span><\/p><p><span class=\"gecleant_Absatz\">Inden du sender ordren, har du mulighed for at tjekke detaljerne i ordreoversigten igen, \u00e6ndre dem (ogs\u00e5 ved at bruge &#8220;tilbage&#8221;-funktionen i internetbrowseren) eller annullere ordren. <\/span><br><span class=\"gecleant_Absatz\">Ved at afgive ordren via &#8220;k\u00f8b&#8221;-knappen erkl\u00e6rer du din accept af tilbuddet p\u00e5 en juridisk bindende m\u00e5de, hvorved kontrakten indg\u00e5s. <\/span><\/p><p><span class=\"gecleant_Absatz\"><strong>(4)<\/strong> Dine anmodninger om udarbejdelse af et tilbud er ikke bindende for dig. Vi giver dig et bindende tilbud i tekstform (f.eks. p\u00e5 e-mail), som du kan acceptere inden for 5 dage (medmindre en anden frist er angivet i det respektive tilbud).<\/span><\/p><p><span class=\"gecleant_Absatz\"><strong>(5)<\/strong> Behandlingen af ordren og fremsendelsen af alle n\u00f8dvendige oplysninger i forbindelse med kontraktindg\u00e5elsen foreg\u00e5r via e-mail, i nogle tilf\u00e6lde automatisk. Du skal derfor sikre dig, at den e-mailadresse, du har givet os, er korrekt, at modtagelsen af e-mails er teknisk garanteret og i s\u00e6rdeleshed, at den ikke forhindres af SPAM-filtre.<\/span><\/p><p><span class=\"gecleant_Paragraph\"><strong>\u00a7 3<\/strong> <strong>Individuelt designede varer<\/strong><\/span><\/p><p><strong><span class=\"gecleant_Absatz\">(1)  <\/span><\/strong><span class=\"gecleant_Absatz\">Du giver os de relevante oplysninger, tekster eller filer, der kr\u00e6ves til den individuelle udformning af varerne via onlinebestillingssystemet eller via e-mail senest umiddelbart efter kontraktindg\u00e5elsen. Enhver af vores specifikationer for filformater skal overholdes.<br><\/span><br><strong><span class=\"gecleant_Absatz\">(2)<\/span><\/strong><span class=\"gecleant_Absatz\"> Du forpligter dig til ikke at overf\u00f8re data, hvis indhold kr\u00e6nker tredjeparters rettigheder (is\u00e6r ophavsrettigheder, navnerettigheder, varem\u00e6rkerettigheder) eller overtr\u00e6der eksisterende love. Du fritager os udtrykkeligt fra alle tredjepartskrav fremsat i denne sammenh\u00e6ng. Dette g\u00e6lder ogs\u00e5 omkostningerne til den advokatbistand, der kr\u00e6ves i denne sammenh\u00e6ng.<br><\/span><br><strong><span class=\"gecleant_Absatz\">(3)<\/span><\/strong> <span class=\"gecleant_Absatz\">Vi kontrollerer ikke de overf\u00f8rte data for rigtigheden af indholdet og p\u00e5tager os intet ansvar for fejl i denne henseende.<\/span><\/p><p><span class=\"gecleant_Paragraph\"><strong>\u00a7 4 S\u00e6rlige aftaler om udbudte betalingsformer<\/strong><\/span><\/p><p><span class=\"gecleant_Absatz\"><strong>(1) Betaling via Stripe<\/strong><br>I samarbejde med <a href=\"https:\/\/stripe.com\" target=\"_blank\" rel=\"noopener noreferrer nofollow\">Stripe, Inc. 510 Townsend Street San Francisco, CA 94103, USA)<\/a>, tilbyder vi f\u00f8lgende betalingsmuligheder. Betaling sker til Stripe: https:\/\/www.stripe.com<\/span><\/p><p><span class=\"gecleant_Absatz\"><strong>Sofort\u00fcberweisung:<\/strong> Tilg\u00e6ngelig i Tyskland og \u00d8strig. Din konto vil blive debiteret umiddelbart efter afgivelse af ordren.<\/span><\/p><p><span class=\"gecleant_Absatz\"><strong>(2) SEPA-stribe direkte debitering (grundl\u00e6ggende og\/eller virksomheds direkte debitering)<\/strong><br>N\u00e5r du betaler med SEPA kerne direkte debitering eller SEPA selskabs direkte debitering, giver du os tilladelse til at opkr\u00e6ve fakturabel\u00f8bet fra den angivne konto ved at udstede et tilsvarende SEPA-fuldmagt. <\/span><br><span class=\"gecleant_Absatz\">Direkte debitering opkr\u00e6ves senest 10 dage efter indg\u00e5else af kontrakten.<\/span><br><span class=\"gecleant_Absatz\">Fristen for indsendelse af forh\u00e5ndsbeskeden neds\u00e6ttes til 5 dage f\u00f8r forfaldsdatoen. Du er forpligtet til at sikre, at kontoen har tilstr\u00e6kkelige midler p\u00e5 forfaldsdatoen. I tilf\u00e6lde af returneret direkte debitering p\u00e5 grund af din fejl, skal du afholde de afholdte bankgebyrer.<\/span><\/p><p><span class=\"gecleant_Absatz\">Mere information og Stripes servicevilk\u00e5r kan findes <a href=\"https:\/\/stripe.com\/de\/legal\" target=\"_blank\" rel=\"noopener noreferrer nofollow\">her<\/a> . Generel information om Stripe kan findes <a href=\"https:\/\/stripe.com\/de\" target=\"_blank\" rel=\"noopener noreferrer nofollow\">her<\/a> . Dine personoplysninger vil blive behandlet af Stripe i overensstemmelse med g\u00e6ldende databeskyttelsesregler og i overensstemmelse med oplysningerne i Stripes <a href=\"https:\/\/stripe.com\/de\/legal\" target=\"_blank\" rel=\"noopener noreferrer nofollow\">databeskyttelsesforskrifter<\/a> .<\/span><\/p><p><strong><span class=\"gecleant_Paragraph\">\u00a7 5 tilbageholdelsesret<\/span><\/strong> <strong><span class=\"gecleant_Paragraph\">,<\/span><\/strong> ejendomsforbehold<\/p><p><span class=\"gecleant_Absatz\"><strong>(1)<\/strong> Du kan kun ud\u00f8ve en tilbageholdelsesret, for s\u00e5 vidt det vedr\u00f8rer krav fra samme kontraktforhold.<\/span><\/p><p><span class=\"gecleant_Absatz\"><strong>(2)<\/strong> Varerne forbliver vores ejendom, indtil k\u00f8besummen er betalt fuldt ud.<\/span><\/p><p><span class=\"gecleant_Absatz\"><strong>(3)<\/strong> Hvis du er iv\u00e6rks\u00e6tter, g\u00e6lder f\u00f8lgende ogs\u00e5:<\/span><\/p><p>a) Vi forbeholder os ejendomsretten til varerne, indtil alle krav fra det aktuelle forretningsforhold er fuldt ud afgjort. Pants\u00e6tning eller overdragelse som sikkerhed er ikke tilladt, f\u00f8r ejendomsretten til de forbeholdte varer er overg\u00e5et.<\/p><p>b) Du kan videres\u00e6lge varerne i den almindelige virksomhed. I dette tilf\u00e6lde overdrager du os alle krav til et bel\u00f8b svarende til fakturabel\u00f8bet, som tilfalder dig fra videresalget, og vi accepterer overdragelsen. Du har endvidere ret til at inddrive kravet. Men hvis du ikke opfylder dine betalingsforpligtelser korrekt, forbeholder vi os retten til selv at inddrive kravet.<\/p><p>c) Hvis de forbeholdte varer kombineres og blandes, erhverver vi medejerskab af den nye vare i forhold til fakturav\u00e6rdien af de forbeholdte varer til de \u00f8vrige forarbejdede varer p\u00e5 forarbejdningstidspunktet.<\/p><p>d) Vi forpligter os til at frigive de v\u00e6rdipapirer, som vi er berettiget til p\u00e5 din anmodning, i det omfang realisationsv\u00e6rdien af vores v\u00e6rdipapirer overstiger kravet til sikkerhed med mere end 10 %. Vi er ansvarlige for at udv\u00e6lge de v\u00e6rdipapirer, der skal frigives.<\/p><p><strong><span class=\"gecleant_Paragraph\">\u00a7 6 Garanti<\/span><\/strong><\/p><p><span class=\"gecleant_Absatz\"><strong>(1)<\/strong> De lovpligtige garantirettigheder g\u00e6lder.<\/span><\/p><p><strong><span class=\"gecleant_Absatz\">(2)<\/span><\/strong><span class=\"gecleant_Absatz\"> Som forbruger bedes du straks ved levering kontrollere varen for fuldst\u00e6ndighed, \u00e5benlyse fejl og transportskader samt hurtigst muligt at informere os og fragtmanden om eventuelle reklamationer. Hvis du ikke overholder dette, har dette ingen indflydelse p\u00e5 dine lovpligtige garantikrav.<\/span><\/p><p><span class=\"gecleant_Absatz\"><strong>(3)<\/strong> Hvis du er iv\u00e6rks\u00e6tter, g\u00e6lder f\u00f8lgende i afvigelse fra ovenst\u00e5ende garantibestemmelser:<\/span><\/p><p><strong>a)<\/strong> Kun vores egne oplysninger og producentens produktbeskrivelse anses for at v\u00e6re aftalt som kvaliteten af varen, men ikke anden reklame, offentlige kampagner og udtalelser fra producenten.<\/p><p><strong>b)<\/strong> I tilf\u00e6lde af defekter yder vi en garanti efter vores sk\u00f8n ved udbedring eller efterf\u00f8lgende levering. Mislykkes afhj\u00e6lpningen af manglen, kan du enten kr\u00e6ve prisafslag eller tr\u00e6de tilbage fra kontrakten. Afhj\u00e6lpning af mangler anses for mislykket efter et andet mislykket fors\u00f8g, medmindre andet skyldes varens eller manglens art eller de \u00f8vrige omst\u00e6ndigheder. Ved berigtigelse skal vi ikke afholde de \u00f8gede omkostninger, der opst\u00e5r ved at transportere varen til et andet sted end udf\u00f8relsesstedet, hvis transporten ikke svarer til varens tilsigtede anvendelse.<\/p><p><strong>c)<\/strong> Garantiperioden er et \u00e5r fra levering af varerne. Den forkortede frist g\u00e6lder ikke:<\/p><p><span class=\"gecleant_Absatz\">&#8211; skyldigt forvoldt skade, der kan henf\u00f8res til os, som f\u00f8lge af skade p\u00e5 liv, lemmer eller helbred og anden skade for\u00e5rsaget fors\u00e6tligt eller ved grov uagtsomhed;<\/span><br><span class=\"gecleant_Absatz\">&#8211; i det omfang vi svigagtigt har skjult manglen eller har p\u00e5taget os garanti for varens stand;<\/span><br><span class=\"gecleant_Absatz\">&#8211; for genstande, der har v\u00e6ret brugt til en bygning i overensstemmelse med deres normale brug, og som har for\u00e5rsaget dens mangel;<\/span><br><span class=\"gecleant_Absatz\">&#8211; i tilf\u00e6lde af lovbestemte regresrettigheder, som du har mod os i forbindelse med garantirettigheder.<\/span><\/p><p><strong><span class=\"gecleant_Paragraph\">\u00a7 7 Lovvalg<\/span><\/strong><\/p><p><span class=\"gecleant_Absatz\"><strong>(1)<\/strong> Tysk lov finder anvendelse. For forbrugerne g\u00e6lder dette lovvalg kun, s\u00e5fremt beskyttelsen af ufravigelige bestemmelser i loven i den stat, hvor forbrugeren har sit s\u00e6dvanlige opholdssted, ikke oph\u00e6ves (begunstigelsesprincippet).<\/span><\/p><p><span class=\"gecleant_Absatz\"><strong>(2)<\/strong> Bestemmelserne i FN&#8217;s salgskonvention g\u00e6lder udtrykkeligt ikke.<\/span><\/p><hr><p><span class=\"gecleant_Absatz\"><br><strong><span class=\"gecleant_Paragraph\">II. Kundeoplysninger <\/span><\/strong><\/span><\/p><p><span class=\"gecleant_Paragraph\"><strong>1. S\u00e6lgers identitet<\/strong><\/span><\/p><p>Stefan von Ryssel<br>I tip 5<br>04159 Leipzig<br>Tyskland<br>Telefon: +4934146387532<br>E-mail: info@gecleant.com<\/p><p><strong>Alternativ konfliktl\u00f8sning:<\/strong><br>Europa-Kommissionen tilbyder en platform for udenretslig online tvistbil\u00e6ggelse (OS-platform), tilg\u00e6ngelig p\u00e5 <a href=\"https:\/\/ec.europa.eu\/odr\" target=\"_blank\" rel=\"noopener noreferrer nofollow\">https:\/\/ec.europa.eu\/odr<\/a> .<\/p><p><strong><span class=\"gecleant_Paragraph\">2. Oplysninger om indg\u00e5else af kontrakten<\/span><\/strong><\/p><p>De tekniske trin for indg\u00e5else af kontrakten, indg\u00e5elsen af selve kontrakten og rettelsesmulighederne udf\u00f8res i overensstemmelse med reglerne &#8220;Kontraktindg\u00e5else&#8221; i vores generelle vilk\u00e5r og betingelser (Del I.).<\/p><p><span class=\"gecleant_Paragraph\"><strong>3. Kontraktsprog, kontrakttekstlagring<\/strong><\/span><\/p><p>3.1. Kontraktsproget er tysk.<\/p><p>3.2. Vi gemmer ikke den fulde tekst af kontrakten. Inden afsendelse af ordren via online-indk\u00f8bsvognssystemet, kan kontraktdata udskrives eller gemmes elektronisk ved hj\u00e6lp af browserens printfunktion. Efter vi har modtaget ordren, vil ordredataene, de oplysninger, der kr\u00e6ves i henhold til loven til fjernsalg og de generelle vilk\u00e5r og betingelser, blive sendt til dig igen via e-mail.<\/p><p>3.3. Hvis du anmoder om et tilbud uden for online-indk\u00f8bsvognssystemet, modtager du alle kontraktdata som en del af et bindende tilbud i tekstform, fx p\u00e5 e-mail, som du kan printe ud eller gemme elektronisk.<\/p><p><strong><span class=\"gecleant_Paragraph\">4. V\u00e6sentlige egenskaber ved varen eller tjenesteydelsen<\/span><\/strong><\/p><p>De v\u00e6sentlige egenskaber ved varen og\/eller tjenesten kan findes i det respektive tilbud.<\/p><p><strong><span class=\"gecleant_Paragraph\">5. Priser og betalingsbetingelser<\/span><\/strong><\/p><p>5.1. Priserne angivet i de respektive tilbud samt fragtomkostningerne repr\u00e6senterer samlede priser. De indeholder alle priskomponenter inklusive alle g\u00e6ldende afgifter.<\/p><p>5.2. Fragtomkostningerne er ikke inkluderet i k\u00f8bsprisen. De kan kaldes op via en tilsvarende knap p\u00e5 vores hjemmeside eller i det p\u00e5g\u00e6ldende tilbud, vises s\u00e6rskilt i l\u00f8bet af bestillingsprocessen og afholdes desuden af dig, medmindre der er lovet gratis levering.<\/p><p>5.3. Hvis leveringen sker til lande uden for EU, kan der opst\u00e5 yderligere omkostninger, som vi ikke er ansvarlige for, s\u00e5som told, skatter eller pengeoverf\u00f8rselsgebyrer (bankoverf\u00f8rsel eller valutakursgebyrer), som du skal afholde.<\/p><p>5.4. Du skal afholde omkostningerne ved pengeoverf\u00f8rslen (bankoverf\u00f8rsel eller valutakursgebyrer) i tilf\u00e6lde, hvor leveringen sker til et EU-medlemsland, men betalingen er foretaget uden for EU.<\/p><p>5.5. De tilg\u00e6ngelige betalingsmetoder vises under en tilsvarende knap p\u00e5 vores hjemmeside eller i det respektive tilbud.<\/p><p>5.6. Medmindre andet er angivet for de enkelte betalingsformer, forfalder betalingskravene fra den indg\u00e5ede kontrakt til betaling straks.<\/p><p><strong><span class=\"gecleant_Paragraph\">6. Leveringsbetingelser<\/span><\/strong><\/p><p>6.1. Leveringsbetingelserne, leveringsdatoen og eventuelle eksisterende leveringsbegr\u00e6nsninger kan findes under en tilsvarende knap p\u00e5 vores hjemmeside eller i det respektive tilbud.<\/p><p>6.2. Hvis du er forbruger, er det lovreguleret, at risikoen for h\u00e6ndeligt tab og h\u00e6ndelig forringelse af den solgte vare under forsendelsen f\u00f8rst overg\u00e5r til dig, n\u00e5r varerne overdrages til dig, uanset om forsendelsen er forsikret eller uforsikret. Dette g\u00e6lder ikke, hvis du selvst\u00e6ndigt har bestilt et transportfirma, som ikke er navngivet af entrepren\u00f8ren eller en anden person, der er ansvarlig for at udf\u00f8re forsendelsen.<\/p><p>Hvis du er iv\u00e6rks\u00e6tter, er levering og forsendelse p\u00e5 eget ansvar.<\/p><p><strong><span class=\"gecleant_Paragraph\">7. Lovpligtigt ansvar for mangler <\/span><\/strong><\/p><p>Ansvar for defekter er baseret p\u00e5 &#8220;Garanti&#8221;-bestemmelsen i vores generelle vilk\u00e5r og betingelser (del I).<\/p><p>Disse generelle vilk\u00e5r og betingelser og kundeoplysninger er oprettet af H\u00e4ndlerbunds advokater, som er specialiseret i IT-ret, og kontrolleres konstant for juridisk overensstemmelse. H\u00e4ndlerbund Management AG garanterer teksternes retssikkerhed og er ansvarlig i tilf\u00e6lde af advarsler.<\/p><p>sidste opdatering: 18.05.2022<\/p>\t\t\t\t\t\t\t\t<\/div>\n\t\t\t\t<\/div>\n\t\t\t\t\t<\/div>\n\t\t<\/div>\n\t\t\t\t\t<\/div>\n\t\t<\/section>\n\t\t\t\t<\/div>\n\t\t","protected":false},"excerpt":{"rendered":"<p>Vilk\u00e5r og betingelser og kundeoplysninger I. Vilk\u00e5r og betingelser \u00a7 1 Grundl\u00e6ggende bestemmelser (1) F\u00f8lgende forretningsbetingelser g\u00e6lder for alle de kontrakter, som du indg\u00e5r med os som leverand\u00f8r (Stefan von Ryssel) via hjemmesiden www.gecleant.de. Medmindre andet er aftalt, er medtagelsen af eventuelle vilk\u00e5r, du m\u00e5tte have brugt, modsagt. Stk. 2. En forbruger i nedenst\u00e5ende reglers [&hellip;]<\/p>\n","protected":false},"author":1,"featured_media":0,"parent":0,"menu_order":0,"comment_status":"closed","ping_status":"closed","template":"","meta":{"footnotes":""},"class_list":["post-62664","page","type-page","status-publish","hentry"],"_links":{"self":[{"href":"https:\/\/www.gecleant.de\/da\/wp-json\/wp\/v2\/pages\/62664","targetHints":{"allow":["GET"]}}],"collection":[{"href":"https:\/\/www.gecleant.de\/da\/wp-json\/wp\/v2\/pages"}],"about":[{"href":"https:\/\/www.gecleant.de\/da\/wp-json\/wp\/v2\/types\/page"}],"author":[{"embeddable":true,"href":"https:\/\/www.gecleant.de\/da\/wp-json\/wp\/v2\/users\/1"}],"replies":[{"embeddable":true,"href":"https:\/\/www.gecleant.de\/da\/wp-json\/wp\/v2\/comments?post=62664"}],"version-history":[{"count":0,"href":"https:\/\/www.gecleant.de\/da\/wp-json\/wp\/v2\/pages\/62664\/revisions"}],"wp:attachment":[{"href":"https:\/\/www.gecleant.de\/da\/wp-json\/wp\/v2\/media?parent=62664"}],"curies":[{"name":"wp","href":"https:\/\/api.w.org\/{rel}","templated":true}]}}