{"id":65715,"date":"2023-01-31T10:35:42","date_gmt":"2023-01-31T09:35:42","guid":{"rendered":"https:\/\/www.gecleant.de\/ratingers-autenticitet\/"},"modified":"2023-01-31T10:35:42","modified_gmt":"2023-01-31T09:35:42","slug":"ratingers-autenticitet","status":"publish","type":"page","link":"https:\/\/www.gecleant.de\/da\/ratingers-autenticitet\/","title":{"rendered":"Ratingers autenticitet"},"content":{"rendered":"<p>Vurderingerne nedenfor nogle produkter anmodes automatisk af vores system 30 dage efter status\/forsendelsesstatus &#8220;Afsluttet&#8221; af de tilsvarende kunder og er frivillige.<\/p>\n<p>Da vi tilbyder glaspropper i et s\u00e6t med lim og reng\u00f8ringsmiddel, kan vurderingen kun vedr\u00f8re en del af den aktuelle visning, da det normalt kun er glasproppen og ikke lims\u00e6ttet, der vurderes. Det betyder, at du under <a href=\"\/shop\/heckwischerabdeckung-glasstopfen\/audi-a1-s1-a3-s3-rs3-a4-s4-rs4-a6-s6-rs6-etron\/glasstopfen-fuer-audi-gs01\/\">glasstoppers\u00e6ttet til Audi<\/a> finder anmeldelser af de andre varianter, der findes til Audi (<a href=\"\/shop\/heckwischerabdeckung-glasstopfen\/glasstopfen-01\/\">glasstopper 01<\/a> og <a href=\"\/shop\/heckwischerabdeckung-glasstopfen\/glasstopfen-02\/\">glasstopper 02<\/a>). Desuden kan vurderingerne gemmes p\u00e5 flere sprog, hvilket betyder, at den samme vare kan have forskellige vurderinger p\u00e5 forskellige sprog.<\/p>\n<p>Hvis der ikke er nogen bed\u00f8mmelse under varen, er der ikke blevet givet nogen af vores kunder.<\/p>\n<p>Kun brugere, der har k\u00f8bt denne vare, har ret til at give en bed\u00f8mmelse. Denne er systematisk matchet med brugerkontoen.<\/p>\n<p>Hvis du <a href=\"\/deine-bewertung\/\">har<\/a> yderligere <a href=\"\/deine-bewertung\/\">sp\u00f8rgsm\u00e5l, kan du se, hvordan vi beder om bed\u00f8mmelser<\/a>, og hvilke ting der er vigtige.<\/p>\n","protected":false},"excerpt":{"rendered":"<p>Vurderingerne nedenfor nogle produkter anmodes automatisk af vores system 30 dage efter status\/forsendelsesstatus &#8220;Afsluttet&#8221; af de tilsvarende kunder og er frivillige. Da vi tilbyder glaspropper i et s\u00e6t med lim og reng\u00f8ringsmiddel, kan vurderingen kun vedr\u00f8re en del af den aktuelle visning, da det normalt kun er glasproppen og ikke lims\u00e6ttet, der vurderes. Det betyder, [&hellip;]<\/p>\n","protected":false},"author":1,"featured_media":0,"parent":0,"menu_order":0,"comment_status":"closed","ping_status":"closed","template":"","meta":{"footnotes":""},"class_list":["post-65715","page","type-page","status-publish","hentry"],"_links":{"self":[{"href":"https:\/\/www.gecleant.de\/da\/wp-json\/wp\/v2\/pages\/65715","targetHints":{"allow":["GET"]}}],"collection":[{"href":"https:\/\/www.gecleant.de\/da\/wp-json\/wp\/v2\/pages"}],"about":[{"href":"https:\/\/www.gecleant.de\/da\/wp-json\/wp\/v2\/types\/page"}],"author":[{"embeddable":true,"href":"https:\/\/www.gecleant.de\/da\/wp-json\/wp\/v2\/users\/1"}],"replies":[{"embeddable":true,"href":"https:\/\/www.gecleant.de\/da\/wp-json\/wp\/v2\/comments?post=65715"}],"version-history":[{"count":0,"href":"https:\/\/www.gecleant.de\/da\/wp-json\/wp\/v2\/pages\/65715\/revisions"}],"wp:attachment":[{"href":"https:\/\/www.gecleant.de\/da\/wp-json\/wp\/v2\/media?parent=65715"}],"curies":[{"name":"wp","href":"https:\/\/api.w.org\/{rel}","templated":true}]}}