{"id":8289,"date":"2020-12-09T17:46:20","date_gmt":"2020-12-09T15:46:20","guid":{"rendered":"https:\/\/www.gecleant.de\/om\/"},"modified":"2024-10-08T08:42:24","modified_gmt":"2024-10-08T06:42:24","slug":"om","status":"publish","type":"page","link":"https:\/\/www.gecleant.de\/da\/om\/","title":{"rendered":"om os"},"content":{"rendered":"\t\t<div data-elementor-type=\"wp-page\" data-elementor-id=\"8289\" class=\"elementor elementor-8289 elementor-56\" data-elementor-post-type=\"page\">\n\t\t\t\t\t\t<section class=\"elementor-section elementor-top-section elementor-element elementor-element-e41e8f1 elementor-section-boxed elementor-section-height-default elementor-section-height-default\" data-id=\"e41e8f1\" data-element_type=\"section\" data-e-type=\"section\">\n\t\t\t\t\t\t<div class=\"elementor-container elementor-column-gap-default\">\n\t\t\t\t\t<div class=\"elementor-column elementor-col-33 elementor-top-column elementor-element elementor-element-f7eb370\" data-id=\"f7eb370\" data-element_type=\"column\" data-e-type=\"column\">\n\t\t\t<div class=\"elementor-widget-wrap elementor-element-populated\">\n\t\t\t\t\t\t<div class=\"elementor-element elementor-element-5340c0d elementor-widget elementor-widget-heading\" data-id=\"5340c0d\" data-element_type=\"widget\" data-e-type=\"widget\" data-widget_type=\"heading.default\">\n\t\t\t\t<div class=\"elementor-widget-container\">\n\t\t\t\t\t<span class=\"elementor-heading-title elementor-size-default\">siden 2007 <\/span>\t\t\t\t<\/div>\n\t\t\t\t<\/div>\n\t\t\t\t<div class=\"elementor-element elementor-element-4d76d7e elementor-widget elementor-widget-counter\" data-id=\"4d76d7e\" data-element_type=\"widget\" data-e-type=\"widget\" data-widget_type=\"counter.default\">\n\t\t\t\t<div class=\"elementor-widget-container\">\n\t\t\t\t\t\t\t<div class=\"elementor-counter\">\n\t\t\t<div class=\"elementor-counter-title\">Kunder<\/div>\t\t\t<div class=\"elementor-counter-number-wrapper\">\n\t\t\t\t<span class=\"elementor-counter-number-prefix\"><\/span>\n\t\t\t\t<span class=\"elementor-counter-number\" data-duration=\"2000\" data-to-value=\"35001\" data-from-value=\"0\" data-delimiter=\".\">0<\/span>\n\t\t\t\t<span class=\"elementor-counter-number-suffix\"><\/span>\n\t\t\t<\/div>\n\t\t<\/div>\n\t\t\t\t\t\t<\/div>\n\t\t\t\t<\/div>\n\t\t\t\t\t<\/div>\n\t\t<\/div>\n\t\t\t\t<div class=\"elementor-column elementor-col-33 elementor-top-column elementor-element elementor-element-cd30fec\" data-id=\"cd30fec\" data-element_type=\"column\" data-e-type=\"column\">\n\t\t\t<div class=\"elementor-widget-wrap elementor-element-populated\">\n\t\t\t\t\t\t<div class=\"elementor-element elementor-element-0531b31 elementor-widget elementor-widget-heading\" data-id=\"0531b31\" data-element_type=\"widget\" data-e-type=\"widget\" data-widget_type=\"heading.default\">\n\t\t\t\t<div class=\"elementor-widget-container\">\n\t\t\t\t\t<span class=\"elementor-heading-title elementor-size-default\">Glasprop til over  <\/span>\t\t\t\t<\/div>\n\t\t\t\t<\/div>\n\t\t\t\t<div class=\"elementor-element elementor-element-4a89d2b elementor-widget elementor-widget-counter\" data-id=\"4a89d2b\" data-element_type=\"widget\" data-e-type=\"widget\" data-widget_type=\"counter.default\">\n\t\t\t\t<div class=\"elementor-widget-container\">\n\t\t\t\t\t\t\t<div class=\"elementor-counter\">\n\t\t\t<div class=\"elementor-counter-title\">k\u00f8ret\u00f8jer<\/div>\t\t\t<div class=\"elementor-counter-number-wrapper\">\n\t\t\t\t<span class=\"elementor-counter-number-prefix\"><\/span>\n\t\t\t\t<span class=\"elementor-counter-number\" data-duration=\"2000\" data-to-value=\"1000\" data-from-value=\"0\" data-delimiter=\".\">0<\/span>\n\t\t\t\t<span class=\"elementor-counter-number-suffix\"><\/span>\n\t\t\t<\/div>\n\t\t<\/div>\n\t\t\t\t\t\t<\/div>\n\t\t\t\t<\/div>\n\t\t\t\t\t<\/div>\n\t\t<\/div>\n\t\t\t\t<div class=\"elementor-column elementor-col-33 elementor-top-column elementor-element elementor-element-3bde0eb\" data-id=\"3bde0eb\" data-element_type=\"column\" data-e-type=\"column\">\n\t\t\t<div class=\"elementor-widget-wrap elementor-element-populated\">\n\t\t\t\t\t\t<div class=\"elementor-element elementor-element-f5b154a elementor-widget elementor-widget-heading\" data-id=\"f5b154a\" data-element_type=\"widget\" data-e-type=\"widget\" data-widget_type=\"heading.default\">\n\t\t\t\t<div class=\"elementor-widget-container\">\n\t\t\t\t\t<span class=\"elementor-heading-title elementor-size-default\">individuel<\/span>\t\t\t\t<\/div>\n\t\t\t\t<\/div>\n\t\t\t\t<div class=\"elementor-element elementor-element-420c9b1 elementor-widget elementor-widget-counter\" data-id=\"420c9b1\" data-element_type=\"widget\" data-e-type=\"widget\" data-widget_type=\"counter.default\">\n\t\t\t\t<div class=\"elementor-widget-container\">\n\t\t\t\t\t\t\t<div class=\"elementor-counter\">\n\t\t\t<div class=\"elementor-counter-title\">Lavet til at m\u00e5le<\/div>\t\t\t<div class=\"elementor-counter-number-wrapper\">\n\t\t\t\t<span class=\"elementor-counter-number-prefix\">19-<\/span>\n\t\t\t\t<span class=\"elementor-counter-number\" data-duration=\"2000\" data-to-value=\"45\" data-from-value=\"0\" data-delimiter=\".\">0<\/span>\n\t\t\t\t<span class=\"elementor-counter-number-suffix\">mm<\/span>\n\t\t\t<\/div>\n\t\t<\/div>\n\t\t\t\t\t\t<\/div>\n\t\t\t\t<\/div>\n\t\t\t\t\t<\/div>\n\t\t<\/div>\n\t\t\t\t\t<\/div>\n\t\t<\/section>\n\t\t\t\t<section class=\"elementor-section elementor-top-section elementor-element elementor-element-321702f0 elementor-section-boxed elementor-section-height-default elementor-section-height-default\" data-id=\"321702f0\" data-element_type=\"section\" data-e-type=\"section\">\n\t\t\t\t\t\t<div class=\"elementor-container elementor-column-gap-default\">\n\t\t\t\t\t<div class=\"elementor-column elementor-col-100 elementor-top-column elementor-element elementor-element-3a98f66c\" data-id=\"3a98f66c\" data-element_type=\"column\" data-e-type=\"column\">\n\t\t\t<div class=\"elementor-widget-wrap elementor-element-populated\">\n\t\t\t\t\t\t<div class=\"elementor-element elementor-element-415a206f elementor-widget elementor-widget-text-editor\" data-id=\"415a206f\" data-element_type=\"widget\" data-e-type=\"widget\" data-widget_type=\"text-editor.default\">\n\t\t\t\t<div class=\"elementor-widget-container\">\n\t\t\t\t\t\t\t\t\t<p><b>gecleant.de<\/b> er en verdensber\u00f8mt producent af Bageste <a href=\"\/shop\">viskerovertr\u00e6k afaluminium, glas og akryl.<\/a> <\/p>\n<p>Vi arbejder med sans for detaljer og de h\u00f8jeste standarder for at g\u00f8re det muligt for vores kunder at f\u00e5 det &#8220;reneste&#8221; udseende efter deres k\u00f8ret\u00f8j. Med<a href=\"\/shop\"> Glasstop fra gecleant.de<\/a> du kan opn\u00e5 dette look p\u00e5 den mest elegante og enkle m\u00e5de. I mere end 15 \u00e5r har vi konstant forbedret vores produkter med hensyn til materiale, design og kvalitet, samtidig med at vi har taget hensyn til vores kunders \u00f8nsker. Vi ser os selv som en lille, men fin fremstilling og er udstyret med vores egne CNC-fr\u00e6semaskiner &#8211; s\u00e5 vi kan reagere fleksibelt p\u00e5 dine \u00f8nsker. <\/p>\t\t\t\t\t\t\t\t<\/div>\n\t\t\t\t<\/div>\n\t\t\t\t<section class=\"elementor-section elementor-inner-section elementor-element elementor-element-d6a9bf8 elementor-section-boxed elementor-section-height-default elementor-section-height-default\" data-id=\"d6a9bf8\" data-element_type=\"section\" data-e-type=\"section\">\n\t\t\t\t\t\t<div class=\"elementor-container elementor-column-gap-default\">\n\t\t\t\t\t<div class=\"elementor-column elementor-col-50 elementor-inner-column elementor-element elementor-element-d827c1a\" data-id=\"d827c1a\" data-element_type=\"column\" data-e-type=\"column\">\n\t\t\t<div class=\"elementor-widget-wrap elementor-element-populated\">\n\t\t\t\t\t\t<div class=\"elementor-element elementor-element-7251dc8 elementor-widget elementor-widget-image\" data-id=\"7251dc8\" data-element_type=\"widget\" data-e-type=\"widget\" data-widget_type=\"image.default\">\n\t\t\t\t<div class=\"elementor-widget-container\">\n\t\t\t\t\t\t\t\t\t\t\t\t<figure class=\"wp-caption\">\n\t\t\t\t\t\t\t\t\t\t<img decoding=\"async\" width=\"150\" height=\"150\" src=\"https:\/\/www.gecleant.de\/wp-content\/uploads\/2020\/09\/me2018-150x150.jpg\" class=\"elementor-animation-grow attachment-thumbnail size-thumbnail wp-image-7668\" alt=\"\" srcset=\"https:\/\/www.gecleant.de\/wp-content\/uploads\/2020\/09\/me2018-150x150.jpg 150w, https:\/\/www.gecleant.de\/wp-content\/uploads\/2020\/09\/me2018-324x324.jpg 324w, https:\/\/www.gecleant.de\/wp-content\/uploads\/2020\/09\/me2018-100x100.jpg 100w, https:\/\/www.gecleant.de\/wp-content\/uploads\/2020\/09\/me2018-416x416.jpg 416w, https:\/\/www.gecleant.de\/wp-content\/uploads\/2020\/09\/me2018-300x300.jpg 300w, https:\/\/www.gecleant.de\/wp-content\/uploads\/2020\/09\/me2018-1024x1024.jpg 1024w, https:\/\/www.gecleant.de\/wp-content\/uploads\/2020\/09\/me2018-768x768.jpg 768w, https:\/\/www.gecleant.de\/wp-content\/uploads\/2020\/09\/me2018-60x60.jpg 60w, https:\/\/www.gecleant.de\/wp-content\/uploads\/2020\/09\/me2018-800x800.jpg 800w, https:\/\/www.gecleant.de\/wp-content\/uploads\/2020\/09\/me2018-460x460.jpg 460w, https:\/\/www.gecleant.de\/wp-content\/uploads\/2020\/09\/me2018.jpg 1198w\" sizes=\"(max-width: 150px) 100vw, 150px\" \/>\t\t\t\t\t\t\t\t\t\t\t<figcaption class=\"widget-image-caption wp-caption-text\"><br>Stefan<small>CEO &amp; COO<\/small><\/figcaption>\n\t\t\t\t\t\t\t\t\t\t<\/figure>\n\t\t\t\t\t\t\t\t\t<\/div>\n\t\t\t\t<\/div>\n\t\t\t\t\t<\/div>\n\t\t<\/div>\n\t\t\t\t<div class=\"elementor-column elementor-col-50 elementor-inner-column elementor-element elementor-element-5a4b790\" data-id=\"5a4b790\" data-element_type=\"column\" data-e-type=\"column\">\n\t\t\t<div class=\"elementor-widget-wrap elementor-element-populated\">\n\t\t\t\t\t\t<div class=\"elementor-element elementor-element-a15bc91 elementor-widget elementor-widget-image\" data-id=\"a15bc91\" data-element_type=\"widget\" data-e-type=\"widget\" data-widget_type=\"image.default\">\n\t\t\t\t<div class=\"elementor-widget-container\">\n\t\t\t\t\t\t\t\t\t\t\t\t<figure class=\"wp-caption\">\n\t\t\t\t\t\t\t\t\t\t<img decoding=\"async\" width=\"150\" height=\"150\" src=\"https:\/\/www.gecleant.de\/wp-content\/uploads\/2020\/12\/markus1-150x150.jpg\" class=\"elementor-animation-grow attachment-thumbnail size-thumbnail wp-image-8756\" alt=\"\" srcset=\"https:\/\/www.gecleant.de\/wp-content\/uploads\/2020\/12\/markus1-150x150.jpg 150w, https:\/\/www.gecleant.de\/wp-content\/uploads\/2020\/12\/markus1-324x324.jpg 324w, https:\/\/www.gecleant.de\/wp-content\/uploads\/2020\/12\/markus1-100x100.jpg 100w\" sizes=\"(max-width: 150px) 100vw, 150px\" \/>\t\t\t\t\t\t\t\t\t\t\t<figcaption class=\"widget-image-caption wp-caption-text\"><br>Markus CTO<\/figcaption>\n\t\t\t\t\t\t\t\t\t\t<\/figure>\n\t\t\t\t\t\t\t\t\t<\/div>\n\t\t\t\t<\/div>\n\t\t\t\t\t<\/div>\n\t\t<\/div>\n\t\t\t\t\t<\/div>\n\t\t<\/section>\n\t\t\t\t\t<\/div>\n\t\t<\/div>\n\t\t\t\t\t<\/div>\n\t\t<\/section>\n\t\t\t\t<section class=\"elementor-section elementor-top-section elementor-element elementor-element-e5848f4 elementor-section-boxed elementor-section-height-default elementor-section-height-default\" data-id=\"e5848f4\" data-element_type=\"section\" data-e-type=\"section\">\n\t\t\t\t\t\t<div class=\"elementor-container elementor-column-gap-default\">\n\t\t\t\t\t<div class=\"elementor-column elementor-col-50 elementor-top-column elementor-element elementor-element-0377ed9\" data-id=\"0377ed9\" data-element_type=\"column\" data-e-type=\"column\">\n\t\t\t<div class=\"elementor-widget-wrap elementor-element-populated\">\n\t\t\t\t\t\t<div class=\"elementor-element elementor-element-80d24cb elementor-widget elementor-widget-heading\" data-id=\"80d24cb\" data-element_type=\"widget\" data-e-type=\"widget\" data-widget_type=\"heading.default\">\n\t\t\t\t<div class=\"elementor-widget-container\">\n\t\t\t\t\t<h2 class=\"elementor-heading-title elementor-size-default\">Forhandler<\/h2>\t\t\t\t<\/div>\n\t\t\t\t<\/div>\n\t\t\t\t<div class=\"elementor-element elementor-element-8adc351 elementor-widget elementor-widget-text-editor\" data-id=\"8adc351\" data-element_type=\"widget\" data-e-type=\"widget\" data-widget_type=\"text-editor.default\">\n\t\t\t\t<div class=\"elementor-widget-container\">\n\t\t\t\t\t\t\t\t\t<p>hvis du <b>Forhandler eller distribut\u00f8r<\/b> og vil gerne arbejde sammen med os at <a href=\"\/ticket\">kontakte<\/a> Bare os. <\/p>\n<p>Siden vi udvidede vores sortiment til over 1.000 modeller, er vores partnernetv\u00e6rk blevet udvidet st\u00f8t. Vores produkter s\u00e6lges i over 30 lande verden over, og vi ser frem til at samarbejde med dig. <\/p>\n\t\t\t\t\t\t\t\t<\/div>\n\t\t\t\t<\/div>\n\t\t\t\t<div class=\"elementor-element elementor-element-8682119 elementor-align-center elementor-widget elementor-widget-button\" data-id=\"8682119\" data-element_type=\"widget\" data-e-type=\"widget\" data-widget_type=\"button.default\">\n\t\t\t\t<div class=\"elementor-widget-container\">\n\t\t\t\t\t\t\t\t\t<div class=\"elementor-button-wrapper\">\n\t\t\t\t\t<a class=\"elementor-button elementor-button-link elementor-size-sm\" href=\"\/helpdesk\/ticket\">\n\t\t\t\t\t\t<span class=\"elementor-button-content-wrapper\">\n\t\t\t\t\t\t<span class=\"elementor-button-icon\">\n\t\t\t\t<i aria-hidden=\"true\" class=\"fas fa-file-signature\"><\/i>\t\t\t<\/span>\n\t\t\t\t\t\t\t\t\t<span class=\"elementor-button-text\">Bliv forhandler<\/span>\n\t\t\t\t\t<\/span>\n\t\t\t\t\t<\/a>\n\t\t\t\t<\/div>\n\t\t\t\t\t\t\t\t<\/div>\n\t\t\t\t<\/div>\n\t\t\t\t\t<\/div>\n\t\t<\/div>\n\t\t\t\t<div class=\"elementor-column elementor-col-50 elementor-top-column elementor-element elementor-element-47c366e\" data-id=\"47c366e\" data-element_type=\"column\" data-e-type=\"column\">\n\t\t\t<div class=\"elementor-widget-wrap elementor-element-populated\">\n\t\t\t\t\t\t<div class=\"elementor-element elementor-element-d65bd05 elementor-widget elementor-widget-heading\" data-id=\"d65bd05\" data-element_type=\"widget\" data-e-type=\"widget\" data-widget_type=\"heading.default\">\n\t\t\t\t<div class=\"elementor-widget-container\">\n\t\t\t\t\t<h2 class=\"elementor-heading-title elementor-size-default\">Kunder<\/h2>\t\t\t\t<\/div>\n\t\t\t\t<\/div>\n\t\t\t\t<div class=\"elementor-element elementor-element-d4d9eaf elementor-widget elementor-widget-text-editor\" data-id=\"d4d9eaf\" data-element_type=\"widget\" data-e-type=\"widget\" data-widget_type=\"text-editor.default\">\n\t\t\t\t<div class=\"elementor-widget-container\">\n\t\t\t\t\t\t\t\t\t<p>Den vigtigste byggesten i produktudvikling er vores kunders oplevelse. N\u00e6sten hvert k\u00f8ret\u00f8j har sine egne specielle egenskaber. Glasfarve, glastykkelse, huldiameter, installationsforhold &#8211; vi fors\u00f8ger l\u00f8bende at optimere n\u00f8jagtigheden af pasformen, og din hj\u00e6lp er efterspurgt! <b><br \/><\/b><\/p>\n<p><b>Alt monteret? Er farven korrekt? Hvad kunne v\u00e6re bedre? <u>Fort\u00e6l os hvad du t\u00e6nker!<\/u><\/b><\/p>\n\t\t\t\t\t\t\t\t<\/div>\n\t\t\t\t<\/div>\n\t\t\t\t<div class=\"elementor-element elementor-element-f06cf5e elementor-align-center elementor-widget elementor-widget-button\" data-id=\"f06cf5e\" data-element_type=\"widget\" data-e-type=\"widget\" data-widget_type=\"button.default\">\n\t\t\t\t<div class=\"elementor-widget-container\">\n\t\t\t\t\t\t\t\t\t<div class=\"elementor-button-wrapper\">\n\t\t\t\t\t<a class=\"elementor-button elementor-button-link elementor-size-sm\" href=\"https:\/\/www.gecleant.de\/da\/din-vurdering\/\" target=\"_blank\">\n\t\t\t\t\t\t<span class=\"elementor-button-content-wrapper\">\n\t\t\t\t\t\t<span class=\"elementor-button-icon\">\n\t\t\t\t<i aria-hidden=\"true\" class=\"fas fa-star-half-alt\"><\/i>\t\t\t<\/span>\n\t\t\t\t\t\t\t\t\t<span class=\"elementor-button-text\">Skrive en anmeldelse<\/span>\n\t\t\t\t\t<\/span>\n\t\t\t\t\t<\/a>\n\t\t\t\t<\/div>\n\t\t\t\t\t\t\t\t<\/div>\n\t\t\t\t<\/div>\n\t\t\t\t\t<\/div>\n\t\t<\/div>\n\t\t\t\t\t<\/div>\n\t\t<\/section>\n\t\t\t\t<\/div>\n\t\t","protected":false},"excerpt":{"rendered":"<p>siden 2007 Kunder 0 Glasprop til over k\u00f8ret\u00f8jer 0 individuel Lavet til at m\u00e5le 19- 0 mm gecleant.de er en verdensber\u00f8mt producent af Bageste viskerovertr\u00e6k afaluminium, glas og akryl. Vi arbejder med sans for detaljer og de h\u00f8jeste standarder for at g\u00f8re det muligt for vores kunder at f\u00e5 det &#8220;reneste&#8221; udseende efter deres k\u00f8ret\u00f8j. [&hellip;]<\/p>\n","protected":false},"author":1,"featured_media":0,"parent":0,"menu_order":0,"comment_status":"open","ping_status":"open","template":"","meta":{"footnotes":""},"class_list":["post-8289","page","type-page","status-publish","hentry"],"_links":{"self":[{"href":"https:\/\/www.gecleant.de\/da\/wp-json\/wp\/v2\/pages\/8289","targetHints":{"allow":["GET"]}}],"collection":[{"href":"https:\/\/www.gecleant.de\/da\/wp-json\/wp\/v2\/pages"}],"about":[{"href":"https:\/\/www.gecleant.de\/da\/wp-json\/wp\/v2\/types\/page"}],"author":[{"embeddable":true,"href":"https:\/\/www.gecleant.de\/da\/wp-json\/wp\/v2\/users\/1"}],"replies":[{"embeddable":true,"href":"https:\/\/www.gecleant.de\/da\/wp-json\/wp\/v2\/comments?post=8289"}],"version-history":[{"count":0,"href":"https:\/\/www.gecleant.de\/da\/wp-json\/wp\/v2\/pages\/8289\/revisions"}],"wp:attachment":[{"href":"https:\/\/www.gecleant.de\/da\/wp-json\/wp\/v2\/media?parent=8289"}],"curies":[{"name":"wp","href":"https:\/\/api.w.org\/{rel}","templated":true}]}}