{"id":9924,"date":"2020-12-19T17:02:26","date_gmt":"2020-12-19T15:02:26","guid":{"rendered":"https:\/\/www.gecleant.de\/forsendelsesmetoder\/"},"modified":"2020-12-19T17:02:39","modified_gmt":"2020-12-19T15:02:39","slug":"forsendelsesmetoder","status":"publish","type":"page","link":"https:\/\/www.gecleant.de\/da\/forsendelsesmetoder\/","title":{"rendered":"Forsendelsesmetoder"},"content":{"rendered":"\t\t<div data-elementor-type=\"wp-page\" data-elementor-id=\"9924\" class=\"elementor elementor-9924 elementor-2463\" data-elementor-post-type=\"page\">\n\t\t\t\t\t\t<section class=\"elementor-section elementor-top-section elementor-element elementor-element-7b22a772 elementor-section-boxed elementor-section-height-default elementor-section-height-default\" data-id=\"7b22a772\" data-element_type=\"section\" data-e-type=\"section\">\n\t\t\t\t\t\t<div class=\"elementor-container elementor-column-gap-default\">\n\t\t\t\t\t<div class=\"elementor-column elementor-col-50 elementor-top-column elementor-element elementor-element-4fca9db0\" data-id=\"4fca9db0\" data-element_type=\"column\" data-e-type=\"column\">\n\t\t\t<div class=\"elementor-widget-wrap elementor-element-populated\">\n\t\t\t\t\t\t<div class=\"elementor-element elementor-element-2dc9bcd elementor-widget elementor-widget-text-editor\" data-id=\"2dc9bcd\" data-element_type=\"widget\" data-e-type=\"widget\" data-widget_type=\"text-editor.default\">\n\t\t\t\t<div class=\"elementor-widget-container\">\n\t\t\t\t\t\t\t\t\t<p><span class=\"gecleant_Titel\"><strong>betaling og forsendelse<\/strong><\/span><\/p>\n<p><span class=\"gecleant_Absatz\">F\u00f8lgende betingelser g\u00e6lder:<\/span><\/p>\n<p><span class=\"gecleant_Titel\"><strong>Forsendelsesbetingelser<\/strong><\/span><\/p>\n<p><span class=\"gecleant_Absatz\">Varerne leveres over hele verden.<\/span><strong><span class=\"gecleant_Paragraph\"><br \/> Forsendelse<\/span><\/strong><span class=\"gecleant_Absatz\"> (inklusive lovpligtig moms)<\/span><span class=\"gecleant_Absatz\"> <\/span><\/p>\n<p><span class=\"gecleant_Absatz\">Vi beregner<u><strong> ingen forsendelsesomkostninger inden for Europa<\/strong> .<\/u><\/span><\/p>\n<p><span class=\"gecleant_Absatz\"> <\/span><\/p>\n<p><span class=\"gecleant_Absatz\">For lande<strong> uden for Europa<\/strong> vi beregner forsendelsesomkostninger i henhold til f\u00f8lgende betingelser: <\/span><\/p>\n<ul>\n<li class=\"wc-shipping-zone-method method_enabled\">Warenpost International XS op til 500 g = 5 euro<\/li>\n<li class=\"wc-shipping-zone-method method_enabled\">Varepost international M op til 1000 g = 10 euro<\/li>\n<li class=\"wc-shipping-zone-method method_enabled\">Warenpost International L op til 2000g = 20, &#8211; Euro<\/li>\n<\/ul>\n\t\t\t\t\t\t\t\t<\/div>\n\t\t\t\t<\/div>\n\t\t\t\t\t<\/div>\n\t\t<\/div>\n\t\t\t\t<div class=\"elementor-column elementor-col-50 elementor-top-column elementor-element elementor-element-b95d266\" data-id=\"b95d266\" data-element_type=\"column\" data-e-type=\"column\">\n\t\t\t<div class=\"elementor-widget-wrap elementor-element-populated\">\n\t\t\t\t\t\t<div class=\"elementor-element elementor-element-7563a04b elementor-widget elementor-widget-text-editor\" data-id=\"7563a04b\" data-element_type=\"widget\" data-e-type=\"widget\" data-widget_type=\"text-editor.default\">\n\t\t\t\t<div class=\"elementor-widget-container\">\n\t\t\t\t\t\t\t\t\t<p><span class=\"gecleant_Titel\"><strong class=\"gecleant_Absatz\">Leveringstider<\/strong><\/span><\/p>\n<p><span class=\"gecleant_Absatz\">Medmindre andet er angivet i det respektive tilbud, leveres varerne indenlandsk (Tyskland) inden for 2-7 dage, i andre europ\u00e6iske lande inden for 3-7 dage, til internationale leverancer inden for 5-7 dage efter kontraktens indg\u00e5else (for aftalt forskud efter tidspunktet for din betalingsordre).<\/span><br \/><span class=\"gecleant_Absatz\">Bem\u00e6rk venligst, at der ikke bliver leveret s\u00f8ndage og helligdage.<\/span><br \/><span class=\"gecleant_Absatz\">Hvis du har bestilt varer med forskellige leveringstider, sender vi varerne i en forsendelse, medmindre vi har indg\u00e5et en anden aftale med dig.<\/span> <span class=\"gecleant_Absatz\">I dette tilf\u00e6lde bestemmes leveringstiden af den vare med den l\u00e6ngste leveringstid, du har bestilt.<\/span><\/p>\n<p><span class=\"gecleant_Absatz\">Hvis du selv afhenter varerne, informerer vi dig via e-mail om varens tilg\u00e6ngelighed og afhentningsmulighederne. I dette tilf\u00e6lde vil der ikke blive opkr\u00e6vet nogen forsendelsesomkostninger.<\/span><\/p><\/p>\n\t\t\t\t\t\t\t\t<\/div>\n\t\t\t\t<\/div>\n\t\t\t\t\t<\/div>\n\t\t<\/div>\n\t\t\t\t\t<\/div>\n\t\t<\/section>\n\t\t\t\t<\/div>\n\t\t","protected":false},"excerpt":{"rendered":"<p>betaling og forsendelse F\u00f8lgende betingelser g\u00e6lder: Forsendelsesbetingelser Varerne leveres over hele verden. Forsendelse (inklusive lovpligtig moms) Vi beregner ingen forsendelsesomkostninger inden for Europa . For lande uden for Europa vi beregner forsendelsesomkostninger i henhold til f\u00f8lgende betingelser: Warenpost International XS op til 500 g = 5 euro Varepost international M op til 1000 g = [&hellip;]<\/p>\n","protected":false},"author":1,"featured_media":0,"parent":0,"menu_order":0,"comment_status":"closed","ping_status":"closed","template":"","meta":{"footnotes":""},"class_list":["post-9924","page","type-page","status-publish","hentry"],"_links":{"self":[{"href":"https:\/\/www.gecleant.de\/da\/wp-json\/wp\/v2\/pages\/9924","targetHints":{"allow":["GET"]}}],"collection":[{"href":"https:\/\/www.gecleant.de\/da\/wp-json\/wp\/v2\/pages"}],"about":[{"href":"https:\/\/www.gecleant.de\/da\/wp-json\/wp\/v2\/types\/page"}],"author":[{"embeddable":true,"href":"https:\/\/www.gecleant.de\/da\/wp-json\/wp\/v2\/users\/1"}],"replies":[{"embeddable":true,"href":"https:\/\/www.gecleant.de\/da\/wp-json\/wp\/v2\/comments?post=9924"}],"version-history":[{"count":0,"href":"https:\/\/www.gecleant.de\/da\/wp-json\/wp\/v2\/pages\/9924\/revisions"}],"wp:attachment":[{"href":"https:\/\/www.gecleant.de\/da\/wp-json\/wp\/v2\/media?parent=9924"}],"curies":[{"name":"wp","href":"https:\/\/api.w.org\/{rel}","templated":true}]}}