{"id":49501,"date":"2021-02-18T15:22:44","date_gmt":"2021-02-18T14:22:44","guid":{"rendered":"https:\/\/www.gecleant.de\/shop\/Ikke%20kategoriseret\/propper-fremstillet-efter-maal\/"},"modified":"2022-05-10T09:56:26","modified_gmt":"2022-05-10T07:56:26","slug":"glaspropper-der-er-lavet-efter-maal","status":"publish","type":"product","link":"https:\/\/www.gecleant.de\/da\/shop\/bagrudeviskerdaeksel\/glaspropper-der-er-lavet-efter-maal\/","title":{"rendered":"Propper fremstillet efter m\u00e5l"},"content":{"rendered":"","protected":false},"excerpt":{"rendered":"<p><span style=\"color: #ffffff;\">JA, vi kan levere et passende stik til dit k\u00f8ret\u00f8j, men vi har endnu ikke haft de n\u00f8dvendige dimensioner eller har endnu ikke v\u00e6ret i stand til at kontrollere dem tilstr\u00e6kkeligt.<\/span><\/p>\n<h3><span style=\"color: #ffffff;\">Hvordan verificerer vi vores produkters pasform?<\/span><\/h3>\n<p><span style=\"color: #ffffff;\">Vi tager digitale m\u00e5linger p\u00e5 flere bagd\u00f8re af den p\u00e5g\u00e6ldende k\u00f8ret\u00f8jstype og bestemmer derefter den gennemsnitlige diameter p\u00e5 viskerhullet (lodret og vandret). Skivetykkelsen varierer ogs\u00e5 lidt. Vi tester alle v\u00e6rdier hos referencekunder, og hvis feedbacken er konstant positiv, integreres viskerhulsproppen i vores butik som et produkt.<\/span><\/p>\n<h3><span style=\"color: #ffffff;\">Hvad skal jeg g\u00f8re, hvis din bil ikke er p\u00e5 listen?<\/span><\/h3>\n<p><span style=\"color: #ffffff;\">Da vi er en fabrik med vores egen produktion, kan vi det<strong> Glaspropp fra<\/strong><strong> 20-40mm<\/strong> skr\u00e6ddersyet til de bageste viskerhuller. Hvad vi har brug for til dette er st\u00f8rrelsen p\u00e5 viskerhullet.<\/span><\/p>\n<p><span style=\"color: #ffffff;\">Her kan du bestille et specialfremstillet produkt ved selv at angive din faktiske huldiameter. M\u00e5l venligst vandret og lodret, og<strong> mindste<\/strong> Indtast v\u00e6rdi! Vi tr\u00e6kker derefter 0,3 &#8211; 0,6 mm fra denne dimension (dette varierer lidt afh\u00e6ngigt af produktionen) og leverer derefter et tilsvarende viskerhulspropp efter dine \u00f8nsker.<\/span><\/p>\n<h3><span style=\"color: #ffffff;\">eksempel<\/span><\/h3>\n<ol>\n<li><span style=\"color: #ffffff;\">Du<strong> foranstaltninger p\u00e5 din bil<\/strong> lodret 23,58 mm og vandret 23,13 mm med en digital m\u00e5lemark\u00f8r.<\/span><\/li>\n<li><span style=\"color: #ffffff;\">Her v\u00e6lger du 23 mm som en skr\u00e6ddersyet st\u00f8rrelse.<\/span><\/li>\n<li><span style=\"color: #ffffff;\">Vi fremstiller din prop med 22,4 &#8211; 22,7 mm.<\/span><\/li>\n<\/ol>\n<p><span style=\"color: #ffffff;\"><strong>Din m\u00e5lte viskerhuls diameter (i mm) er:<\/strong><\/span><\/p>\n","protected":false},"featured_media":11909,"comment_status":"open","ping_status":"closed","template":"","meta":[],"product_brand":[],"product_cat":[1277],"product_tag":[],"class_list":{"0":"post-49501","1":"product","2":"type-product","3":"status-publish","4":"has-post-thumbnail","6":"product_cat-bagrudeviskerdaeksel","8":"first","9":"instock","10":"taxable","11":"shipping-taxable","12":"purchasable","13":"product-type-variable","14":"has-default-attributes"},"bundled_by":[],"bundle_stock_status":"instock","bundle_stock_quantity":null,"bundle_virtual":false,"bundle_layout":"","bundle_add_to_cart_form_location":"","bundle_editable_in_cart":false,"bundle_sold_individually_context":"","bundle_item_grouping":"","bundle_min_size":"","bundle_max_size":"","bundle_price":[],"bundled_items":[],"bundle_sell_ids":[],"_links":{"self":[{"href":"https:\/\/www.gecleant.de\/da\/wp-json\/wp\/v2\/product\/49501","targetHints":{"allow":["GET"]}}],"collection":[{"href":"https:\/\/www.gecleant.de\/da\/wp-json\/wp\/v2\/product"}],"about":[{"href":"https:\/\/www.gecleant.de\/da\/wp-json\/wp\/v2\/types\/product"}],"replies":[{"embeddable":true,"href":"https:\/\/www.gecleant.de\/da\/wp-json\/wp\/v2\/comments?post=49501"}],"version-history":[{"count":0,"href":"https:\/\/www.gecleant.de\/da\/wp-json\/wp\/v2\/product\/49501\/revisions"}],"wp:featuredmedia":[{"embeddable":true,"href":"https:\/\/www.gecleant.de\/da\/wp-json\/wp\/v2\/media\/11909"}],"wp:attachment":[{"href":"https:\/\/www.gecleant.de\/da\/wp-json\/wp\/v2\/media?parent=49501"}],"wp:term":[{"taxonomy":"product_brand","embeddable":true,"href":"https:\/\/www.gecleant.de\/da\/wp-json\/wp\/v2\/product_brand?post=49501"},{"taxonomy":"product_cat","embeddable":true,"href":"https:\/\/www.gecleant.de\/da\/wp-json\/wp\/v2\/product_cat?post=49501"},{"taxonomy":"product_tag","embeddable":true,"href":"https:\/\/www.gecleant.de\/da\/wp-json\/wp\/v2\/product_tag?post=49501"}],"curies":[{"name":"wp","href":"https:\/\/api.w.org\/{rel}","templated":true}]}}