{"id":50289,"date":"2021-02-17T23:59:58","date_gmt":"2021-04-20T11:31:59","guid":{"rendered":"https:\/\/www.gecleant.de\/shop\/Ikke%20kategoriseret\/glasstop-07t\/"},"modified":"2023-09-01T19:53:10","modified_gmt":"2023-09-01T17:53:10","slug":"glaspropp-07","status":"publish","type":"product","link":"https:\/\/www.gecleant.de\/da\/shop\/bagrudeviskerdaeksel\/glaspropp-07\/","title":{"rendered":"Glasstop #07"},"content":{"rendered":"<p>Varianten &#8220;t = dyb sort&#8221; bruger et andet r\u00e5materiale, der ser m\u00f8rkere ud i direkte sollys. Det anbefales is\u00e6r til k\u00f8ret\u00f8jer med fabriksfarvede vinduer.<\/p>\n","protected":false},"excerpt":{"rendered":"<p>En lille skriftrunde lavet af glas, der fundamentalt vil \u00e6ndre dit k\u00f8ret\u00f8js bagfra. Nem installation + perfekt passende dimensioner = perfekt spaltet bagklap.<\/p>\n","protected":false},"featured_media":11909,"comment_status":"open","ping_status":"closed","template":"","meta":[],"product_brand":[],"product_cat":[1277,1551],"product_tag":[],"class_list":{"0":"post-50289","1":"product","2":"type-product","3":"status-publish","4":"has-post-thumbnail","6":"product_cat-bagrudeviskerdaeksel","7":"product_cat-materialer","9":"first","10":"onbackorder","11":"taxable","12":"shipping-taxable","13":"purchasable","14":"product-type-simple"},"bundled_by":["59274","59244","59367","59528"],"bundle_stock_status":"onbackorder","bundle_stock_quantity":-125,"bundle_virtual":false,"bundle_layout":"","bundle_add_to_cart_form_location":"","bundle_editable_in_cart":false,"bundle_sold_individually_context":"","bundle_item_grouping":"","bundle_min_size":"","bundle_max_size":"","bundle_price":[],"bundled_items":[],"bundle_sell_ids":[],"_links":{"self":[{"href":"https:\/\/www.gecleant.de\/da\/wp-json\/wp\/v2\/product\/50289","targetHints":{"allow":["GET"]}}],"collection":[{"href":"https:\/\/www.gecleant.de\/da\/wp-json\/wp\/v2\/product"}],"about":[{"href":"https:\/\/www.gecleant.de\/da\/wp-json\/wp\/v2\/types\/product"}],"replies":[{"embeddable":true,"href":"https:\/\/www.gecleant.de\/da\/wp-json\/wp\/v2\/comments?post=50289"}],"version-history":[{"count":0,"href":"https:\/\/www.gecleant.de\/da\/wp-json\/wp\/v2\/product\/50289\/revisions"}],"wp:featuredmedia":[{"embeddable":true,"href":"https:\/\/www.gecleant.de\/da\/wp-json\/wp\/v2\/media\/11909"}],"wp:attachment":[{"href":"https:\/\/www.gecleant.de\/da\/wp-json\/wp\/v2\/media?parent=50289"}],"wp:term":[{"taxonomy":"product_brand","embeddable":true,"href":"https:\/\/www.gecleant.de\/da\/wp-json\/wp\/v2\/product_brand?post=50289"},{"taxonomy":"product_cat","embeddable":true,"href":"https:\/\/www.gecleant.de\/da\/wp-json\/wp\/v2\/product_cat?post=50289"},{"taxonomy":"product_tag","embeddable":true,"href":"https:\/\/www.gecleant.de\/da\/wp-json\/wp\/v2\/product_tag?post=50289"}],"curies":[{"name":"wp","href":"https:\/\/api.w.org\/{rel}","templated":true}]}}