{"id":50422,"date":"2021-02-17T23:59:59","date_gmt":"2021-04-20T11:41:58","guid":{"rendered":"https:\/\/www.gecleant.de\/shop\/Ikke%20kategoriseret\/glaspropp-nr-16\/"},"modified":"2021-04-20T13:42:00","modified_gmt":"2021-04-20T11:42:00","slug":"glaspropp-16","status":"publish","type":"product","link":"https:\/\/www.gecleant.de\/da\/shop\/bagrudeviskerdaeksel\/glaspropp-16\/","title":{"rendered":"Glaspropp nr. 16"},"content":{"rendered":"","protected":false},"excerpt":{"rendered":"<p>En lille skriftrunde lavet af glas, der fundamentalt vil \u00e6ndre dit k\u00f8ret\u00f8js bagfra. Nem installation + perfekt passende dimensioner = perfekt spaltet bagklap.<\/p>\n","protected":false},"featured_media":11909,"comment_status":"open","ping_status":"closed","template":"","meta":[],"product_brand":[],"product_cat":[1277,1551],"product_tag":[],"class_list":{"0":"post-50422","1":"product","2":"type-product","3":"status-publish","4":"has-post-thumbnail","6":"product_cat-bagrudeviskerdaeksel","7":"product_cat-materialer","9":"first","10":"onbackorder","11":"taxable","12":"shipping-taxable","13":"purchasable","14":"product-type-simple"},"bundled_by":["57091","59417"],"bundle_stock_status":"onbackorder","bundle_stock_quantity":4,"bundle_virtual":false,"bundle_layout":"","bundle_add_to_cart_form_location":"","bundle_editable_in_cart":false,"bundle_sold_individually_context":"","bundle_item_grouping":"","bundle_min_size":"","bundle_max_size":"","bundle_price":[],"bundled_items":[],"bundle_sell_ids":[],"_links":{"self":[{"href":"https:\/\/www.gecleant.de\/da\/wp-json\/wp\/v2\/product\/50422","targetHints":{"allow":["GET"]}}],"collection":[{"href":"https:\/\/www.gecleant.de\/da\/wp-json\/wp\/v2\/product"}],"about":[{"href":"https:\/\/www.gecleant.de\/da\/wp-json\/wp\/v2\/types\/product"}],"replies":[{"embeddable":true,"href":"https:\/\/www.gecleant.de\/da\/wp-json\/wp\/v2\/comments?post=50422"}],"version-history":[{"count":0,"href":"https:\/\/www.gecleant.de\/da\/wp-json\/wp\/v2\/product\/50422\/revisions"}],"wp:featuredmedia":[{"embeddable":true,"href":"https:\/\/www.gecleant.de\/da\/wp-json\/wp\/v2\/media\/11909"}],"wp:attachment":[{"href":"https:\/\/www.gecleant.de\/da\/wp-json\/wp\/v2\/media?parent=50422"}],"wp:term":[{"taxonomy":"product_brand","embeddable":true,"href":"https:\/\/www.gecleant.de\/da\/wp-json\/wp\/v2\/product_brand?post=50422"},{"taxonomy":"product_cat","embeddable":true,"href":"https:\/\/www.gecleant.de\/da\/wp-json\/wp\/v2\/product_cat?post=50422"},{"taxonomy":"product_tag","embeddable":true,"href":"https:\/\/www.gecleant.de\/da\/wp-json\/wp\/v2\/product_tag?post=50422"}],"curies":[{"name":"wp","href":"https:\/\/api.w.org\/{rel}","templated":true}]}}