{"id":50464,"date":"2021-02-18T00:00:00","date_gmt":"2021-04-20T11:43:14","guid":{"rendered":"https:\/\/www.gecleant.de\/shop\/Ikke%20kategoriseret\/glaspropp-nr-19\/"},"modified":"2021-05-18T16:55:03","modified_gmt":"2021-05-18T14:55:03","slug":"glaspropp-19","status":"publish","type":"product","link":"https:\/\/www.gecleant.de\/da\/shop\/bagrudeviskerdaeksel\/toyota-da-2\/glaspropp-19\/","title":{"rendered":"Glaspropp nr. 19"},"content":{"rendered":"","protected":false},"excerpt":{"rendered":"<p>En lille skriftrunde lavet af glas, der fundamentalt vil \u00e6ndre dit k\u00f8ret\u00f8js bagfra. Nem installation + perfekt passende dimensioner = perfekt spaltet bagklap.<\/p>\n","protected":false},"featured_media":11909,"comment_status":"open","ping_status":"closed","template":"","meta":[],"product_brand":[],"product_cat":[1277,1551,1690],"product_tag":[],"class_list":{"0":"post-50464","1":"product","2":"type-product","3":"status-publish","4":"has-post-thumbnail","6":"product_cat-bagrudeviskerdaeksel","7":"product_cat-materialer","8":"product_cat-toyota-da-2","10":"first","11":"onbackorder","12":"taxable","13":"shipping-taxable","14":"purchasable","15":"product-type-simple"},"bundled_by":["59238","59302","59461","59519","59537"],"bundle_stock_status":"onbackorder","bundle_stock_quantity":-14,"bundle_virtual":false,"bundle_layout":"","bundle_add_to_cart_form_location":"","bundle_editable_in_cart":false,"bundle_sold_individually_context":"","bundle_item_grouping":"","bundle_min_size":"","bundle_max_size":"","bundle_price":[],"bundled_items":[],"bundle_sell_ids":[],"_links":{"self":[{"href":"https:\/\/www.gecleant.de\/da\/wp-json\/wp\/v2\/product\/50464","targetHints":{"allow":["GET"]}}],"collection":[{"href":"https:\/\/www.gecleant.de\/da\/wp-json\/wp\/v2\/product"}],"about":[{"href":"https:\/\/www.gecleant.de\/da\/wp-json\/wp\/v2\/types\/product"}],"replies":[{"embeddable":true,"href":"https:\/\/www.gecleant.de\/da\/wp-json\/wp\/v2\/comments?post=50464"}],"version-history":[{"count":0,"href":"https:\/\/www.gecleant.de\/da\/wp-json\/wp\/v2\/product\/50464\/revisions"}],"wp:featuredmedia":[{"embeddable":true,"href":"https:\/\/www.gecleant.de\/da\/wp-json\/wp\/v2\/media\/11909"}],"wp:attachment":[{"href":"https:\/\/www.gecleant.de\/da\/wp-json\/wp\/v2\/media?parent=50464"}],"wp:term":[{"taxonomy":"product_brand","embeddable":true,"href":"https:\/\/www.gecleant.de\/da\/wp-json\/wp\/v2\/product_brand?post=50464"},{"taxonomy":"product_cat","embeddable":true,"href":"https:\/\/www.gecleant.de\/da\/wp-json\/wp\/v2\/product_cat?post=50464"},{"taxonomy":"product_tag","embeddable":true,"href":"https:\/\/www.gecleant.de\/da\/wp-json\/wp\/v2\/product_tag?post=50464"}],"curies":[{"name":"wp","href":"https:\/\/api.w.org\/{rel}","templated":true}]}}