{"id":51054,"date":"2021-03-05T12:05:28","date_gmt":"2021-04-20T14:01:08","guid":{"rendered":"https:\/\/www.gecleant.de\/shop\/Ikke%20kategoriseret\/lim-saet-lim-rengoeringsmiddel\/"},"modified":"2026-02-07T09:07:49","modified_gmt":"2026-02-07T08:07:49","slug":"klaebemiddelsaet","status":"publish","type":"product","link":"https:\/\/www.gecleant.de\/da\/shop\/materialer\/klaebemiddelsaet\/","title":{"rendered":"Lim s\u00e6t (lim + reng\u00f8ringsmiddel)"},"content":{"rendered":"","protected":false},"excerpt":{"rendered":"<p>Sort, UV-resistent monteringslim (8 g) og egnet reng\u00f8ringsmiddel (20 ml) i et s\u00e6t til professionel og langvarig montering af vores bageste viskeroverd\u00e6kning i bagruden.<\/p>\n<p>Brug venligst ikke lim under 7\u00b0. T\u00f8rretiden er 24 timer.<\/p>\n","protected":false},"featured_media":32775,"comment_status":"closed","ping_status":"closed","template":"","meta":[],"product_brand":[],"product_cat":[1551],"product_tag":[],"class_list":{"0":"post-51054","1":"product","2":"type-product","3":"status-publish","4":"has-post-thumbnail","6":"product_cat-materialer","8":"first","9":"onbackorder","10":"sale","11":"taxable","12":"shipping-taxable","13":"purchasable","14":"product-type-simple"},"bundled_by":["55691","56121","56134","56146","56183","56167","56204","57091","59313","59302","59282","59301","59235","59255","59251","59239","59238","59244","59367","59261","59262","59274","59318","59325","59291","59288","59290","59342","59299","59343","59350","59296","59306","59304","59386","59421","59395","59384","59417","59382","59385","59383","59378","59380","59377","59381","59436","59439","59451","59457","59461","59443","59471","59476","59486","59481","59491","59496","59499","59507","59503","59510","59513","59519","59516","59525","59522","59531","59528","59534","59565","59571","59568","59577","59574","59583","59580","59542","59537","57503","59543","59550","59549","59556","59553","59559","59562","59586","59247","61147","61136","61164","65338","65366","65395","65406","65433"],"bundle_stock_status":"onbackorder","bundle_stock_quantity":-2750,"bundle_virtual":false,"bundle_layout":"","bundle_add_to_cart_form_location":"","bundle_editable_in_cart":false,"bundle_sold_individually_context":"","bundle_item_grouping":"","bundle_min_size":"","bundle_max_size":"","bundle_price":[],"bundled_items":[],"bundle_sell_ids":[],"_links":{"self":[{"href":"https:\/\/www.gecleant.de\/da\/wp-json\/wp\/v2\/product\/51054","targetHints":{"allow":["GET"]}}],"collection":[{"href":"https:\/\/www.gecleant.de\/da\/wp-json\/wp\/v2\/product"}],"about":[{"href":"https:\/\/www.gecleant.de\/da\/wp-json\/wp\/v2\/types\/product"}],"replies":[{"embeddable":true,"href":"https:\/\/www.gecleant.de\/da\/wp-json\/wp\/v2\/comments?post=51054"}],"version-history":[{"count":0,"href":"https:\/\/www.gecleant.de\/da\/wp-json\/wp\/v2\/product\/51054\/revisions"}],"wp:featuredmedia":[{"embeddable":true,"href":"https:\/\/www.gecleant.de\/da\/wp-json\/wp\/v2\/media\/32775"}],"wp:attachment":[{"href":"https:\/\/www.gecleant.de\/da\/wp-json\/wp\/v2\/media?parent=51054"}],"wp:term":[{"taxonomy":"product_brand","embeddable":true,"href":"https:\/\/www.gecleant.de\/da\/wp-json\/wp\/v2\/product_brand?post=51054"},{"taxonomy":"product_cat","embeddable":true,"href":"https:\/\/www.gecleant.de\/da\/wp-json\/wp\/v2\/product_cat?post=51054"},{"taxonomy":"product_tag","embeddable":true,"href":"https:\/\/www.gecleant.de\/da\/wp-json\/wp\/v2\/product_tag?post=51054"}],"curies":[{"name":"wp","href":"https:\/\/api.w.org\/{rel}","templated":true}]}}