{"id":59063,"date":"2022-02-18T09:42:08","date_gmt":"2022-02-18T11:42:02","guid":{"rendered":"https:\/\/www.gecleant.de\/shop\/Ikke kategoriseret\/seed-phrase-gendannelsesmetalplade-1-mm-lavet-af-rustfrit-staal\/"},"modified":"2022-02-18T12:42:02","modified_gmt":"2022-02-18T11:42:02","slug":"froesaetning-gendannelsesmetalplade-1mm-lavet-af-rustfrit-staal-v2a-uden-gravering-pen","status":"publish","type":"product","link":"https:\/\/www.gecleant.de\/da\/shop\/materialer\/krypto-hardware-pung\/froesaetning-gendannelsesmetalplade-1mm-lavet-af-rustfrit-staal-v2a-uden-gravering-pen\/","title":{"rendered":"Seed Phrase &#8211; Gendannelsesmetalplade (1 mm) lavet af rustfrit st\u00e5l"},"content":{"rendered":"<p>I samarbejde med <a href=\"https:\/\/dezentral-investieren.de\/seed-phrase-recovery-metallplatte-1mm-aus-edelstahl-v4a-ohne-gravurstift\/\" rel=\"nofollow noopener\" target=\"_blank\">decentral-investieren.de<\/a> tilbyder vi en metalplade til gravering, hvorp\u00e5 du sikkert kan opbevare din fr\u00f8frase (12 eller 24 adgangskoder\/privat n\u00f8gle til pungen). Pladen er lavet af <a href=\"https:\/\/de.wikipedia.org\/wiki\/Edelstahl#WNr._1.4301_(X5CrNi18-10),_AISI_304,_(V2A),_SUS304\" rel=\"nofollow noopener\" target=\"_blank\">1.4301 V2A rustfrit st\u00e5l<\/a> og har f\u00f8lgende egenskaber:<\/p>\n<p>1 mm rustfrit st\u00e5l<br \/>\n7,5 cm bred<br \/>\n9 cm h\u00f8j<br \/>\nBrandsikker (smelter ved 1400-1455\u00b0)<br \/>\nmodstandsdygtig mod ridser<\/p>\n<p>Da en lejlighedsbrand er omkring 1100\u00b0C, b\u00f8r <a href=\"https:\/\/www.baunetzwissen.de\/glossar\/e\/einheitstemperaturzeitkurve-etk-3176775\" rel=\"nofollow noopener\" target=\"_blank\">kilde 1<\/a> , <a href=\"https:\/\/expressantworten.com\/wie-heiss-wird-es-bei-einem-wohnungsbrand\/\" rel=\"nofollow noopener\" target=\"_blank\">kilde 2<\/a> , rustfrit st\u00e5l 1.4301 give den bedste beskyttelse mod brand. Tykkelsen p\u00e5 1 mm blev ogs\u00e5 valgt for at reducere mekanisk deformation p\u00e5 grund af kollaps eller snavs. Derudover muligg\u00f8r denne legering nem behandling med en standard graveringspen.<\/p>\n","protected":false},"excerpt":{"rendered":"<p>I samarbejde med decentral-investieren.de tilbyder vi en metalplade til gravering, hvorp\u00e5 du sikkert kan opbevare din fr\u00f8frase (12 eller 24 adgangskoder\/privat n\u00f8gle til pungen). Pladen er lavet af 1.4301 V2A rustfrit st\u00e5l og har f\u00f8lgende egenskaber: 1 mm rustfrit st\u00e5l 7,5 cm bred 9 cm h\u00f8j Brandsikker (smelter ved 1400-1455\u00b0) modstandsdygtig mod ridser Da en [&hellip;]<\/p>\n","protected":false},"featured_media":59025,"comment_status":"closed","ping_status":"closed","template":"","meta":[],"product_brand":[],"product_cat":[1551,1858],"product_tag":[],"class_list":{"0":"post-59063","1":"product","2":"type-product","3":"status-publish","4":"has-post-thumbnail","6":"product_cat-materialer","7":"product_cat-krypto-hardware-pung","9":"first","10":"instock","11":"sale","12":"taxable","13":"shipping-taxable","14":"purchasable","15":"product-type-variable","16":"has-default-attributes"},"bundled_by":[],"bundle_stock_status":"instock","bundle_stock_quantity":null,"bundle_virtual":false,"bundle_layout":"","bundle_add_to_cart_form_location":"","bundle_editable_in_cart":false,"bundle_sold_individually_context":"","bundle_item_grouping":"","bundle_min_size":"","bundle_max_size":"","bundle_price":[],"bundled_items":[],"bundle_sell_ids":[],"_links":{"self":[{"href":"https:\/\/www.gecleant.de\/da\/wp-json\/wp\/v2\/product\/59063","targetHints":{"allow":["GET"]}}],"collection":[{"href":"https:\/\/www.gecleant.de\/da\/wp-json\/wp\/v2\/product"}],"about":[{"href":"https:\/\/www.gecleant.de\/da\/wp-json\/wp\/v2\/types\/product"}],"replies":[{"embeddable":true,"href":"https:\/\/www.gecleant.de\/da\/wp-json\/wp\/v2\/comments?post=59063"}],"version-history":[{"count":0,"href":"https:\/\/www.gecleant.de\/da\/wp-json\/wp\/v2\/product\/59063\/revisions"}],"wp:featuredmedia":[{"embeddable":true,"href":"https:\/\/www.gecleant.de\/da\/wp-json\/wp\/v2\/media\/59025"}],"wp:attachment":[{"href":"https:\/\/www.gecleant.de\/da\/wp-json\/wp\/v2\/media?parent=59063"}],"wp:term":[{"taxonomy":"product_brand","embeddable":true,"href":"https:\/\/www.gecleant.de\/da\/wp-json\/wp\/v2\/product_brand?post=59063"},{"taxonomy":"product_cat","embeddable":true,"href":"https:\/\/www.gecleant.de\/da\/wp-json\/wp\/v2\/product_cat?post=59063"},{"taxonomy":"product_tag","embeddable":true,"href":"https:\/\/www.gecleant.de\/da\/wp-json\/wp\/v2\/product_tag?post=59063"}],"curies":[{"name":"wp","href":"https:\/\/api.w.org\/{rel}","templated":true}]}}