{"id":59565,"date":"2021-05-19T13:21:54","date_gmt":"2021-05-19T11:21:54","guid":{"rendered":"https:\/\/www.gecleant.de\/shop\/Ikke%20kategoriseret\/glasstop-til-ford\/"},"modified":"2022-04-15T18:12:54","modified_gmt":"2022-04-15T16:12:54","slug":"glasstopfen-fuer-ford-gs14","status":"publish","type":"product","link":"https:\/\/www.gecleant.de\/da\/shop\/bagrudeviskerdaeksel\/ford-ecosport-edge-fiesta-focus-kuga-puma-smax-da\/glasstopfen-fuer-ford-gs14\/","title":{"rendered":"Glasstop til Ford"},"content":{"rendered":"<p>Du k\u00f8ber kvalitet her. Vi er opfinderne af det bageste viskerovertr\u00e6k lavet af glas. Vores viskerhulafsk\u00e6rmninger fr\u00e6ses af et stykke floatglas og skr\u00e6ddersyses individuelt til dit k\u00f8ret\u00f8j. Hvis du fjerner den (muligvis defekte;)) bagrudevisker fra din bil, forbliver der et lille hul i bagruden, som du kan lukke flugter med vores glaspropp. Nogle mennesker vil vide, hvordan man reparerer deres defekte bagrudevisker og finder ud af, hvor dyr en reparation er. I stedet for at udskifte \/ reparere den defekte viskerarm eller viskermotor bagp\u00e5 tilbyder vi vores t\u00e6tningsstik en simpel og billig udskiftningsdel, som alle kan installere selv. Dysen til skyllev\u00e6sken er forseglet, og i nyere k\u00f8ret\u00f8jer er CAN-bussen kodet. F\u00e6rdig. Du kan finde en reparationsvejledning til fjernelse og installation af bagrudevisker i vores helpdesk.<\/p>\n<p>\u00c5h og vigtigt: bagsiden af vores prop er overtrukket med sort og fronten er d\u00e6kket af en gennemsigtig beskyttelsesfilm, s\u00e5 intet ridses, n\u00e5r det s\u00e6ttes i bagruden &#8211; s\u00e5 v\u00e6r ikke overrasket over det kedelige \/ m\u00e6lkeagtige udseende af proppen, og fjern den beskyttende film, n\u00e5r den er sat i vinduet, tr\u00e6k den af.<\/p>\n<p>Et perfekt rent OEM-look er vores h\u00f8jeste prioritet. Derfor polerer vi den synlige kant af glasindsatsen manuelt, og vores team uds\u00e6tter hver prop for en pr\u00e6cis kvalitetskontrol, inden den sendes til dig. Hvis du stadig er utilfreds, s\u00e5 kontakt os, vi udveksler uegnede glasovertr\u00e6k gratis (hvis de ikke er beskadigede) &#8211; og hvis du tabte proppen eller ved et uheld beskadigede den, da du pr\u00f8vede den, finder vi en rimelig l\u00f8sning og send det til dig billigt Udskiftning &#8211; s\u00e5 rolig &#8230; skriv til os p\u00e5 support@gecleant.de, s\u00e5 er vi der for dig s\u00e5 hurtigt som muligt.<\/p>\n","protected":false},"excerpt":{"rendered":"<p>Du k\u00f8ber kvalitet her. Vi er opfinderne af det bageste viskerovertr\u00e6k lavet af glas. Vores viskerhulafsk\u00e6rmninger fr\u00e6ses af et stykke floatglas og skr\u00e6ddersyses individuelt til dit k\u00f8ret\u00f8j. Hvis du fjerner den (muligvis defekte;)) bagrudevisker fra din bil, forbliver der et lille hul i bagruden, som du kan lukke flugter med vores glaspropp. Nogle mennesker vil [&hellip;]<\/p>\n","protected":false},"featured_media":11909,"comment_status":"open","ping_status":"closed","template":"","meta":[],"product_brand":[],"product_cat":[1277,1509],"product_tag":[],"class_list":{"0":"post-59565","1":"product","2":"type-product","3":"status-publish","4":"has-post-thumbnail","6":"product_cat-bagrudeviskerdaeksel","7":"product_cat-ford-ecosport-edge-fiesta-focus-kuga-puma-smax-da","9":"first","10":"instock","11":"virtual","12":"sold-individually","13":"taxable","14":"purchasable","15":"product-type-bundle"},"bundled_by":[],"bundle_stock_status":"instock","bundle_stock_quantity":"","bundle_virtual":false,"bundle_layout":"tabular","bundle_add_to_cart_form_location":"default","bundle_editable_in_cart":true,"bundle_sold_individually_context":"configuration","bundle_item_grouping":"parent","bundle_min_size":1,"bundle_max_size":"","bundle_price":{"price":{"min":{"incl_tax":"25","excl_tax":"21.01"},"max":{"incl_tax":"350","excl_tax":"294.11"}},"regular_price":{"min":{"incl_tax":"25","excl_tax":"21.01"},"max":{"incl_tax":"375","excl_tax":"315.12"}}},"bundled_items":[{"bundled_item_id":9700,"product_id":50392,"menu_order":0,"quantity_min":1,"quantity_max":10,"quantity_default":1,"priced_individually":true,"shipped_individually":false,"override_title":true,"title":"Egnet til<span id=\"modelX\"> Dit k\u00f8ret\u00f8j<\/span> <span id=\"baujahr\"><\/span>","override_description":false,"description":"Glaspropp nr. 14","optional":false,"hide_thumbnail":false,"discount":"","override_variations":false,"allowed_variations":[""],"override_default_variation_attributes":false,"default_variation_attributes":[],"single_product_visibility":"visible","cart_visibility":"hidden","order_visibility":"visible","single_product_price_visibility":"visible","cart_price_visibility":"hidden","order_price_visibility":"visible","stock_status":"on_backorder"},{"bundled_item_id":9701,"product_id":51054,"menu_order":1,"quantity_min":0,"quantity_max":10,"quantity_default":1,"priced_individually":true,"shipped_individually":false,"override_title":false,"title":"Lim s\u00e6t (lim + reng\u00f8ringsmiddel)","override_description":false,"description":"Lim s\u00e6t (lim + reng\u00f8ringsmiddel)","optional":false,"hide_thumbnail":false,"discount":"","override_variations":false,"allowed_variations":[""],"override_default_variation_attributes":true,"default_variation_attributes":[],"single_product_visibility":"visible","cart_visibility":"visible","order_visibility":"visible","single_product_price_visibility":"hidden","cart_price_visibility":"hidden","order_price_visibility":"hidden","stock_status":"on_backorder"}],"bundle_sell_ids":[],"_links":{"self":[{"href":"https:\/\/www.gecleant.de\/da\/wp-json\/wp\/v2\/product\/59565","targetHints":{"allow":["GET"]}}],"collection":[{"href":"https:\/\/www.gecleant.de\/da\/wp-json\/wp\/v2\/product"}],"about":[{"href":"https:\/\/www.gecleant.de\/da\/wp-json\/wp\/v2\/types\/product"}],"replies":[{"embeddable":true,"href":"https:\/\/www.gecleant.de\/da\/wp-json\/wp\/v2\/comments?post=59565"}],"version-history":[{"count":0,"href":"https:\/\/www.gecleant.de\/da\/wp-json\/wp\/v2\/product\/59565\/revisions"}],"wp:featuredmedia":[{"embeddable":true,"href":"https:\/\/www.gecleant.de\/da\/wp-json\/wp\/v2\/media\/11909"}],"wp:attachment":[{"href":"https:\/\/www.gecleant.de\/da\/wp-json\/wp\/v2\/media?parent=59565"}],"wp:term":[{"taxonomy":"product_brand","embeddable":true,"href":"https:\/\/www.gecleant.de\/da\/wp-json\/wp\/v2\/product_brand?post=59565"},{"taxonomy":"product_cat","embeddable":true,"href":"https:\/\/www.gecleant.de\/da\/wp-json\/wp\/v2\/product_cat?post=59565"},{"taxonomy":"product_tag","embeddable":true,"href":"https:\/\/www.gecleant.de\/da\/wp-json\/wp\/v2\/product_tag?post=59565"}],"curies":[{"name":"wp","href":"https:\/\/api.w.org\/{rel}","templated":true}]}}