{"id":10076,"date":"2020-12-19T18:41:50","date_gmt":"2020-12-19T16:41:50","guid":{"rendered":"https:\/\/www.gecleant.de\/imprimir-2\/"},"modified":"2021-09-16T16:36:17","modified_gmt":"2021-09-16T14:36:17","slug":"imprimir","status":"publish","type":"page","link":"https:\/\/www.gecleant.de\/es\/imprimir\/","title":{"rendered":"imprimir"},"content":{"rendered":"\t\t<div data-elementor-type=\"wp-page\" data-elementor-id=\"10076\" class=\"elementor elementor-10076 elementor-2457\" data-elementor-post-type=\"page\">\n\t\t\t\t\t\t<section class=\"elementor-section elementor-top-section elementor-element elementor-element-d23fdfe elementor-section-boxed elementor-section-height-default elementor-section-height-default\" data-id=\"d23fdfe\" data-element_type=\"section\" data-e-type=\"section\">\n\t\t\t\t\t\t<div class=\"elementor-container elementor-column-gap-default\">\n\t\t\t\t\t<div class=\"elementor-column elementor-col-100 elementor-top-column elementor-element elementor-element-6a4536ae\" data-id=\"6a4536ae\" data-element_type=\"column\" data-e-type=\"column\">\n\t\t\t<div class=\"elementor-widget-wrap elementor-element-populated\">\n\t\t\t\t\t\t<div class=\"elementor-element elementor-element-26810493 elementor-widget elementor-widget-text-editor\" data-id=\"26810493\" data-element_type=\"widget\" data-e-type=\"widget\" data-widget_type=\"text-editor.default\">\n\t\t\t\t<div class=\"elementor-widget-container\">\n\t\t\t\t\t\t\t\t\t<p><span><strong><span><span>imprimir<\/span><\/span><\/strong><\/span><\/p>\n<p><span>Identificaci\u00f3n del proveedor legal:<\/span><\/p>\n<p><strong><span>Herr von Ryssel<br>\nInh. gecleant<br>\nIm Zipfel 5<br>\n04159 Leipzig<br>\nGERMANY<br>\nTel\u00e9fono:<\/span> <\/strong><br><strong><strong>+49 341 46387532<\/strong><\/strong><\/p><p><strong><strong><\/strong>\nHorario telef\u00f3nico: jueves, s\u00e1bado y domingo de 10 a.m. a 8 p.m.<br>\n<\/strong><strong><span>Correo electr\u00f3nico:<\/span><\/strong><strong><span> support@gecleant.de<\/span><\/strong><strong><br>\n<span> N\u00famero de identificaci\u00f3n fiscal: DE208155151<\/span><\/strong><\/p>\n<p><span><strong>Responsable del contenido seg\u00fan \u00a7 55 RStV:<\/strong><br>\nHerr von Ryssel<br>\nInh. gecleant<br>\nIm Zipfel 5<br>\n04159 Leipzig<br>\nGERMANY<br>\n<\/span><\/p>\t\t\t\t\t\t\t\t<\/div>\n\t\t\t\t<\/div>\n\t\t\t\t\t<\/div>\n\t\t<\/div>\n\t\t\t\t\t<\/div>\n\t\t<\/section>\n\t\t\t\t<\/div>\n\t\t","protected":false},"excerpt":{"rendered":"<p>imprimir Identificaci\u00f3n del proveedor legal: Herr von Ryssel Inh. gecleant Im Zipfel 5 04159 Leipzig GERMANY Tel\u00e9fono: +49 341 46387532 Horario telef\u00f3nico: jueves, s\u00e1bado y domingo de 10 a.m. a 8 p.m. Correo electr\u00f3nico: support@gecleant.de N\u00famero de identificaci\u00f3n fiscal: DE208155151 Responsable del contenido seg\u00fan \u00a7 55 RStV: Herr von Ryssel Inh. gecleant Im Zipfel 5 [&hellip;]<\/p>\n","protected":false},"author":1,"featured_media":0,"parent":0,"menu_order":0,"comment_status":"closed","ping_status":"closed","template":"","meta":{"footnotes":""},"class_list":["post-10076","page","type-page","status-publish","hentry"],"_links":{"self":[{"href":"https:\/\/www.gecleant.de\/es\/wp-json\/wp\/v2\/pages\/10076","targetHints":{"allow":["GET"]}}],"collection":[{"href":"https:\/\/www.gecleant.de\/es\/wp-json\/wp\/v2\/pages"}],"about":[{"href":"https:\/\/www.gecleant.de\/es\/wp-json\/wp\/v2\/types\/page"}],"author":[{"embeddable":true,"href":"https:\/\/www.gecleant.de\/es\/wp-json\/wp\/v2\/users\/1"}],"replies":[{"embeddable":true,"href":"https:\/\/www.gecleant.de\/es\/wp-json\/wp\/v2\/comments?post=10076"}],"version-history":[{"count":0,"href":"https:\/\/www.gecleant.de\/es\/wp-json\/wp\/v2\/pages\/10076\/revisions"}],"wp:attachment":[{"href":"https:\/\/www.gecleant.de\/es\/wp-json\/wp\/v2\/media?parent=10076"}],"curies":[{"name":"wp","href":"https:\/\/api.w.org\/{rel}","templated":true}]}}