{"id":8330,"date":"2020-12-09T17:55:39","date_gmt":"2020-12-09T15:55:39","guid":{"rendered":"https:\/\/www.gecleant.de\/acerca-de\/"},"modified":"2024-10-08T08:42:57","modified_gmt":"2024-10-08T06:42:57","slug":"acerca-de","status":"publish","type":"page","link":"https:\/\/www.gecleant.de\/es\/acerca-de\/","title":{"rendered":"sobre nosotros"},"content":{"rendered":"\t\t<div data-elementor-type=\"wp-page\" data-elementor-id=\"8330\" class=\"elementor elementor-8330 elementor-56\" data-elementor-post-type=\"page\">\n\t\t\t\t\t\t<section class=\"elementor-section elementor-top-section elementor-element elementor-element-e41e8f1 elementor-section-boxed elementor-section-height-default elementor-section-height-default\" data-id=\"e41e8f1\" data-element_type=\"section\" data-e-type=\"section\">\n\t\t\t\t\t\t<div class=\"elementor-container elementor-column-gap-default\">\n\t\t\t\t\t<div class=\"elementor-column elementor-col-33 elementor-top-column elementor-element elementor-element-f7eb370\" data-id=\"f7eb370\" data-element_type=\"column\" data-e-type=\"column\">\n\t\t\t<div class=\"elementor-widget-wrap elementor-element-populated\">\n\t\t\t\t\t\t<div class=\"elementor-element elementor-element-5340c0d elementor-widget elementor-widget-heading\" data-id=\"5340c0d\" data-element_type=\"widget\" data-e-type=\"widget\" data-widget_type=\"heading.default\">\n\t\t\t\t<div class=\"elementor-widget-container\">\n\t\t\t\t\t<span class=\"elementor-heading-title elementor-size-default\">desde 2007 <\/span>\t\t\t\t<\/div>\n\t\t\t\t<\/div>\n\t\t\t\t<div class=\"elementor-element elementor-element-4d76d7e elementor-widget elementor-widget-counter\" data-id=\"4d76d7e\" data-element_type=\"widget\" data-e-type=\"widget\" data-widget_type=\"counter.default\">\n\t\t\t\t<div class=\"elementor-widget-container\">\n\t\t\t\t\t\t\t<div class=\"elementor-counter\">\n\t\t\t<div class=\"elementor-counter-title\">Clientes<\/div>\t\t\t<div class=\"elementor-counter-number-wrapper\">\n\t\t\t\t<span class=\"elementor-counter-number-prefix\"><\/span>\n\t\t\t\t<span class=\"elementor-counter-number\" data-duration=\"2000\" data-to-value=\"35001\" data-from-value=\"0\" data-delimiter=\".\">0<\/span>\n\t\t\t\t<span class=\"elementor-counter-number-suffix\"><\/span>\n\t\t\t<\/div>\n\t\t<\/div>\n\t\t\t\t\t\t<\/div>\n\t\t\t\t<\/div>\n\t\t\t\t\t<\/div>\n\t\t<\/div>\n\t\t\t\t<div class=\"elementor-column elementor-col-33 elementor-top-column elementor-element elementor-element-cd30fec\" data-id=\"cd30fec\" data-element_type=\"column\" data-e-type=\"column\">\n\t\t\t<div class=\"elementor-widget-wrap elementor-element-populated\">\n\t\t\t\t\t\t<div class=\"elementor-element elementor-element-0531b31 elementor-widget elementor-widget-heading\" data-id=\"0531b31\" data-element_type=\"widget\" data-e-type=\"widget\" data-widget_type=\"heading.default\">\n\t\t\t\t<div class=\"elementor-widget-container\">\n\t\t\t\t\t<span class=\"elementor-heading-title elementor-size-default\">Tap\u00f3n de cristal para sobre  <\/span>\t\t\t\t<\/div>\n\t\t\t\t<\/div>\n\t\t\t\t<div class=\"elementor-element elementor-element-4a89d2b elementor-widget elementor-widget-counter\" data-id=\"4a89d2b\" data-element_type=\"widget\" data-e-type=\"widget\" data-widget_type=\"counter.default\">\n\t\t\t\t<div class=\"elementor-widget-container\">\n\t\t\t\t\t\t\t<div class=\"elementor-counter\">\n\t\t\t<div class=\"elementor-counter-title\">vehiculos<\/div>\t\t\t<div class=\"elementor-counter-number-wrapper\">\n\t\t\t\t<span class=\"elementor-counter-number-prefix\"><\/span>\n\t\t\t\t<span class=\"elementor-counter-number\" data-duration=\"2000\" data-to-value=\"1000\" data-from-value=\"0\" data-delimiter=\".\">0<\/span>\n\t\t\t\t<span class=\"elementor-counter-number-suffix\"><\/span>\n\t\t\t<\/div>\n\t\t<\/div>\n\t\t\t\t\t\t<\/div>\n\t\t\t\t<\/div>\n\t\t\t\t\t<\/div>\n\t\t<\/div>\n\t\t\t\t<div class=\"elementor-column elementor-col-33 elementor-top-column elementor-element elementor-element-3bde0eb\" data-id=\"3bde0eb\" data-element_type=\"column\" data-e-type=\"column\">\n\t\t\t<div class=\"elementor-widget-wrap elementor-element-populated\">\n\t\t\t\t\t\t<div class=\"elementor-element elementor-element-f5b154a elementor-widget elementor-widget-heading\" data-id=\"f5b154a\" data-element_type=\"widget\" data-e-type=\"widget\" data-widget_type=\"heading.default\">\n\t\t\t\t<div class=\"elementor-widget-container\">\n\t\t\t\t\t<span class=\"elementor-heading-title elementor-size-default\">individual<\/span>\t\t\t\t<\/div>\n\t\t\t\t<\/div>\n\t\t\t\t<div class=\"elementor-element elementor-element-420c9b1 elementor-widget elementor-widget-counter\" data-id=\"420c9b1\" data-element_type=\"widget\" data-e-type=\"widget\" data-widget_type=\"counter.default\">\n\t\t\t\t<div class=\"elementor-widget-container\">\n\t\t\t\t\t\t\t<div class=\"elementor-counter\">\n\t\t\t<div class=\"elementor-counter-title\">A medida<\/div>\t\t\t<div class=\"elementor-counter-number-wrapper\">\n\t\t\t\t<span class=\"elementor-counter-number-prefix\">19-<\/span>\n\t\t\t\t<span class=\"elementor-counter-number\" data-duration=\"2000\" data-to-value=\"45\" data-from-value=\"0\" data-delimiter=\".\">0<\/span>\n\t\t\t\t<span class=\"elementor-counter-number-suffix\">mm<\/span>\n\t\t\t<\/div>\n\t\t<\/div>\n\t\t\t\t\t\t<\/div>\n\t\t\t\t<\/div>\n\t\t\t\t\t<\/div>\n\t\t<\/div>\n\t\t\t\t\t<\/div>\n\t\t<\/section>\n\t\t\t\t<section class=\"elementor-section elementor-top-section elementor-element elementor-element-321702f0 elementor-section-boxed elementor-section-height-default elementor-section-height-default\" data-id=\"321702f0\" data-element_type=\"section\" data-e-type=\"section\">\n\t\t\t\t\t\t<div class=\"elementor-container elementor-column-gap-default\">\n\t\t\t\t\t<div class=\"elementor-column elementor-col-100 elementor-top-column elementor-element elementor-element-3a98f66c\" data-id=\"3a98f66c\" data-element_type=\"column\" data-e-type=\"column\">\n\t\t\t<div class=\"elementor-widget-wrap elementor-element-populated\">\n\t\t\t\t\t\t<div class=\"elementor-element elementor-element-415a206f elementor-widget elementor-widget-text-editor\" data-id=\"415a206f\" data-element_type=\"widget\" data-e-type=\"widget\" data-widget_type=\"text-editor.default\">\n\t\t\t\t<div class=\"elementor-widget-container\">\n\t\t\t\t\t\t\t\t\t<p><b>gecleant.de<\/b> es un fabricante de fama mundial de Cubiertas de <a href=\"\/shop\">limpiaparabrisas traseros de aluminio, vidrio y acr\u00edlico .<\/a> <\/p>\n<p>Trabajamos con atenci\u00f3n al detalle y los m\u00e1s altos est\u00e1ndares para que nuestros clientes tengan el aspecto \u00abm\u00e1s limpio\u00bb de su veh\u00edculo. Con el<a href=\"\/shop\"> Tap\u00f3n de vidrio de gecleant.de<\/a> Puedes lograr este look de la manera m\u00e1s elegante y sencilla posible. Llevamos m\u00e1s de 15 a\u00f1os mejorando constantemente nuestros productos en cuanto a material, dise\u00f1o y calidad, teniendo en cuenta los deseos de nuestros clientes. Nos consideramos un fabricante peque\u00f1o pero fino y estamos equipados con nuestras propias fresadoras CNC, por lo que podemos responder con flexibilidad a sus deseos. <\/p>\t\t\t\t\t\t\t\t<\/div>\n\t\t\t\t<\/div>\n\t\t\t\t<section class=\"elementor-section elementor-inner-section elementor-element elementor-element-d6a9bf8 elementor-section-boxed elementor-section-height-default elementor-section-height-default\" data-id=\"d6a9bf8\" data-element_type=\"section\" data-e-type=\"section\">\n\t\t\t\t\t\t<div class=\"elementor-container elementor-column-gap-default\">\n\t\t\t\t\t<div class=\"elementor-column elementor-col-50 elementor-inner-column elementor-element elementor-element-d827c1a\" data-id=\"d827c1a\" data-element_type=\"column\" data-e-type=\"column\">\n\t\t\t<div class=\"elementor-widget-wrap elementor-element-populated\">\n\t\t\t\t\t\t<div class=\"elementor-element elementor-element-7251dc8 elementor-widget elementor-widget-image\" data-id=\"7251dc8\" data-element_type=\"widget\" data-e-type=\"widget\" data-widget_type=\"image.default\">\n\t\t\t\t<div class=\"elementor-widget-container\">\n\t\t\t\t\t\t\t\t\t\t\t\t<figure class=\"wp-caption\">\n\t\t\t\t\t\t\t\t\t\t<img decoding=\"async\" width=\"150\" height=\"150\" src=\"https:\/\/www.gecleant.de\/wp-content\/uploads\/2020\/09\/me2018-150x150.jpg\" class=\"elementor-animation-grow attachment-thumbnail size-thumbnail wp-image-7672\" alt=\"\" srcset=\"https:\/\/www.gecleant.de\/wp-content\/uploads\/2020\/09\/me2018-150x150.jpg 150w, https:\/\/www.gecleant.de\/wp-content\/uploads\/2020\/09\/me2018-324x324.jpg 324w, https:\/\/www.gecleant.de\/wp-content\/uploads\/2020\/09\/me2018-100x100.jpg 100w, https:\/\/www.gecleant.de\/wp-content\/uploads\/2020\/09\/me2018-416x416.jpg 416w, https:\/\/www.gecleant.de\/wp-content\/uploads\/2020\/09\/me2018-300x300.jpg 300w, https:\/\/www.gecleant.de\/wp-content\/uploads\/2020\/09\/me2018-1024x1024.jpg 1024w, https:\/\/www.gecleant.de\/wp-content\/uploads\/2020\/09\/me2018-768x768.jpg 768w, https:\/\/www.gecleant.de\/wp-content\/uploads\/2020\/09\/me2018-60x60.jpg 60w, https:\/\/www.gecleant.de\/wp-content\/uploads\/2020\/09\/me2018-800x800.jpg 800w, https:\/\/www.gecleant.de\/wp-content\/uploads\/2020\/09\/me2018-460x460.jpg 460w, https:\/\/www.gecleant.de\/wp-content\/uploads\/2020\/09\/me2018.jpg 1198w\" sizes=\"(max-width: 150px) 100vw, 150px\" \/>\t\t\t\t\t\t\t\t\t\t\t<figcaption class=\"widget-image-caption wp-caption-text\"><br>Stefan<small>CEO &amp; COO<\/small><\/figcaption>\n\t\t\t\t\t\t\t\t\t\t<\/figure>\n\t\t\t\t\t\t\t\t\t<\/div>\n\t\t\t\t<\/div>\n\t\t\t\t\t<\/div>\n\t\t<\/div>\n\t\t\t\t<div class=\"elementor-column elementor-col-50 elementor-inner-column elementor-element elementor-element-5a4b790\" data-id=\"5a4b790\" data-element_type=\"column\" data-e-type=\"column\">\n\t\t\t<div class=\"elementor-widget-wrap elementor-element-populated\">\n\t\t\t\t\t\t<div class=\"elementor-element elementor-element-a15bc91 elementor-widget elementor-widget-image\" data-id=\"a15bc91\" data-element_type=\"widget\" data-e-type=\"widget\" data-widget_type=\"image.default\">\n\t\t\t\t<div class=\"elementor-widget-container\">\n\t\t\t\t\t\t\t\t\t\t\t\t<figure class=\"wp-caption\">\n\t\t\t\t\t\t\t\t\t\t<img decoding=\"async\" width=\"150\" height=\"150\" src=\"https:\/\/www.gecleant.de\/wp-content\/uploads\/2020\/12\/markus1-150x150.jpg\" class=\"elementor-animation-grow attachment-thumbnail size-thumbnail wp-image-8762\" alt=\"\" srcset=\"https:\/\/www.gecleant.de\/wp-content\/uploads\/2020\/12\/markus1-150x150.jpg 150w, https:\/\/www.gecleant.de\/wp-content\/uploads\/2020\/12\/markus1-324x324.jpg 324w, https:\/\/www.gecleant.de\/wp-content\/uploads\/2020\/12\/markus1-100x100.jpg 100w\" sizes=\"(max-width: 150px) 100vw, 150px\" \/>\t\t\t\t\t\t\t\t\t\t\t<figcaption class=\"widget-image-caption wp-caption-text\"><br>Markus CTO<\/figcaption>\n\t\t\t\t\t\t\t\t\t\t<\/figure>\n\t\t\t\t\t\t\t\t\t<\/div>\n\t\t\t\t<\/div>\n\t\t\t\t\t<\/div>\n\t\t<\/div>\n\t\t\t\t\t<\/div>\n\t\t<\/section>\n\t\t\t\t\t<\/div>\n\t\t<\/div>\n\t\t\t\t\t<\/div>\n\t\t<\/section>\n\t\t\t\t<section class=\"elementor-section elementor-top-section elementor-element elementor-element-e5848f4 elementor-section-boxed elementor-section-height-default elementor-section-height-default\" data-id=\"e5848f4\" data-element_type=\"section\" data-e-type=\"section\">\n\t\t\t\t\t\t<div class=\"elementor-container elementor-column-gap-default\">\n\t\t\t\t\t<div class=\"elementor-column elementor-col-50 elementor-top-column elementor-element elementor-element-0377ed9\" data-id=\"0377ed9\" data-element_type=\"column\" data-e-type=\"column\">\n\t\t\t<div class=\"elementor-widget-wrap elementor-element-populated\">\n\t\t\t\t\t\t<div class=\"elementor-element elementor-element-80d24cb elementor-widget elementor-widget-heading\" data-id=\"80d24cb\" data-element_type=\"widget\" data-e-type=\"widget\" data-widget_type=\"heading.default\">\n\t\t\t\t<div class=\"elementor-widget-container\">\n\t\t\t\t\t<h2 class=\"elementor-heading-title elementor-size-default\">Comerciante<\/h2>\t\t\t\t<\/div>\n\t\t\t\t<\/div>\n\t\t\t\t<div class=\"elementor-element elementor-element-8adc351 elementor-widget elementor-widget-text-editor\" data-id=\"8adc351\" data-element_type=\"widget\" data-e-type=\"widget\" data-widget_type=\"text-editor.default\">\n\t\t\t\t<div class=\"elementor-widget-container\">\n\t\t\t\t\t\t\t\t\t<p>Si tu <b>Concesionario o distribuidor<\/b> y quieres trabajar con nosotros, entonces <a href=\"\/ticket\">contactar<\/a> Solo nosotros. <\/p>\n<p>Desde que ampliamos nuestra gama a m\u00e1s de 1000 modelos, nuestra red de socios se ha expandido constantemente. Nuestros productos se venden en m\u00e1s de 30 pa\u00edses en todo el mundo y esperamos trabajar con usted. <\/p>\n\t\t\t\t\t\t\t\t<\/div>\n\t\t\t\t<\/div>\n\t\t\t\t<div class=\"elementor-element elementor-element-8682119 elementor-align-center elementor-widget elementor-widget-button\" data-id=\"8682119\" data-element_type=\"widget\" data-e-type=\"widget\" data-widget_type=\"button.default\">\n\t\t\t\t<div class=\"elementor-widget-container\">\n\t\t\t\t\t\t\t\t\t<div class=\"elementor-button-wrapper\">\n\t\t\t\t\t<a class=\"elementor-button elementor-button-link elementor-size-sm\" href=\"\/helpdesk\/ticket\">\n\t\t\t\t\t\t<span class=\"elementor-button-content-wrapper\">\n\t\t\t\t\t\t<span class=\"elementor-button-icon\">\n\t\t\t\t<i aria-hidden=\"true\" class=\"fas fa-file-signature\"><\/i>\t\t\t<\/span>\n\t\t\t\t\t\t\t\t\t<span class=\"elementor-button-text\">Convi\u00e9rtete en distribuidor<\/span>\n\t\t\t\t\t<\/span>\n\t\t\t\t\t<\/a>\n\t\t\t\t<\/div>\n\t\t\t\t\t\t\t\t<\/div>\n\t\t\t\t<\/div>\n\t\t\t\t\t<\/div>\n\t\t<\/div>\n\t\t\t\t<div class=\"elementor-column elementor-col-50 elementor-top-column elementor-element elementor-element-47c366e\" data-id=\"47c366e\" data-element_type=\"column\" data-e-type=\"column\">\n\t\t\t<div class=\"elementor-widget-wrap elementor-element-populated\">\n\t\t\t\t\t\t<div class=\"elementor-element elementor-element-d65bd05 elementor-widget elementor-widget-heading\" data-id=\"d65bd05\" data-element_type=\"widget\" data-e-type=\"widget\" data-widget_type=\"heading.default\">\n\t\t\t\t<div class=\"elementor-widget-container\">\n\t\t\t\t\t<h2 class=\"elementor-heading-title elementor-size-default\">Clientes<\/h2>\t\t\t\t<\/div>\n\t\t\t\t<\/div>\n\t\t\t\t<div class=\"elementor-element elementor-element-d4d9eaf elementor-widget elementor-widget-text-editor\" data-id=\"d4d9eaf\" data-element_type=\"widget\" data-e-type=\"widget\" data-widget_type=\"text-editor.default\">\n\t\t\t\t<div class=\"elementor-widget-container\">\n\t\t\t\t\t\t\t\t\t<p>El pilar m\u00e1s importante en el desarrollo de productos es la experiencia de nuestros clientes. Casi todos los veh\u00edculos tienen sus propias caracter\u00edsticas especiales. Color del vidrio, grosor del vidrio, di\u00e1metro del orificio, condiciones de instalaci\u00f3n: tratamos de optimizar continuamente la precisi\u00f3n de ajuste y \u00a1su ayuda est\u00e1 en demanda! <b><br \/><\/b><\/p>\n<p><b>\u00bfTodo encajaba? \u00bfEs el color correcto? \u00bfQue podr\u00eda ser mejor? <u>\u00a1Dinos qu\u00e9 piensas!<\/u><\/b><\/p>\n\t\t\t\t\t\t\t\t<\/div>\n\t\t\t\t<\/div>\n\t\t\t\t<div class=\"elementor-element elementor-element-f06cf5e elementor-align-center elementor-widget elementor-widget-button\" data-id=\"f06cf5e\" data-element_type=\"widget\" data-e-type=\"widget\" data-widget_type=\"button.default\">\n\t\t\t\t<div class=\"elementor-widget-container\">\n\t\t\t\t\t\t\t\t\t<div class=\"elementor-button-wrapper\">\n\t\t\t\t\t<a class=\"elementor-button elementor-button-link elementor-size-sm\" href=\"https:\/\/www.gecleant.de\/es\/tu-clasificacion\/\" target=\"_blank\">\n\t\t\t\t\t\t<span class=\"elementor-button-content-wrapper\">\n\t\t\t\t\t\t<span class=\"elementor-button-icon\">\n\t\t\t\t<i aria-hidden=\"true\" class=\"fas fa-star-half-alt\"><\/i>\t\t\t<\/span>\n\t\t\t\t\t\t\t\t\t<span class=\"elementor-button-text\">Escribe una rese\u00f1a<\/span>\n\t\t\t\t\t<\/span>\n\t\t\t\t\t<\/a>\n\t\t\t\t<\/div>\n\t\t\t\t\t\t\t\t<\/div>\n\t\t\t\t<\/div>\n\t\t\t\t\t<\/div>\n\t\t<\/div>\n\t\t\t\t\t<\/div>\n\t\t<\/section>\n\t\t\t\t<\/div>\n\t\t","protected":false},"excerpt":{"rendered":"<p>desde 2007 Clientes 0 Tap\u00f3n de cristal para sobre vehiculos 0 individual A medida 19- 0 mm gecleant.de es un fabricante de fama mundial de Cubiertas de limpiaparabrisas traseros de aluminio, vidrio y acr\u00edlico . Trabajamos con atenci\u00f3n al detalle y los m\u00e1s altos est\u00e1ndares para que nuestros clientes tengan el aspecto \u00abm\u00e1s limpio\u00bb de [&hellip;]<\/p>\n","protected":false},"author":1,"featured_media":0,"parent":0,"menu_order":0,"comment_status":"open","ping_status":"open","template":"","meta":{"footnotes":""},"class_list":["post-8330","page","type-page","status-publish","hentry"],"_links":{"self":[{"href":"https:\/\/www.gecleant.de\/es\/wp-json\/wp\/v2\/pages\/8330","targetHints":{"allow":["GET"]}}],"collection":[{"href":"https:\/\/www.gecleant.de\/es\/wp-json\/wp\/v2\/pages"}],"about":[{"href":"https:\/\/www.gecleant.de\/es\/wp-json\/wp\/v2\/types\/page"}],"author":[{"embeddable":true,"href":"https:\/\/www.gecleant.de\/es\/wp-json\/wp\/v2\/users\/1"}],"replies":[{"embeddable":true,"href":"https:\/\/www.gecleant.de\/es\/wp-json\/wp\/v2\/comments?post=8330"}],"version-history":[{"count":0,"href":"https:\/\/www.gecleant.de\/es\/wp-json\/wp\/v2\/pages\/8330\/revisions"}],"wp:attachment":[{"href":"https:\/\/www.gecleant.de\/es\/wp-json\/wp\/v2\/media?parent=8330"}],"curies":[{"name":"wp","href":"https:\/\/api.w.org\/{rel}","templated":true}]}}