{"id":9725,"date":"2020-12-19T15:59:54","date_gmt":"2020-12-19T13:59:54","guid":{"rendered":"https:\/\/www.gecleant.de\/mesa-de-ayuda\/"},"modified":"2023-01-15T18:32:05","modified_gmt":"2023-01-15T17:32:05","slug":"mesa-de-ayuda","status":"publish","type":"page","link":"https:\/\/www.gecleant.de\/es\/mesa-de-ayuda\/","title":{"rendered":"Mesa de ayuda"},"content":{"rendered":"\t\t<div data-elementor-type=\"wp-page\" data-elementor-id=\"9725\" class=\"elementor elementor-9725 elementor-2281\" data-elementor-post-type=\"page\">\n\t\t\t\t\t\t<section class=\"elementor-section elementor-top-section elementor-element elementor-element-4d6e0c8 elementor-section-boxed elementor-section-height-default elementor-section-height-default\" data-id=\"4d6e0c8\" data-element_type=\"section\" data-e-type=\"section\">\n\t\t\t\t\t\t<div class=\"elementor-container elementor-column-gap-default\">\n\t\t\t\t\t<div class=\"elementor-column elementor-col-33 elementor-top-column elementor-element elementor-element-7ef1d49\" data-id=\"7ef1d49\" data-element_type=\"column\" data-e-type=\"column\">\n\t\t\t<div class=\"elementor-widget-wrap elementor-element-populated\">\n\t\t\t\t\t\t<div class=\"elementor-element elementor-element-d26fa2c elementor-align-left elementor-fixed elementor-widget elementor-widget-button\" data-id=\"d26fa2c\" data-element_type=\"widget\" data-e-type=\"widget\" data-settings=\"{&quot;_position&quot;:&quot;fixed&quot;}\" data-widget_type=\"button.default\">\n\t\t\t\t<div class=\"elementor-widget-container\">\n\t\t\t\t\t\t\t\t\t<div class=\"elementor-button-wrapper\">\n\t\t\t\t\t<a class=\"elementor-button elementor-button-link elementor-size-lg\" href=\"tel:+4934146387532\">\n\t\t\t\t\t\t<span class=\"elementor-button-content-wrapper\">\n\t\t\t\t\t\t<span class=\"elementor-button-icon\">\n\t\t\t\t<i aria-hidden=\"true\" class=\"fas fa-phone-volume\"><\/i>\t\t\t<\/span>\n\t\t\t\t\t\t\t\t\t<span class=\"elementor-button-text\">+49 341 46387532<\/span>\n\t\t\t\t\t<\/span>\n\t\t\t\t\t<\/a>\n\t\t\t\t<\/div>\n\t\t\t\t\t\t\t\t<\/div>\n\t\t\t\t<\/div>\n\t\t\t\t<div class=\"elementor-element elementor-element-fbc2509 elementor-widget elementor-widget-heading\" data-id=\"fbc2509\" data-element_type=\"widget\" data-e-type=\"widget\" data-widget_type=\"heading.default\">\n\t\t\t\t<div class=\"elementor-widget-container\">\n\t\t\t\t\t<h2 class=\"elementor-heading-title elementor-size-default\">Productos<\/h2>\t\t\t\t<\/div>\n\t\t\t\t<\/div>\n\t\t\t\t<div class=\"elementor-element elementor-element-83d82c2 elementor-widget elementor-widget-text-editor\" data-id=\"83d82c2\" data-element_type=\"widget\" data-e-type=\"widget\" data-widget_type=\"text-editor.default\">\n\t\t\t\t<div class=\"elementor-widget-container\">\n\t\t\t\t\t\t\t\t\t<p>Fabricamos nuestros tapones de vidrio a partir de una pieza de vidrio flotado utilizando fresadoras controladas por computadora. Los bordes se pulen a mano y en el lado que luego es visible en el exterior.<b><u> un<strong> pel\u00edcula protectora transparente<\/strong><\/u><\/b> aplicado, que se elimina despu\u00e9s de la instalaci\u00f3n.<\/p><\/p>\n\t\t\t\t\t\t\t\t<\/div>\n\t\t\t\t<\/div>\n\t\t\t\t<div class=\"elementor-element elementor-element-258293d elementor-widget elementor-widget-heading\" data-id=\"258293d\" data-element_type=\"widget\" data-e-type=\"widget\" data-widget_type=\"heading.default\">\n\t\t\t\t<div class=\"elementor-widget-container\">\n\t\t\t\t\t<div class=\"elementor-heading-title elementor-size-default\"><br><br>Seleccione aqu\u00ed su veh\u00edculo:<\/div>\t\t\t\t<\/div>\n\t\t\t\t<\/div>\n\t\t\t\t<div class=\"elementor-element elementor-element-62bb1a2 elementor-widget elementor-widget-wp-widget-pektsekye_ymm_selector\" data-id=\"62bb1a2\" data-element_type=\"widget\" data-e-type=\"widget\" data-widget_type=\"wp-widget-pektsekye_ymm_selector.default\">\n\t\t\t\t<div class=\"elementor-widget-container\">\n\t\t\t\t\t<div class=\"widget-text wp_widget_plugin_box\"><div class=\"ymm-selector ymm-box\" id=\"ymm_wp-widget-pektsekye_ymm_selector\">\n    <div class=\"block-content\">\n  \n          <select class=\"ymm-select\" name=\"_year\" ><option value=\"\">-- Year --<\/option><option value=\"2026\" >2026<\/option><option value=\"2025\" >2025<\/option><option value=\"2024\" >2024<\/option><option value=\"2023\" >2023<\/option><option value=\"2022\" >2022<\/option><option value=\"2021\" >2021<\/option><option value=\"2020\" >2020<\/option><option value=\"2019\" >2019<\/option><option value=\"2018\" >2018<\/option><option value=\"2017\" >2017<\/option><option value=\"2016\" >2016<\/option><option value=\"2015\" >2015<\/option><option value=\"2014\" >2014<\/option><option value=\"2013\" >2013<\/option><option value=\"2012\" >2012<\/option><option value=\"2011\" >2011<\/option><option value=\"2010\" >2010<\/option><option value=\"2009\" >2009<\/option><option value=\"2008\" >2008<\/option><option value=\"2007\" >2007<\/option><option value=\"2006\" >2006<\/option><option value=\"2005\" >2005<\/option><option value=\"2004\" >2004<\/option><option value=\"2003\" >2003<\/option><option value=\"2002\" >2002<\/option><option value=\"2001\" >2001<\/option><option value=\"2000\" >2000<\/option><option value=\"1999\" >1999<\/option><option value=\"1998\" >1998<\/option><option value=\"1997\" >1997<\/option><option value=\"1996\" >1996<\/option><option value=\"1995\" >1995<\/option><option value=\"1994\" >1994<\/option><option value=\"1993\" >1993<\/option><option value=\"1992\" >1992<\/option><option value=\"1991\" >1991<\/option><option value=\"1990\" >1990<\/option><option value=\"1989\" >1989<\/option><option value=\"1988\" >1988<\/option><option value=\"1987\" >1987<\/option><option value=\"1986\" >1986<\/option><option value=\"1985\" >1985<\/option><option value=\"1984\" >1984<\/option><option value=\"1983\" >1983<\/option><option value=\"1982\" >1982<\/option><\/select>          <select class=\"ymm-select disabled\" name=\"_make\"  disabled=\"disabled\"><option value=\"\">-- Make --<\/option><\/select>          <select class=\"ymm-select disabled\" name=\"_model\"  disabled=\"disabled\"><option value=\"\">-- Model --<\/option><\/select>     \n    \t\t\t\t      \n      \n        \t\t\t\n    <button type=\"button\" title=\"Search\" class=\"button ymm-submit-any-selection\" ><span><span>Search<\/span><\/span><\/button>   \n               \t\t      \t          \t\t      \t      \n  <\/div>\n<\/div>\n<script>\n  jQuery(function($){\n    $('#ymm_wp-widget-pektsekye_ymm_selector').ymm({\n      ajaxUrl                  : \"https:\/\/www.gecleant.de\/wp-admin\/admin-ajax.php\",\n      ajaxShortUrl             : \"https:\/\/www.gecleant.de\/wp-content\/plugins\/ymm-search\/ymm_ajax.php\",\n      submitUrl                : \"https:\/\/www.gecleant.de\/es\/\",             \n      levelParameterNames      : [\"_year\",\"_make\",\"_model\"],\n      isCategoryPage           : 0,\n      filterCategoryPage       : 0,      \n      categorySearchEnabled    : 0,\n      wordSearchEnabled        : 0,\n      garageEnabled            : 0,\n      ymmCookieName            : \"ymm_selected\", \n      canShowExtra             : 0,\n      categoryId               : 0,      \n      categoryDefOptionTitle   : \"-- select category --\" \n                   \n    });\n  });\n<\/script>\n<\/div>\t\t\t\t<\/div>\n\t\t\t\t<\/div>\n\t\t\t\t\t<\/div>\n\t\t<\/div>\n\t\t\t\t<div class=\"elementor-column elementor-col-33 elementor-top-column elementor-element elementor-element-f2d3417\" data-id=\"f2d3417\" data-element_type=\"column\" data-e-type=\"column\">\n\t\t\t<div class=\"elementor-widget-wrap elementor-element-populated\">\n\t\t\t\t\t\t<div class=\"elementor-element elementor-element-b3ac6be elementor-widget elementor-widget-heading\" data-id=\"b3ac6be\" data-element_type=\"widget\" data-e-type=\"widget\" data-widget_type=\"heading.default\">\n\t\t\t\t<div class=\"elementor-widget-container\">\n\t\t\t\t\t<h2 class=\"elementor-heading-title elementor-size-default\">Montaje<\/h2>\t\t\t\t<\/div>\n\t\t\t\t<\/div>\n\t\t\t\t<div class=\"elementor-element elementor-element-48b093b elementor-widget elementor-widget-text-editor\" data-id=\"48b093b\" data-element_type=\"widget\" data-e-type=\"widget\" data-widget_type=\"text-editor.default\">\n\t\t\t\t<div class=\"elementor-widget-container\">\n\t\t\t\t\t\t\t\t\t<p>El montaje de nuestros tapones de limpiaparabrisas traseros hechos a medida de vidrio es muy f\u00e1cil, pero a\u00fan tiene que<u><b> manipular el tap\u00f3n con cuidado,<\/b><\/u> ya que el borde puede desprenderse f\u00e1cilmente o el revestimiento de la ventana trasera puede rayarse.<\/p>\n<p><b><u>De nada<\/u><\/b> lea estos temas antes de comenzar:<\/p>\n\t\t\t\t\t\t\t\t<\/div>\n\t\t\t\t<\/div>\n\t\t\t\t\t<\/div>\n\t\t<\/div>\n\t\t\t\t<div class=\"elementor-column elementor-col-33 elementor-top-column elementor-element elementor-element-2f1e9b8\" data-id=\"2f1e9b8\" data-element_type=\"column\" data-e-type=\"column\">\n\t\t\t<div class=\"elementor-widget-wrap elementor-element-populated\">\n\t\t\t\t\t\t<div class=\"elementor-element elementor-element-598a76a elementor-widget elementor-widget-heading\" data-id=\"598a76a\" data-element_type=\"widget\" data-e-type=\"widget\" data-widget_type=\"heading.default\">\n\t\t\t\t<div class=\"elementor-widget-container\">\n\t\t\t\t\t<h2 class=\"elementor-heading-title elementor-size-default\">Quejas<\/h2>\t\t\t\t<\/div>\n\t\t\t\t<\/div>\n\t\t\t\t<div class=\"elementor-element elementor-element-d0a6fe0 elementor-widget elementor-widget-text-editor\" data-id=\"d0a6fe0\" data-element_type=\"widget\" data-e-type=\"widget\" data-widget_type=\"text-editor.default\">\n\t\t\t\t<div class=\"elementor-widget-container\">\n\t\t\t\t\t\t\t\t\t<p>Hacemos todo lo posible para asegurarnos de que los enchufes sean de una calidad perfecta. Para ello, se comprueban varias veces antes del env\u00edo. Sin embargo, algo siempre puede salir mal, siempre que el<b><u> Bienes sin da\u00f1os<\/u><\/b> nos gusta intercambiarlos<u><b> \u00a1gratis!<\/b><\/u><b> <\/b>Puede encontrar toda la informaci\u00f3n adicional aqu\u00ed:<\/p><\/p>\n\t\t\t\t\t\t\t\t<\/div>\n\t\t\t\t<\/div>\n\t\t\t\t<div class=\"elementor-element elementor-element-965fd6e elementor-nav-menu__align-start elementor-nav-menu--dropdown-none elementor-widget elementor-widget-nav-menu\" data-id=\"965fd6e\" data-element_type=\"widget\" data-e-type=\"widget\" data-settings=\"{&quot;layout&quot;:&quot;vertical&quot;,&quot;submenu_icon&quot;:{&quot;value&quot;:&quot;&lt;i class=\\&quot;fas fa-caret-down\\&quot; aria-hidden=\\&quot;true\\&quot;&gt;&lt;\\\/i&gt;&quot;,&quot;library&quot;:&quot;fa-solid&quot;}}\" data-widget_type=\"nav-menu.default\">\n\t\t\t\t<div class=\"elementor-widget-container\">\n\t\t\t\t\t\t\t\t<nav aria-label=\"Men\u00fa\" class=\"elementor-nav-menu--main elementor-nav-menu__container elementor-nav-menu--layout-vertical e--pointer-text e--animation-float\">\n\t\t\t\t<ul id=\"menu-1-965fd6e\" class=\"elementor-nav-menu sm-vertical\"><li class=\"menu-item menu-item-type-post_type menu-item-object-page menu-item-10864\"><a href=\"https:\/\/www.gecleant.de\/es\/opciones-de-pago\/\" class=\"elementor-item\">M\u00e9todos de pago<\/a><\/li>\n<li class=\"menu-item menu-item-type-post_type menu-item-object-page menu-item-10865\"><a href=\"https:\/\/www.gecleant.de\/es\/metodos-de-envio\/\" class=\"elementor-item\">M\u00e9todos de env\u00edo<\/a><\/li>\n<li class=\"menu-item menu-item-type-post_type menu-item-object-page menu-item-10874\"><a href=\"https:\/\/www.gecleant.de\/es\/imprimir\/\" class=\"elementor-item\">imprimir<\/a><\/li>\n<li class=\"menu-item menu-item-type-post_type menu-item-object-page menu-item-10875\"><a href=\"https:\/\/www.gecleant.de\/es\/proteccion-de-datos\/\" class=\"elementor-item\">Protecci\u00f3n de Datos<\/a><\/li>\n<li class=\"menu-item menu-item-type-post_type menu-item-object-page menu-item-10876\"><a href=\"https:\/\/www.gecleant.de\/es\/derecho-a-retirada\/\" class=\"elementor-item\">Derecho a retirada<\/a><\/li>\n<li class=\"menu-item menu-item-type-post_type menu-item-object-page menu-item-10877\"><a href=\"https:\/\/www.gecleant.de\/es\/condiciones\/\" class=\"elementor-item\">Condiciones<\/a><\/li>\n<li class=\"menu-item menu-item-type-custom menu-item-object-custom menu-item-8434\"><a href=\"\/\" class=\"elementor-item\">zur Startseite<\/a><\/li>\n<\/ul>\t\t\t<\/nav>\n\t\t\t\t\t\t<nav class=\"elementor-nav-menu--dropdown elementor-nav-menu__container\" aria-hidden=\"true\">\n\t\t\t\t<ul id=\"menu-2-965fd6e\" class=\"elementor-nav-menu sm-vertical\"><li class=\"menu-item menu-item-type-post_type menu-item-object-page menu-item-10864\"><a href=\"https:\/\/www.gecleant.de\/es\/opciones-de-pago\/\" class=\"elementor-item\" tabindex=\"-1\">M\u00e9todos de pago<\/a><\/li>\n<li class=\"menu-item menu-item-type-post_type menu-item-object-page menu-item-10865\"><a href=\"https:\/\/www.gecleant.de\/es\/metodos-de-envio\/\" class=\"elementor-item\" tabindex=\"-1\">M\u00e9todos de env\u00edo<\/a><\/li>\n<li class=\"menu-item menu-item-type-post_type menu-item-object-page menu-item-10874\"><a href=\"https:\/\/www.gecleant.de\/es\/imprimir\/\" class=\"elementor-item\" tabindex=\"-1\">imprimir<\/a><\/li>\n<li class=\"menu-item menu-item-type-post_type menu-item-object-page menu-item-10875\"><a href=\"https:\/\/www.gecleant.de\/es\/proteccion-de-datos\/\" class=\"elementor-item\" tabindex=\"-1\">Protecci\u00f3n de Datos<\/a><\/li>\n<li class=\"menu-item menu-item-type-post_type menu-item-object-page menu-item-10876\"><a href=\"https:\/\/www.gecleant.de\/es\/derecho-a-retirada\/\" class=\"elementor-item\" tabindex=\"-1\">Derecho a retirada<\/a><\/li>\n<li class=\"menu-item menu-item-type-post_type menu-item-object-page menu-item-10877\"><a href=\"https:\/\/www.gecleant.de\/es\/condiciones\/\" class=\"elementor-item\" tabindex=\"-1\">Condiciones<\/a><\/li>\n<li class=\"menu-item menu-item-type-custom menu-item-object-custom menu-item-8434\"><a href=\"\/\" class=\"elementor-item\" tabindex=\"-1\">zur Startseite<\/a><\/li>\n<\/ul>\t\t\t<\/nav>\n\t\t\t\t\t\t<\/div>\n\t\t\t\t<\/div>\n\t\t\t\t\t<\/div>\n\t\t<\/div>\n\t\t\t\t\t<\/div>\n\t\t<\/section>\n\t\t\t\t<section class=\"elementor-section elementor-top-section elementor-element elementor-element-2a64640 elementor-section-boxed elementor-section-height-default elementor-section-height-default\" data-id=\"2a64640\" data-element_type=\"section\" data-e-type=\"section\">\n\t\t\t\t\t\t<div class=\"elementor-container elementor-column-gap-default\">\n\t\t\t\t\t<div class=\"elementor-column elementor-col-25 elementor-top-column elementor-element elementor-element-f939f01\" data-id=\"f939f01\" data-element_type=\"column\" data-e-type=\"column\">\n\t\t\t<div class=\"elementor-widget-wrap elementor-element-populated\">\n\t\t\t\t\t\t<div class=\"elementor-element elementor-element-8e02942 elementor-align-center elementor-widget elementor-widget-button\" data-id=\"8e02942\" data-element_type=\"widget\" data-e-type=\"widget\" data-widget_type=\"button.default\">\n\t\t\t\t<div class=\"elementor-widget-container\">\n\t\t\t\t\t\t\t\t\t<div class=\"elementor-button-wrapper\">\n\t\t\t\t\t<a class=\"elementor-button elementor-button-link elementor-size-sm\" href=\"https:\/\/www.gecleant.de\/es\/tu-clasificacion\/\" target=\"_blank\">\n\t\t\t\t\t\t<span class=\"elementor-button-content-wrapper\">\n\t\t\t\t\t\t<span class=\"elementor-button-icon\">\n\t\t\t\t<i aria-hidden=\"true\" class=\"fas fa-star-half-alt\"><\/i>\t\t\t<\/span>\n\t\t\t\t\t\t\t\t\t<span class=\"elementor-button-text\">Escribe una rese\u00f1a<\/span>\n\t\t\t\t\t<\/span>\n\t\t\t\t\t<\/a>\n\t\t\t\t<\/div>\n\t\t\t\t\t\t\t\t<\/div>\n\t\t\t\t<\/div>\n\t\t\t\t\t<\/div>\n\t\t<\/div>\n\t\t\t\t<div class=\"elementor-column elementor-col-50 elementor-top-column elementor-element elementor-element-c4eaefc\" data-id=\"c4eaefc\" data-element_type=\"column\" data-e-type=\"column\">\n\t\t\t<div class=\"elementor-widget-wrap elementor-element-populated\">\n\t\t\t\t\t\t<div class=\"elementor-element elementor-element-dcf0c22 elementor-align-center elementor-widget elementor-widget-button\" data-id=\"dcf0c22\" data-element_type=\"widget\" data-e-type=\"widget\" data-widget_type=\"button.default\">\n\t\t\t\t<div class=\"elementor-widget-container\">\n\t\t\t\t\t\t\t\t\t<div class=\"elementor-button-wrapper\">\n\t\t\t\t\t<a class=\"elementor-button elementor-button-link elementor-size-sm\" href=\"\/helpdesk\/ticket\" target=\"_blank\">\n\t\t\t\t\t\t<span class=\"elementor-button-content-wrapper\">\n\t\t\t\t\t\t<span class=\"elementor-button-icon\">\n\t\t\t\t<i aria-hidden=\"true\" class=\"fas fa-band-aid\"><\/i>\t\t\t<\/span>\n\t\t\t\t\t\t\t\t\t<span class=\"elementor-button-text\">Soporte de contacto<\/span>\n\t\t\t\t\t<\/span>\n\t\t\t\t\t<\/a>\n\t\t\t\t<\/div>\n\t\t\t\t\t\t\t\t<\/div>\n\t\t\t\t<\/div>\n\t\t\t\t<div class=\"elementor-element elementor-element-2ca6bda elementor-widget elementor-widget-html\" data-id=\"2ca6bda\" data-element_type=\"widget\" data-e-type=\"widget\" data-widget_type=\"html.default\">\n\t\t\t\t<div class=\"elementor-widget-container\">\n\t\t\t\t\t<!--Begin Comm100 Live Chat Code-->\n<div id=\"comm100-button-e1000000-0000-0000-0000-008e0001e67f\"><\/div>\n<script type=\"text\/javascript\">\n  var Comm100API=Comm100API||{};(function(t){function e(e){var a=document.createElement(\"script\"),c=document.getElementsByTagName(\"script\")[0];a.type=\"text\/javascript\",a.async=!0,a.src=e+t.site_id,c.parentNode.insertBefore(a,c)}t.chat_buttons=t.chat_buttons||[],t.chat_buttons.push({code_plan:\"e1000000-0000-0000-0000-008e0001e67f\",div_id:\"comm100-button-e1000000-0000-0000-0000-008e0001e67f\"}),t.site_id=124543,t.main_code_plan=\"e1000000-0000-0000-0000-008e0001e67f\",e(\"https:\/\/vue.comm100.com\/livechat.ashx?siteId=\"),setTimeout(function(){t.loaded||e(\"https:\/\/standby.comm100vue.com\/livechat.ashx?siteId=\")},5e3)})(Comm100API||{})\n<\/script>\n<!--End Comm100 Live Chat Code-->\t\t\t\t<\/div>\n\t\t\t\t<\/div>\n\t\t\t\t<div class=\"elementor-element elementor-element-09f0bea elementor-widget elementor-widget-heading\" data-id=\"09f0bea\" data-element_type=\"widget\" data-e-type=\"widget\" data-widget_type=\"heading.default\">\n\t\t\t\t<div class=\"elementor-widget-container\">\n\t\t\t\t\t<h3 class=\"elementor-heading-title elementor-size-default\">Los problemas pueden resolverse m\u00e1s r\u00e1pidamente por tel\u00e9fono. Llame a <b>\n  <a href=\"tel:+4934146387532\">+49 341 46387532<\/a>\n<\/b> y ay\u00fadenos a reducir la enorme cantidad de correos electr\u00f3nicos. \u00a1GRACIAS!<\/h3>\t\t\t\t<\/div>\n\t\t\t\t<\/div>\n\t\t\t\t\t<\/div>\n\t\t<\/div>\n\t\t\t\t<div class=\"elementor-column elementor-col-25 elementor-top-column elementor-element elementor-element-dcc3f71\" data-id=\"dcc3f71\" data-element_type=\"column\" data-e-type=\"column\">\n\t\t\t<div class=\"elementor-widget-wrap elementor-element-populated\">\n\t\t\t\t\t\t<div class=\"elementor-element elementor-element-c3f00b4 elementor-align-center elementor-widget elementor-widget-button\" data-id=\"c3f00b4\" data-element_type=\"widget\" data-e-type=\"widget\" data-widget_type=\"button.default\">\n\t\t\t\t<div class=\"elementor-widget-container\">\n\t\t\t\t\t\t\t\t\t<div class=\"elementor-button-wrapper\">\n\t\t\t\t\t<a class=\"elementor-button elementor-button-link elementor-size-sm\" href=\"\/helpdesk\/ticket\" target=\"_blank\">\n\t\t\t\t\t\t<span class=\"elementor-button-content-wrapper\">\n\t\t\t\t\t\t<span class=\"elementor-button-icon\">\n\t\t\t\t<i aria-hidden=\"true\" class=\"fas fa-backspace\"><\/i>\t\t\t<\/span>\n\t\t\t\t\t\t\t\t\t<span class=\"elementor-button-text\">Iniciar regreso<\/span>\n\t\t\t\t\t<\/span>\n\t\t\t\t\t<\/a>\n\t\t\t\t<\/div>\n\t\t\t\t\t\t\t\t<\/div>\n\t\t\t\t<\/div>\n\t\t\t\t\t<\/div>\n\t\t<\/div>\n\t\t\t\t\t<\/div>\n\t\t<\/section>\n\t\t\t\t<\/div>\n\t\t","protected":false},"excerpt":{"rendered":"<p>+49 341 46387532 Productos Fabricamos nuestros tapones de vidrio a partir de una pieza de vidrio flotado utilizando fresadoras controladas por computadora. Los bordes se pulen a mano y en el lado que luego es visible en el exterior. un pel\u00edcula protectora transparente aplicado, que se elimina despu\u00e9s de la instalaci\u00f3n. Seleccione aqu\u00ed su veh\u00edculo: [&hellip;]<\/p>\n","protected":false},"author":1,"featured_media":0,"parent":0,"menu_order":0,"comment_status":"closed","ping_status":"closed","template":"","meta":{"footnotes":""},"class_list":["post-9725","page","type-page","status-publish","hentry"],"_links":{"self":[{"href":"https:\/\/www.gecleant.de\/es\/wp-json\/wp\/v2\/pages\/9725","targetHints":{"allow":["GET"]}}],"collection":[{"href":"https:\/\/www.gecleant.de\/es\/wp-json\/wp\/v2\/pages"}],"about":[{"href":"https:\/\/www.gecleant.de\/es\/wp-json\/wp\/v2\/types\/page"}],"author":[{"embeddable":true,"href":"https:\/\/www.gecleant.de\/es\/wp-json\/wp\/v2\/users\/1"}],"replies":[{"embeddable":true,"href":"https:\/\/www.gecleant.de\/es\/wp-json\/wp\/v2\/comments?post=9725"}],"version-history":[{"count":0,"href":"https:\/\/www.gecleant.de\/es\/wp-json\/wp\/v2\/pages\/9725\/revisions"}],"wp:attachment":[{"href":"https:\/\/www.gecleant.de\/es\/wp-json\/wp\/v2\/media?parent=9725"}],"curies":[{"name":"wp","href":"https:\/\/api.w.org\/{rel}","templated":true}]}}