{"id":49428,"date":"2021-02-18T15:22:44","date_gmt":"2021-02-18T14:22:44","guid":{"rendered":"https:\/\/www.gecleant.de\/shop\/sin%20categor\u00eda\/tapones-de-vidrio-a-medida\/"},"modified":"2022-05-10T09:58:35","modified_gmt":"2022-05-10T07:58:35","slug":"tapon-de-vidrio-a-medida","status":"publish","type":"product","link":"https:\/\/www.gecleant.de\/es\/shop\/tapa-del-orificio-del-limpiaparabrisas\/tapon-de-vidrio-a-medida\/","title":{"rendered":"Tapones de vidrio a medida"},"content":{"rendered":"","protected":false},"excerpt":{"rendered":"<p><span style=\"color: #ffffff;\">S\u00cd, podemos suministrarle un enchufe adecuado para su veh\u00edculo, pero a\u00fan no hemos tenido las dimensiones necesarias o a\u00fan no hemos podido verificarlas suficientemente.<\/span><\/p>\n<h3><span style=\"color: #ffffff;\">\u00bfC\u00f3mo verificamos el ajuste de nuestros productos?<\/span><\/h3>\n<p><span style=\"color: #ffffff;\">Tomamos medidas digitales en varias compuertas traseras del tipo de veh\u00edculo en cuesti\u00f3n y luego determinamos el di\u00e1metro promedio del orificio del limpiaparabrisas (vertical y horizontal). El grosor de la rebanada tambi\u00e9n var\u00eda ligeramente. Probamos todos los valores con clientes de referencia y, si los comentarios son consistentemente positivos, el tap\u00f3n del orificio del limpiaparabrisas se integra en nuestra tienda como un producto.<\/span><\/p>\n<h3><span style=\"color: #ffffff;\">Qu\u00e9 hacer si su autom\u00f3vil no est\u00e1 en la lista<\/span><\/h3>\n<p><span style=\"color: #ffffff;\">Dado que somos una f\u00e1brica con producci\u00f3n propia, podemos<strong> Tap\u00f3n de vidrio de<\/strong><strong> 20-40 mm<\/strong> hecho a medida para los orificios del limpiaparabrisas trasero. Lo que necesitamos para esto es el tama\u00f1o del orificio del limpiaparabrisas.<\/span><\/p>\n<p><span style=\"color: #ffffff;\">Aqu\u00ed puede solicitar un producto a medida especificando usted mismo el di\u00e1metro real del orificio. Mida horizontal y verticalmente y el<strong> peque\u00f1\u00edsimo<\/strong> \u00a1Ingrese valor! Luego restamos 0,3 &#8211; 0,6 mm de esta dimensi\u00f3n (esto var\u00eda un poco seg\u00fan la producci\u00f3n) y luego le entregamos un tap\u00f3n de orificio de limpiaparabrisas correspondiente de acuerdo con sus deseos.<\/span><\/p>\n<h3><span style=\"color: #ffffff;\">ejemplo<\/span><\/h3>\n<ol>\n<li><span style=\"color: #ffffff;\">T\u00fa<strong> medidas en tu coche<\/strong> verticalmente 23,58 mm y horizontalmente 23,13 mm con un calibre digital.<\/span><\/li>\n<li><span style=\"color: #ffffff;\">Aqu\u00ed elige 23 mm como tama\u00f1o a medida.<\/span><\/li>\n<li><span style=\"color: #ffffff;\">Fabricamos su tap\u00f3n con 22,4 &#8211; 22,7 mm.<\/span><\/li>\n<\/ol>\n<p><span style=\"color: #ffffff;\"><strong>El di\u00e1metro del orificio del limpiaparabrisas medido (en mm) es:<\/strong><\/span><\/p>\n","protected":false},"featured_media":11915,"comment_status":"open","ping_status":"closed","template":"","meta":[],"product_brand":[],"product_cat":[1275],"product_tag":[],"class_list":{"0":"post-49428","1":"product","2":"type-product","3":"status-publish","4":"has-post-thumbnail","6":"product_cat-tapa-del-orificio-del-limpiaparabrisas","8":"first","9":"instock","10":"taxable","11":"shipping-taxable","12":"purchasable","13":"product-type-variable","14":"has-default-attributes"},"bundled_by":[],"bundle_stock_status":"instock","bundle_stock_quantity":null,"bundle_virtual":false,"bundle_layout":"","bundle_add_to_cart_form_location":"","bundle_editable_in_cart":false,"bundle_sold_individually_context":"","bundle_item_grouping":"","bundle_min_size":"","bundle_max_size":"","bundle_price":[],"bundled_items":[],"bundle_sell_ids":[],"_links":{"self":[{"href":"https:\/\/www.gecleant.de\/es\/wp-json\/wp\/v2\/product\/49428","targetHints":{"allow":["GET"]}}],"collection":[{"href":"https:\/\/www.gecleant.de\/es\/wp-json\/wp\/v2\/product"}],"about":[{"href":"https:\/\/www.gecleant.de\/es\/wp-json\/wp\/v2\/types\/product"}],"replies":[{"embeddable":true,"href":"https:\/\/www.gecleant.de\/es\/wp-json\/wp\/v2\/comments?post=49428"}],"version-history":[{"count":0,"href":"https:\/\/www.gecleant.de\/es\/wp-json\/wp\/v2\/product\/49428\/revisions"}],"wp:featuredmedia":[{"embeddable":true,"href":"https:\/\/www.gecleant.de\/es\/wp-json\/wp\/v2\/media\/11915"}],"wp:attachment":[{"href":"https:\/\/www.gecleant.de\/es\/wp-json\/wp\/v2\/media?parent=49428"}],"wp:term":[{"taxonomy":"product_brand","embeddable":true,"href":"https:\/\/www.gecleant.de\/es\/wp-json\/wp\/v2\/product_brand?post=49428"},{"taxonomy":"product_cat","embeddable":true,"href":"https:\/\/www.gecleant.de\/es\/wp-json\/wp\/v2\/product_cat?post=49428"},{"taxonomy":"product_tag","embeddable":true,"href":"https:\/\/www.gecleant.de\/es\/wp-json\/wp\/v2\/product_tag?post=49428"}],"curies":[{"name":"wp","href":"https:\/\/api.w.org\/{rel}","templated":true}]}}