{"id":50297,"date":"2021-02-17T23:59:58","date_gmt":"2021-04-20T11:32:41","guid":{"rendered":"https:\/\/www.gecleant.de\/shop\/sin%20categor\u00eda\/tapon-de-vidrio-07t\/"},"modified":"2023-03-14T10:44:58","modified_gmt":"2023-03-14T09:44:58","slug":"tapon-de-vidrio-07","status":"publish","type":"product","link":"https:\/\/www.gecleant.de\/es\/shop\/tapa-del-orificio-del-limpiaparabrisas\/tapon-de-vidrio-07\/","title":{"rendered":"Tap\u00f3n de vidrio # 07"},"content":{"rendered":"<p>La variante \u00abt = negro profundo\u00bb utiliza una materia prima diferente que parece m\u00e1s oscura a la luz solar directa. Se recomienda especialmente para veh\u00edculos con lunas tintadas de f\u00e1brica.<\/p>\n","protected":false},"excerpt":{"rendered":"<p>Una peque\u00f1a ronda de escritura hecha de vidrio que cambiar\u00e1 fundamentalmente la vista trasera de su veh\u00edculo. F\u00e1cil instalaci\u00f3n + dimensiones perfectamente ajustadas = port\u00f3n trasero perfectamente dividido.<\/p>\n","protected":false},"featured_media":11915,"comment_status":"open","ping_status":"closed","template":"","meta":[],"product_brand":[],"product_cat":[1275,1559],"product_tag":[],"class_list":{"0":"post-50297","1":"product","2":"type-product","3":"status-publish","4":"has-post-thumbnail","6":"product_cat-tapa-del-orificio-del-limpiaparabrisas","7":"product_cat-materiales","9":"first","10":"onbackorder","11":"taxable","12":"shipping-taxable","13":"purchasable","14":"product-type-simple"},"bundled_by":["56751","56797","56747","56851"],"bundle_stock_status":"onbackorder","bundle_stock_quantity":-125,"bundle_virtual":false,"bundle_layout":"","bundle_add_to_cart_form_location":"","bundle_editable_in_cart":false,"bundle_sold_individually_context":"","bundle_item_grouping":"","bundle_min_size":"","bundle_max_size":"","bundle_price":[],"bundled_items":[],"bundle_sell_ids":[],"_links":{"self":[{"href":"https:\/\/www.gecleant.de\/es\/wp-json\/wp\/v2\/product\/50297","targetHints":{"allow":["GET"]}}],"collection":[{"href":"https:\/\/www.gecleant.de\/es\/wp-json\/wp\/v2\/product"}],"about":[{"href":"https:\/\/www.gecleant.de\/es\/wp-json\/wp\/v2\/types\/product"}],"replies":[{"embeddable":true,"href":"https:\/\/www.gecleant.de\/es\/wp-json\/wp\/v2\/comments?post=50297"}],"version-history":[{"count":0,"href":"https:\/\/www.gecleant.de\/es\/wp-json\/wp\/v2\/product\/50297\/revisions"}],"wp:featuredmedia":[{"embeddable":true,"href":"https:\/\/www.gecleant.de\/es\/wp-json\/wp\/v2\/media\/11915"}],"wp:attachment":[{"href":"https:\/\/www.gecleant.de\/es\/wp-json\/wp\/v2\/media?parent=50297"}],"wp:term":[{"taxonomy":"product_brand","embeddable":true,"href":"https:\/\/www.gecleant.de\/es\/wp-json\/wp\/v2\/product_brand?post=50297"},{"taxonomy":"product_cat","embeddable":true,"href":"https:\/\/www.gecleant.de\/es\/wp-json\/wp\/v2\/product_cat?post=50297"},{"taxonomy":"product_tag","embeddable":true,"href":"https:\/\/www.gecleant.de\/es\/wp-json\/wp\/v2\/product_tag?post=50297"}],"curies":[{"name":"wp","href":"https:\/\/api.w.org\/{rel}","templated":true}]}}