{"id":50531,"date":"2021-02-18T00:00:08","date_gmt":"2021-04-20T11:47:35","guid":{"rendered":"https:\/\/www.gecleant.de\/shop\/sin categor\u00eda\/tapon-de-vidrio-n-23\/"},"modified":"2024-05-24T19:46:55","modified_gmt":"2024-05-24T17:46:55","slug":"tapon-de-vidrio-23","status":"publish","type":"product","link":"https:\/\/www.gecleant.de\/es\/shop\/tapa-del-orificio-del-limpiaparabrisas\/toyota-es-2\/tapon-de-vidrio-23\/","title":{"rendered":"Tap\u00f3n de vidrio n. \u00b0 23"},"content":{"rendered":"","protected":false},"excerpt":{"rendered":"<p>Una peque\u00f1a ronda de escritura hecha de vidrio que cambiar\u00e1 fundamentalmente la vista trasera de su veh\u00edculo. F\u00e1cil instalaci\u00f3n + dimensiones perfectamente ajustadas = port\u00f3n trasero perfectamente dividido.<\/p>\n","protected":false},"featured_media":11915,"comment_status":"open","ping_status":"closed","template":"","meta":[],"product_brand":[],"product_cat":[1707,1275,1559],"product_tag":[],"class_list":{"0":"post-50531","1":"product","2":"type-product","3":"status-publish","4":"has-post-thumbnail","6":"product_cat-toyota-es-2","7":"product_cat-tapa-del-orificio-del-limpiaparabrisas","8":"product_cat-materiales","10":"first","11":"onbackorder","12":"taxable","13":"shipping-taxable","14":"purchasable","15":"product-type-simple"},"bundled_by":["56744","56750","56757"],"bundle_stock_status":"onbackorder","bundle_stock_quantity":-56,"bundle_virtual":false,"bundle_layout":"","bundle_add_to_cart_form_location":"","bundle_editable_in_cart":false,"bundle_sold_individually_context":"","bundle_item_grouping":"","bundle_min_size":"","bundle_max_size":"","bundle_price":[],"bundled_items":[],"bundle_sell_ids":[],"_links":{"self":[{"href":"https:\/\/www.gecleant.de\/es\/wp-json\/wp\/v2\/product\/50531","targetHints":{"allow":["GET"]}}],"collection":[{"href":"https:\/\/www.gecleant.de\/es\/wp-json\/wp\/v2\/product"}],"about":[{"href":"https:\/\/www.gecleant.de\/es\/wp-json\/wp\/v2\/types\/product"}],"replies":[{"embeddable":true,"href":"https:\/\/www.gecleant.de\/es\/wp-json\/wp\/v2\/comments?post=50531"}],"version-history":[{"count":0,"href":"https:\/\/www.gecleant.de\/es\/wp-json\/wp\/v2\/product\/50531\/revisions"}],"wp:featuredmedia":[{"embeddable":true,"href":"https:\/\/www.gecleant.de\/es\/wp-json\/wp\/v2\/media\/11915"}],"wp:attachment":[{"href":"https:\/\/www.gecleant.de\/es\/wp-json\/wp\/v2\/media?parent=50531"}],"wp:term":[{"taxonomy":"product_brand","embeddable":true,"href":"https:\/\/www.gecleant.de\/es\/wp-json\/wp\/v2\/product_brand?post=50531"},{"taxonomy":"product_cat","embeddable":true,"href":"https:\/\/www.gecleant.de\/es\/wp-json\/wp\/v2\/product_cat?post=50531"},{"taxonomy":"product_tag","embeddable":true,"href":"https:\/\/www.gecleant.de\/es\/wp-json\/wp\/v2\/product_tag?post=50531"}],"curies":[{"name":"wp","href":"https:\/\/api.w.org\/{rel}","templated":true}]}}