{"id":56820,"date":"2021-05-19T13:22:04","date_gmt":"2021-05-19T11:22:04","guid":{"rendered":"https:\/\/www.gecleant.de\/shop\/sin%20categor\u00eda\/tapon-de-vidrio-para-suzuki\/"},"modified":"2022-04-15T20:04:11","modified_gmt":"2022-04-15T18:04:11","slug":"tapon-de-vidrio-para-suzuki-gs15","status":"publish","type":"product","link":"https:\/\/www.gecleant.de\/es\/shop\/tapa-del-orificio-del-limpiaparabrisas\/suzuki-es-2\/tapon-de-vidrio-para-suzuki-gs15\/","title":{"rendered":"Tap\u00f3n de vidrio para Suzuki"},"content":{"rendered":"<p>Compra calidad aqu\u00ed. Somos los inventores de la tapa del limpiaparabrisas trasero de vidrio. Nuestras tapas para los orificios de los limpiaparabrisas se fresan a partir de un trozo de vidrio flotado y se adaptan individualmente a su veh\u00edculo. Si quita el limpiaparabrisas de la ventana trasera (posiblemente defectuoso;)) de su autom\u00f3vil, queda un peque\u00f1o orificio en la ventana trasera, que puede cerrar al ras con nuestro tap\u00f3n de vidrio. Algunas personas quieren saber c\u00f3mo reparar su limpiaparabrisas trasero defectuoso y averiguar qu\u00e9 tan costosa es la reparaci\u00f3n. En lugar de reemplazar \/ reparar el brazo del limpiaparabrisas o el motor del limpiaparabrisas defectuoso en la parte trasera, con nuestros tapones de sellado ofrecemos una pieza de repuesto simple y econ\u00f3mica que todos pueden instalar por s\u00ed mismos. La boquilla de l\u00edquido lavaparabrisas est\u00e1 sellada y, en los veh\u00edculos m\u00e1s nuevos, el bus CAN est\u00e1 codificado. Terminado. Puede encontrar una gu\u00eda de reparaci\u00f3n para quitar e instalar el limpiaparabrisas trasero en nuestra mesa de ayuda.<\/p>\n<p>Ah, e importante: la parte posterior de nuestro tap\u00f3n est\u00e1 recubierto de negro y el frente est\u00e1 cubierto con una pel\u00edcula protectora transparente para que nada se raye cuando se inserta en la ventana trasera, as\u00ed que no se sorprenda por el aspecto opaco \/ lechoso de el tap\u00f3n y simplemente retire la pel\u00edcula protectora despu\u00e9s de insertarla en la ventana.<\/p>\n<p>Una apariencia OEM perfectamente limpia es nuestra m\u00e1xima prioridad. Es por eso que pulimos el borde visible del inserto de vidrio a mano y nuestro equipo somete cada tap\u00f3n a un control de calidad preciso antes de envi\u00e1rselo. Si a\u00fan no est\u00e1 satisfecho, comun\u00edquese con nosotros, intercambiaremos cubiertas de vidrio inadecuadas sin cargo (si no est\u00e1n da\u00f1adas), y si dej\u00f3 caer el tap\u00f3n o lo da\u00f1\u00f3 accidentalmente cuando lo prob\u00f3, encontraremos una soluci\u00f3n justa y env\u00edelo a un precio econ\u00f3mico Reemplazo, as\u00ed que no se preocupe &#8230; escr\u00edbanos a support@gecleant.de y estaremos a su disposici\u00f3n lo antes posible.<\/p>\n","protected":false},"excerpt":{"rendered":"<p>Compra calidad aqu\u00ed. Somos los inventores de la tapa del limpiaparabrisas trasero de vidrio. Nuestras tapas para los orificios de los limpiaparabrisas se fresan a partir de un trozo de vidrio flotado y se adaptan individualmente a su veh\u00edculo. Si quita el limpiaparabrisas de la ventana trasera (posiblemente defectuoso;)) de su autom\u00f3vil, queda un peque\u00f1o [&hellip;]<\/p>\n","protected":false},"featured_media":11915,"comment_status":"open","ping_status":"closed","template":"","meta":[],"product_brand":[],"product_cat":[1275,1681],"product_tag":[],"class_list":{"0":"post-56820","1":"product","2":"type-product","3":"status-publish","4":"has-post-thumbnail","6":"product_cat-tapa-del-orificio-del-limpiaparabrisas","7":"product_cat-suzuki-es-2","9":"first","10":"instock","11":"virtual","12":"sold-individually","13":"taxable","14":"purchasable","15":"product-type-bundle"},"bundled_by":[],"bundle_stock_status":"instock","bundle_stock_quantity":"","bundle_virtual":false,"bundle_layout":"tabular","bundle_add_to_cart_form_location":"default","bundle_editable_in_cart":true,"bundle_sold_individually_context":"configuration","bundle_item_grouping":"parent","bundle_min_size":1,"bundle_max_size":"","bundle_price":{"price":{"min":{"incl_tax":"25","excl_tax":"21.01"},"max":{"incl_tax":"350","excl_tax":"294.11"}},"regular_price":{"min":{"incl_tax":"25","excl_tax":"21.01"},"max":{"incl_tax":"375","excl_tax":"315.12"}}},"bundled_items":[{"bundled_item_id":8730,"product_id":50416,"menu_order":0,"quantity_min":1,"quantity_max":10,"quantity_default":1,"priced_individually":true,"shipped_individually":false,"override_title":true,"title":"Adecuado para<span id=\"modelX\"> Tu vehiculo<\/span> <span id=\"baujahr\"><\/span>","override_description":false,"description":"Tap\u00f3n de vidrio n. \u00b0 15","optional":false,"hide_thumbnail":false,"discount":"","override_variations":false,"allowed_variations":[""],"override_default_variation_attributes":false,"default_variation_attributes":[],"single_product_visibility":"visible","cart_visibility":"hidden","order_visibility":"visible","single_product_price_visibility":"visible","cart_price_visibility":"hidden","order_price_visibility":"visible","stock_status":"on_backorder"},{"bundled_item_id":8904,"product_id":51070,"menu_order":1,"quantity_min":0,"quantity_max":10,"quantity_default":1,"priced_individually":true,"shipped_individually":false,"override_title":false,"title":"Juego de pegamento (pegamento + limpiador)","override_description":false,"description":"Juego de pegamento (pegamento + limpiador)","optional":false,"hide_thumbnail":false,"discount":"","override_variations":false,"allowed_variations":[""],"override_default_variation_attributes":true,"default_variation_attributes":[],"single_product_visibility":"visible","cart_visibility":"visible","order_visibility":"visible","single_product_price_visibility":"hidden","cart_price_visibility":"hidden","order_price_visibility":"hidden","stock_status":"on_backorder"}],"bundle_sell_ids":[],"_links":{"self":[{"href":"https:\/\/www.gecleant.de\/es\/wp-json\/wp\/v2\/product\/56820","targetHints":{"allow":["GET"]}}],"collection":[{"href":"https:\/\/www.gecleant.de\/es\/wp-json\/wp\/v2\/product"}],"about":[{"href":"https:\/\/www.gecleant.de\/es\/wp-json\/wp\/v2\/types\/product"}],"replies":[{"embeddable":true,"href":"https:\/\/www.gecleant.de\/es\/wp-json\/wp\/v2\/comments?post=56820"}],"version-history":[{"count":0,"href":"https:\/\/www.gecleant.de\/es\/wp-json\/wp\/v2\/product\/56820\/revisions"}],"wp:featuredmedia":[{"embeddable":true,"href":"https:\/\/www.gecleant.de\/es\/wp-json\/wp\/v2\/media\/11915"}],"wp:attachment":[{"href":"https:\/\/www.gecleant.de\/es\/wp-json\/wp\/v2\/media?parent=56820"}],"wp:term":[{"taxonomy":"product_brand","embeddable":true,"href":"https:\/\/www.gecleant.de\/es\/wp-json\/wp\/v2\/product_brand?post=56820"},{"taxonomy":"product_cat","embeddable":true,"href":"https:\/\/www.gecleant.de\/es\/wp-json\/wp\/v2\/product_cat?post=56820"},{"taxonomy":"product_tag","embeddable":true,"href":"https:\/\/www.gecleant.de\/es\/wp-json\/wp\/v2\/product_tag?post=56820"}],"curies":[{"name":"wp","href":"https:\/\/api.w.org\/{rel}","templated":true}]}}