{"id":59082,"date":"2022-02-18T09:42:08","date_gmt":"2022-02-18T11:42:18","guid":{"rendered":"https:\/\/www.gecleant.de\/shop\/sin categor\u00eda\/frase-semilla-placa-metalica-de-recuperacion-1mm-fabricada-en-acero-inoxidable\/"},"modified":"2022-02-18T12:42:18","modified_gmt":"2022-02-18T11:42:18","slug":"seed-phrase-recovery-metal-plate-1mm-de-acero-inoxidable-v2a-sin-grabado-pen","status":"publish","type":"product","link":"https:\/\/www.gecleant.de\/es\/shop\/materiales\/monedero-de-hardware-criptografico\/seed-phrase-recovery-metal-plate-1mm-de-acero-inoxidable-v2a-sin-grabado-pen\/","title":{"rendered":"Frase Semilla &#8211; Placa met\u00e1lica de recuperaci\u00f3n (1mm) fabricada en acero inoxidable"},"content":{"rendered":"<p>En cooperaci\u00f3n con <a href=\"https:\/\/dezentral-investieren.de\/seed-phrase-recovery-metallplatte-1mm-aus-edelstahl-v4a-ohne-gravurstift\/\" rel=\"nofollow noopener\" target=\"_blank\">decentral-investieren.de<\/a> , ofrecemos una placa de metal para grabar, en la que puede almacenar de forma segura su frase semilla (12 o 24 contrase\u00f1as\/clave privada de la billetera). La placa est\u00e1 fabricada en <a href=\"https:\/\/de.wikipedia.org\/wiki\/Edelstahl#WNr._1.4301_(X5CrNi18-10),_AISI_304,_(V2A),_SUS304\" rel=\"nofollow noopener\" target=\"_blank\">acero inoxidable 1.4301 V2A<\/a> y tiene las siguientes caracter\u00edsticas:<\/p>\n<p>acero inoxidable de 1 mm<br \/>\n7,5 cm de ancho<br \/>\n9 cm de alto<br \/>\nResistente al fuego (se funde a 1400-1455\u00b0)<br \/>\nresistente a los ara\u00f1azos<\/p>\n<p>Dado que un incendio en un apartamento tiene una temperatura de alrededor de 1100 \u00b0C, <a href=\"https:\/\/www.baunetzwissen.de\/glossar\/e\/einheitstemperaturzeitkurve-etk-3176775\" rel=\"nofollow noopener\" target=\"_blank\">fuente 1<\/a> , <a href=\"https:\/\/expressantworten.com\/wie-heiss-wird-es-bei-einem-wohnungsbrand\/\" rel=\"nofollow noopener\" target=\"_blank\">fuente 2<\/a> , el acero inoxidable 1.4301 deber\u00eda proporcionar la mejor protecci\u00f3n contra incendios. Tambi\u00e9n se eligi\u00f3 el espesor de 1 mm para reducir la deformaci\u00f3n mec\u00e1nica debida a derrumbes o escombros. Adem\u00e1s, esta aleaci\u00f3n permite un f\u00e1cil procesamiento con un bol\u00edgrafo de grabado est\u00e1ndar.<\/p>\n","protected":false},"excerpt":{"rendered":"<p>En cooperaci\u00f3n con decentral-investieren.de , ofrecemos una placa de metal para grabar, en la que puede almacenar de forma segura su frase semilla (12 o 24 contrase\u00f1as\/clave privada de la billetera). La placa est\u00e1 fabricada en acero inoxidable 1.4301 V2A y tiene las siguientes caracter\u00edsticas: acero inoxidable de 1 mm 7,5 cm de ancho 9 [&hellip;]<\/p>\n","protected":false},"featured_media":59031,"comment_status":"closed","ping_status":"closed","template":"","meta":[],"product_brand":[],"product_cat":[1559,1863],"product_tag":[],"class_list":{"0":"post-59082","1":"product","2":"type-product","3":"status-publish","4":"has-post-thumbnail","6":"product_cat-materiales","7":"product_cat-monedero-de-hardware-criptografico","9":"first","10":"instock","11":"sale","12":"taxable","13":"shipping-taxable","14":"purchasable","15":"product-type-variable","16":"has-default-attributes"},"bundled_by":[],"bundle_stock_status":"instock","bundle_stock_quantity":null,"bundle_virtual":false,"bundle_layout":"","bundle_add_to_cart_form_location":"","bundle_editable_in_cart":false,"bundle_sold_individually_context":"","bundle_item_grouping":"","bundle_min_size":"","bundle_max_size":"","bundle_price":[],"bundled_items":[],"bundle_sell_ids":[],"_links":{"self":[{"href":"https:\/\/www.gecleant.de\/es\/wp-json\/wp\/v2\/product\/59082","targetHints":{"allow":["GET"]}}],"collection":[{"href":"https:\/\/www.gecleant.de\/es\/wp-json\/wp\/v2\/product"}],"about":[{"href":"https:\/\/www.gecleant.de\/es\/wp-json\/wp\/v2\/types\/product"}],"replies":[{"embeddable":true,"href":"https:\/\/www.gecleant.de\/es\/wp-json\/wp\/v2\/comments?post=59082"}],"version-history":[{"count":0,"href":"https:\/\/www.gecleant.de\/es\/wp-json\/wp\/v2\/product\/59082\/revisions"}],"wp:featuredmedia":[{"embeddable":true,"href":"https:\/\/www.gecleant.de\/es\/wp-json\/wp\/v2\/media\/59031"}],"wp:attachment":[{"href":"https:\/\/www.gecleant.de\/es\/wp-json\/wp\/v2\/media?parent=59082"}],"wp:term":[{"taxonomy":"product_brand","embeddable":true,"href":"https:\/\/www.gecleant.de\/es\/wp-json\/wp\/v2\/product_brand?post=59082"},{"taxonomy":"product_cat","embeddable":true,"href":"https:\/\/www.gecleant.de\/es\/wp-json\/wp\/v2\/product_cat?post=59082"},{"taxonomy":"product_tag","embeddable":true,"href":"https:\/\/www.gecleant.de\/es\/wp-json\/wp\/v2\/product_tag?post=59082"}],"curies":[{"name":"wp","href":"https:\/\/api.w.org\/{rel}","templated":true}]}}