{"id":10061,"date":"2020-12-19T17:25:39","date_gmt":"2020-12-19T15:25:39","guid":{"rendered":"https:\/\/www.gecleant.de\/imprimer\/"},"modified":"2021-09-16T16:34:52","modified_gmt":"2021-09-16T14:34:52","slug":"imprimer","status":"publish","type":"page","link":"https:\/\/www.gecleant.de\/fr\/imprimer\/","title":{"rendered":"imprimer"},"content":{"rendered":"\t\t<div data-elementor-type=\"wp-page\" data-elementor-id=\"10061\" class=\"elementor elementor-10061 elementor-2457\" data-elementor-post-type=\"page\">\n\t\t\t\t\t\t<section class=\"elementor-section elementor-top-section elementor-element elementor-element-51756b9b elementor-section-boxed elementor-section-height-default elementor-section-height-default\" data-id=\"51756b9b\" data-element_type=\"section\" data-e-type=\"section\">\n\t\t\t\t\t\t<div class=\"elementor-container elementor-column-gap-default\">\n\t\t\t\t\t<div class=\"elementor-column elementor-col-100 elementor-top-column elementor-element elementor-element-6fb233c9\" data-id=\"6fb233c9\" data-element_type=\"column\" data-e-type=\"column\">\n\t\t\t<div class=\"elementor-widget-wrap elementor-element-populated\">\n\t\t\t\t\t\t<div class=\"elementor-element elementor-element-ae684c8 elementor-widget elementor-widget-text-editor\" data-id=\"ae684c8\" data-element_type=\"widget\" data-e-type=\"widget\" data-widget_type=\"text-editor.default\">\n\t\t\t\t<div class=\"elementor-widget-container\">\n\t\t\t\t\t\t\t\t\t<p><span><strong><span><span>imprimer<\/span><\/span><\/strong><\/span><\/p>\n<p><span>Identification du fournisseur l\u00e9gal:<\/span><\/p>\n<p><strong><span>Herr von Ryssel<br>\nInh. gecleant<br>\nIm Zipfel 5<br>\n04159 Leipzig<br>\nGERMANY<br>\nT\u00e9l\u00e9phone:<\/span> <\/strong><strong><strong>+49 341 46387532<\/strong><\/strong><\/p><p><strong><strong><\/strong>\nHoraires de t\u00e9l\u00e9phone: jeudi, samedi et dimanche de 10 h \u00e0 20 h<br>\n<\/strong><strong><span>E-mail:<\/span><\/strong><strong><span> support@gecleant.de<\/span><\/strong><strong><br>\n<span> Num\u00e9ro d&rsquo;identification fiscale: DE208155151<\/span><\/strong><\/p>\n<p><span><strong>Responsable du contenu selon \u00a7 55 RStV:<\/strong><br>\nHerr von Ryssel<br>\nInh. gecleant<br>\nIm Zipfel 5<br>\n04159 Leipzig<br>\nGERMANY<br>\n<\/span><\/p>\t\t\t\t\t\t\t\t<\/div>\n\t\t\t\t<\/div>\n\t\t\t\t\t<\/div>\n\t\t<\/div>\n\t\t\t\t\t<\/div>\n\t\t<\/section>\n\t\t\t\t<\/div>\n\t\t","protected":false},"excerpt":{"rendered":"<p>imprimer Identification du fournisseur l\u00e9gal: Herr von Ryssel Inh. gecleant Im Zipfel 5 04159 Leipzig GERMANY T\u00e9l\u00e9phone: +49 341 46387532 Horaires de t\u00e9l\u00e9phone: jeudi, samedi et dimanche de 10 h \u00e0 20 h E-mail: support@gecleant.de Num\u00e9ro d&rsquo;identification fiscale: DE208155151 Responsable du contenu selon \u00a7 55 RStV: Herr von Ryssel Inh. gecleant Im Zipfel 5 04159 [&hellip;]<\/p>\n","protected":false},"author":1,"featured_media":0,"parent":0,"menu_order":0,"comment_status":"closed","ping_status":"closed","template":"","meta":{"footnotes":""},"class_list":["post-10061","page","type-page","status-publish","hentry"],"_links":{"self":[{"href":"https:\/\/www.gecleant.de\/fr\/wp-json\/wp\/v2\/pages\/10061","targetHints":{"allow":["GET"]}}],"collection":[{"href":"https:\/\/www.gecleant.de\/fr\/wp-json\/wp\/v2\/pages"}],"about":[{"href":"https:\/\/www.gecleant.de\/fr\/wp-json\/wp\/v2\/types\/page"}],"author":[{"embeddable":true,"href":"https:\/\/www.gecleant.de\/fr\/wp-json\/wp\/v2\/users\/1"}],"replies":[{"embeddable":true,"href":"https:\/\/www.gecleant.de\/fr\/wp-json\/wp\/v2\/comments?post=10061"}],"version-history":[{"count":0,"href":"https:\/\/www.gecleant.de\/fr\/wp-json\/wp\/v2\/pages\/10061\/revisions"}],"wp:attachment":[{"href":"https:\/\/www.gecleant.de\/fr\/wp-json\/wp\/v2\/media?parent=10061"}],"curies":[{"name":"wp","href":"https:\/\/api.w.org\/{rel}","templated":true}]}}