{"id":65717,"date":"2023-01-31T10:35:49","date_gmt":"2023-01-31T09:35:49","guid":{"rendered":"https:\/\/www.gecleant.de\/authenticite-des-evaluations\/"},"modified":"2023-01-31T10:35:49","modified_gmt":"2023-01-31T09:35:49","slug":"authenticite-des-evaluations","status":"publish","type":"page","link":"https:\/\/www.gecleant.de\/fr\/authenticite-des-evaluations\/","title":{"rendered":"Authenticit\u00e9 des \u00e9valuations"},"content":{"rendered":"<p>Les \u00e9valuations en dessous de certains produits sont automatis\u00e9es par notre syst\u00e8me 30 jours apr\u00e8s le statut\/l&rsquo;\u00e9tat d&rsquo;exp\u00e9dition \u00ab\u00a0Termin\u00e9\u00a0\u00bb demand\u00e9 par les clients concern\u00e9s et sont volontaires.<\/p>\n<p>Comme nous proposons des bouchons en verre en kit avec colle et nettoyant, l&rsquo;\u00e9valuation peut ne concerner qu&rsquo;une partie de la vue actuelle, car en r\u00e8gle g\u00e9n\u00e9rale, seul le bouchon en verre est \u00e9valu\u00e9 et non le kit de colle. Cela signifie que sous le <a href=\"\/shop\/heckwischerabdeckung-glasstopfen\/audi-a1-s1-a3-s3-rs3-a4-s4-rs4-a6-s6-rs6-etron\/glasstopfen-fuer-audi-gs01\/\">kit de bouchons en verre pour Audi<\/a> se trouvent des \u00e9valuations des autres variantes qui existent pour Audi<a href=\"\/shop\/heckwischerabdeckung-glasstopfen\/glasstopfen-01\/\">(bouchons en verre 01<\/a> et <a href=\"\/shop\/heckwischerabdeckung-glasstopfen\/glasstopfen-02\/\">bouchons en verre 02<\/a>). De plus, les \u00e9valuations peuvent \u00eatre stock\u00e9es dans plusieurs langues, ce qui signifie que le m\u00eame article peut avoir des \u00e9valuations diff\u00e9rentes dans une autre langue.<\/p>\n<p>S&rsquo;il n&rsquo;y a pas d&rsquo;\u00e9valuation en dessous de l&rsquo;article, aucun de nos clients n&rsquo;a encore \u00e9t\u00e9 inscrit.<\/p>\n<p>Seuls les utilisateurs qui ont achet\u00e9 cet article sont autoris\u00e9s \u00e0 saisir une \u00e9valuation. Cela est syst\u00e9matiquement compar\u00e9 au compte de l&rsquo;utilisateur.<\/p>\n<p>Si tu as d&rsquo;autres <a href=\"\/deine-bewertung\/\">questions, n&rsquo;h\u00e9site pas \u00e0 consulter cette page pour savoir comment nous demandons les \u00e9valuations<\/a> et quels sont les \u00e9l\u00e9ments importants.<\/p>\n","protected":false},"excerpt":{"rendered":"<p>Les \u00e9valuations en dessous de certains produits sont automatis\u00e9es par notre syst\u00e8me 30 jours apr\u00e8s le statut\/l&rsquo;\u00e9tat d&rsquo;exp\u00e9dition \u00ab\u00a0Termin\u00e9\u00a0\u00bb demand\u00e9 par les clients concern\u00e9s et sont volontaires. Comme nous proposons des bouchons en verre en kit avec colle et nettoyant, l&rsquo;\u00e9valuation peut ne concerner qu&rsquo;une partie de la vue actuelle, car en r\u00e8gle g\u00e9n\u00e9rale, seul [&hellip;]<\/p>\n","protected":false},"author":1,"featured_media":0,"parent":0,"menu_order":0,"comment_status":"closed","ping_status":"closed","template":"","meta":{"footnotes":""},"class_list":["post-65717","page","type-page","status-publish","hentry"],"_links":{"self":[{"href":"https:\/\/www.gecleant.de\/fr\/wp-json\/wp\/v2\/pages\/65717","targetHints":{"allow":["GET"]}}],"collection":[{"href":"https:\/\/www.gecleant.de\/fr\/wp-json\/wp\/v2\/pages"}],"about":[{"href":"https:\/\/www.gecleant.de\/fr\/wp-json\/wp\/v2\/types\/page"}],"author":[{"embeddable":true,"href":"https:\/\/www.gecleant.de\/fr\/wp-json\/wp\/v2\/users\/1"}],"replies":[{"embeddable":true,"href":"https:\/\/www.gecleant.de\/fr\/wp-json\/wp\/v2\/comments?post=65717"}],"version-history":[{"count":0,"href":"https:\/\/www.gecleant.de\/fr\/wp-json\/wp\/v2\/pages\/65717\/revisions"}],"wp:attachment":[{"href":"https:\/\/www.gecleant.de\/fr\/wp-json\/wp\/v2\/media?parent=65717"}],"curies":[{"name":"wp","href":"https:\/\/api.w.org\/{rel}","templated":true}]}}