{"id":8350,"date":"2020-12-09T18:12:47","date_gmt":"2020-12-09T16:12:47","guid":{"rendered":"https:\/\/www.gecleant.de\/conditions\/"},"modified":"2022-05-18T10:31:42","modified_gmt":"2022-05-18T08:31:42","slug":"conditions","status":"publish","type":"page","link":"https:\/\/www.gecleant.de\/fr\/conditions\/","title":{"rendered":"Conditions"},"content":{"rendered":"\t\t<div data-elementor-type=\"wp-page\" data-elementor-id=\"8350\" class=\"elementor elementor-8350 elementor-2459\" data-elementor-post-type=\"page\">\n\t\t\t\t\t\t<section class=\"elementor-section elementor-top-section elementor-element elementor-element-371c7c5b elementor-section-boxed elementor-section-height-default elementor-section-height-default\" data-id=\"371c7c5b\" data-element_type=\"section\" data-e-type=\"section\">\n\t\t\t\t\t\t<div class=\"elementor-container elementor-column-gap-default\">\n\t\t\t\t\t<div class=\"elementor-column elementor-col-100 elementor-top-column elementor-element elementor-element-20c90e4c\" data-id=\"20c90e4c\" data-element_type=\"column\" data-e-type=\"column\">\n\t\t\t<div class=\"elementor-widget-wrap elementor-element-populated\">\n\t\t\t\t\t\t<div class=\"elementor-element elementor-element-6ba8a3c7 elementor-widget elementor-widget-text-editor\" data-id=\"6ba8a3c7\" data-element_type=\"widget\" data-e-type=\"widget\" data-widget_type=\"text-editor.default\">\n\t\t\t\t<div class=\"elementor-widget-container\">\n\t\t\t\t\t\t\t\t\t<p><span class=\"gecleant_Titel\"><strong>Conditions g\u00e9n\u00e9rales et informations clients<\/strong><\/span><\/p><p><span class=\"gecleant_Paragraph\"><strong>I. Conditions g\u00e9n\u00e9rales<\/strong><\/span><\/p><p><span class=\"gecleant_Paragraph\"><strong>\u00a7 1 Dispositions de base<\/strong><\/span><\/p><p><span class=\"gecleant_Absatz\"><strong>(1)<\/strong> Les conditions g\u00e9n\u00e9rales suivantes s&rsquo;appliquent aux contrats que vous concluez avec nous en tant que fournisseur<strong> (Stefan von Ryssel)<\/strong> fermer via le site www.gecleant.de. Sauf accord contraire, l&rsquo;inclusion de vos propres conditions qui peuvent avoir \u00e9t\u00e9 utilis\u00e9es par vous est contredite.<\/span><\/p><p><span class=\"gecleant_Absatz\"><strong>(2)<\/strong> Un consommateur au sens de la r\u00e9glementation suivante est toute personne physique qui conclut une transaction l\u00e9gale \u00e0 des fins qui ne peuvent principalement \u00eatre attribu\u00e9es ni \u00e0 son activit\u00e9 commerciale ni \u00e0 son activit\u00e9 professionnelle ind\u00e9pendante. L&rsquo;entrepreneur est toute personne physique ou morale ou soci\u00e9t\u00e9 en nom collectif qui, lors de la conclusion d&rsquo;une transaction l\u00e9gale, exerce son activit\u00e9 professionnelle ou commerciale ind\u00e9pendante.<\/span><\/p><p><span class=\"gecleant_Paragraph\"><strong>\u00a7 2 Conclusion du contrat<\/strong><\/span><\/p><p><span class=\"gecleant_Absatz\"><strong>(1)<\/strong> L&rsquo;objet du contrat est la vente de biens<\/span><span class=\"gecleant_Absatz\"> .<\/span><\/p><p><span class=\"gecleant_Absatz\"><strong>(2)<\/strong> D\u00e8s que le produit concern\u00e9 est affich\u00e9 sur notre site Web, nous soumettons une offre ferme pour conclure un contrat pour le syst\u00e8me de panier d&rsquo;achat en ligne dans les conditions sp\u00e9cifi\u00e9es dans la description de l&rsquo;article.<\/span><\/p><p><span class=\"gecleant_Absatz\"><strong>(3)<\/strong> Le contrat est conclu via le syst\u00e8me de panier d&rsquo;achat en ligne comme suit:<br>Les produits destin\u00e9s \u00e0 l&rsquo;achat sont plac\u00e9s dans le \u00abpanier\u00bb. Vous pouvez utiliser le bouton correspondant dans la barre de navigation pour appeler le \u00ab\u00a0panier\u00a0\u00bb et y apporter des modifications \u00e0 tout moment.<br>Apr\u00e8s avoir appel\u00e9 la page \u00abPaiement\u00bb et saisi vos donn\u00e9es personnelles ainsi que les conditions de paiement et d&rsquo;exp\u00e9dition, les donn\u00e9es de la commande seront alors affich\u00e9es comme un aper\u00e7u de la commande.<\/span><\/p><p><span class=\"gecleant_Absatz\">Si vous utilisez un syst\u00e8me de paiement instantan\u00e9 (par exemple PayPal \/ PayPal Express, Stripe, Sofort\u00fcberweisung) comme mode de paiement, vous serez soit dirig\u00e9 vers la page de pr\u00e9sentation de la commande dans notre boutique en ligne, soit redirig\u00e9 vers le site Web du fournisseur du syst\u00e8me de paiement instantan\u00e9.<br>Si vous \u00eates redirig\u00e9 vers le syst\u00e8me de paiement instantan\u00e9 respectif, effectuez la s\u00e9lection appropri\u00e9e ou saisissez-y vos donn\u00e9es. Enfin, les donn\u00e9es de commande s&rsquo;afficheront sous forme d&rsquo;aper\u00e7u de la commande sur le site Web du fournisseur du syst\u00e8me de paiement instantan\u00e9 ou apr\u00e8s avoir \u00e9t\u00e9 redirig\u00e9 vers notre boutique en ligne.<\/span><\/p><p><span class=\"gecleant_Absatz\">Avant de soumettre la commande, vous avez la possibilit\u00e9 de v\u00e9rifier \u00e0 nouveau les informations dans l&rsquo;aper\u00e7u des commandes, de les modifier (\u00e9galement via la fonction \u00abretour\u00bb du navigateur Internet) ou d&rsquo;annuler la commande. <\/span><br><span class=\"gecleant_Absatz\">En soumettant la commande \u00e0 l&rsquo;aide du bouton \u00abAcheter\u00bb, vous d\u00e9clarez votre acceptation juridiquement contraignante de l&rsquo;offre, par laquelle le contrat est conclu. <\/span><\/p><p><span class=\"gecleant_Absatz\"><strong>(4)<\/strong> Vos demandes pour pr\u00e9parer une offre sont sans engagement pour vous. Nous vous ferons une offre ferme sous forme de texte (par exemple par e-mail), que vous pouvez accepter dans les 5 jours (sauf si une p\u00e9riode diff\u00e9rente est sp\u00e9cifi\u00e9e dans l&rsquo;offre correspondante).<\/span><\/p><p><span class=\"gecleant_Absatz\"><strong>(5)<\/strong> Le traitement de la commande et la transmission de toutes les informations n\u00e9cessaires dans le cadre de la conclusion du contrat sont en partie automatis\u00e9s par e-mail. Vous devez donc vous assurer que l&rsquo;adresse e-mail que vous avez enregistr\u00e9e chez nous est correcte, que la r\u00e9ception des e-mails est techniquement assur\u00e9e et, en particulier, n&rsquo;est pas emp\u00each\u00e9e par les filtres anti-spam.<\/span><\/p><p><span class=\"gecleant_Paragraph\"><strong>\u00a7 3<\/strong><strong> Produits con\u00e7us individuellement<\/strong><\/span><\/p><p><strong><span class=\"gecleant_Absatz\">(1)  <\/span><\/strong><span class=\"gecleant_Absatz\">Vous nous fournissez les informations, textes ou fichiers appropri\u00e9s n\u00e9cessaires \u00e0 la conception individuelle de la marchandise via le syst\u00e8me de commande en ligne ou par e-mail au plus tard imm\u00e9diatement apr\u00e8s la conclusion du contrat. Nos \u00e9ventuelles sp\u00e9cifications sur les formats de fichiers doivent \u00eatre respect\u00e9es.<br><\/span><br><strong><span class=\"gecleant_Absatz\">(2)<\/span><\/strong><span class=\"gecleant_Absatz\"> Vous vous engagez \u00e0 ne transmettre aucune donn\u00e9e dont le contenu viole les droits de tiers (en particulier les droits d&rsquo;auteur, les droits de d\u00e9nomination, les droits de marque) ou viole les lois en vigueur. Vous nous indemnisez express\u00e9ment contre toutes les r\u00e9clamations de tiers invoqu\u00e9es dans ce contexte. Ceci s&rsquo;applique \u00e9galement aux frais de repr\u00e9sentation juridique requis dans ce contexte.<br><\/span><br><strong><span class=\"gecleant_Absatz\">(3)<\/span><\/strong><span class=\"gecleant_Absatz\"> Nous ne v\u00e9rifions pas l&rsquo;exactitude des donn\u00e9es transmises et, \u00e0 cet \u00e9gard, d\u00e9clinons toute responsabilit\u00e9 en cas d&rsquo;erreurs.<\/span><\/p><p><span class=\"gecleant_Paragraph\"><strong>\u00a7 4 Accords sp\u00e9ciaux sur les modes de paiement propos\u00e9s<\/strong><\/span><\/p><p><span class=\"gecleant_Absatz\"><strong>(1) Paiement via Stripe<\/strong><br>En collaboration avec <a href=\"https:\/\/stripe.com\" target=\"_blank\" rel=\"noopener noreferrer nofollow\">Stripe, Inc. 510 Townsend Street San Francisco, CA 94103, \u00c9tats-Unis)<\/a>, nous proposons les options de paiement suivantes. Le paiement s&rsquo;effectue aupr\u00e8s de Stripe: https:\/\/www.stripe.com<\/span><\/p><p><span class=\"gecleant_Absatz\"><strong>Virement bancaire instantan\u00e9:<\/strong> Disponible en Allemagne et en Autriche. Votre compte sera d\u00e9bit\u00e9 imm\u00e9diatement apr\u00e8s avoir pass\u00e9 votre commande.<\/span><\/p><p><span class=\"gecleant_Absatz\"><strong>(2) Pr\u00e9l\u00e8vement SEPA-Stripe (pr\u00e9l\u00e8vement de base et \/ ou entreprise)<\/strong><br>Lors du paiement par pr\u00e9l\u00e8vement SEPA core ou par pr\u00e9l\u00e8vement SEPA d&rsquo;entreprise, vous nous autorisez \u00e0 pr\u00e9lever le montant de la facture sur le compte sp\u00e9cifi\u00e9 en \u00e9mettant un mandat SEPA correspondant. <\/span><br><span class=\"gecleant_Absatz\">La domiciliation est encaiss\u00e9e dans les 10 jours suivant la conclusion du contrat.<\/span><br><span class=\"gecleant_Absatz\">Le d\u00e9lai de soumission de la pr\u00e9-notification est raccourci \u00e0 5 jours avant la date d&rsquo;\u00e9ch\u00e9ance. Vous \u00eates tenu de vous assurer que le compte dispose de suffisamment de fonds \u00e0 la date d&rsquo;\u00e9ch\u00e9ance. Dans le cas d&rsquo;un retour de d\u00e9bit d\u00fb \u00e0 votre faute, vous devez supporter les frais bancaires.<\/span><\/p><p><span class=\"gecleant_Absatz\">Pour plus d&rsquo;informations et les conditions d&rsquo;utilisation de Stripes, consultez<a href=\"https:\/\/stripe.com\/de\/legal\" target=\"_blank\" rel=\"noopener noreferrer nofollow\"> ici<\/a> . Veuillez contacter Stripe pour des informations g\u00e9n\u00e9rales<a href=\"https:\/\/stripe.com\/de\" target=\"_blank\" rel=\"noopener noreferrer nofollow\"> ici<\/a> . Vos informations personnelles seront trait\u00e9es par Stripe conform\u00e9ment aux r\u00e9glementations applicables en mati\u00e8re de protection des donn\u00e9es et comme sp\u00e9cifi\u00e9 dans<a href=\"https:\/\/stripe.com\/de\/legal\" target=\"_blank\" rel=\"noopener noreferrer nofollow\"> Politique de confidentialit\u00e9 de Stripes<\/a> trait\u00e9.<\/span><\/p><p><strong><span class=\"gecleant_Paragraph\">\u00a7 5 droit de r\u00e9tention<\/span><\/strong><strong><span class=\"gecleant_Paragraph\"> , R\u00e9serve de propri\u00e9t\u00e9<\/span><\/strong><\/p><p><span class=\"gecleant_Absatz\"><strong>(1)<\/strong> Vous ne pouvez exercer un droit de r\u00e9tention que s&rsquo;il concerne des cr\u00e9ances issues de la m\u00eame relation contractuelle.<\/span><\/p><p><span class=\"gecleant_Absatz\"><strong>(2)<\/strong> Les marchandises restent notre propri\u00e9t\u00e9 jusqu&rsquo;au paiement int\u00e9gral du prix d&rsquo;achat.<\/span><\/p><p><span class=\"gecleant_Absatz\"><strong>(3)<\/strong> Si vous \u00eates un entrepreneur, ce qui suit s&rsquo;applique \u00e9galement:<\/span><\/p><p>a) Nous nous r\u00e9servons la propri\u00e9t\u00e9 des marchandises jusqu&rsquo;\u00e0 ce que toutes les cr\u00e9ances de la relation commerciale actuelle aient \u00e9t\u00e9 r\u00e9gl\u00e9es int\u00e9gralement. Le nantissement ou le transfert de garantie n&rsquo;est pas autoris\u00e9 avant le transfert de propri\u00e9t\u00e9 des marchandises r\u00e9serv\u00e9es.<\/p><p>b) Vous pouvez revendre les marchandises dans le cours normal des affaires. Dans ce cas, vous nous c\u00e9dez toutes les cr\u00e9ances \u00e0 hauteur du montant de la facture qui vous reviennent \u00e0 la suite de la revente, nous acceptons la cession. Vous \u00eates en outre autoris\u00e9 \u00e0 recouvrer la r\u00e9clamation. Cependant, si vous ne remplissez pas correctement vos obligations de paiement, nous nous r\u00e9servons le droit de recouvrer nous-m\u00eames la cr\u00e9ance.<\/p><p>c) Lors de la combinaison et du m\u00e9lange des marchandises r\u00e9serv\u00e9es, nous acqu\u00e9rons la copropri\u00e9t\u00e9 du nouvel article dans le rapport de la valeur factur\u00e9e des marchandises r\u00e9serv\u00e9es aux autres articles trait\u00e9s au moment du traitement.<\/p><p>d) Nous nous engageons \u00e0 lib\u00e9rer les garanties auxquelles nous avons droit \u00e0 votre demande dans la mesure o\u00f9 la valeur de r\u00e9alisation de nos titres exc\u00e8de la cr\u00e9ance \u00e0 garantir de plus de 10%. La s\u00e9lection des titres \u00e0 lib\u00e9rer nous incombe.<\/p><p><strong><span class=\"gecleant_Paragraph\">\u00a7 6 Garantie<\/span><\/strong><\/p><p><span class=\"gecleant_Absatz\"><strong>(1)<\/strong> Les droits de garantie l\u00e9gaux s&rsquo;appliquent.<\/span><\/p><p><strong><span class=\"gecleant_Absatz\">(2)<\/span><\/strong><span class=\"gecleant_Absatz\"> En tant que consommateur, vous \u00eates invit\u00e9 \u00e0 v\u00e9rifier l&rsquo;exhaustivit\u00e9 de l&rsquo;article, les vices apparents et les dommages dus au transport d\u00e8s la livraison et \u00e0 nous informer ainsi que le transporteur de toute r\u00e9clamation dans les plus brefs d\u00e9lais. Si vous ne le faites pas, cela n&rsquo;a aucun effet sur vos demandes de garantie l\u00e9gale.<\/span><\/p><p><span class=\"gecleant_Absatz\"><strong>(3)<\/strong> Si vous \u00eates un entrepreneur, ce qui suit s&rsquo;applique en d\u00e9rogation aux r\u00e8gles de garantie ci-dessus:<\/span><\/p><p><strong>une)<\/strong> Seules nos propres informations et la description du produit du fabricant sont r\u00e9put\u00e9es \u00eatre accept\u00e9es comme qualit\u00e9 de l&rsquo;article, mais pas les autres publicit\u00e9s, promotions publiques et d\u00e9clarations du fabricant.<\/p><p><strong>b)<\/strong> En cas de d\u00e9fauts, nous garantissons, \u00e0 notre choix, la r\u00e9paration ou la livraison ult\u00e9rieure. Si l&rsquo;\u00e9limination du d\u00e9faut \u00e9choue, vous pouvez soit demander une r\u00e9duction de prix, soit r\u00e9silier le contrat. La rectification des d\u00e9fauts est r\u00e9put\u00e9e avoir \u00e9chou\u00e9 apr\u00e8s une seconde tentative infructueuse, sauf si autre chose r\u00e9sulte notamment de la nature de l&rsquo;article ou du d\u00e9faut ou des autres circonstances. En cas de reprise, nous n&rsquo;avons pas \u00e0 supporter les co\u00fbts suppl\u00e9mentaires r\u00e9sultant de l&rsquo;exp\u00e9dition des marchandises \u00e0 un endroit autre que le lieu d&rsquo;ex\u00e9cution, \u00e0 condition que l&rsquo;exp\u00e9dition ne corresponde pas \u00e0 l&rsquo;utilisation pr\u00e9vue des marchandises.<\/p><p><strong>c)<\/strong> La p\u00e9riode de garantie est d&rsquo;un an \u00e0 compter de la date de livraison. Le raccourcissement du d\u00e9lai ne s&rsquo;applique pas:<\/p><p><span class=\"gecleant_Absatz\">&#8211; des dommages caus\u00e9s de mani\u00e8re coupable qui nous sont imputables \u00e0 la vie, au corps ou \u00e0 la sant\u00e9 et \u00e0 d&rsquo;autres dommages caus\u00e9s intentionnellement ou par n\u00e9gligence grave;<\/span><br><span class=\"gecleant_Absatz\">&#8211; dans la mesure o\u00f9 nous avons frauduleusement dissimul\u00e9 le d\u00e9faut ou donn\u00e9 une garantie sur la qualit\u00e9 de l&rsquo;article;<\/span><br><span class=\"gecleant_Absatz\">&#8211; pour des choses qui ont \u00e9t\u00e9 utilis\u00e9es pour un b\u00e2timent conform\u00e9ment \u00e0 leur usage normal et qui ont caus\u00e9 sa d\u00e9fectuosit\u00e9;<\/span><br><span class=\"gecleant_Absatz\">&#8211; en cas de recours judiciaires que vous avez contre nous dans le cadre des droits de garantie.<\/span><\/p><p><strong><span class=\"gecleant_Paragraph\">\u00a7 7 choix de la loi<\/span><\/strong><\/p><p><span class=\"gecleant_Absatz\"><strong>(1)<\/strong> La loi allemande s&rsquo;applique. Pour les consommateurs, ce choix de loi ne s&rsquo;applique que dans la mesure o\u00f9 cela ne supprime pas la protection accord\u00e9e par les dispositions imp\u00e9ratives de la loi de l&rsquo;\u00c9tat dans lequel le consommateur a sa r\u00e9sidence habituelle (principe de favorabilit\u00e9).<\/span><\/p><p><span class=\"gecleant_Absatz\"><strong>(2)<\/strong> Les dispositions de la loi sur les ventes de l&rsquo;ONU ne s&rsquo;appliquent express\u00e9ment pas.<\/span><\/p><hr><p><span class=\"gecleant_Absatz\"><br><strong><span class=\"gecleant_Paragraph\">II. Informations client <\/span><\/strong><\/span><\/p><p><span class=\"gecleant_Paragraph\"><strong>1. Identit\u00e9 du vendeur<\/strong><\/span><\/p><p>Stefan von Ryssel<br>Im ZIpfel 5<br>04159 Leipzig<br>Allemagne<br>T\u00e9l\u00e9phone : +4934146387532<br>Courriel: info@gecleant.com<\/p><p><strong>R\u00e8glement extrajudiciaire des diff\u00e9rends:<\/strong><br>La Commission europ\u00e9enne fournit une plate-forme de r\u00e9solution extrajudiciaire des litiges en ligne (plate-forme OS), disponible sur<a href=\"https:\/\/ec.europa.eu\/odr\" target=\"_blank\" rel=\"noopener noreferrer nofollow\"> https:\/\/ec.europa.eu\/odr<\/a> .<\/p><p><strong><span class=\"gecleant_Paragraph\">2. Informations sur la formation du contrat<\/span><\/strong><\/p><p>Les \u00e9tapes techniques pour la conclusion du contrat, la conclusion du contrat lui-m\u00eame et les options de correction sont effectu\u00e9es conform\u00e9ment aux dispositions \u00abConclusion du contrat\u00bb de nos Conditions G\u00e9n\u00e9rales (Partie I.).<\/p><p><span class=\"gecleant_Paragraph\"><strong>3. Langue du contrat, stockage du texte du contrat<\/strong><\/span><\/p><p>3.1. La langue du contrat est l&rsquo;allemand.<\/p><p>3.2. Nous ne sauvegardons pas le texte int\u00e9gral du contrat. Avant d&rsquo;envoyer la commande via le syst\u00e8me de panier d&rsquo;achat en ligne, les donn\u00e9es du contrat peuvent \u00eatre imprim\u00e9es ou enregistr\u00e9es \u00e9lectroniquement \u00e0 l&rsquo;aide de la fonction d&rsquo;impression du navigateur. Apr\u00e8s r\u00e9ception de la commande, les donn\u00e9es de commande, les informations requises par la loi pour les contrats de vente \u00e0 distance et les conditions g\u00e9n\u00e9rales vous seront de nouveau envoy\u00e9es par courrier \u00e9lectronique.<\/p><p>3.3. Pour les demandes d&rsquo;offres en dehors du syst\u00e8me de panier d&rsquo;achat en ligne, vous recevrez toutes les donn\u00e9es du contrat dans le cadre d&rsquo;une offre ferme sous forme de texte, par exemple par e-mail, que vous pouvez imprimer ou enregistrer \u00e9lectroniquement.<\/p><p><strong><span class=\"gecleant_Paragraph\">4. Caract\u00e9ristiques essentielles du produit ou du service<\/span><\/strong><\/p><p>Les caract\u00e9ristiques essentielles des biens et \/ ou services se trouvent dans l&rsquo;offre respective.<\/p><p><strong><span class=\"gecleant_Paragraph\">5. Prix et modes de paiement<\/span><\/strong><\/p><p>5.1. Les prix indiqu\u00e9s dans les offres respectives ainsi que les frais d&rsquo;exp\u00e9dition repr\u00e9sentent les prix totaux. Ils contiennent tous les \u00e9l\u00e9ments de prix, y compris toutes les taxes applicables.<\/p><p>5.2. Les frais de port ne sont pas inclus dans le prix d&rsquo;achat. Ils peuvent \u00eatre appel\u00e9s via un bouton \u00e9tiquet\u00e9 correspondant sur notre site Web ou dans l&rsquo;offre respective, sont affich\u00e9s s\u00e9par\u00e9ment au cours du processus de commande et sont \u00e0 votre charge en plus, sauf si la livraison gratuite a \u00e9t\u00e9 promise.<\/p><p>5.3. Si la livraison est effectu\u00e9e vers des pays hors de l&rsquo;Union Europ\u00e9enne, nous pourrions subir des frais suppl\u00e9mentaires dont nous ne sommes pas responsables, tels que des droits de douane, des taxes ou des frais de transfert d&rsquo;argent (frais de transfert ou de change des \u00e9tablissements de cr\u00e9dit), que vous devez supporter.<\/p><p>5.4. Tous les frais encourus pour le transfert d&rsquo;argent (frais de transfert ou de taux de change des \u00e9tablissements de cr\u00e9dit) sont \u00e0 votre charge dans les cas o\u00f9 la livraison est effectu\u00e9e vers un \u00c9tat membre de l&rsquo;UE, mais le paiement a \u00e9t\u00e9 initi\u00e9 en dehors de l&rsquo;Union europ\u00e9enne.<\/p><p>5.5. Les m\u00e9thodes de paiement \u00e0 votre disposition sont indiqu\u00e9es sous un bouton \u00e9tiquet\u00e9 correspondant sur notre site Web ou dans l&rsquo;offre respective.<\/p><p>5.6. Sauf indication contraire pour les diff\u00e9rents modes de paiement, les demandes de paiement du contrat conclu doivent \u00eatre pay\u00e9es imm\u00e9diatement.<\/p><p><strong><span class=\"gecleant_Paragraph\">6. Conditions de livraison<\/span><\/strong><\/p><p>6.1. Les conditions de livraison, la date de livraison et les \u00e9ventuelles restrictions de livraison existantes se trouvent sous un bouton correspondant sur notre site Web ou dans l&rsquo;offre correspondante.<\/p><p>6.2. Dans la mesure o\u00f9 vous \u00eates un consommateur, il est r\u00e9glement\u00e9 par la loi que le risque de perte accidentelle et de d\u00e9t\u00e9rioration accidentelle des marchandises vendues lors de l&rsquo;exp\u00e9dition ne vous est transf\u00e9r\u00e9 que lors de la remise des marchandises, que l&rsquo;envoi soit assur\u00e9 ou non. Cela ne s&rsquo;applique pas si vous avez mandat\u00e9 de mani\u00e8re ind\u00e9pendante une soci\u00e9t\u00e9 de transport non nomm\u00e9e par l&rsquo;entrepreneur ou par une autre personne d\u00e9sign\u00e9e pour effectuer l&rsquo;exp\u00e9dition.<\/p><p>Si vous \u00eates un entrepreneur, la livraison et l&rsquo;exp\u00e9dition sont \u00e0 vos risques et p\u00e9rils.<\/p><p><strong><span class=\"gecleant_Paragraph\">7. Droits de garantie statutaires <\/span><\/strong><\/p><p>La responsabilit\u00e9 pour les d\u00e9fauts est bas\u00e9e sur la disposition \u00ab\u00a0Garantie\u00a0\u00bb de nos Conditions G\u00e9n\u00e9rales (Partie I).<\/p><p>Les pr\u00e9sentes conditions g\u00e9n\u00e9rales et les informations clients ont \u00e9t\u00e9 cr\u00e9\u00e9es par les avocats du H\u00e4ndlerbund sp\u00e9cialis\u00e9s en droit informatique et sont constamment contr\u00f4l\u00e9es pour leur conformit\u00e9 l\u00e9gale. La H\u00e4ndlerbund Management AG garantit la s\u00e9curit\u00e9 juridique des textes et est responsable en cas d&rsquo;avertissement.<\/p><p>derni\u00e8re mise \u00e0 jour&nbsp;: 18.05.2022<\/p>\t\t\t\t\t\t\t\t<\/div>\n\t\t\t\t<\/div>\n\t\t\t\t\t<\/div>\n\t\t<\/div>\n\t\t\t\t\t<\/div>\n\t\t<\/section>\n\t\t\t\t<\/div>\n\t\t","protected":false},"excerpt":{"rendered":"<p>Conditions g\u00e9n\u00e9rales et informations clients I. Conditions g\u00e9n\u00e9rales \u00a7 1 Dispositions de base (1) Les conditions g\u00e9n\u00e9rales suivantes s&rsquo;appliquent aux contrats que vous concluez avec nous en tant que fournisseur (Stefan von Ryssel) fermer via le site www.gecleant.de. Sauf accord contraire, l&rsquo;inclusion de vos propres conditions qui peuvent avoir \u00e9t\u00e9 utilis\u00e9es par vous est contredite. [&hellip;]<\/p>\n","protected":false},"author":1,"featured_media":0,"parent":0,"menu_order":0,"comment_status":"closed","ping_status":"closed","template":"","meta":{"footnotes":""},"class_list":["post-8350","page","type-page","status-publish","hentry"],"_links":{"self":[{"href":"https:\/\/www.gecleant.de\/fr\/wp-json\/wp\/v2\/pages\/8350","targetHints":{"allow":["GET"]}}],"collection":[{"href":"https:\/\/www.gecleant.de\/fr\/wp-json\/wp\/v2\/pages"}],"about":[{"href":"https:\/\/www.gecleant.de\/fr\/wp-json\/wp\/v2\/types\/page"}],"author":[{"embeddable":true,"href":"https:\/\/www.gecleant.de\/fr\/wp-json\/wp\/v2\/users\/1"}],"replies":[{"embeddable":true,"href":"https:\/\/www.gecleant.de\/fr\/wp-json\/wp\/v2\/comments?post=8350"}],"version-history":[{"count":0,"href":"https:\/\/www.gecleant.de\/fr\/wp-json\/wp\/v2\/pages\/8350\/revisions"}],"wp:attachment":[{"href":"https:\/\/www.gecleant.de\/fr\/wp-json\/wp\/v2\/media?parent=8350"}],"curies":[{"name":"wp","href":"https:\/\/api.w.org\/{rel}","templated":true}]}}