{"id":8497,"date":"2020-12-09T19:01:54","date_gmt":"2020-12-09T17:01:54","guid":{"rendered":"https:\/\/www.gecleant.de\/droit-de-retractation\/"},"modified":"2020-12-19T16:57:53","modified_gmt":"2020-12-19T14:57:53","slug":"droit-de-retractation","status":"publish","type":"page","link":"https:\/\/www.gecleant.de\/fr\/droit-de-retractation\/","title":{"rendered":"Droit de r\u00e9tractation"},"content":{"rendered":"\t\t<div data-elementor-type=\"wp-page\" data-elementor-id=\"8497\" class=\"elementor elementor-8497 elementor-2461\" data-elementor-post-type=\"page\">\n\t\t\t\t\t\t<section class=\"elementor-section elementor-top-section elementor-element elementor-element-66e7b034 elementor-section-boxed elementor-section-height-default elementor-section-height-default\" data-id=\"66e7b034\" data-element_type=\"section\" data-e-type=\"section\" id=\"topofpage\">\n\t\t\t\t\t\t<div class=\"elementor-container elementor-column-gap-default\">\n\t\t\t\t\t<div class=\"elementor-column elementor-col-100 elementor-top-column elementor-element elementor-element-592c28bb\" data-id=\"592c28bb\" data-element_type=\"column\" data-e-type=\"column\">\n\t\t\t<div class=\"elementor-widget-wrap elementor-element-populated\">\n\t\t\t\t\t\t<div class=\"elementor-element elementor-element-13618478 elementor-widget elementor-widget-text-editor\" data-id=\"13618478\" data-element_type=\"widget\" data-e-type=\"widget\" data-widget_type=\"text-editor.default\">\n\t\t\t\t<div class=\"elementor-widget-container\">\n\t\t\t\t\t\t\t\t\t<p><span class=\"gecleant_Titel\">Droit de r\u00e9tractation <\/span><br \/><span class=\"gecleant_Absatz\">(Un consommateur est toute personne physique qui conclut une transaction l\u00e9gale \u00e0 des fins qui ne sont principalement ni commerciales ni son activit\u00e9 professionnelle ind\u00e9pendante.)<\/span><\/p>\n<p><span class=\"gecleant_Paragraph\"><strong>Droit de r\u00e9tractation<\/strong><\/span><span class=\"gecleant_Absatz\"><strong> &amp; Droit de r\u00e9tractation<\/strong><\/span><span class=\"gecleant_Absatz\"><br \/><\/span><\/p>\n<p><span class=\"gecleant_Absatz\">Vous avez le droit de r\u00e9silier ce contrat dans un d\u00e9lai d&rsquo;un mois sans donner de raison.<\/span><\/p>\n<p><span class=\"gecleant_Absatz\">Le d\u00e9lai d&rsquo;attente est d&rsquo;un mois \u00e0 compter du jour<\/span> ,<\/p>\n<ul>\n<li><span class=\"gecleant_Absatz\">sur lequel vous ou un tiers d\u00e9sign\u00e9 par vous, qui n&rsquo;est pas le transporteur, avez ou a pris possession des marchandises, \u00e0 condition que vous ayez command\u00e9 une ou plusieurs marchandises dans le cadre d&rsquo;une commande uniforme et qu&rsquo;elles soient ou seront livr\u00e9es uniform\u00e9ment<\/span><\/li>\n<li><span class=\"gecleant_Absatz\">sur lequel vous ou un tiers d\u00e9sign\u00e9 par vous, qui n&rsquo;est pas le transporteur, avez pris possession des derni\u00e8res marchandises, \u00e0 condition que vous ayez command\u00e9 plusieurs marchandises dans le cadre d&rsquo;une seule commande et que celles-ci soient livr\u00e9es s\u00e9par\u00e9ment<\/span><\/li>\n<li><span class=\"gecleant_Absatz\">sur lequel vous ou un tiers d\u00e9sign\u00e9 par vous, qui n&rsquo;est pas le transporteur, avez ou avez pris possession du dernier envoi partiel ou du dernier article, \u00e0 condition que vous ayez command\u00e9 des marchandises qui sont livr\u00e9es en plusieurs envois partiels ou pi\u00e8ces<\/span><\/li>\n<\/ul>\n<p><span class=\"gecleant_Absatz\">Pour exercer votre droit de r\u00e9tractation, vous devez nous contacter<strong> (Stefan von Ryssel, Im Zipfel 5, 04159 Leipzig, num\u00e9ro de t\u00e9l\u00e9phone: 034142579327, adresse e-mail: info@gecleant.de)<\/strong> au moyen d&rsquo;une d\u00e9claration claire (par exemple une lettre envoy\u00e9e par courrier ou par e-mail) de votre d\u00e9cision de r\u00e9silier le pr\u00e9sent contrat. Vous pouvez utiliser le mod\u00e8le de formulaire de r\u00e9tractation ci-joint \u00e0 cet effet, mais ce n&rsquo;est pas obligatoire.<\/span><\/p>\n<p><span class=\"gecleant_Absatz\">Vous pouvez \u00e9galement remplir et soumettre \u00e9lectroniquement le mod\u00e8le de formulaire de r\u00e9tractation ou une autre d\u00e9claration claire sur notre site Web (www.gecleant.de). Si vous utilisez cette option, nous vous enverrons imm\u00e9diatement une confirmation de r\u00e9ception d&rsquo;une telle r\u00e9vocation (par exemple par e-mail).<\/span><\/p>\n<p><span class=\"gecleant_Absatz\">Pour respecter le d\u00e9lai de r\u00e9tractation, il vous suffit d&rsquo;envoyer votre notification d&rsquo;exercice de votre droit de r\u00e9tractation avant l&rsquo;expiration du d\u00e9lai de r\u00e9tractation.<\/span><\/p>\n<p><span class=\"gecleant_Absatz\"><strong>Cons\u00e9quences du retrait<\/strong><\/span><\/p>\n<p>Si vous vous retirez de ce contrat, nous vous aurons remis tous les paiements que nous avons re\u00e7us de votre part, y compris les frais de livraison (\u00e0 l&rsquo;exception des frais suppl\u00e9mentaires r\u00e9sultant du choix d&rsquo;un autre type de livraison que la livraison standard la moins ch\u00e8re que nous proposons. have), \u00e0 rembourser imm\u00e9diatement et au plus tard dans les 14 jours \u00e0 compter de la date \u00e0 laquelle nous avons re\u00e7u notification de votre annulation du pr\u00e9sent contrat. Pour ce remboursement, nous utiliserons le m\u00eame moyen de paiement que celui que vous avez utilis\u00e9 pour la transaction initiale, \u00e0 moins que quelque chose d&rsquo;autre n&rsquo;ait \u00e9t\u00e9 express\u00e9ment convenu avec vous; En aucun cas, des frais ne vous seront factur\u00e9s pour ce remboursement.<\/p>\n<p><span class=\"gecleant_Absatz\">Nous pouvons refuser le remboursement jusqu&rsquo;\u00e0 ce que nous ayons re\u00e7u les marchandises ou jusqu&rsquo;\u00e0 ce que vous ayez fourni la preuve que vous avez renvoy\u00e9 les marchandises, selon la premi\u00e8re \u00e9ventualit\u00e9.<\/span><\/p>\n<p><span class=\"gecleant_Absatz\">Vous nous avez les marchandises imm\u00e9diatement et dans tous les cas au plus tard 14 jours \u00e0 compter de la date \u00e0 laquelle vous nous avez inform\u00e9s de la r\u00e9siliation du pr\u00e9sent contrat <\/span><span class=\"gecleant_Absatz\">\u00e0 retourner ou \u00e0 remettre. Le d\u00e9lai est respect\u00e9 si vous envoyez la marchandise avant l&rsquo;expiration du d\u00e9lai de 14 jours.<\/span><\/p>\n<p><span class=\"gecleant_Absatz\">Vous supportez les frais directs de retour des marchandises.<\/span><\/p>\n<p><span class=\"gecleant_Absatz\">Vous ne devez payer pour toute perte de valeur de la marchandise que si cette perte de valeur est due \u00e0 une manutention de la marchandise qui n&rsquo;est pas n\u00e9cessaire pour v\u00e9rifier la nature, les propri\u00e9t\u00e9s et la fonctionnalit\u00e9 de la marchandise.<\/span><\/p>\n<p><span class=\"gecleant_Absatz\"><strong>Raisons d&rsquo;exclusion ou d&rsquo;expiration<\/strong><\/span><\/p>\n<p>Le droit de r\u00e9tractation ne s&rsquo;applique pas aux contrats<\/p>\n<p><span class=\"gecleant_Absatz\">&#8211; pour la livraison de biens qui ne sont pas pr\u00e9fabriqu\u00e9s et pour la production desquels une s\u00e9lection individuelle ou une d\u00e9termination par le consommateur est d\u00e9terminante ou qui sont clairement adapt\u00e9s aux besoins personnels du consommateur;<\/span><br \/><span class=\"gecleant_Absatz\">&#8211; pour la livraison de marchandises susceptibles de s&rsquo;ab\u00eemer rapidement ou dont la date d&rsquo;expiration serait rapidement d\u00e9pass\u00e9e;<\/span><br \/><span class=\"gecleant_Absatz\">&#8211; pour la livraison de boissons alcoolis\u00e9es, dont le prix a \u00e9t\u00e9 convenu lors de la conclusion du contrat, mais qui peuvent \u00eatre livr\u00e9es au plus t\u00f4t 30 jours apr\u00e8s la conclusion du contrat et dont la valeur actuelle d\u00e9pend des fluctuations du march\u00e9 sur lesquelles l&rsquo;entrepreneur n&rsquo;a aucune influence<\/span><br \/><span class=\"gecleant_Absatz\">&#8211; pour la livraison de journaux, magazines ou magazines \u00e0 l&rsquo;exception des contrats d&rsquo;abonnement.<\/span><\/p>\n<p><span class=\"gecleant_Absatz\">Le droit de r\u00e9tractation expire pr\u00e9matur\u00e9ment dans le cas de contrats<\/span><\/p>\n<p><span class=\"gecleant_Absatz\">&#8211; pour la livraison de marchandises scell\u00e9es qui ne sont pas aptes au retour pour des raisons de protection de la sant\u00e9 ou d&rsquo;hygi\u00e8ne si leur sceau a \u00e9t\u00e9 retir\u00e9 apr\u00e8s la livraison;<\/span><br \/><span class=\"gecleant_Absatz\">&#8211; pour la livraison de marchandises si elles ont \u00e9t\u00e9 m\u00e9lang\u00e9es de mani\u00e8re indissociable avec d&rsquo;autres marchandises apr\u00e8s la livraison en raison de leur nature;<\/span><br \/><span class=\"gecleant_Absatz\">&#8211; pour la livraison d&rsquo;enregistrements audio ou vid\u00e9o ou de logiciels informatiques dans un emballage scell\u00e9, si le sceau a \u00e9t\u00e9 retir\u00e9 apr\u00e8s la livraison.<\/span><\/p>\n<hr>\n<p><span class=\"gecleant_Absatz\"><br \/><strong>Mod\u00e8le de formulaire de r\u00e9tractation<\/strong><\/span><\/p>\n<p>Si vous souhaitez annuler le contrat, veuillez envoyer un e-mail (\u00e9galement une lettre) avec le contenu suivant:<\/p>\n<p>(\u00e0 Stefan von Ryssel, Im Zipfel 5, 04159 Leipzig, adresse e-mail: info@gecleant.de)<\/p>\n<ul>\n<li>Je \/ nous (*) annulons par la pr\u00e9sente le contrat conclu par moi \/ nous (*) pour l&rsquo;achat des biens suivants (*)<\/li>\n<li>Num\u00e9ro de commande (*)<\/li>\n<li>Command\u00e9 le (*) \/ re\u00e7u le (*)<\/li>\n<li>Nom du (des) consommateur (s)<\/li>\n<li>Adresse du (des) consommateur (s)<\/li>\n<li>Signature du (des) consommateur (s) (uniquement si notifi\u00e9 sur papier)<\/li>\n<li>Date<\/li>\n<\/ul>\n<p>(*) Veuillez remplir.<\/p>\n\t\t\t\t\t\t\t\t<\/div>\n\t\t\t\t<\/div>\n\t\t\t\t\t<\/div>\n\t\t<\/div>\n\t\t\t\t\t<\/div>\n\t\t<\/section>\n\t\t\t\t<\/div>\n\t\t","protected":false},"excerpt":{"rendered":"<p>Droit de r\u00e9tractation (Un consommateur est toute personne physique qui conclut une transaction l\u00e9gale \u00e0 des fins qui ne sont principalement ni commerciales ni son activit\u00e9 professionnelle ind\u00e9pendante.) Droit de r\u00e9tractation &amp; Droit de r\u00e9tractation Vous avez le droit de r\u00e9silier ce contrat dans un d\u00e9lai d&rsquo;un mois sans donner de raison. Le d\u00e9lai d&rsquo;attente [&hellip;]<\/p>\n","protected":false},"author":1,"featured_media":0,"parent":0,"menu_order":0,"comment_status":"closed","ping_status":"closed","template":"","meta":{"footnotes":""},"class_list":["post-8497","page","type-page","status-publish","hentry"],"_links":{"self":[{"href":"https:\/\/www.gecleant.de\/fr\/wp-json\/wp\/v2\/pages\/8497","targetHints":{"allow":["GET"]}}],"collection":[{"href":"https:\/\/www.gecleant.de\/fr\/wp-json\/wp\/v2\/pages"}],"about":[{"href":"https:\/\/www.gecleant.de\/fr\/wp-json\/wp\/v2\/types\/page"}],"author":[{"embeddable":true,"href":"https:\/\/www.gecleant.de\/fr\/wp-json\/wp\/v2\/users\/1"}],"replies":[{"embeddable":true,"href":"https:\/\/www.gecleant.de\/fr\/wp-json\/wp\/v2\/comments?post=8497"}],"version-history":[{"count":0,"href":"https:\/\/www.gecleant.de\/fr\/wp-json\/wp\/v2\/pages\/8497\/revisions"}],"wp:attachment":[{"href":"https:\/\/www.gecleant.de\/fr\/wp-json\/wp\/v2\/media?parent=8497"}],"curies":[{"name":"wp","href":"https:\/\/api.w.org\/{rel}","templated":true}]}}