{"id":9870,"date":"2020-12-19T17:00:25","date_gmt":"2020-12-19T15:00:25","guid":{"rendered":"https:\/\/www.gecleant.de\/options-de-paiement\/"},"modified":"2020-12-19T17:00:27","modified_gmt":"2020-12-19T15:00:27","slug":"options-de-paiement","status":"publish","type":"page","link":"https:\/\/www.gecleant.de\/fr\/options-de-paiement\/","title":{"rendered":"m\u00e9thodes de payement"},"content":{"rendered":"\t\t<div data-elementor-type=\"wp-page\" data-elementor-id=\"9870\" class=\"elementor elementor-9870 elementor-2465\" data-elementor-post-type=\"page\">\n\t\t\t\t\t\t<section class=\"elementor-section elementor-top-section elementor-element elementor-element-6f16c0de elementor-section-boxed elementor-section-height-default elementor-section-height-default\" data-id=\"6f16c0de\" data-element_type=\"section\" data-e-type=\"section\">\n\t\t\t\t\t\t<div class=\"elementor-container elementor-column-gap-default\">\n\t\t\t\t\t<div class=\"elementor-column elementor-col-100 elementor-top-column elementor-element elementor-element-31fa7673\" data-id=\"31fa7673\" data-element_type=\"column\" data-e-type=\"column\">\n\t\t\t<div class=\"elementor-widget-wrap elementor-element-populated\">\n\t\t\t\t\t\t<div class=\"elementor-element elementor-element-928f931 elementor-widget elementor-widget-text-editor\" data-id=\"928f931\" data-element_type=\"widget\" data-e-type=\"widget\" data-widget_type=\"text-editor.default\">\n\t\t\t\t<div class=\"elementor-widget-container\">\n\t\t\t\t\t\t\t\t\t<p><div class=\"woocommerce woocommerce-gzd\">\n\t<ul class=\"payment_methods methods\">\n\t\t\t\t\t<li class=\"payment_method_stripe\">\n\t\t\t\t<label>Carte de cr\u00e9dit (Stripe)<img decoding=\"async\" src=\"https:\/\/www.gecleant.de\/wp-content\/plugins\/woocommerce-gateway-stripe\/assets\/images\/cards.svg\" class=\"stripe-cards-icon stripe-icon\" alt=\"Carte de cr\u00e9dit\/d\u00e9bit\" \/><\/label>\n\t\t\t\t\t\t\t\t\t<div class=\"payment_box payment_method_stripe\">\n\t\t\t\t\t\t<p>Per Kreditkarte oder Apple Pay\/Google Pay mittels Stripe bezahlen.<\/p>\n\t\t\t\t\t<\/div>\n\t\t\t\t\t\t\t<\/li>\n\t\t\t\t\t<li class=\"payment_method_stripe_link\">\n\t\t\t\t<label>Link<\/label>\n\t\t\t\t\t\t\t\t\t<div class=\"payment_box payment_method_stripe_link\">\n\t\t\t\t\t\t<p><\/p>\n\t\t\t\t\t<\/div>\n\t\t\t\t\t\t\t<\/li>\n\t\t\t\t\t<li class=\"payment_method_nmmpro_gateway\">\n\t\t\t\t<label>Pay with Bitcoin (BTC)<\/label>\n\t\t\t\t\t\t\t\t\t<div class=\"payment_box payment_method_nmmpro_gateway\">\n\t\t\t\t\t\t<p><\/p>\n\t\t\t\t\t<\/div>\n\t\t\t\t\t\t\t<\/li>\n\t\t\t\t\t<li class=\"payment_method_bacs\">\n\t\t\t\t<label>Virement bancaire direct<\/label>\n\t\t\t\t\t\t\t\t\t<div class=\"payment_box payment_method_bacs\">\n\t\t\t\t\t\t<p>Virement directement sur notre compte bancaire. Veuillez utiliser le num\u00e9ro de commande comme r\u00e9f\u00e9rence. Votre commande ne sera exp\u00e9di\u00e9e qu&rsquo;apr\u00e8s que votre argent aura \u00e9t\u00e9 cr\u00e9dit\u00e9 sur notre compte.<\/p>\n\t\t\t\t\t<\/div>\n\t\t\t\t\t\t\t<\/li>\n\t\t\t<\/ul>\n<\/div><\/p>\n<p><strong><span class=\"gecleant_Absatz\">Plus de d\u00e9tails sur le paiement<\/span><\/strong><\/p>\n<p><span class=\"gecleant_Absatz\">Lors du paiement par pr\u00e9l\u00e8vement SEPA core ou par pr\u00e9l\u00e8vement SEPA d&rsquo;entreprise, vous nous autorisez \u00e0 pr\u00e9lever le montant de la facture sur le compte sp\u00e9cifi\u00e9 en \u00e9mettant un mandat SEPA correspondant. Vous recevrez une pr\u00e9-notification au moins 5 jours avant la date du pr\u00e9l\u00e8vement. Veuillez noter que vous \u00eates oblig\u00e9 de vous assurer que votre compte dispose de suffisamment de fonds \u00e0 la date annonc\u00e9e.<\/span><\/p>\n<p><span class=\"gecleant_Absatz\">Si vous payez par carte de cr\u00e9dit, votre compte de carte de cr\u00e9dit sera d\u00e9bit\u00e9 lors de la conclusion du contrat.<\/span><\/p>\n<p><span class=\"gecleant_Absatz\">Si vous avez des questions, vous pouvez trouver nos coordonn\u00e9es dans<a href=\"https:\/\/www.gecleant.de\/impressum\/\"> imprimer<\/a> .<\/span><\/p>\n\t\t\t\t\t\t\t\t<\/div>\n\t\t\t\t<\/div>\n\t\t\t\t\t<\/div>\n\t\t<\/div>\n\t\t\t\t\t<\/div>\n\t\t<\/section>\n\t\t\t\t<\/div>\n\t\t","protected":false},"excerpt":{"rendered":"<p>Plus de d\u00e9tails sur le paiement Lors du paiement par pr\u00e9l\u00e8vement SEPA core ou par pr\u00e9l\u00e8vement SEPA d&rsquo;entreprise, vous nous autorisez \u00e0 pr\u00e9lever le montant de la facture sur le compte sp\u00e9cifi\u00e9 en \u00e9mettant un mandat SEPA correspondant. Vous recevrez une pr\u00e9-notification au moins 5 jours avant la date du pr\u00e9l\u00e8vement. Veuillez noter que vous [&hellip;]<\/p>\n","protected":false},"author":1,"featured_media":0,"parent":0,"menu_order":0,"comment_status":"closed","ping_status":"closed","template":"","meta":{"footnotes":""},"class_list":["post-9870","page","type-page","status-publish","hentry"],"_links":{"self":[{"href":"https:\/\/www.gecleant.de\/fr\/wp-json\/wp\/v2\/pages\/9870","targetHints":{"allow":["GET"]}}],"collection":[{"href":"https:\/\/www.gecleant.de\/fr\/wp-json\/wp\/v2\/pages"}],"about":[{"href":"https:\/\/www.gecleant.de\/fr\/wp-json\/wp\/v2\/types\/page"}],"author":[{"embeddable":true,"href":"https:\/\/www.gecleant.de\/fr\/wp-json\/wp\/v2\/users\/1"}],"replies":[{"embeddable":true,"href":"https:\/\/www.gecleant.de\/fr\/wp-json\/wp\/v2\/comments?post=9870"}],"version-history":[{"count":0,"href":"https:\/\/www.gecleant.de\/fr\/wp-json\/wp\/v2\/pages\/9870\/revisions"}],"wp:attachment":[{"href":"https:\/\/www.gecleant.de\/fr\/wp-json\/wp\/v2\/media?parent=9870"}],"curies":[{"name":"wp","href":"https:\/\/api.w.org\/{rel}","templated":true}]}}