{"id":49270,"date":"2021-02-18T15:22:44","date_gmt":"2021-02-18T14:22:44","guid":{"rendered":"https:\/\/www.gecleant.de\/shop\/non%20class\u00e9\/bouchons-en-verre-sur-mesure\/"},"modified":"2022-05-10T09:56:38","modified_gmt":"2022-05-10T07:56:38","slug":"bouchon-en-verre-sur-mesure","status":"publish","type":"product","link":"https:\/\/www.gecleant.de\/fr\/shop\/couvercle-du-trou-d-essuie-glace-arriere-en-verre\/bouchon-en-verre-sur-mesure\/","title":{"rendered":"Bouchons en verre sur mesure"},"content":{"rendered":"","protected":false},"excerpt":{"rendered":"<p><span style=\"color: #ffffff;\">OUI, nous pouvons vous fournir une prise adapt\u00e9e \u00e0 votre v\u00e9hicule, mais nous n&rsquo;avons pas encore les dimensions n\u00e9cessaires ou n&rsquo;avons pas encore pu les v\u00e9rifier suffisamment.<\/span><\/p>\n<h3><span style=\"color: #ffffff;\">Comment v\u00e9rifions-nous l&rsquo;ajustement de nos produits?<\/span><\/h3>\n<p><span style=\"color: #ffffff;\">Nous effectuons des mesures num\u00e9riques sur plusieurs hayons du type de v\u00e9hicule concern\u00e9 puis d\u00e9terminons le diam\u00e8tre moyen du trou d&rsquo;essuie-glace (vertical et horizontal). L&rsquo;\u00e9paisseur de la tranche varie \u00e9galement l\u00e9g\u00e8rement. Nous testons toutes les valeurs avec des clients de r\u00e9f\u00e9rence et si le retour est toujours positif, le bouchon du trou d&rsquo;essuie-glace est int\u00e9gr\u00e9 dans notre boutique en tant que produit.<\/span><\/p>\n<h3><span style=\"color: #ffffff;\">Que faire si votre voiture n&rsquo;est pas r\u00e9pertori\u00e9e<\/span><\/h3>\n<p><span style=\"color: #ffffff;\">Puisque nous sommes une manufacture avec notre propre production, nous pouvons<strong> Bouchon en verre de<\/strong><strong> 20 \u00e0 40 mm<\/strong> fait sur mesure pour les trous d&rsquo;essuie-glace arri\u00e8re. Ce dont nous avons besoin pour cela, c&rsquo;est la taille du trou d&rsquo;essuie-glace.<\/span><\/p>\n<p><span style=\"color: #ffffff;\">Ici, vous pouvez commander un produit sur mesure en sp\u00e9cifiant vous-m\u00eame le diam\u00e8tre r\u00e9el de votre trou. Veuillez mesurer horizontalement et verticalement et le<strong> le plus petit<\/strong> Entrez la valeur! Nous soustrayons ensuite 0,3 &#8211; 0,6 mm de cette dimension (cela varie un peu selon la production) puis vous livrons un bouchon de trou d&rsquo;essuie-glace correspondant selon vos souhaits.<\/span><\/p>\n<h3><span style=\"color: #ffffff;\">Exemple<\/span><\/h3>\n<ol>\n<li><span style=\"color: #ffffff;\">Tu<strong> mesures sur votre voiture<\/strong> 23,58 mm verticalement et 23,13 mm horizontalement avec un pied \u00e0 coulisse num\u00e9rique.<\/span><\/li>\n<li><span style=\"color: #ffffff;\">Ici, vous choisissez 23 mm comme taille sur mesure.<\/span><\/li>\n<li><span style=\"color: #ffffff;\">Nous fabriquons votre bouchon avec 22,4 &#8211; 22,7 mm.<\/span><\/li>\n<\/ol>\n<p><span style=\"color: #ffffff;\"><strong>Le diam\u00e8tre de votre trou d&rsquo;essuie-glace mesur\u00e9 (en mm) est:<\/strong><\/span><\/p>\n","protected":false},"featured_media":11911,"comment_status":"open","ping_status":"closed","template":"","meta":[],"product_brand":[],"product_cat":[1271],"product_tag":[],"class_list":{"0":"post-49270","1":"product","2":"type-product","3":"status-publish","4":"has-post-thumbnail","6":"product_cat-couvercle-du-trou-d-essuie-glace-arriere-en-verre","8":"first","9":"instock","10":"taxable","11":"shipping-taxable","12":"purchasable","13":"product-type-variable","14":"has-default-attributes"},"bundled_by":[],"bundle_stock_status":"instock","bundle_stock_quantity":null,"bundle_virtual":false,"bundle_layout":"","bundle_add_to_cart_form_location":"","bundle_editable_in_cart":false,"bundle_sold_individually_context":"","bundle_item_grouping":"","bundle_min_size":"","bundle_max_size":"","bundle_price":[],"bundled_items":[],"bundle_sell_ids":[],"_links":{"self":[{"href":"https:\/\/www.gecleant.de\/fr\/wp-json\/wp\/v2\/product\/49270","targetHints":{"allow":["GET"]}}],"collection":[{"href":"https:\/\/www.gecleant.de\/fr\/wp-json\/wp\/v2\/product"}],"about":[{"href":"https:\/\/www.gecleant.de\/fr\/wp-json\/wp\/v2\/types\/product"}],"replies":[{"embeddable":true,"href":"https:\/\/www.gecleant.de\/fr\/wp-json\/wp\/v2\/comments?post=49270"}],"version-history":[{"count":0,"href":"https:\/\/www.gecleant.de\/fr\/wp-json\/wp\/v2\/product\/49270\/revisions"}],"wp:featuredmedia":[{"embeddable":true,"href":"https:\/\/www.gecleant.de\/fr\/wp-json\/wp\/v2\/media\/11911"}],"wp:attachment":[{"href":"https:\/\/www.gecleant.de\/fr\/wp-json\/wp\/v2\/media?parent=49270"}],"wp:term":[{"taxonomy":"product_brand","embeddable":true,"href":"https:\/\/www.gecleant.de\/fr\/wp-json\/wp\/v2\/product_brand?post=49270"},{"taxonomy":"product_cat","embeddable":true,"href":"https:\/\/www.gecleant.de\/fr\/wp-json\/wp\/v2\/product_cat?post=49270"},{"taxonomy":"product_tag","embeddable":true,"href":"https:\/\/www.gecleant.de\/fr\/wp-json\/wp\/v2\/product_tag?post=49270"}],"curies":[{"name":"wp","href":"https:\/\/api.w.org\/{rel}","templated":true}]}}