{"id":50291,"date":"2021-02-17T23:59:58","date_gmt":"2021-04-20T11:32:15","guid":{"rendered":"https:\/\/www.gecleant.de\/shop\/non%20class\u00e9\/bouchon-en-verre-07t\/"},"modified":"2026-03-06T13:07:40","modified_gmt":"2026-03-06T12:07:40","slug":"bouchon-en-verre-07","status":"publish","type":"product","link":"https:\/\/www.gecleant.de\/fr\/shop\/couvercle-du-trou-d-essuie-glace-arriere-en-verre\/bouchon-en-verre-07\/","title":{"rendered":"Bouchon en verre # 07"},"content":{"rendered":"<p>La variante \u00ab\u00a0t = noir profond\u00a0\u00bb utilise une mati\u00e8re premi\u00e8re diff\u00e9rente qui appara\u00eet plus sombre en plein soleil. Il est particuli\u00e8rement recommand\u00e9 pour les v\u00e9hicules aux vitres teint\u00e9es en usine.<\/p>\n","protected":false},"excerpt":{"rendered":"<p>Un petit tour d&rsquo;\u00e9criture en verre qui changera fondamentalement la vue arri\u00e8re de votre v\u00e9hicule. Installation facile + dimensions parfaitement ajust\u00e9es = hayon parfaitement cliv\u00e9.<\/p>\n","protected":false},"featured_media":11911,"comment_status":"open","ping_status":"closed","template":"","meta":[],"product_brand":[],"product_cat":[1271,1553],"product_tag":[],"class_list":{"0":"post-50291","1":"product","2":"type-product","3":"status-publish","4":"has-post-thumbnail","6":"product_cat-couvercle-du-trou-d-essuie-glace-arriere-en-verre","7":"product_cat-materiaux","9":"first","10":"onbackorder","11":"taxable","12":"shipping-taxable","13":"purchasable","14":"product-type-simple"},"bundled_by":["56441","56427","56446","56542"],"bundle_stock_status":"onbackorder","bundle_stock_quantity":-125,"bundle_virtual":false,"bundle_layout":"","bundle_add_to_cart_form_location":"","bundle_editable_in_cart":false,"bundle_sold_individually_context":"","bundle_item_grouping":"","bundle_min_size":"","bundle_max_size":"","bundle_price":[],"bundled_items":[],"bundle_sell_ids":[],"_links":{"self":[{"href":"https:\/\/www.gecleant.de\/fr\/wp-json\/wp\/v2\/product\/50291","targetHints":{"allow":["GET"]}}],"collection":[{"href":"https:\/\/www.gecleant.de\/fr\/wp-json\/wp\/v2\/product"}],"about":[{"href":"https:\/\/www.gecleant.de\/fr\/wp-json\/wp\/v2\/types\/product"}],"replies":[{"embeddable":true,"href":"https:\/\/www.gecleant.de\/fr\/wp-json\/wp\/v2\/comments?post=50291"}],"version-history":[{"count":0,"href":"https:\/\/www.gecleant.de\/fr\/wp-json\/wp\/v2\/product\/50291\/revisions"}],"wp:featuredmedia":[{"embeddable":true,"href":"https:\/\/www.gecleant.de\/fr\/wp-json\/wp\/v2\/media\/11911"}],"wp:attachment":[{"href":"https:\/\/www.gecleant.de\/fr\/wp-json\/wp\/v2\/media?parent=50291"}],"wp:term":[{"taxonomy":"product_brand","embeddable":true,"href":"https:\/\/www.gecleant.de\/fr\/wp-json\/wp\/v2\/product_brand?post=50291"},{"taxonomy":"product_cat","embeddable":true,"href":"https:\/\/www.gecleant.de\/fr\/wp-json\/wp\/v2\/product_cat?post=50291"},{"taxonomy":"product_tag","embeddable":true,"href":"https:\/\/www.gecleant.de\/fr\/wp-json\/wp\/v2\/product_tag?post=50291"}],"curies":[{"name":"wp","href":"https:\/\/api.w.org\/{rel}","templated":true}]}}