{"id":50468,"date":"2021-02-18T00:00:00","date_gmt":"2021-04-20T11:43:27","guid":{"rendered":"https:\/\/www.gecleant.de\/shop\/non%20class\u00e9\/bouchon-en-verre-19\/"},"modified":"2021-04-20T13:43:27","modified_gmt":"2021-04-20T11:43:27","slug":"bouchon-en-verre-19","status":"publish","type":"product","link":"https:\/\/www.gecleant.de\/fr\/shop\/couvercle-du-trou-d-essuie-glace-arriere-en-verre\/toyota\/bouchon-en-verre-19\/","title":{"rendered":"Bouchon en verre # 19"},"content":{"rendered":"","protected":false},"excerpt":{"rendered":"<p>Un petit tour d&rsquo;\u00e9criture en verre qui changera fondamentalement la vue arri\u00e8re de votre v\u00e9hicule. Installation facile + dimensions parfaitement ajust\u00e9es = hayon parfaitement cliv\u00e9.<\/p>\n","protected":false},"featured_media":11911,"comment_status":"open","ping_status":"closed","template":"","meta":[],"product_brand":[],"product_cat":[1271,1394,1553],"product_tag":[],"class_list":{"0":"post-50468","1":"product","2":"type-product","3":"status-publish","4":"has-post-thumbnail","6":"product_cat-couvercle-du-trou-d-essuie-glace-arriere-en-verre","7":"product_cat-toyota","8":"product_cat-materiaux","10":"first","11":"onbackorder","12":"taxable","13":"shipping-taxable","14":"purchasable","15":"product-type-simple"},"bundled_by":["56424","56460","56509","56534","56557"],"bundle_stock_status":"onbackorder","bundle_stock_quantity":-14,"bundle_virtual":false,"bundle_layout":"","bundle_add_to_cart_form_location":"","bundle_editable_in_cart":false,"bundle_sold_individually_context":"","bundle_item_grouping":"","bundle_min_size":"","bundle_max_size":"","bundle_price":[],"bundled_items":[],"bundle_sell_ids":[],"_links":{"self":[{"href":"https:\/\/www.gecleant.de\/fr\/wp-json\/wp\/v2\/product\/50468","targetHints":{"allow":["GET"]}}],"collection":[{"href":"https:\/\/www.gecleant.de\/fr\/wp-json\/wp\/v2\/product"}],"about":[{"href":"https:\/\/www.gecleant.de\/fr\/wp-json\/wp\/v2\/types\/product"}],"replies":[{"embeddable":true,"href":"https:\/\/www.gecleant.de\/fr\/wp-json\/wp\/v2\/comments?post=50468"}],"version-history":[{"count":0,"href":"https:\/\/www.gecleant.de\/fr\/wp-json\/wp\/v2\/product\/50468\/revisions"}],"wp:featuredmedia":[{"embeddable":true,"href":"https:\/\/www.gecleant.de\/fr\/wp-json\/wp\/v2\/media\/11911"}],"wp:attachment":[{"href":"https:\/\/www.gecleant.de\/fr\/wp-json\/wp\/v2\/media?parent=50468"}],"wp:term":[{"taxonomy":"product_brand","embeddable":true,"href":"https:\/\/www.gecleant.de\/fr\/wp-json\/wp\/v2\/product_brand?post=50468"},{"taxonomy":"product_cat","embeddable":true,"href":"https:\/\/www.gecleant.de\/fr\/wp-json\/wp\/v2\/product_cat?post=50468"},{"taxonomy":"product_tag","embeddable":true,"href":"https:\/\/www.gecleant.de\/fr\/wp-json\/wp\/v2\/product_tag?post=50468"}],"curies":[{"name":"wp","href":"https:\/\/api.w.org\/{rel}","templated":true}]}}