{"id":51058,"date":"2021-03-05T12:05:28","date_gmt":"2021-04-20T14:01:16","guid":{"rendered":"https:\/\/www.gecleant.de\/shop\/non%20class\u00e9\/set-de-colle-colle-nettoyant\/"},"modified":"2026-04-22T21:54:38","modified_gmt":"2026-04-22T19:54:38","slug":"ensemble-adhesif","status":"publish","type":"product","link":"https:\/\/www.gecleant.de\/fr\/shop\/materiaux\/ensemble-adhesif\/","title":{"rendered":"Set de colle (colle + nettoyant)"},"content":{"rendered":"","protected":false},"excerpt":{"rendered":"<p>Colle de montage noire r\u00e9sistante aux UV (8g) et nettoyant appropri\u00e9 (20ml) dans un ensemble pour un assemblage professionnel et durable de notre cache d&rsquo;essuie-glace arri\u00e8re dans la lunette arri\u00e8re.<\/p>\n<p>Veuillez ne pas utiliser de colle en dessous de 7\u00b0. Le temps de s\u00e9chage est de 24 heures.<\/p>\n","protected":false},"featured_media":32777,"comment_status":"closed","ping_status":"closed","template":"","meta":[],"product_brand":[],"product_cat":[1553],"product_tag":[],"class_list":{"0":"post-51058","1":"product","2":"type-product","3":"status-publish","4":"has-post-thumbnail","6":"product_cat-materiaux","8":"first","9":"onbackorder","10":"sale","11":"taxable","12":"shipping-taxable","13":"purchasable","14":"product-type-simple"},"bundled_by":["55682","56119","56130","56150","56184","56169","56199","56423","56436","56438","56424","56426","56441","56427","56444","56428","56446","56447","56433","56432","56430","56429","56434","56470","56455","56473","56475","56456","56457","56458","56460","56459","56461","56462","56481","56463","56465","56486","56467","56469","56466","56468","56493","56494","56496","56495","56497","56505","56507","56509","56499","56514","56512","56516","56518","56523","56520","56522","56528","56526","56530","56532","56534","56536","56538","56539","56542","56540","56543","56545","56547","56549","56553","56551","56555","56556","56557","56558","56561","56559","56563","56564","56565","56567","56568","56570","56572","57080","57566","61173","65344","65372","65396","65412","65439"],"bundle_stock_status":"onbackorder","bundle_stock_quantity":-2748,"bundle_virtual":false,"bundle_layout":"","bundle_add_to_cart_form_location":"","bundle_editable_in_cart":false,"bundle_sold_individually_context":"","bundle_item_grouping":"","bundle_min_size":"","bundle_max_size":"","bundle_price":[],"bundled_items":[],"bundle_sell_ids":[],"_links":{"self":[{"href":"https:\/\/www.gecleant.de\/fr\/wp-json\/wp\/v2\/product\/51058","targetHints":{"allow":["GET"]}}],"collection":[{"href":"https:\/\/www.gecleant.de\/fr\/wp-json\/wp\/v2\/product"}],"about":[{"href":"https:\/\/www.gecleant.de\/fr\/wp-json\/wp\/v2\/types\/product"}],"replies":[{"embeddable":true,"href":"https:\/\/www.gecleant.de\/fr\/wp-json\/wp\/v2\/comments?post=51058"}],"version-history":[{"count":0,"href":"https:\/\/www.gecleant.de\/fr\/wp-json\/wp\/v2\/product\/51058\/revisions"}],"wp:featuredmedia":[{"embeddable":true,"href":"https:\/\/www.gecleant.de\/fr\/wp-json\/wp\/v2\/media\/32777"}],"wp:attachment":[{"href":"https:\/\/www.gecleant.de\/fr\/wp-json\/wp\/v2\/media?parent=51058"}],"wp:term":[{"taxonomy":"product_brand","embeddable":true,"href":"https:\/\/www.gecleant.de\/fr\/wp-json\/wp\/v2\/product_brand?post=51058"},{"taxonomy":"product_cat","embeddable":true,"href":"https:\/\/www.gecleant.de\/fr\/wp-json\/wp\/v2\/product_cat?post=51058"},{"taxonomy":"product_tag","embeddable":true,"href":"https:\/\/www.gecleant.de\/fr\/wp-json\/wp\/v2\/product_tag?post=51058"}],"curies":[{"name":"wp","href":"https:\/\/api.w.org\/{rel}","templated":true}]}}