{"id":56150,"date":"2021-05-19T13:21:46","date_gmt":"2021-05-19T11:21:46","guid":{"rendered":"https:\/\/www.gecleant.de\/shop\/non%20class\u00e9\/bouchon-de-verre-pour-audi\/"},"modified":"2023-01-24T13:10:51","modified_gmt":"2023-01-24T12:10:51","slug":"bouchon-de-verre-pour-audi-gs02","status":"publish","type":"product","link":"https:\/\/www.gecleant.de\/fr\/shop\/couvercle-du-trou-d-essuie-glace-arriere-en-verre\/audi-a1-s1-a3-s3-rs3-a4-s4-rs4-a6-s6-rs6-etron-fr\/bouchon-de-verre-pour-audi-gs02\/","title":{"rendered":"Bouchon de verre pour Audi"},"content":{"rendered":"<p>Vous achetez de la qualit\u00e9 ici. Nous sommes les inventeurs du cache d&rsquo;essuie-glace arri\u00e8re en verre. Nos couvercles de trous d&rsquo;essuie-glace sont frais\u00e9s \u00e0 partir d&rsquo;un morceau de verre flott\u00e9 et sont adapt\u00e9s individuellement \u00e0 votre v\u00e9hicule. Si vous retirez l&rsquo;essuie-glace de lunette arri\u00e8re (\u00e9ventuellement d\u00e9fectueux;)) de votre voiture, il reste un petit trou dans la lunette arri\u00e8re, que vous pouvez fermer au ras de notre bouchon de verre. Certaines personnes veulent savoir comment r\u00e9parer leur essuie-glace arri\u00e8re d\u00e9fectueux et savoir combien co\u00fbte une r\u00e9paration. Au lieu de remplacer \/ r\u00e9parer le bras d&rsquo;essuie-glace ou le moteur d&rsquo;essuie-glace d\u00e9fectueux \u00e0 l&rsquo;arri\u00e8re, nous proposons avec nos bouchons d&rsquo;\u00e9tanch\u00e9it\u00e9 une pi\u00e8ce de rechange simple et peu co\u00fbteuse que chacun peut installer lui-m\u00eame. La buse du liquide lave-glace est scell\u00e9e et, dans les v\u00e9hicules plus r\u00e9cents, le bus CAN est cod\u00e9. Fini. Vous pouvez trouver un guide de r\u00e9paration pour retirer et installer l&rsquo;essuie-glace de lunette arri\u00e8re dans notre service d&rsquo;assistance.<\/p>\n<p>Oh et important: l&rsquo;arri\u00e8re de notre bouchon est recouvert de noir et l&rsquo;avant est recouvert d&rsquo;un film protecteur transparent afin que rien ne soit ray\u00e9 lorsqu&rsquo;il est ins\u00e9r\u00e9 dans la lunette arri\u00e8re &#8211; alors ne soyez pas surpris par l&rsquo;aspect terne \/ laiteux de le bouchon et retirez simplement le film protecteur apr\u00e8s l&rsquo;avoir ins\u00e9r\u00e9 dans la fen\u00eatre en tirant.<\/p>\n<p>Un look OEM parfaitement propre est notre priorit\u00e9 absolue. C&rsquo;est pourquoi nous polissons le bord visible de l&rsquo;insert en verre \u00e0 la main et notre \u00e9quipe soumet chaque bouchon \u00e0 un contr\u00f4le de qualit\u00e9 pr\u00e9cis avant qu&rsquo;il ne vous soit envoy\u00e9. Si vous n&rsquo;\u00eates toujours pas satisfait, veuillez nous contacter, nous \u00e9changerons gratuitement les couvercles en verre inappropri\u00e9s (s&rsquo;ils ne sont pas endommag\u00e9s) &#8211; et si vous avez fait tomber le bouchon ou l&rsquo;avez accidentellement endommag\u00e9 lorsque vous l&rsquo;avez essay\u00e9, nous trouverons une solution \u00e9quitable et vous l&rsquo;envoyer \u00e0 peu de frais Remplacement &#8211; alors ne vous inqui\u00e9tez pas &#8230; \u00e9crivez-nous \u00e0 support@gecleant.de et nous serons l\u00e0 pour vous d\u00e8s que possible.<\/p>\n","protected":false},"excerpt":{"rendered":"<p>Vous achetez de la qualit\u00e9 ici. Nous sommes les inventeurs du cache d&rsquo;essuie-glace arri\u00e8re en verre. Nos couvercles de trous d&rsquo;essuie-glace sont frais\u00e9s \u00e0 partir d&rsquo;un morceau de verre flott\u00e9 et sont adapt\u00e9s individuellement \u00e0 votre v\u00e9hicule. Si vous retirez l&rsquo;essuie-glace de lunette arri\u00e8re (\u00e9ventuellement d\u00e9fectueux;)) de votre voiture, il reste un petit trou dans [&hellip;]<\/p>\n","protected":false},"featured_media":11911,"comment_status":"open","ping_status":"closed","template":"","meta":[],"product_brand":[],"product_cat":[1271,1401],"product_tag":[],"class_list":{"0":"post-56150","1":"product","2":"type-product","3":"status-publish","4":"has-post-thumbnail","6":"product_cat-couvercle-du-trou-d-essuie-glace-arriere-en-verre","7":"product_cat-audi-a1-s1-a3-s3-rs3-a4-s4-rs4-a6-s6-rs6-etron-fr","9":"first","10":"instock","11":"virtual","12":"taxable","13":"purchasable","14":"product-type-bundle"},"bundled_by":[],"bundle_stock_status":"instock","bundle_stock_quantity":"","bundle_virtual":false,"bundle_layout":"tabular","bundle_add_to_cart_form_location":"default","bundle_editable_in_cart":true,"bundle_sold_individually_context":"configuration","bundle_item_grouping":"parent","bundle_min_size":1,"bundle_max_size":"","bundle_price":{"price":{"min":{"incl_tax":"25","excl_tax":"21.01"},"max":{"incl_tax":"350","excl_tax":"294.11"}},"regular_price":{"min":{"incl_tax":"25","excl_tax":"21.01"},"max":{"incl_tax":"375","excl_tax":"315.12"}}},"bundled_items":[{"bundled_item_id":7992,"product_id":50205,"menu_order":0,"quantity_min":1,"quantity_max":10,"quantity_default":1,"priced_individually":true,"shipped_individually":false,"override_title":true,"title":"Convient \u00e0 <span id=\"modelX\">Votre v\u00e9hicule<\/span> <span id=\"baujahr\"><\/span>","override_description":false,"description":"Bouchon en verre # 02","optional":false,"hide_thumbnail":false,"discount":"","override_variations":false,"allowed_variations":[""],"override_default_variation_attributes":false,"default_variation_attributes":[],"single_product_visibility":"visible","cart_visibility":"hidden","order_visibility":"visible","single_product_price_visibility":"visible","cart_price_visibility":"hidden","order_price_visibility":"visible","stock_status":"on_backorder"},{"bundled_item_id":7993,"product_id":51058,"menu_order":1,"quantity_min":0,"quantity_max":10,"quantity_default":1,"priced_individually":true,"shipped_individually":false,"override_title":false,"title":"Set de colle (colle + nettoyant)","override_description":false,"description":"Set de colle (colle + nettoyant)","optional":false,"hide_thumbnail":false,"discount":"","override_variations":false,"allowed_variations":[""],"override_default_variation_attributes":true,"default_variation_attributes":[],"single_product_visibility":"visible","cart_visibility":"visible","order_visibility":"visible","single_product_price_visibility":"hidden","cart_price_visibility":"hidden","order_price_visibility":"hidden","stock_status":"on_backorder"}],"bundle_sell_ids":[],"_links":{"self":[{"href":"https:\/\/www.gecleant.de\/fr\/wp-json\/wp\/v2\/product\/56150","targetHints":{"allow":["GET"]}}],"collection":[{"href":"https:\/\/www.gecleant.de\/fr\/wp-json\/wp\/v2\/product"}],"about":[{"href":"https:\/\/www.gecleant.de\/fr\/wp-json\/wp\/v2\/types\/product"}],"replies":[{"embeddable":true,"href":"https:\/\/www.gecleant.de\/fr\/wp-json\/wp\/v2\/comments?post=56150"}],"version-history":[{"count":0,"href":"https:\/\/www.gecleant.de\/fr\/wp-json\/wp\/v2\/product\/56150\/revisions"}],"wp:featuredmedia":[{"embeddable":true,"href":"https:\/\/www.gecleant.de\/fr\/wp-json\/wp\/v2\/media\/11911"}],"wp:attachment":[{"href":"https:\/\/www.gecleant.de\/fr\/wp-json\/wp\/v2\/media?parent=56150"}],"wp:term":[{"taxonomy":"product_brand","embeddable":true,"href":"https:\/\/www.gecleant.de\/fr\/wp-json\/wp\/v2\/product_brand?post=56150"},{"taxonomy":"product_cat","embeddable":true,"href":"https:\/\/www.gecleant.de\/fr\/wp-json\/wp\/v2\/product_cat?post=56150"},{"taxonomy":"product_tag","embeddable":true,"href":"https:\/\/www.gecleant.de\/fr\/wp-json\/wp\/v2\/product_tag?post=56150"}],"curies":[{"name":"wp","href":"https:\/\/api.w.org\/{rel}","templated":true}]}}