{"id":59066,"date":"2022-02-18T09:42:08","date_gmt":"2022-02-18T11:42:07","guid":{"rendered":"https:\/\/www.gecleant.de\/shop\/non%20class\u00e9\/seed-phrase-plaque-metallique-de-recuperation-1mm-en-acier-inoxydable\/"},"modified":"2022-02-18T12:42:12","modified_gmt":"2022-02-18T11:42:12","slug":"plaque-metal-recuperation-phrase-semence-1mm-en-acier-inoxydable-v2a-sans-stylo-graveur","status":"publish","type":"product","link":"https:\/\/www.gecleant.de\/fr\/shop\/materiaux\/portefeuille-materiel-crypto\/plaque-metal-recuperation-phrase-semence-1mm-en-acier-inoxydable-v2a-sans-stylo-graveur\/","title":{"rendered":"Seed Phrase &#8211; Plaque m\u00e9tallique de r\u00e9cup\u00e9ration (1mm) en acier inoxydable"},"content":{"rendered":"<p>En coop\u00e9ration avec <a href=\"https:\/\/dezentral-investieren.de\/seed-phrase-recovery-metallplatte-1mm-aus-edelstahl-v4a-ohne-gravurstift\/\" rel=\"nofollow noopener\" target=\"_blank\">decentral-investieren.de<\/a> , nous proposons une plaque m\u00e9tallique \u00e0 graver, sur laquelle vous pouvez stocker en toute s\u00e9curit\u00e9 votre phrase de d\u00e9part (12 ou 24 mots de passe\/cl\u00e9 priv\u00e9e du portefeuille). La plaque est <a href=\"https:\/\/de.wikipedia.org\/wiki\/Edelstahl#WNr._1.4301_(X5CrNi18-10),_AISI_304,_(V2A),_SUS304\" rel=\"nofollow noopener\" target=\"_blank\">en acier inoxydable 1.4301 V2A<\/a> et pr\u00e9sente les caract\u00e9ristiques suivantes :<\/p>\n<p>acier inoxydable 1mm<br \/>\n7,5 cm de large<br \/>\n9 cm de haut<br \/>\nR\u00e9sistant au feu (fond \u00e0 1400-1455\u00b0)<br \/>\nr\u00e9sistant aux rayures<\/p>\n<p>Comme un feu d&rsquo;appartement se situe autour de 1100\u00b0C, <a href=\"https:\/\/www.baunetzwissen.de\/glossar\/e\/einheitstemperaturzeitkurve-etk-3176775\" rel=\"nofollow noopener\" target=\"_blank\">source 1<\/a> , <a href=\"https:\/\/expressantworten.com\/wie-heiss-wird-es-bei-einem-wohnungsbrand\/\" rel=\"nofollow noopener\" target=\"_blank\">source 2<\/a> , l&rsquo;inox 1.4301 devrait offrir la meilleure protection contre le feu. L&rsquo;\u00e9paisseur de 1 mm a \u00e9galement \u00e9t\u00e9 choisie pour r\u00e9duire les d\u00e9formations m\u00e9caniques dues \u00e0 l&rsquo;effondrement ou aux d\u00e9bris. De plus, cet alliage permet un traitement facile avec un stylo graveur standard.<\/p>\n","protected":false},"excerpt":{"rendered":"<p>En coop\u00e9ration avec decentral-investieren.de , nous proposons une plaque m\u00e9tallique \u00e0 graver, sur laquelle vous pouvez stocker en toute s\u00e9curit\u00e9 votre phrase de d\u00e9part (12 ou 24 mots de passe\/cl\u00e9 priv\u00e9e du portefeuille). La plaque est en acier inoxydable 1.4301 V2A et pr\u00e9sente les caract\u00e9ristiques suivantes : acier inoxydable 1mm 7,5 cm de large 9 [&hellip;]<\/p>\n","protected":false},"featured_media":59027,"comment_status":"closed","ping_status":"closed","template":"","meta":[],"product_brand":[],"product_cat":[1553,1859],"product_tag":[],"class_list":{"0":"post-59066","1":"product","2":"type-product","3":"status-publish","4":"has-post-thumbnail","6":"product_cat-materiaux","7":"product_cat-portefeuille-materiel-crypto","9":"first","10":"instock","11":"sale","12":"taxable","13":"shipping-taxable","14":"purchasable","15":"product-type-variable","16":"has-default-attributes"},"bundled_by":[],"bundle_stock_status":"instock","bundle_stock_quantity":null,"bundle_virtual":false,"bundle_layout":"","bundle_add_to_cart_form_location":"","bundle_editable_in_cart":false,"bundle_sold_individually_context":"","bundle_item_grouping":"","bundle_min_size":"","bundle_max_size":"","bundle_price":[],"bundled_items":[],"bundle_sell_ids":[],"_links":{"self":[{"href":"https:\/\/www.gecleant.de\/fr\/wp-json\/wp\/v2\/product\/59066","targetHints":{"allow":["GET"]}}],"collection":[{"href":"https:\/\/www.gecleant.de\/fr\/wp-json\/wp\/v2\/product"}],"about":[{"href":"https:\/\/www.gecleant.de\/fr\/wp-json\/wp\/v2\/types\/product"}],"replies":[{"embeddable":true,"href":"https:\/\/www.gecleant.de\/fr\/wp-json\/wp\/v2\/comments?post=59066"}],"version-history":[{"count":0,"href":"https:\/\/www.gecleant.de\/fr\/wp-json\/wp\/v2\/product\/59066\/revisions"}],"wp:featuredmedia":[{"embeddable":true,"href":"https:\/\/www.gecleant.de\/fr\/wp-json\/wp\/v2\/media\/59027"}],"wp:attachment":[{"href":"https:\/\/www.gecleant.de\/fr\/wp-json\/wp\/v2\/media?parent=59066"}],"wp:term":[{"taxonomy":"product_brand","embeddable":true,"href":"https:\/\/www.gecleant.de\/fr\/wp-json\/wp\/v2\/product_brand?post=59066"},{"taxonomy":"product_cat","embeddable":true,"href":"https:\/\/www.gecleant.de\/fr\/wp-json\/wp\/v2\/product_cat?post=59066"},{"taxonomy":"product_tag","embeddable":true,"href":"https:\/\/www.gecleant.de\/fr\/wp-json\/wp\/v2\/product_tag?post=59066"}],"curies":[{"name":"wp","href":"https:\/\/api.w.org\/{rel}","templated":true}]}}