{"id":8353,"date":"2020-12-09T18:13:19","date_gmt":"2020-12-09T16:13:19","guid":{"rendered":"https:\/\/www.gecleant.de\/condizioni\/"},"modified":"2022-05-18T10:31:44","modified_gmt":"2022-05-18T08:31:44","slug":"condizioni","status":"publish","type":"page","link":"https:\/\/www.gecleant.de\/it\/condizioni\/","title":{"rendered":"Condizioni"},"content":{"rendered":"\t\t<div data-elementor-type=\"wp-page\" data-elementor-id=\"8353\" class=\"elementor elementor-8353 elementor-2459\" data-elementor-post-type=\"page\">\n\t\t\t\t\t\t<section class=\"elementor-section elementor-top-section elementor-element elementor-element-371c7c5b elementor-section-boxed elementor-section-height-default elementor-section-height-default\" data-id=\"371c7c5b\" data-element_type=\"section\" data-e-type=\"section\">\n\t\t\t\t\t\t<div class=\"elementor-container elementor-column-gap-default\">\n\t\t\t\t\t<div class=\"elementor-column elementor-col-100 elementor-top-column elementor-element elementor-element-20c90e4c\" data-id=\"20c90e4c\" data-element_type=\"column\" data-e-type=\"column\">\n\t\t\t<div class=\"elementor-widget-wrap elementor-element-populated\">\n\t\t\t\t\t\t<div class=\"elementor-element elementor-element-6ba8a3c7 elementor-widget elementor-widget-text-editor\" data-id=\"6ba8a3c7\" data-element_type=\"widget\" data-e-type=\"widget\" data-widget_type=\"text-editor.default\">\n\t\t\t\t<div class=\"elementor-widget-container\">\n\t\t\t\t\t\t\t\t\t<p><span class=\"gecleant_Titel\"><strong>Termini e condizioni generali e informazioni per i clienti<\/strong><\/span><\/p><p><span class=\"gecleant_Paragraph\"><strong>I. Termini e condizioni generali<\/strong><\/span><\/p><p><span class=\"gecleant_Paragraph\"><strong>\u00a7 1 Disposizioni di base<\/strong><\/span><\/p><p><span class=\"gecleant_Absatz\"><strong>(1)<\/strong> I seguenti termini e condizioni si applicano ai contratti stipulati con noi come fornitore<strong> (Stefan von Ryssel)<\/strong> chiudere tramite il sito web www.gecleant.de. Salvo diverso accordo, l&#8217;inclusione delle tue condizioni che potrebbero essere state utilizzate da te \u00e8 contraddetta.<\/span><\/p><p><span class=\"gecleant_Absatz\"><strong>(2)<\/strong> Un consumatore ai sensi delle seguenti normative \u00e8 una persona fisica che conclude un negozio giuridico per scopi che non possono essere prevalentemente n\u00e9 attribuiti alla loro attivit\u00e0 commerciale n\u00e9 alla loro attivit\u00e0 professionale autonoma. Un imprenditore \u00e8 una persona fisica o giuridica o una societ\u00e0 di persone giuridiche che, quando conclude un negozio giuridico, esercita la propria attivit\u00e0 professionale o commerciale indipendente.<\/span><\/p><p><span class=\"gecleant_Paragraph\"><strong>\u00a7 2 Conclusione del contratto<\/strong><\/span><\/p><p><span class=\"gecleant_Absatz\"><strong>(1)<\/strong> Oggetto del contratto \u00e8 la vendita di beni<\/span><span class=\"gecleant_Absatz\"> .<\/span><\/p><p><span class=\"gecleant_Absatz\"><strong>(2)<\/strong> Non appena il rispettivo prodotto viene pubblicato sul nostro sito Web, inviamo un&#8217;offerta vincolante per concludere un contratto per il sistema di carrello della spesa online alle condizioni specificate nella descrizione dell&#8217;articolo.<\/span><\/p><p><span class=\"gecleant_Absatz\"><strong>(3)<\/strong> Il contratto si conclude tramite il sistema del carrello online come segue:<br>La merce destinata all&#8217;acquisto viene inserita nel &#8220;carrello&#8221;. \u00c8 possibile utilizzare il pulsante corrispondente nella barra di navigazione per richiamare il &#8220;carrello&#8221; e apportare modifiche in qualsiasi momento.<br>Dopo aver richiamato la pagina &#8220;Checkout&#8221; e aver inserito i tuoi dati personali, nonch\u00e9 le condizioni di pagamento e spedizione, i dati dell&#8217;ordine verranno visualizzati come una panoramica dell&#8217;ordine.<\/span><\/p><p><span class=\"gecleant_Absatz\">Se utilizzi un sistema di pagamento istantaneo (ad es.PayPal \/ PayPal Express, Stripe, Sofort\u00fcberweisung) come metodo di pagamento, verrai indirizzato alla pagina di panoramica dell&#8217;ordine nel nostro negozio online o al sito web del fornitore del sistema di pagamento istantaneo.<br>Se vieni reindirizzato al rispettivo sistema di pagamento istantaneo, effettua la selezione appropriata o inserisci i tuoi dati l\u00ec. Infine, ti verranno mostrati i dati dell&#8217;ordine come una panoramica dell&#8217;ordine sul sito Web del fornitore del sistema di pagamento istantaneo o dopo essere stato reindirizzato al nostro negozio online.<\/span><\/p><p><span class=\"gecleant_Absatz\">Prima di inoltrare l&#8217;ordine, hai la possibilit\u00e0 di controllare nuovamente le informazioni nella panoramica dell&#8217;ordine, di modificarle (anche tramite la funzione &#8220;indietro&#8221; del browser Internet) o di annullare l&#8217;ordine. <\/span><br><span class=\"gecleant_Absatz\">Inoltrando l&#8217;ordine tramite il pulsante &#8220;Acquista&#8221; si dichiara legalmente vincolante l&#8217;accettazione dell&#8217;offerta, che d\u00e0 luogo al contratto. <\/span><\/p><p><span class=\"gecleant_Absatz\"><strong>(4)<\/strong> Le tue richieste per preparare un&#8217;offerta non sono vincolanti per te. Ti faremo un&#8217;offerta vincolante in forma di testo (ad es. Via e-mail), che puoi accettare entro 5 giorni (a meno che non sia specificato un periodo diverso nella rispettiva offerta).<\/span><\/p><p><span class=\"gecleant_Absatz\"><strong>(5)<\/strong> L&#8217;elaborazione dell&#8217;ordine e la trasmissione di tutte le informazioni richieste in relazione alla conclusione del contratto \u00e8 in parte automatizzata tramite e-mail. Devi quindi assicurarti che l&#8217;indirizzo e-mail che hai memorizzato presso di noi sia corretto, che la ricezione delle e-mail sia tecnicamente garantita e, in particolare, non sia impedita dai filtri SPAM.<\/span><\/p><p><span class=\"gecleant_Paragraph\"><strong>\u00a7 3<\/strong><strong> Merci progettate individualmente<\/strong><\/span><\/p><p><strong><span class=\"gecleant_Absatz\">(1)  <\/span><\/strong><span class=\"gecleant_Absatz\">Ci fornisci le informazioni, i testi oi file appropriati necessari per la progettazione individuale della merce tramite il sistema di ordinazione online o tramite e-mail al pi\u00f9 tardi immediatamente dopo la conclusione del contratto. Le nostre possibili specifiche sui formati di file devono essere osservate.<br><\/span><br><strong><span class=\"gecleant_Absatz\">(2)<\/span><\/strong><span class=\"gecleant_Absatz\"> Ti impegni a non trasmettere alcun dato il cui contenuto viola i diritti di terzi (in particolare copyright, diritti di denominazione, diritti di marchio) o viola le leggi esistenti. Ci indennizzi espressamente contro tutte le pretese di terze parti asserite in questo contesto. Ci\u00f2 vale anche per i costi di rappresentanza legale richiesti in questo contesto.<br><\/span><br><strong><span class=\"gecleant_Absatz\">(3)<\/span><\/strong><span class=\"gecleant_Absatz\"> Non controlliamo la correttezza dei dati trasmessi e in questo senso non ci assumiamo alcuna responsabilit\u00e0 per errori.<\/span><\/p><p><span class=\"gecleant_Paragraph\"><strong>\u00a7 4 Accordi speciali sulle modalit\u00e0 di pagamento offerte<\/strong><\/span><\/p><p><span class=\"gecleant_Absatz\"><strong>(1) Pagamento tramite Stripe<\/strong><br>In collaborazione con <a href=\"https:\/\/stripe.com\" target=\"_blank\" rel=\"noopener noreferrer nofollow\">Stripe, Inc. 510 Townsend Street San Francisco, CA 94103, USA)<\/a>, offriamo le seguenti opzioni di pagamento. Il pagamento viene effettuato a Stripe: https:\/\/www.stripe.com<\/span><\/p><p><span class=\"gecleant_Absatz\"><strong>Bonifico bancario istantaneo:<\/strong> Disponibile in Germania e Austria. Il tuo account verr\u00e0 addebitato immediatamente dopo aver effettuato l&#8217;ordine.<\/span><\/p><p><span class=\"gecleant_Absatz\"><strong>(2) Addebito diretto SEPA-Stripe (addebito diretto di base e \/ o aziendale)<\/strong><br>In caso di pagamento tramite addebito diretto SEPA principale o addebito diretto SEPA aziendale, ci autorizzi a riscuotere l&#8217;importo della fattura dal conto specificato emettendo un mandato SEPA corrispondente. <\/span><br><span class=\"gecleant_Absatz\">L&#8217;addebito diretto viene riscosso entro 10 giorni dalla conclusione del contratto.<\/span><br><span class=\"gecleant_Absatz\">Il termine per la presentazione della pre-notifica sar\u00e0 ridotto a 5 giorni prima della data di scadenza. Sei obbligato a garantire che l&#8217;account disponga di fondi sufficienti alla data di scadenza. In caso di addebito di ritorno dovuto a colpa tua, devi sostenere la commissione bancaria.<\/span><\/p><p><span class=\"gecleant_Absatz\">Per ulteriori informazioni e per i Termini di utilizzo di Stripes, vedere<a href=\"https:\/\/stripe.com\/de\/legal\" target=\"_blank\" rel=\"noopener noreferrer nofollow\"> Qui<\/a> . Si prega di contattare Stripe per informazioni generali<a href=\"https:\/\/stripe.com\/de\" target=\"_blank\" rel=\"noopener noreferrer nofollow\"> Qui<\/a> . I tuoi dati personali saranno trattati da Stripe in conformit\u00e0 con le normative sulla protezione dei dati applicabili e in conformit\u00e0 con le informazioni in<a href=\"https:\/\/stripe.com\/de\/legal\" target=\"_blank\" rel=\"noopener noreferrer nofollow\"> Informativa sulla privacy di Stripes<\/a> trattati.<\/span><\/p><p><strong><span class=\"gecleant_Paragraph\">\u00a7 5 diritto di ritenzione<\/span><\/strong><strong><span class=\"gecleant_Paragraph\"> , Riserva di propriet\u00e0<\/span><\/strong><\/p><p><span class=\"gecleant_Absatz\"><strong>(1)<\/strong> \u00c8 possibile esercitare un diritto di ritenzione solo se si tratta di crediti derivanti dallo stesso rapporto contrattuale.<\/span><\/p><p><span class=\"gecleant_Absatz\"><strong>(2)<\/strong> La merce rimane di nostra propriet\u00e0 fino al completo pagamento del prezzo di acquisto.<\/span><\/p><p><span class=\"gecleant_Absatz\"><strong>(3)<\/strong> Se sei un imprenditore, vale anche quanto segue:<\/span><\/p><p>a) Ci riserviamo la propriet\u00e0 della merce fino a quando tutti i reclami derivanti dal rapporto commerciale in corso non saranno stati completamente risolti. La costituzione in pegno o il trasferimento di sicurezza non \u00e8 consentito prima del trasferimento della propriet\u00e0 dei beni riservati.<\/p><p>b) Puoi rivendere la merce nel normale svolgimento dell&#8217;attivit\u00e0. In questo caso, ci cedi tutti i crediti per l&#8217;importo dell&#8217;importo della fattura che ti derivano dalla rivendita, noi accettiamo la cessione. Sei inoltre autorizzato a riscuotere il reclamo. Tuttavia, se non rispetti adeguatamente i tuoi obblighi di pagamento, ci riserviamo il diritto di riscuotere noi stessi il reclamo.<\/p><p>c) Quando si combinano e si mescolano i beni riservati, acquisiamo la compropriet\u00e0 del nuovo articolo nel rapporto tra il valore della fattura dei beni riservati e gli altri articoli elaborati al momento dell&#8217;elaborazione.<\/p><p>d) Ci impegniamo a svincolare i titoli a cui abbiamo diritto su vostra richiesta nella misura in cui il valore di realizzo dei nostri titoli supera il credito da garantire di oltre il 10%. La selezione dei titoli da svincolare \u00e8 nostra responsabilit\u00e0.<\/p><p><strong><span class=\"gecleant_Paragraph\">\u00a7 6 Garanzia<\/span><\/strong><\/p><p><span class=\"gecleant_Absatz\"><strong>(1)<\/strong> Valgono i diritti di garanzia legale.<\/span><\/p><p><strong><span class=\"gecleant_Absatz\">(2)<\/span><\/strong><span class=\"gecleant_Absatz\"> In qualit\u00e0 di consumatore, siete pregati di controllare la completezza dell&#8217;articolo, i difetti evidenti e i danni da trasporto immediatamente al momento della consegna e di notificare a noi e al vettore eventuali reclami il prima possibile. In caso contrario, ci\u00f2 non avr\u00e0 alcun effetto sulle richieste di garanzia legale.<\/span><\/p><p><span class=\"gecleant_Absatz\"><strong>(3)<\/strong> Se sei un imprenditore, quanto segue si applica in deroga alle norme di garanzia di cui sopra:<\/span><\/p><p><strong>un)<\/strong> Solo le nostre informazioni e la descrizione del prodotto del produttore sono considerate essere concordate come qualit\u00e0 dell&#8217;articolo, ma non altre pubblicit\u00e0, promozioni pubbliche e dichiarazioni del produttore.<\/p><p><strong>b)<\/strong> In caso di difetti garantiamo, a nostra discrezione, la riparazione o la successiva consegna. Se l&#8217;eliminazione del difetto fallisce, puoi richiedere una riduzione del prezzo o recedere dal contratto. La rettifica dei difetti si considera fallita dopo un secondo tentativo fallito, a meno che qualcos&#8217;altro non derivi in particolare dalla natura dell&#8217;articolo o dal difetto o da altre circostanze. In caso di riparazioni, non dobbiamo sostenere i maggiori costi che derivano dalla spedizione della merce in un luogo diverso dal luogo di adempimento, a condizione che la spedizione non corrisponda alla destinazione d&#8217;uso della merce.<\/p><p><strong>c)<\/strong> Il periodo di garanzia \u00e8 di un anno dalla data di consegna. La riduzione del termine non si applica:<\/p><p><span class=\"gecleant_Absatz\">&#8211; danni causati colpevolmente a noi imputabili da lesioni alla vita, al corpo o alla salute e in caso di altri danni causati intenzionalmente o per negligenza grave;<\/span><br><span class=\"gecleant_Absatz\">&#8211; nella misura in cui abbiamo occultato fraudolentemente il difetto o dato garanzia sulla qualit\u00e0 del bene;<\/span><br><span class=\"gecleant_Absatz\">&#8211; per cose che sono state utilizzate per un edificio secondo il loro normale utilizzo e ne hanno causato la difettosit\u00e0;<\/span><br><span class=\"gecleant_Absatz\">&#8211; In caso di ricorso legale contro di noi in relazione ai diritti di garanzia.<\/span><\/p><p><strong><span class=\"gecleant_Paragraph\">\u00a7 7 scelta della legge<\/span><\/strong><\/p><p><span class=\"gecleant_Absatz\"><strong>(1)<\/strong> Si applica la legge tedesca. Per i consumatori, questa scelta di legge si applica solo nella misura in cui non rimuove la tutela concessa da disposizioni imperative della legge dello Stato in cui il consumatore risiede abitualmente (principio di favoreggiamento).<\/span><\/p><p><span class=\"gecleant_Absatz\"><strong>(2)<\/strong> Le disposizioni del diritto di vendita delle Nazioni Unite espressamente non si applicano.<\/span><\/p><hr><p><span class=\"gecleant_Absatz\"><br><strong><span class=\"gecleant_Paragraph\">II. Informazioni sul cliente <\/span><\/strong><\/span><\/p><p><span class=\"gecleant_Paragraph\"><strong>1. Identit\u00e0 del venditore<\/strong><\/span><\/p><p>Stefan von Ryssel<br>Nel suggerimento 5<br>04159 Lipsia<br>Germania<br>Telefono: +4934146387532<br>E-mail: info@gecleant.com<\/p><p><strong>Risoluzione alternativa delle controversie:<\/strong><br>La Commissione europea fornisce una piattaforma per la risoluzione extragiudiziale delle controversie online (piattaforma OS), disponibile all&#8217;indirizzo<a href=\"https:\/\/ec.europa.eu\/odr\" target=\"_blank\" rel=\"noopener noreferrer nofollow\"> https:\/\/ec.europa.eu\/odr<\/a> .<\/p><p><strong><span class=\"gecleant_Paragraph\">2. Informazioni sulla formazione del contratto<\/span><\/strong><\/p><p>Le fasi tecniche per la conclusione del contratto, la conclusione del contratto stesso e le opzioni di correzione vengono eseguite in conformit\u00e0 con le disposizioni &#8220;Conclusione del contratto&#8221; dei nostri Termini e condizioni generali (Parte I.)<\/p><p><span class=\"gecleant_Paragraph\"><strong>3. Lingua del contratto, archiviazione del testo del contratto<\/strong><\/span><\/p><p>3.1. La lingua del contratto \u00e8 il tedesco.<\/p><p>3.2. Non salviamo il testo completo del contratto. Prima di inviare l&#8217;ordine tramite il sistema del carrello online, i dati del contratto possono essere stampati o salvati elettronicamente utilizzando la funzione di stampa del browser. Dopo aver ricevuto l&#8217;ordine, i dati dell&#8217;ordine, le informazioni richieste dalla legge per i contratti di vendita a distanza e le condizioni generali verranno nuovamente inviate tramite e-mail.<\/p><p>3.3. Per le richieste di offerte al di fuori del sistema del carrello della spesa online, riceverai tutti i dati del contratto come parte di un&#8217;offerta vincolante in forma di testo, ad esempio tramite e-mail, che puoi stampare o salvare elettronicamente.<\/p><p><strong><span class=\"gecleant_Paragraph\">4. Caratteristiche essenziali del prodotto o servizio<\/span><\/strong><\/p><p>Le caratteristiche essenziali dei beni e \/ o servizi si trovano nella rispettiva offerta.<\/p><p><strong><span class=\"gecleant_Paragraph\">5. Prezzi e modalit\u00e0 di pagamento<\/span><\/strong><\/p><p>5.1. I prezzi indicati nelle rispettive offerte e le spese di spedizione rappresentano i prezzi totali. Contengono tutti i componenti di prezzo comprese tutte le tasse applicabili.<\/p><p>5.2. Le spese di spedizione non sono comprese nel prezzo di acquisto. Possono essere richiamati tramite un pulsante identificato in modo corrispondente sul nostro sito Web o nella rispettiva offerta, sono mostrati separatamente nel corso del processo di ordinazione e sono a carico dell&#8217;utente, a meno che non sia stata promessa la consegna gratuita.<\/p><p>5.3. Se la consegna viene effettuata in paesi al di fuori dell&#8217;Unione Europea, potremmo sostenere costi aggiuntivi per i quali non siamo responsabili, come dazi doganali, tasse o commissioni per il trasferimento di denaro (commissioni di trasferimento o di cambio degli istituti di credito), che devi sostenere.<\/p><p>5.4. Eventuali costi sostenuti per il trasferimento di denaro (commissioni di trasferimento o di cambio degli istituti di credito) sono a tuo carico nei casi in cui la consegna viene effettuata in uno Stato membro dell&#8217;UE, ma il pagamento \u00e8 stato avviato al di fuori dell&#8217;Unione Europea.<\/p><p>5.5. I metodi di pagamento a tua disposizione sono mostrati sotto un pulsante corrispondente sul nostro sito web o nella rispettiva offerta.<\/p><p>5.6. Salvo diversa indicazione per le singole modalit\u00e0 di pagamento, i diritti al pagamento derivanti dal contratto stipulato devono essere saldati immediatamente.<\/p><p><strong><span class=\"gecleant_Paragraph\">6. Termini di consegna<\/span><\/strong><\/p><p>6.1. Le condizioni di consegna, la data di consegna e le eventuali restrizioni di consegna esistenti possono essere trovate sotto un pulsante corrispondente sul nostro sito web o nella rispettiva offerta.<\/p><p>6.2. Per quanto tu sia un consumatore, \u00e8 regolato dalla legge che il rischio di perdita accidentale e deterioramento accidentale della merce venduta durante la spedizione ti viene trasferito solo al momento della consegna della merce, indipendentemente dal fatto che la spedizione sia assicurata o non assicurata. Ci\u00f2 non si applica se hai incaricato autonomamente una societ\u00e0 di trasporti non nominata dall&#8217;imprenditore o un&#8217;altra persona incaricata di effettuare la spedizione.<\/p><p>Se sei un imprenditore, la consegna e la spedizione sono a tuo rischio.<\/p><p><strong><span class=\"gecleant_Paragraph\">7. Diritti di garanzia legale <\/span><\/strong><\/p><p>La responsabilit\u00e0 per i difetti si basa sulla disposizione &#8220;Garanzia&#8221; nei nostri Termini e condizioni generali (Parte I).<\/p><p>Questi termini e condizioni e le informazioni sui clienti sono stati creati dagli avvocati dell&#8217;H\u00e4ndlerbund specializzati in diritto IT e sono costantemente controllati per verificarne la conformit\u00e0 legale. La H\u00e4ndlerbund Management AG garantisce la certezza giuridica dei testi ed \u00e8 responsabile in caso di avvertimenti.<\/p><p>ultimo aggiornamento: 18.05.2022<\/p>\t\t\t\t\t\t\t\t<\/div>\n\t\t\t\t<\/div>\n\t\t\t\t\t<\/div>\n\t\t<\/div>\n\t\t\t\t\t<\/div>\n\t\t<\/section>\n\t\t\t\t<\/div>\n\t\t","protected":false},"excerpt":{"rendered":"<p>Termini e condizioni generali e informazioni per i clienti I. Termini e condizioni generali \u00a7 1 Disposizioni di base (1) I seguenti termini e condizioni si applicano ai contratti stipulati con noi come fornitore (Stefan von Ryssel) chiudere tramite il sito web www.gecleant.de. Salvo diverso accordo, l&#8217;inclusione delle tue condizioni che potrebbero essere state utilizzate [&hellip;]<\/p>\n","protected":false},"author":1,"featured_media":0,"parent":0,"menu_order":0,"comment_status":"closed","ping_status":"closed","template":"","meta":{"footnotes":""},"class_list":["post-8353","page","type-page","status-publish","hentry"],"_links":{"self":[{"href":"https:\/\/www.gecleant.de\/it\/wp-json\/wp\/v2\/pages\/8353","targetHints":{"allow":["GET"]}}],"collection":[{"href":"https:\/\/www.gecleant.de\/it\/wp-json\/wp\/v2\/pages"}],"about":[{"href":"https:\/\/www.gecleant.de\/it\/wp-json\/wp\/v2\/types\/page"}],"author":[{"embeddable":true,"href":"https:\/\/www.gecleant.de\/it\/wp-json\/wp\/v2\/users\/1"}],"replies":[{"embeddable":true,"href":"https:\/\/www.gecleant.de\/it\/wp-json\/wp\/v2\/comments?post=8353"}],"version-history":[{"count":0,"href":"https:\/\/www.gecleant.de\/it\/wp-json\/wp\/v2\/pages\/8353\/revisions"}],"wp:attachment":[{"href":"https:\/\/www.gecleant.de\/it\/wp-json\/wp\/v2\/media?parent=8353"}],"curies":[{"name":"wp","href":"https:\/\/api.w.org\/{rel}","templated":true}]}}