{"id":9750,"date":"2020-12-19T16:00:52","date_gmt":"2020-12-19T14:00:52","guid":{"rendered":"https:\/\/www.gecleant.de\/helpdesk\/"},"modified":"2023-01-15T18:31:56","modified_gmt":"2023-01-15T17:31:56","slug":"helpdesk","status":"publish","type":"page","link":"https:\/\/www.gecleant.de\/it\/helpdesk\/","title":{"rendered":"Help desk"},"content":{"rendered":"\t\t<div data-elementor-type=\"wp-page\" data-elementor-id=\"9750\" class=\"elementor elementor-9750 elementor-2281\" data-elementor-post-type=\"page\">\n\t\t\t\t\t\t<section class=\"elementor-section elementor-top-section elementor-element elementor-element-4d6e0c8 elementor-section-boxed elementor-section-height-default elementor-section-height-default\" data-id=\"4d6e0c8\" data-element_type=\"section\" data-e-type=\"section\">\n\t\t\t\t\t\t<div class=\"elementor-container elementor-column-gap-default\">\n\t\t\t\t\t<div class=\"elementor-column elementor-col-33 elementor-top-column elementor-element elementor-element-7ef1d49\" data-id=\"7ef1d49\" data-element_type=\"column\" data-e-type=\"column\">\n\t\t\t<div class=\"elementor-widget-wrap elementor-element-populated\">\n\t\t\t\t\t\t<div class=\"elementor-element elementor-element-d26fa2c elementor-align-left elementor-fixed elementor-widget elementor-widget-button\" data-id=\"d26fa2c\" data-element_type=\"widget\" data-e-type=\"widget\" data-settings=\"{&quot;_position&quot;:&quot;fixed&quot;}\" data-widget_type=\"button.default\">\n\t\t\t\t<div class=\"elementor-widget-container\">\n\t\t\t\t\t\t\t\t\t<div class=\"elementor-button-wrapper\">\n\t\t\t\t\t<a class=\"elementor-button elementor-button-link elementor-size-lg\" href=\"tel:+4934146387532\">\n\t\t\t\t\t\t<span class=\"elementor-button-content-wrapper\">\n\t\t\t\t\t\t<span class=\"elementor-button-icon\">\n\t\t\t\t<i aria-hidden=\"true\" class=\"fas fa-phone-volume\"><\/i>\t\t\t<\/span>\n\t\t\t\t\t\t\t\t\t<span class=\"elementor-button-text\">+49 341 46387532<\/span>\n\t\t\t\t\t<\/span>\n\t\t\t\t\t<\/a>\n\t\t\t\t<\/div>\n\t\t\t\t\t\t\t\t<\/div>\n\t\t\t\t<\/div>\n\t\t\t\t<div class=\"elementor-element elementor-element-fbc2509 elementor-widget elementor-widget-heading\" data-id=\"fbc2509\" data-element_type=\"widget\" data-e-type=\"widget\" data-widget_type=\"heading.default\">\n\t\t\t\t<div class=\"elementor-widget-container\">\n\t\t\t\t\t<h2 class=\"elementor-heading-title elementor-size-default\">Prodotti<\/h2>\t\t\t\t<\/div>\n\t\t\t\t<\/div>\n\t\t\t\t<div class=\"elementor-element elementor-element-83d82c2 elementor-widget elementor-widget-text-editor\" data-id=\"83d82c2\" data-element_type=\"widget\" data-e-type=\"widget\" data-widget_type=\"text-editor.default\">\n\t\t\t\t<div class=\"elementor-widget-container\">\n\t\t\t\t\t\t\t\t\t<p>Produciamo noi stessi i nostri tappi di vetro da un pezzo di vetro float utilizzando fresatrici controllate da computer. I bordi sono lucidati a mano e sul lato che \u00e8 poi visibile all&#8217;esterno<b><u> un<strong> pellicola protettiva trasparente<\/strong><\/u><\/b> applicato, che viene rimosso dopo l&#8217;installazione.<\/p><\/p>\n\t\t\t\t\t\t\t\t<\/div>\n\t\t\t\t<\/div>\n\t\t\t\t<div class=\"elementor-element elementor-element-258293d elementor-widget elementor-widget-heading\" data-id=\"258293d\" data-element_type=\"widget\" data-e-type=\"widget\" data-widget_type=\"heading.default\">\n\t\t\t\t<div class=\"elementor-widget-container\">\n\t\t\t\t\t<div class=\"elementor-heading-title elementor-size-default\"><br><br>Seleziona qui il tuo veicolo:<\/div>\t\t\t\t<\/div>\n\t\t\t\t<\/div>\n\t\t\t\t<div class=\"elementor-element elementor-element-62bb1a2 elementor-widget elementor-widget-wp-widget-pektsekye_ymm_selector\" data-id=\"62bb1a2\" data-element_type=\"widget\" data-e-type=\"widget\" data-widget_type=\"wp-widget-pektsekye_ymm_selector.default\">\n\t\t\t\t<div class=\"elementor-widget-container\">\n\t\t\t\t\t<div class=\"widget-text wp_widget_plugin_box\"><div class=\"ymm-selector ymm-box\" id=\"ymm_wp-widget-pektsekye_ymm_selector\">\n    <div class=\"block-content\">\n  \n          <select class=\"ymm-select\" name=\"_year\" ><option value=\"\">-- Year --<\/option><option value=\"2026\" >2026<\/option><option value=\"2025\" >2025<\/option><option value=\"2024\" >2024<\/option><option value=\"2023\" >2023<\/option><option value=\"2022\" >2022<\/option><option value=\"2021\" >2021<\/option><option value=\"2020\" >2020<\/option><option value=\"2019\" >2019<\/option><option value=\"2018\" >2018<\/option><option value=\"2017\" >2017<\/option><option value=\"2016\" >2016<\/option><option value=\"2015\" >2015<\/option><option value=\"2014\" >2014<\/option><option value=\"2013\" >2013<\/option><option value=\"2012\" >2012<\/option><option value=\"2011\" >2011<\/option><option value=\"2010\" >2010<\/option><option value=\"2009\" >2009<\/option><option value=\"2008\" >2008<\/option><option value=\"2007\" >2007<\/option><option value=\"2006\" >2006<\/option><option value=\"2005\" >2005<\/option><option value=\"2004\" >2004<\/option><option value=\"2003\" >2003<\/option><option value=\"2002\" >2002<\/option><option value=\"2001\" >2001<\/option><option value=\"2000\" >2000<\/option><option value=\"1999\" >1999<\/option><option value=\"1998\" >1998<\/option><option value=\"1997\" >1997<\/option><option value=\"1996\" >1996<\/option><option value=\"1995\" >1995<\/option><option value=\"1994\" >1994<\/option><option value=\"1993\" >1993<\/option><option value=\"1992\" >1992<\/option><option value=\"1991\" >1991<\/option><option value=\"1990\" >1990<\/option><option value=\"1989\" >1989<\/option><option value=\"1988\" >1988<\/option><option value=\"1987\" >1987<\/option><option value=\"1986\" >1986<\/option><option value=\"1985\" >1985<\/option><option value=\"1984\" >1984<\/option><option value=\"1983\" >1983<\/option><option value=\"1982\" >1982<\/option><\/select>          <select class=\"ymm-select disabled\" name=\"_make\"  disabled=\"disabled\"><option value=\"\">-- Make --<\/option><\/select>          <select class=\"ymm-select disabled\" name=\"_model\"  disabled=\"disabled\"><option value=\"\">-- Model --<\/option><\/select>     \n    \t\t\t\t      \n      \n        \t\t\t\n    <button type=\"button\" title=\"Search\" class=\"button ymm-submit-any-selection\" ><span><span>Search<\/span><\/span><\/button>   \n               \t\t      \t          \t\t      \t      \n  <\/div>\n<\/div>\n<script>\n  jQuery(function($){\n    $('#ymm_wp-widget-pektsekye_ymm_selector').ymm({\n      ajaxUrl                  : \"https:\/\/www.gecleant.de\/wp-admin\/admin-ajax.php\",\n      ajaxShortUrl             : \"https:\/\/www.gecleant.de\/wp-content\/plugins\/ymm-search\/ymm_ajax.php\",\n      submitUrl                : \"https:\/\/www.gecleant.de\/it\/\",             \n      levelParameterNames      : [\"_year\",\"_make\",\"_model\"],\n      isCategoryPage           : 0,\n      filterCategoryPage       : 0,      \n      categorySearchEnabled    : 0,\n      wordSearchEnabled        : 0,\n      garageEnabled            : 0,\n      ymmCookieName            : \"ymm_selected\", \n      canShowExtra             : 0,\n      categoryId               : 0,      \n      categoryDefOptionTitle   : \"-- select category --\" \n                   \n    });\n  });\n<\/script>\n<\/div>\t\t\t\t<\/div>\n\t\t\t\t<\/div>\n\t\t\t\t\t<\/div>\n\t\t<\/div>\n\t\t\t\t<div class=\"elementor-column elementor-col-33 elementor-top-column elementor-element elementor-element-f2d3417\" data-id=\"f2d3417\" data-element_type=\"column\" data-e-type=\"column\">\n\t\t\t<div class=\"elementor-widget-wrap elementor-element-populated\">\n\t\t\t\t\t\t<div class=\"elementor-element elementor-element-b3ac6be elementor-widget elementor-widget-heading\" data-id=\"b3ac6be\" data-element_type=\"widget\" data-e-type=\"widget\" data-widget_type=\"heading.default\">\n\t\t\t\t<div class=\"elementor-widget-container\">\n\t\t\t\t\t<h2 class=\"elementor-heading-title elementor-size-default\">Assemblaggio<\/h2>\t\t\t\t<\/div>\n\t\t\t\t<\/div>\n\t\t\t\t<div class=\"elementor-element elementor-element-48b093b elementor-widget elementor-widget-text-editor\" data-id=\"48b093b\" data-element_type=\"widget\" data-e-type=\"widget\" data-widget_type=\"text-editor.default\">\n\t\t\t\t<div class=\"elementor-widget-container\">\n\t\t\t\t\t\t\t\t\t<p>L&#8217;assemblaggio dei nostri tappi tergicristallo posteriori in vetro su misura \u00e8 molto semplice, ma devi ancora farlo<u><b> maneggiare con cura il tappo,<\/b><\/u> poich\u00e9 il bordo pu\u00f2 facilmente staccarsi o il rivestimento del lunotto pu\u00f2 essere graffiato.<\/p>\n<p><b><u>Prego<\/u><\/b> leggi questi argomenti prima di iniziare:<\/p>\n\t\t\t\t\t\t\t\t<\/div>\n\t\t\t\t<\/div>\n\t\t\t\t\t<\/div>\n\t\t<\/div>\n\t\t\t\t<div class=\"elementor-column elementor-col-33 elementor-top-column elementor-element elementor-element-2f1e9b8\" data-id=\"2f1e9b8\" data-element_type=\"column\" data-e-type=\"column\">\n\t\t\t<div class=\"elementor-widget-wrap elementor-element-populated\">\n\t\t\t\t\t\t<div class=\"elementor-element elementor-element-598a76a elementor-widget elementor-widget-heading\" data-id=\"598a76a\" data-element_type=\"widget\" data-e-type=\"widget\" data-widget_type=\"heading.default\">\n\t\t\t\t<div class=\"elementor-widget-container\">\n\t\t\t\t\t<h2 class=\"elementor-heading-title elementor-size-default\">Denunce, contestazioni<\/h2>\t\t\t\t<\/div>\n\t\t\t\t<\/div>\n\t\t\t\t<div class=\"elementor-element elementor-element-d0a6fe0 elementor-widget elementor-widget-text-editor\" data-id=\"d0a6fe0\" data-element_type=\"widget\" data-e-type=\"widget\" data-widget_type=\"text-editor.default\">\n\t\t\t\t<div class=\"elementor-widget-container\">\n\t\t\t\t\t\t\t\t\t<p>Facciamo di tutto per garantire che le spine siano di perfetta qualit\u00e0. Per fare ci\u00f2, vengono controllati pi\u00f9 volte prima della spedizione. Tuttavia, qualcosa pu\u00f2 sempre andare storto, purch\u00e9 il file<b><u> Merce integra<\/u><\/b> ci piace scambiarli<u><b> gratuito!<\/b><\/u><b> <\/b>Puoi trovare tutte le ulteriori informazioni qui:<\/p><\/p>\n\t\t\t\t\t\t\t\t<\/div>\n\t\t\t\t<\/div>\n\t\t\t\t<div class=\"elementor-element elementor-element-965fd6e elementor-nav-menu__align-start elementor-nav-menu--dropdown-none elementor-widget elementor-widget-nav-menu\" data-id=\"965fd6e\" data-element_type=\"widget\" data-e-type=\"widget\" data-settings=\"{&quot;layout&quot;:&quot;vertical&quot;,&quot;submenu_icon&quot;:{&quot;value&quot;:&quot;&lt;i class=\\&quot;fas fa-caret-down\\&quot; aria-hidden=\\&quot;true\\&quot;&gt;&lt;\\\/i&gt;&quot;,&quot;library&quot;:&quot;fa-solid&quot;}}\" data-widget_type=\"nav-menu.default\">\n\t\t\t\t<div class=\"elementor-widget-container\">\n\t\t\t\t\t\t\t\t<nav aria-label=\"Menu\" class=\"elementor-nav-menu--main elementor-nav-menu__container elementor-nav-menu--layout-vertical e--pointer-text e--animation-float\">\n\t\t\t\t<ul id=\"menu-1-965fd6e\" class=\"elementor-nav-menu sm-vertical\"><li class=\"menu-item menu-item-type-post_type menu-item-object-page menu-item-10857\"><a href=\"https:\/\/www.gecleant.de\/it\/opzioni-di-pagamento\/\" class=\"elementor-item\">Modalit\u00e0 di pagamento<\/a><\/li>\n<li class=\"menu-item menu-item-type-post_type menu-item-object-page menu-item-10858\"><a href=\"https:\/\/www.gecleant.de\/it\/metodi-di-spedizione\/\" class=\"elementor-item\">Metodi di spedizione<\/a><\/li>\n<li class=\"menu-item menu-item-type-post_type menu-item-object-page menu-item-10859\"><a href=\"https:\/\/www.gecleant.de\/it\/impronta\/\" class=\"elementor-item\">impronta<\/a><\/li>\n<li class=\"menu-item menu-item-type-post_type menu-item-object-page menu-item-10890\"><a href=\"https:\/\/www.gecleant.de\/it\/protezione-dati\/\" class=\"elementor-item\">Protezione dati<\/a><\/li>\n<li class=\"menu-item menu-item-type-post_type menu-item-object-page menu-item-10891\"><a href=\"https:\/\/www.gecleant.de\/it\/diritto-di-recesso\/\" class=\"elementor-item\">Diritto di recesso<\/a><\/li>\n<li class=\"menu-item menu-item-type-post_type menu-item-object-page menu-item-10892\"><a href=\"https:\/\/www.gecleant.de\/it\/condizioni\/\" class=\"elementor-item\">Condizioni<\/a><\/li>\n<li class=\"menu-item menu-item-type-custom menu-item-object-custom menu-item-8431\"><a href=\"\/\" class=\"elementor-item\">zur Startseite<\/a><\/li>\n<\/ul>\t\t\t<\/nav>\n\t\t\t\t\t\t<nav class=\"elementor-nav-menu--dropdown elementor-nav-menu__container\" aria-hidden=\"true\">\n\t\t\t\t<ul id=\"menu-2-965fd6e\" class=\"elementor-nav-menu sm-vertical\"><li class=\"menu-item menu-item-type-post_type menu-item-object-page menu-item-10857\"><a href=\"https:\/\/www.gecleant.de\/it\/opzioni-di-pagamento\/\" class=\"elementor-item\" tabindex=\"-1\">Modalit\u00e0 di pagamento<\/a><\/li>\n<li class=\"menu-item menu-item-type-post_type menu-item-object-page menu-item-10858\"><a href=\"https:\/\/www.gecleant.de\/it\/metodi-di-spedizione\/\" class=\"elementor-item\" tabindex=\"-1\">Metodi di spedizione<\/a><\/li>\n<li class=\"menu-item menu-item-type-post_type menu-item-object-page menu-item-10859\"><a href=\"https:\/\/www.gecleant.de\/it\/impronta\/\" class=\"elementor-item\" tabindex=\"-1\">impronta<\/a><\/li>\n<li class=\"menu-item menu-item-type-post_type menu-item-object-page menu-item-10890\"><a href=\"https:\/\/www.gecleant.de\/it\/protezione-dati\/\" class=\"elementor-item\" tabindex=\"-1\">Protezione dati<\/a><\/li>\n<li class=\"menu-item menu-item-type-post_type menu-item-object-page menu-item-10891\"><a href=\"https:\/\/www.gecleant.de\/it\/diritto-di-recesso\/\" class=\"elementor-item\" tabindex=\"-1\">Diritto di recesso<\/a><\/li>\n<li class=\"menu-item menu-item-type-post_type menu-item-object-page menu-item-10892\"><a href=\"https:\/\/www.gecleant.de\/it\/condizioni\/\" class=\"elementor-item\" tabindex=\"-1\">Condizioni<\/a><\/li>\n<li class=\"menu-item menu-item-type-custom menu-item-object-custom menu-item-8431\"><a href=\"\/\" class=\"elementor-item\" tabindex=\"-1\">zur Startseite<\/a><\/li>\n<\/ul>\t\t\t<\/nav>\n\t\t\t\t\t\t<\/div>\n\t\t\t\t<\/div>\n\t\t\t\t\t<\/div>\n\t\t<\/div>\n\t\t\t\t\t<\/div>\n\t\t<\/section>\n\t\t\t\t<section class=\"elementor-section elementor-top-section elementor-element elementor-element-2a64640 elementor-section-boxed elementor-section-height-default elementor-section-height-default\" data-id=\"2a64640\" data-element_type=\"section\" data-e-type=\"section\">\n\t\t\t\t\t\t<div class=\"elementor-container elementor-column-gap-default\">\n\t\t\t\t\t<div class=\"elementor-column elementor-col-25 elementor-top-column elementor-element elementor-element-f939f01\" data-id=\"f939f01\" data-element_type=\"column\" data-e-type=\"column\">\n\t\t\t<div class=\"elementor-widget-wrap elementor-element-populated\">\n\t\t\t\t\t\t<div class=\"elementor-element elementor-element-8e02942 elementor-align-center elementor-widget elementor-widget-button\" data-id=\"8e02942\" data-element_type=\"widget\" data-e-type=\"widget\" data-widget_type=\"button.default\">\n\t\t\t\t<div class=\"elementor-widget-container\">\n\t\t\t\t\t\t\t\t\t<div class=\"elementor-button-wrapper\">\n\t\t\t\t\t<a class=\"elementor-button elementor-button-link elementor-size-sm\" href=\"https:\/\/www.gecleant.de\/it\/il-tuo-punteggio\/\" target=\"_blank\">\n\t\t\t\t\t\t<span class=\"elementor-button-content-wrapper\">\n\t\t\t\t\t\t<span class=\"elementor-button-icon\">\n\t\t\t\t<i aria-hidden=\"true\" class=\"fas fa-star-half-alt\"><\/i>\t\t\t<\/span>\n\t\t\t\t\t\t\t\t\t<span class=\"elementor-button-text\">Scrivere una recensione<\/span>\n\t\t\t\t\t<\/span>\n\t\t\t\t\t<\/a>\n\t\t\t\t<\/div>\n\t\t\t\t\t\t\t\t<\/div>\n\t\t\t\t<\/div>\n\t\t\t\t\t<\/div>\n\t\t<\/div>\n\t\t\t\t<div class=\"elementor-column elementor-col-50 elementor-top-column elementor-element elementor-element-c4eaefc\" data-id=\"c4eaefc\" data-element_type=\"column\" data-e-type=\"column\">\n\t\t\t<div class=\"elementor-widget-wrap elementor-element-populated\">\n\t\t\t\t\t\t<div class=\"elementor-element elementor-element-dcf0c22 elementor-align-center elementor-widget elementor-widget-button\" data-id=\"dcf0c22\" data-element_type=\"widget\" data-e-type=\"widget\" data-widget_type=\"button.default\">\n\t\t\t\t<div class=\"elementor-widget-container\">\n\t\t\t\t\t\t\t\t\t<div class=\"elementor-button-wrapper\">\n\t\t\t\t\t<a class=\"elementor-button elementor-button-link elementor-size-sm\" href=\"\/helpdesk\/ticket\" target=\"_blank\">\n\t\t\t\t\t\t<span class=\"elementor-button-content-wrapper\">\n\t\t\t\t\t\t<span class=\"elementor-button-icon\">\n\t\t\t\t<i aria-hidden=\"true\" class=\"fas fa-band-aid\"><\/i>\t\t\t<\/span>\n\t\t\t\t\t\t\t\t\t<span class=\"elementor-button-text\">Contatta il supporto<\/span>\n\t\t\t\t\t<\/span>\n\t\t\t\t\t<\/a>\n\t\t\t\t<\/div>\n\t\t\t\t\t\t\t\t<\/div>\n\t\t\t\t<\/div>\n\t\t\t\t<div class=\"elementor-element elementor-element-2ca6bda elementor-widget elementor-widget-html\" data-id=\"2ca6bda\" data-element_type=\"widget\" data-e-type=\"widget\" data-widget_type=\"html.default\">\n\t\t\t\t<div class=\"elementor-widget-container\">\n\t\t\t\t\t<!--Begin Comm100 Live Chat Code-->\n<div id=\"comm100-button-e1000000-0000-0000-0000-008e0001e67f\"><\/div>\n<script type=\"text\/javascript\">\n  var Comm100API=Comm100API||{};(function(t){function e(e){var a=document.createElement(\"script\"),c=document.getElementsByTagName(\"script\")[0];a.type=\"text\/javascript\",a.async=!0,a.src=e+t.site_id,c.parentNode.insertBefore(a,c)}t.chat_buttons=t.chat_buttons||[],t.chat_buttons.push({code_plan:\"e1000000-0000-0000-0000-008e0001e67f\",div_id:\"comm100-button-e1000000-0000-0000-0000-008e0001e67f\"}),t.site_id=124543,t.main_code_plan=\"e1000000-0000-0000-0000-008e0001e67f\",e(\"https:\/\/vue.comm100.com\/livechat.ashx?siteId=\"),setTimeout(function(){t.loaded||e(\"https:\/\/standby.comm100vue.com\/livechat.ashx?siteId=\")},5e3)})(Comm100API||{})\n<\/script>\n<!--End Comm100 Live Chat Code-->\t\t\t\t<\/div>\n\t\t\t\t<\/div>\n\t\t\t\t<div class=\"elementor-element elementor-element-09f0bea elementor-widget elementor-widget-heading\" data-id=\"09f0bea\" data-element_type=\"widget\" data-e-type=\"widget\" data-widget_type=\"heading.default\">\n\t\t\t\t<div class=\"elementor-widget-container\">\n\t\t\t\t\t<h3 class=\"elementor-heading-title elementor-size-default\">I problemi possono essere risolti pi\u00f9 rapidamente per telefono! Chiamata <b>\n  <a href=\"tel:+4934146387532\">+49 341 46387532<\/a>\n<\/b> e aiutateci a ridurre l'enorme quantit\u00e0 di e-mail. GRAZIE!<\/h3>\t\t\t\t<\/div>\n\t\t\t\t<\/div>\n\t\t\t\t\t<\/div>\n\t\t<\/div>\n\t\t\t\t<div class=\"elementor-column elementor-col-25 elementor-top-column elementor-element elementor-element-dcc3f71\" data-id=\"dcc3f71\" data-element_type=\"column\" data-e-type=\"column\">\n\t\t\t<div class=\"elementor-widget-wrap elementor-element-populated\">\n\t\t\t\t\t\t<div class=\"elementor-element elementor-element-c3f00b4 elementor-align-center elementor-widget elementor-widget-button\" data-id=\"c3f00b4\" data-element_type=\"widget\" data-e-type=\"widget\" data-widget_type=\"button.default\">\n\t\t\t\t<div class=\"elementor-widget-container\">\n\t\t\t\t\t\t\t\t\t<div class=\"elementor-button-wrapper\">\n\t\t\t\t\t<a class=\"elementor-button elementor-button-link elementor-size-sm\" href=\"\/helpdesk\/ticket\" target=\"_blank\">\n\t\t\t\t\t\t<span class=\"elementor-button-content-wrapper\">\n\t\t\t\t\t\t<span class=\"elementor-button-icon\">\n\t\t\t\t<i aria-hidden=\"true\" class=\"fas fa-backspace\"><\/i>\t\t\t<\/span>\n\t\t\t\t\t\t\t\t\t<span class=\"elementor-button-text\">Inizia il ritorno<\/span>\n\t\t\t\t\t<\/span>\n\t\t\t\t\t<\/a>\n\t\t\t\t<\/div>\n\t\t\t\t\t\t\t\t<\/div>\n\t\t\t\t<\/div>\n\t\t\t\t\t<\/div>\n\t\t<\/div>\n\t\t\t\t\t<\/div>\n\t\t<\/section>\n\t\t\t\t<\/div>\n\t\t","protected":false},"excerpt":{"rendered":"<p>+49 341 46387532 Prodotti Produciamo noi stessi i nostri tappi di vetro da un pezzo di vetro float utilizzando fresatrici controllate da computer. I bordi sono lucidati a mano e sul lato che \u00e8 poi visibile all&#8217;esterno un pellicola protettiva trasparente applicato, che viene rimosso dopo l&#8217;installazione. Seleziona qui il tuo veicolo: Assemblaggio L&#8217;assemblaggio dei [&hellip;]<\/p>\n","protected":false},"author":1,"featured_media":0,"parent":0,"menu_order":0,"comment_status":"closed","ping_status":"closed","template":"","meta":{"footnotes":""},"class_list":["post-9750","page","type-page","status-publish","hentry"],"_links":{"self":[{"href":"https:\/\/www.gecleant.de\/it\/wp-json\/wp\/v2\/pages\/9750","targetHints":{"allow":["GET"]}}],"collection":[{"href":"https:\/\/www.gecleant.de\/it\/wp-json\/wp\/v2\/pages"}],"about":[{"href":"https:\/\/www.gecleant.de\/it\/wp-json\/wp\/v2\/types\/page"}],"author":[{"embeddable":true,"href":"https:\/\/www.gecleant.de\/it\/wp-json\/wp\/v2\/users\/1"}],"replies":[{"embeddable":true,"href":"https:\/\/www.gecleant.de\/it\/wp-json\/wp\/v2\/comments?post=9750"}],"version-history":[{"count":0,"href":"https:\/\/www.gecleant.de\/it\/wp-json\/wp\/v2\/pages\/9750\/revisions"}],"wp:attachment":[{"href":"https:\/\/www.gecleant.de\/it\/wp-json\/wp\/v2\/media?parent=9750"}],"curies":[{"name":"wp","href":"https:\/\/api.w.org\/{rel}","templated":true}]}}