{"id":56620,"date":"2021-05-19T13:21:56","date_gmt":"2021-05-19T11:21:56","guid":{"rendered":"https:\/\/www.gecleant.de\/shop\/unkategorisiert\/tappo-in-vetro-per-honda\/"},"modified":"2022-04-15T18:12:45","modified_gmt":"2022-04-15T16:12:45","slug":"tappo-vetro-per-honda-gs14","status":"publish","type":"product","link":"https:\/\/www.gecleant.de\/it\/shop\/copertura-foro-tergicristallo-posteriore-in-vetro\/honda-accord-civic-cr-v-hondae-integra-it\/tappo-vetro-per-honda-gs14\/","title":{"rendered":"Tappo in vetro per Honda"},"content":{"rendered":"<p>Compri la qualit\u00e0 qui. Siamo gli inventori del coperchio del tergicristallo posteriore in vetro. I nostri copri foro tergicristallo sono fresati da un pezzo di vetro float e sono personalizzati per il tuo veicolo. Se rimuovi il tergilunotto (forse difettoso;)) dalla tua auto, rimane un piccolo foro nel lunotto, che puoi chiudere a filo con il nostro tappo di vetro. Alcune persone vogliono sapere come riparare il tergicristallo posteriore difettoso e scoprire quanto sia costosa una riparazione. Invece di sostituire \/ riparare il braccio del tergicristallo difettoso o il motorino del tergicristallo nella parte posteriore, con i nostri tappi di tenuta offriamo una parte di ricambio semplice ed economica che tutti possono installare da soli. L&#8217;ugello del liquido lavavetri \u00e8 sigillato e, nei veicoli pi\u00f9 recenti, il bus CAN \u00e8 codificato. Finito. \u00c8 possibile trovare una guida alla riparazione per la rimozione e l&#8217;installazione del tergilunotto nel nostro help desk.<\/p>\n<p>Oh, e importante: la parte posteriore del nostro tappo \u00e8 rivestita in nero e la parte anteriore \u00e8 ricoperta da una pellicola protettiva trasparente in modo che nulla venga graffiato quando viene inserito nel lunotto, quindi per favore non sorprenderti per l&#8217;aspetto opaco \/ lattiginoso di il tappo e rimuovere semplicemente la pellicola protettiva dopo averla inserita nella finestra tirare fuori.<\/p>\n<p>Un aspetto OEM perfettamente pulito \u00e8 la nostra massima priorit\u00e0. Ecco perch\u00e9 lucidiamo a mano il bordo visibile dell&#8217;inserto in vetro e il nostro team sottopone ogni tappo a un preciso controllo di qualit\u00e0 prima che vi venga inviato. Se sei ancora insoddisfatto, contattaci, sostituiremo gratuitamente le coperture in vetro non idonee (se non sono danneggiate) &#8211; e se hai fatto cadere il tappo o lo hai danneggiato accidentalmente quando lo hai provato, troveremo una soluzione equa e invialo a un prezzo conveniente Sostituzione, quindi non preoccuparti &#8230; scrivici a support@gecleant.de e saremo l\u00ec per te il prima possibile.<\/p>\n","protected":false},"excerpt":{"rendered":"<p>Compri la qualit\u00e0 qui. Siamo gli inventori del coperchio del tergicristallo posteriore in vetro. I nostri copri foro tergicristallo sono fresati da un pezzo di vetro float e sono personalizzati per il tuo veicolo. Se rimuovi il tergilunotto (forse difettoso;)) dalla tua auto, rimane un piccolo foro nel lunotto, che puoi chiudere a filo con [&hellip;]<\/p>\n","protected":false},"featured_media":11912,"comment_status":"open","ping_status":"closed","template":"","meta":[],"product_brand":[],"product_cat":[1272,1515],"product_tag":[],"class_list":{"0":"post-56620","1":"product","2":"type-product","3":"status-publish","4":"has-post-thumbnail","6":"product_cat-copertura-foro-tergicristallo-posteriore-in-vetro","7":"product_cat-honda-accord-civic-cr-v-hondae-integra-it","9":"first","10":"instock","11":"virtual","12":"sold-individually","13":"taxable","14":"purchasable","15":"product-type-bundle"},"bundled_by":[],"bundle_stock_status":"instock","bundle_stock_quantity":"","bundle_virtual":false,"bundle_layout":"tabular","bundle_add_to_cart_form_location":"default","bundle_editable_in_cart":true,"bundle_sold_individually_context":"configuration","bundle_item_grouping":"parent","bundle_min_size":1,"bundle_max_size":"","bundle_price":{"price":{"min":{"incl_tax":"25","excl_tax":"21.01"},"max":{"incl_tax":"350","excl_tax":"294.11"}},"regular_price":{"min":{"incl_tax":"25","excl_tax":"21.01"},"max":{"incl_tax":"375","excl_tax":"315.12"}}},"bundled_items":[{"bundled_item_id":8945,"product_id":50397,"menu_order":0,"quantity_min":1,"quantity_max":10,"quantity_default":1,"priced_individually":true,"shipped_individually":false,"override_title":true,"title":"Adatto a<span id=\"modelX\"> Il tuo veicolo<\/span> <span id=\"baujahr\"><\/span>","override_description":false,"description":"Tappo di vetro n. 14","optional":false,"hide_thumbnail":false,"discount":"","override_variations":false,"allowed_variations":[""],"override_default_variation_attributes":false,"default_variation_attributes":[],"single_product_visibility":"visible","cart_visibility":"hidden","order_visibility":"visible","single_product_price_visibility":"visible","cart_price_visibility":"hidden","order_price_visibility":"visible","stock_status":"on_backorder"},{"bundled_item_id":8946,"product_id":51078,"menu_order":1,"quantity_min":0,"quantity_max":10,"quantity_default":1,"priced_individually":true,"shipped_individually":false,"override_title":false,"title":"Set di colla (colla + detergente)","override_description":false,"description":"Set di colla (colla + detergente)","optional":false,"hide_thumbnail":false,"discount":"","override_variations":false,"allowed_variations":[""],"override_default_variation_attributes":true,"default_variation_attributes":[],"single_product_visibility":"visible","cart_visibility":"visible","order_visibility":"visible","single_product_price_visibility":"hidden","cart_price_visibility":"hidden","order_price_visibility":"hidden","stock_status":"on_backorder"}],"bundle_sell_ids":[],"_links":{"self":[{"href":"https:\/\/www.gecleant.de\/it\/wp-json\/wp\/v2\/product\/56620","targetHints":{"allow":["GET"]}}],"collection":[{"href":"https:\/\/www.gecleant.de\/it\/wp-json\/wp\/v2\/product"}],"about":[{"href":"https:\/\/www.gecleant.de\/it\/wp-json\/wp\/v2\/types\/product"}],"replies":[{"embeddable":true,"href":"https:\/\/www.gecleant.de\/it\/wp-json\/wp\/v2\/comments?post=56620"}],"version-history":[{"count":0,"href":"https:\/\/www.gecleant.de\/it\/wp-json\/wp\/v2\/product\/56620\/revisions"}],"wp:featuredmedia":[{"embeddable":true,"href":"https:\/\/www.gecleant.de\/it\/wp-json\/wp\/v2\/media\/11912"}],"wp:attachment":[{"href":"https:\/\/www.gecleant.de\/it\/wp-json\/wp\/v2\/media?parent=56620"}],"wp:term":[{"taxonomy":"product_brand","embeddable":true,"href":"https:\/\/www.gecleant.de\/it\/wp-json\/wp\/v2\/product_brand?post=56620"},{"taxonomy":"product_cat","embeddable":true,"href":"https:\/\/www.gecleant.de\/it\/wp-json\/wp\/v2\/product_cat?post=56620"},{"taxonomy":"product_tag","embeddable":true,"href":"https:\/\/www.gecleant.de\/it\/wp-json\/wp\/v2\/product_tag?post=56620"}],"curies":[{"name":"wp","href":"https:\/\/api.w.org\/{rel}","templated":true}]}}