{"id":8362,"date":"2020-12-09T18:15:21","date_gmt":"2020-12-09T16:15:21","guid":{"rendered":"https:\/\/www.gecleant.de\/forhold\/"},"modified":"2022-05-18T10:31:49","modified_gmt":"2022-05-18T08:31:49","slug":"forhold","status":"publish","type":"page","link":"https:\/\/www.gecleant.de\/no\/forhold\/","title":{"rendered":"Forhold"},"content":{"rendered":"\t\t<div data-elementor-type=\"wp-page\" data-elementor-id=\"8362\" class=\"elementor elementor-8362 elementor-2459\" data-elementor-post-type=\"page\">\n\t\t\t\t\t\t<section class=\"elementor-section elementor-top-section elementor-element elementor-element-371c7c5b elementor-section-boxed elementor-section-height-default elementor-section-height-default\" data-id=\"371c7c5b\" data-element_type=\"section\" data-e-type=\"section\">\n\t\t\t\t\t\t<div class=\"elementor-container elementor-column-gap-default\">\n\t\t\t\t\t<div class=\"elementor-column elementor-col-100 elementor-top-column elementor-element elementor-element-20c90e4c\" data-id=\"20c90e4c\" data-element_type=\"column\" data-e-type=\"column\">\n\t\t\t<div class=\"elementor-widget-wrap elementor-element-populated\">\n\t\t\t\t\t\t<div class=\"elementor-element elementor-element-6ba8a3c7 elementor-widget elementor-widget-text-editor\" data-id=\"6ba8a3c7\" data-element_type=\"widget\" data-e-type=\"widget\" data-widget_type=\"text-editor.default\">\n\t\t\t\t<div class=\"elementor-widget-container\">\n\t\t\t\t\t\t\t\t\t<p><span class=\"gecleant_Titel\"><strong>Generelle vilk\u00e5r og kundeinformasjon<\/strong><\/span><\/p><p><span class=\"gecleant_Paragraph\"><strong>I. Generelle vilk\u00e5r<\/strong><\/span><\/p><p><span class=\"gecleant_Paragraph\"><strong>\u00a7 1 Grunnleggende bestemmelser<\/strong><\/span><\/p><p><span class=\"gecleant_Absatz\"><strong>(1)<\/strong> F\u00f8lgende vilk\u00e5r gjelder for kontrakter som du inng\u00e5r med oss som leverand\u00f8r<strong> (Stefan von Ryssel)<\/strong> lukk via nettstedet www.gecleant.de. Med mindre annet er avtalt, motsiges inkluderingen av dine egne betingelser som kan ha blitt brukt av deg.<\/span><\/p><p><span class=\"gecleant_Absatz\"><strong>(2)<\/strong> En forbruker i henhold til f\u00f8lgende regelverk er enhver fysisk person som inng\u00e5r en lovlig transaksjon for form\u00e5l som overveiende ikke kan tilskrives deres kommersielle eller deres uavhengige profesjonelle virksomhet. En gr\u00fcnder er enhver fysisk eller juridisk person eller et juridisk partnerskap som, n\u00e5r de avslutter en juridisk transaksjon, ut\u00f8ver sin uavhengige profesjonelle eller kommersielle aktivitet.<\/span><\/p><p><span class=\"gecleant_Paragraph\"><strong>\u00a7 2 Kontraktsinng\u00e5else<\/strong><\/span><\/p><p><span class=\"gecleant_Absatz\"><strong>(1)<\/strong> Kontraktsemnet er salg av varer<\/span><span class=\"gecleant_Absatz\"> .<\/span><\/p><p><span class=\"gecleant_Absatz\"><strong>(2)<\/strong> S\u00e5 snart det respektive produktet er lagt ut p\u00e5 nettstedet v\u00e5rt, sender vi inn et bindende tilbud om \u00e5 inng\u00e5 en kontrakt for online handlekurvsystemet under de vilk\u00e5r som er spesifisert i varebeskrivelsen.<\/span><\/p><p><span class=\"gecleant_Absatz\"><strong>(3)<\/strong> Kontrakten inng\u00e5s via online handlekurv-systemet som f\u00f8lger:<br>Varene som er beregnet for kj\u00f8p plasseres i &laquo;handlekurven&raquo;. Du kan bruke den tilsvarende knappen i navigasjonsfeltet for \u00e5 hente frem &laquo;handlekurven&raquo; og gj\u00f8re endringer der n\u00e5r som helst.<br>Etter \u00e5 ha hentet &laquo;Kasse&raquo; -siden og lagt inn dine personlige data samt betalings- og leveringsbetingelser, vil bestillingsdataene vises som en ordreoversikt.<\/span><\/p><p><span class=\"gecleant_Absatz\">Hvis du bruker et \u00f8yeblikkelig betalingssystem (f.eks. PayPal \/ PayPal Express, Stripe, Sofort\u00fcberweisung) som betalingsm\u00e5te, blir du enten sendt til ordreoversiktssiden i v\u00e5r nettbutikk eller videresendt til nettstedet til leverand\u00f8ren av \u00f8yeblikkelig betalingssystem.<br>Hvis du blir videresendt til det respektive \u00f8yeblikkelige betalingssystemet, gj\u00f8r du det riktige valget eller skriv inn dataene dine der. Til slutt vil du f\u00e5 vist ordredataene som en ordreoversikt p\u00e5 nettstedet til leverand\u00f8ren av \u00f8yeblikkelig betalingssystem eller etter at du har blitt sendt tilbake til v\u00e5r nettbutikk.<\/span><\/p><p><span class=\"gecleant_Absatz\">F\u00f8r du sender inn bestillingen, har du muligheten til \u00e5 sjekke informasjonen i ordreoversikten p\u00e5 nytt, endre den (ogs\u00e5 via &laquo;tilbake&raquo; -funksjonen i nettleseren) eller \u00e5 kansellere bestillingen. <\/span><br><span class=\"gecleant_Absatz\">Ved \u00e5 sende inn bestillingen ved hjelp av &laquo;Kj\u00f8p&raquo; -knappen, erkl\u00e6rer du din juridisk bindende aksept av tilbudet, der kontrakten inng\u00e5s. <\/span><\/p><p><span class=\"gecleant_Absatz\"><strong>(4)<\/strong> Dine henvendelser for \u00e5 utarbeide et tilbud er uforpliktende for deg. Vi vil gi deg et bindende tilbud i tekstform (f.eks. Via e-post), som du kan godta innen 5 dager (med mindre en annen periode er spesifisert i det respektive tilbudet).<\/span><\/p><p><span class=\"gecleant_Absatz\"><strong>(5)<\/strong> Behandlingen av bestillingen og overf\u00f8ring av all informasjon som kreves i forbindelse med inng\u00e5else av kontrakten, er delvis automatisert via e-post. Du m\u00e5 derfor s\u00f8rge for at e-postadressen du har lagret hos oss er korrekt, at mottak av e-post er teknisk sikret og, spesielt, ikke forhindres av SPAM-filtre.<\/span><\/p><p><span class=\"gecleant_Paragraph\"><strong>\u00a7 3<\/strong><strong> Individuelt designede varer<\/strong><\/span><\/p><p><strong><span class=\"gecleant_Absatz\">(1)  <\/span><\/strong><span class=\"gecleant_Absatz\">Du gir oss riktig informasjon, tekster eller filer som kreves for den individuelle utformingen av varene via det online bestillingssystemet eller via e-post senest umiddelbart etter kontraktsinng\u00e5elsen. V\u00e5re mulige spesifikasjoner for filformater m\u00e5 overholdes.<br><\/span><br><strong><span class=\"gecleant_Absatz\">(2)<\/span><\/strong><span class=\"gecleant_Absatz\"> Du forplikter deg til ikke \u00e5 overf\u00f8re data med innhold som bryter med tredjeparts rettigheter (spesielt opphavsrett, navngivningsrettigheter, varemerkerettigheter) eller bryter med eksisterende lover. Du skadesl\u00f8sgj\u00f8r oss mot alle tredjeparts krav hevdet i denne sammenheng. Dette gjelder ogs\u00e5 kostnadene ved juridisk representasjon som kreves i denne sammenheng.<br><\/span><br><strong><span class=\"gecleant_Absatz\">(3)<\/span><\/strong><span class=\"gecleant_Absatz\"> Vi sjekker ikke de overf\u00f8rte dataene for korrekthet og p\u00e5tar seg ikke noe ansvar for feil.<\/span><\/p><p><span class=\"gecleant_Paragraph\"><strong>\u00a7 4 Spesielle avtaler om betalingsm\u00e5ter som tilbys<\/strong><\/span><\/p><p><span class=\"gecleant_Absatz\"><strong>(1) Betaling via Stripe<\/strong><br>I samarbeid med <a href=\"https:\/\/stripe.com\" target=\"_blank\" rel=\"noopener noreferrer nofollow\">Stripe, Inc. 510 Townsend Street San Francisco, CA 94103, USA)<\/a>tilbyr vi f\u00f8lgende betalingsalternativer. Betaling skjer til Stripe: https:\/\/www.stripe.com<\/span><\/p><p><span class=\"gecleant_Absatz\"><strong>\u00d8yeblikkelig bankoverf\u00f8ring:<\/strong> Tilgjengelig i Tyskland og \u00d8sterrike. Kontoen din blir belastet umiddelbart etter at du har lagt inn bestillingen.<\/span><\/p><p><span class=\"gecleant_Absatz\"><strong>(2) SEPA-Stripe autogiro (grunnleggende og \/ eller selskapets direkte belastning)<\/strong><br>N\u00e5r du betaler med SEPA-kjernegiro- eller SEPA-direktegiro, gir du oss fullmakt til \u00e5 samle inn fakturabel\u00f8pet fra den angitte kontoen ved \u00e5 utstede et tilsvarende SEPA-mandat. <\/span><br><span class=\"gecleant_Absatz\">Autogiro blir samlet inn innen 10 dager etter kontraktsinng\u00e5elsen.<\/span><br><span class=\"gecleant_Absatz\">Fristen for \u00e5 sende inn forh\u00e5ndsvarslingen blir forkortet til 5 dager f\u00f8r forfallsdato. Du er forpliktet til \u00e5 sikre at kontoen har tilstrekkelige midler p\u00e5 forfallsdatoen. I tilfelle returbelastning p\u00e5 grunn av din feil, m\u00e5 du b\u00e6re bankgebyret.<\/span><\/p><p><span class=\"gecleant_Absatz\">For mer informasjon og Stripes bruksvilk\u00e5r, se<a href=\"https:\/\/stripe.com\/de\/legal\" target=\"_blank\" rel=\"noopener noreferrer nofollow\"> her<\/a> . Ta kontakt med Stripe for generell informasjon<a href=\"https:\/\/stripe.com\/de\" target=\"_blank\" rel=\"noopener noreferrer nofollow\"> her<\/a> . Dine personlige opplysninger blir behandlet av Stripe i samsvar med gjeldende databeskyttelsesforskrifter og i samsvar med informasjonen i<a href=\"https:\/\/stripe.com\/de\/legal\" target=\"_blank\" rel=\"noopener noreferrer nofollow\"> Retningslinjer for personvern p\u00e5 Stripes<\/a> behandlet.<\/span><\/p><p><strong><span class=\"gecleant_Paragraph\">\u00a7 5 tilbakeholdelsesrett<\/span><\/strong><strong><span class=\"gecleant_Paragraph\"> , Oppbevaring av tittel<\/span><\/strong><\/p><p><span class=\"gecleant_Absatz\"><strong>(1)<\/strong> Du kan bare ut\u00f8ve en tilbakeholdsrett hvis det gjelder krav fra samme kontraktsforhold.<\/span><\/p><p><span class=\"gecleant_Absatz\"><strong>(2)<\/strong> Varene forblir v\u00e5r eiendom til kj\u00f8pesummen er betalt i sin helhet.<\/span><\/p><p><span class=\"gecleant_Absatz\"><strong>(3)<\/strong> Hvis du er gr\u00fcnder, gjelder ogs\u00e5 f\u00f8lgende:<\/span><\/p><p>a) Vi forbeholder oss eiendomsretten til alle krav fra det n\u00e5v\u00e6rende forretningsforholdet er avgjort i sin helhet. Pant eller sikkerhetsoverf\u00f8ring er ikke tillatt f\u00f8r overf\u00f8ring av eierskap til de reserverte varene.<\/p><p>b) Du kan videreselge varene i ordin\u00e6r virksomhet. I dette tilfellet tildeler du oss alle krav i bel\u00f8pet p\u00e5 fakturabel\u00f8pet som tilfaller deg fra videresalget, vi godtar oppdraget. Du er videre autorisert til \u00e5 innhente kravet. Men hvis du ikke klarer \u00e5 oppfylle betalingsforpliktelsene dine, forbeholder vi oss retten til \u00e5 innkreve kravet selv.<\/p><p>c) N\u00e5r vi kombinerer og blander de reserverte varene, f\u00e5r vi sameie av den nye varen i forholdet mellom fakturaverdien til de reserverte varene og de andre behandlede varene p\u00e5 behandlingstidspunktet.<\/p><p>d) Vi forplikter oss til \u00e5 frigj\u00f8re verdipapirene som vi har krav p\u00e5 p\u00e5 din foresp\u00f8rsel, i den grad den realiserbare verdien av verdipapirene v\u00e5re overstiger kravet om \u00e5 v\u00e6re sikret med mer enn 10%. Valget av verdipapirene som skal frigj\u00f8res, p\u00e5hviler oss.<\/p><p><strong><span class=\"gecleant_Paragraph\">\u00a7 6 Garanti<\/span><\/strong><\/p><p><span class=\"gecleant_Absatz\"><strong>(1)<\/strong> De lovbestemte garantirettighetene gjelder.<\/span><\/p><p><strong><span class=\"gecleant_Absatz\">(2)<\/span><\/strong><span class=\"gecleant_Absatz\"> Som forbruker blir du bedt om \u00e5 kontrollere varen for fullstendighet, \u00e5penbare mangler og transportskader umiddelbart etter levering og \u00e5 varsle oss og transport\u00f8ren om eventuelle klager s\u00e5 snart som mulig. Hvis du ikke gj\u00f8r det, har dette ingen innvirkning p\u00e5 dine lovp\u00e5lagte garantikrav.<\/span><\/p><p><span class=\"gecleant_Absatz\"><strong>(3)<\/strong> Hvis du er gr\u00fcnder, gjelder f\u00f8lgende i avvik fra ovennevnte garantibestemmelser:<\/span><\/p><p><strong>en)<\/strong> Bare v\u00e5r egen informasjon og produsentens produktbeskrivelse anses \u00e5 v\u00e6re avtalt som kvaliteten p\u00e5 varen, men ikke annen reklame, offentlige kampanjer og uttalelser fra produsenten.<\/p><p><strong>b)<\/strong> I tilfelle feil, garanterer vi, etter v\u00e5rt valg, reparasjon eller p\u00e5f\u00f8lgende levering. Hvis eliminering av mangelen mislykkes, kan du enten be om prisreduksjon eller trekke deg fra kontrakten. Retting av mangler anses \u00e5 ha mislyktes etter et mislykket andre fors\u00f8k, med mindre noe annet s\u00e6rlig skyldes artens art eller mangelen eller de andre omstendighetene. I tilfelle reparasjoner, trenger vi ikke b\u00e6re de \u00f8kte kostnadene som oppst\u00e5r ved forsendelse av varene til et annet sted enn ytelsesstedet, forutsatt at forsendelsen ikke samsvarer med den tiltenkte bruken av varene.<\/p><p><strong>c)<\/strong> Garantiperioden er ett \u00e5r fra leveringsdatoen. Forkortelsen av fristen gjelder ikke:<\/p><p><span class=\"gecleant_Absatz\">&#8211; skyldig skyldig skade som kan tilskrives oss fra skade p\u00e5 liv, kropp eller helse og i tilfelle annen skade for\u00e5rsaket forsettlig eller gjennom grov uaktsomhet;<\/span><br><span class=\"gecleant_Absatz\">&#8211; s\u00e5 langt vi har bedratt svindelen eller har gitt en garanti for kvaliteten p\u00e5 varen;<\/span><br><span class=\"gecleant_Absatz\">&#8211; for ting som har blitt brukt til en bygning i samsvar med normal bruk og som har for\u00e5rsaket dens mangler;<\/span><br><span class=\"gecleant_Absatz\">&#8211; I tilfelle juridisk regress krav som du har mot oss i forbindelse med garantirettigheter.<\/span><\/p><p><strong><span class=\"gecleant_Paragraph\">\u00a7 7 lovvalg<\/span><\/strong><\/p><p><span class=\"gecleant_Absatz\"><strong>(1)<\/strong> Tysk lov gjelder. N\u00e5r det gjelder forbrukere, gjelder dette lovvalget bare i den grad dette ikke fjerner beskyttelsen gitt av de obligatoriske bestemmelsene i lovgivningen i den staten hvor forbrukeren har sin faste bopel (favorittprinsipp).<\/span><\/p><p><span class=\"gecleant_Absatz\"><strong>(2)<\/strong> Bestemmelsene i FNs salgslov gjelder ikke uttrykkelig.<\/span><\/p><hr><p><span class=\"gecleant_Absatz\"><br><strong><span class=\"gecleant_Paragraph\">II. Kundeinformasjon <\/span><\/strong><\/span><\/p><p><span class=\"gecleant_Paragraph\"><strong>1. Identitet p\u00e5 selger<\/strong><\/span><\/p><p>Stefan von Ryssel<br>I tips 5<br>04159 Leipzig<br>Tyskland<br>Telefon: +4934146387532<br>E-post: info@gecleant.com<\/p><p><strong>Alternativ tvistel\u00f8sning:<\/strong><br>EU-kommisjonen tilbyr en plattform for online tvistel\u00f8sning utenfor domstolen (OS-plattform), tilgjengelig p\u00e5<a href=\"https:\/\/ec.europa.eu\/odr\" target=\"_blank\" rel=\"noopener noreferrer nofollow\"> https:\/\/ec.europa.eu\/odr<\/a> .<\/p><p><strong><span class=\"gecleant_Paragraph\">2. Informasjon om kontraktsdannelse<\/span><\/strong><\/p><p>De tekniske trinnene for inng\u00e5else av kontrakten, selve kontraktsinng\u00e5elsen og korrigeringsalternativene utf\u00f8res i samsvar med bestemmelsene &laquo;Kontraktsinng\u00e5else&raquo; i v\u00e5re generelle vilk\u00e5r og betingelser (del I.)<\/p><p><span class=\"gecleant_Paragraph\"><strong>3. Kontraktsspr\u00e5k, lagring av kontraktstekst<\/strong><\/span><\/p><p>3.1. Kontraktsspr\u00e5ket er tysk.<\/p><p>3.2. Vi lagrer ikke hele teksten til kontrakten. F\u00f8r du sender ordren via online handlekurv-systemet, kan kontraktsdataene skrives ut eller lagres elektronisk ved hjelp av nettleserens utskriftsfunksjon. Etter at vi har mottatt bestillingen, vil bestillingsdataene, informasjonen som kreves ved lov for fjernsalgskontrakter og de generelle vilk\u00e5rene, bli sendt til deg igjen via e-post.<\/p><p>3.3. For foresp\u00f8rsler om tilbud utenfor online handlekurvsystemet, vil du motta alle kontraktsdata som en del av et bindende tilbud i tekstform, for eksempel via e-post, som du kan skrive ut eller lagre elektronisk.<\/p><p><strong><span class=\"gecleant_Paragraph\">4. Viktige egenskaper ved produktet eller tjenesten<\/span><\/strong><\/p><p>De viktigste egenskapene til varene og \/ eller tjenestene finner du i det respektive tilbudet.<\/p><p><strong><span class=\"gecleant_Paragraph\">5. Priser og betalingsm\u00e5ter<\/span><\/strong><\/p><p>5.1. Prisene som er oppf\u00f8rt i de respektive tilbudene samt fraktkostnadene representerer totale priser. De inneholder alle priskomponenter inkludert alle gjeldende avgifter.<\/p><p>5.2. Fraktkostnadene er ikke inkludert i kj\u00f8pesummen. De kan hentes via en tilsvarende merket knapp p\u00e5 nettstedet v\u00e5rt eller i det respektive tilbudet, vises separat under bestillingsprosessen og skal b\u00e6res av deg i tillegg, med mindre gratis levering er blitt lovet.<\/p><p>5.3. Hvis leveransen skjer til land utenfor EU, kan vi p\u00e5dra oss ekstra kostnader som vi ikke er ansvarlige for, for eksempel toll, avgifter eller pengeoverf\u00f8ringsgebyrer (overf\u00f8rings- eller valutakursavgifter fra kredittinstitusjonene), som du m\u00e5 b\u00e6re.<\/p><p>5.4. Eventuelle kostnader som p\u00e5l\u00f8per for overf\u00f8ring av penger (overf\u00f8rings- eller valutakursavgifter til kredittinstitusjonene) skal b\u00e6res av deg i tilfeller der levering skjer til et EU-land, men betalingen er iverksatt utenfor EU.<\/p><p>5.5. Betalingsm\u00e5tene som er tilgjengelige for deg vises under en tilsvarende merket knapp p\u00e5 nettstedet v\u00e5rt eller i det respektive tilbudet.<\/p><p>5.6. Med mindre annet er angitt for de enkelte betalingsm\u00e5tene, forfaller betalingskravene fra den inng\u00e5tte kontrakten til betaling umiddelbart.<\/p><p><strong><span class=\"gecleant_Paragraph\">6. Leveringsbetingelser<\/span><\/strong><\/p><p>6.1. Leveringsbetingelsene, leveringsdatoen og eventuelle leveringsbegrensninger finner du under en tilsvarende knapp p\u00e5 nettstedet v\u00e5rt eller i det respektive tilbudet.<\/p><p>6.2. S\u00e5 langt du er forbruker, er det regulert i loven at risikoen for utilsiktet tap og utilsiktet forringelse av varene som selges under forsendelsen bare overf\u00f8res til deg n\u00e5r varene overleveres, uavhengig av om forsendelsen er forsikret eller uforsikret. Dette gjelder ikke hvis du uavhengig har bestilt et transportselskap som ikke er oppkalt av gr\u00fcnderen eller en person som ellers er utnevnt til \u00e5 utf\u00f8re forsendelsen.<\/p><p>Hvis du er gr\u00fcnder, er levering og forsendelse p\u00e5 egen risiko.<\/p><p><strong><span class=\"gecleant_Paragraph\">7. Lovfestede garantirettigheter <\/span><\/strong><\/p><p>Ansvaret for mangler er basert p\u00e5 &laquo;Garantibestemmelse&raquo; i v\u00e5re generelle vilk\u00e5r (del I).<\/p><p>Disse vilk\u00e5rene og kundeinformasjonen ble opprettet av advokater fra H\u00e4ndlerbund som spesialiserer seg p\u00e5 IT-lov og blir kontinuerlig kontrollert for juridisk samsvar. H\u00e4ndlerbund Management AG garanterer rettssikkerheten til tekstene og er ansvarlig i tilfelle advarsler.<\/p><p>siste oppdatering: 18.05.2022<\/p>\t\t\t\t\t\t\t\t<\/div>\n\t\t\t\t<\/div>\n\t\t\t\t\t<\/div>\n\t\t<\/div>\n\t\t\t\t\t<\/div>\n\t\t<\/section>\n\t\t\t\t<\/div>\n\t\t","protected":false},"excerpt":{"rendered":"<p>Generelle vilk\u00e5r og kundeinformasjon I. Generelle vilk\u00e5r \u00a7 1 Grunnleggende bestemmelser (1) F\u00f8lgende vilk\u00e5r gjelder for kontrakter som du inng\u00e5r med oss som leverand\u00f8r (Stefan von Ryssel) lukk via nettstedet www.gecleant.de. Med mindre annet er avtalt, motsiges inkluderingen av dine egne betingelser som kan ha blitt brukt av deg. (2) En forbruker i henhold til [&hellip;]<\/p>\n","protected":false},"author":1,"featured_media":0,"parent":0,"menu_order":0,"comment_status":"closed","ping_status":"closed","template":"","meta":{"footnotes":""},"class_list":["post-8362","page","type-page","status-publish","hentry"],"_links":{"self":[{"href":"https:\/\/www.gecleant.de\/no\/wp-json\/wp\/v2\/pages\/8362","targetHints":{"allow":["GET"]}}],"collection":[{"href":"https:\/\/www.gecleant.de\/no\/wp-json\/wp\/v2\/pages"}],"about":[{"href":"https:\/\/www.gecleant.de\/no\/wp-json\/wp\/v2\/types\/page"}],"author":[{"embeddable":true,"href":"https:\/\/www.gecleant.de\/no\/wp-json\/wp\/v2\/users\/1"}],"replies":[{"embeddable":true,"href":"https:\/\/www.gecleant.de\/no\/wp-json\/wp\/v2\/comments?post=8362"}],"version-history":[{"count":0,"href":"https:\/\/www.gecleant.de\/no\/wp-json\/wp\/v2\/pages\/8362\/revisions"}],"wp:attachment":[{"href":"https:\/\/www.gecleant.de\/no\/wp-json\/wp\/v2\/media?parent=8362"}],"curies":[{"name":"wp","href":"https:\/\/api.w.org\/{rel}","templated":true}]}}