{"id":9848,"date":"2020-12-19T16:58:59","date_gmt":"2020-12-19T14:58:59","guid":{"rendered":"https:\/\/www.gecleant.de\/angrerett\/"},"modified":"2021-03-29T14:33:47","modified_gmt":"2021-03-29T12:33:47","slug":"angrerett","status":"publish","type":"page","link":"https:\/\/www.gecleant.de\/no\/angrerett\/","title":{"rendered":"Angrerett"},"content":{"rendered":"\t\t<div data-elementor-type=\"wp-page\" data-elementor-id=\"9848\" class=\"elementor elementor-9848 elementor-2461\" data-elementor-post-type=\"page\">\n\t\t\t\t\t\t<section class=\"elementor-section elementor-top-section elementor-element elementor-element-66e7b034 elementor-section-boxed elementor-section-height-default elementor-section-height-default\" data-id=\"66e7b034\" data-element_type=\"section\" data-e-type=\"section\" id=\"topofpage\">\n\t\t\t\t\t\t<div class=\"elementor-container elementor-column-gap-default\">\n\t\t\t\t\t<div class=\"elementor-column elementor-col-100 elementor-top-column elementor-element elementor-element-592c28bb\" data-id=\"592c28bb\" data-element_type=\"column\" data-e-type=\"column\">\n\t\t\t<div class=\"elementor-widget-wrap elementor-element-populated\">\n\t\t\t\t\t\t<div class=\"elementor-element elementor-element-13618478 elementor-widget elementor-widget-text-editor\" data-id=\"13618478\" data-element_type=\"widget\" data-e-type=\"widget\" data-widget_type=\"text-editor.default\">\n\t\t\t\t<div class=\"elementor-widget-container\">\n\t\t\t\t\t\t\t\t\t<p><span class=\"gecleant_Titel\">Angrerett <\/span><br \/><span class=\"gecleant_Absatz\">(En forbruker er enhver fysisk person som inng\u00e5r en lovlig transaksjon for form\u00e5l som overveiende ikke er kommersielle eller deres uavhengige profesjonelle virksomhet.)<\/span><\/p>\n<p><span class=\"gecleant_Paragraph\"><strong>Angrerett<\/strong><\/span><span class=\"gecleant_Absatz\"><strong> &amp; Angrerett<\/strong><\/span><span class=\"gecleant_Absatz\"><br \/><\/span><\/p>\n<p><span class=\"gecleant_Absatz\">Du har rett til \u00e5 kansellere denne kontrakten innen en m\u00e5ned uten \u00e5 oppgi noen grunn.<\/span><\/p>\n<p><span class=\"gecleant_Absatz\">Uttaket er en m\u00e5ned fra dagen<\/span> ,<\/p>\n<ul>\n<li><span class=\"gecleant_Absatz\">som du eller en tredjepart navngitt av deg, som ikke er transport\u00f8ren, har eller har tatt varene i besittelse, forutsatt at du har bestilt en eller flere varer som en del av en enhetlig bestilling, og disse blir eller vil bli levert jevnt<\/span><\/li>\n<li><span class=\"gecleant_Absatz\">som du eller en tredjepart navngitt av deg, som ikke er transport\u00f8r, har eller har tatt i bruk de siste varene, forutsatt at du har bestilt flere varer som en del av en enkelt ordre, og disse leveres separat<\/span><\/li>\n<li><span class=\"gecleant_Absatz\">som du eller en tredjepart navngitt av deg, som ikke er transport\u00f8r, har eller har overtatt den siste delforsendelsen eller den siste varen, forutsatt at du har bestilt varer som leveres i flere delforsendelser eller stykker<\/span><\/li>\n<\/ul>\n<p><span class=\"gecleant_Absatz\">For \u00e5 ut\u00f8ve din angrerett, m\u00e5 du kontakte oss<strong> (Stefan von Ryssel, Im Zipfel 5, 04159 Leipzig, telefonnummer: 034142579327, e-postadresse: info@gecleant.de)<\/strong> ved hjelp av en klar uttalelse (f.eks. et brev sendt per post eller e-post) om din beslutning om \u00e5 trekke deg fra denne kontrakten. Du kan bruke vedlagte tilbaketrekningsskjema for dette form\u00e5let, men dette er ikke obligatorisk.<\/span><\/p>\n<p><span class=\"gecleant_Absatz\">Du kan ogs\u00e5 fylle ut og sende inn modelluttakskjemaet eller en annen tydelig erkl\u00e6ring p\u00e5 nettstedet v\u00e5rt (www.gecleant.de). Hvis du bruker dette alternativet, sender vi deg en bekreftelse p\u00e5 mottak av en slik tilbakekalling umiddelbart (f.eks. Via e-post).<\/span><\/p>\n<p><span class=\"gecleant_Absatz\">For \u00e5 overholde avbestillingsfristen, er det tilstrekkelig for deg \u00e5 sende varselet ditt om \u00e5 ut\u00f8ve din angrerett f\u00f8r kanselleringsperioden er utl\u00f8pt.<\/span><\/p>\n<p><span class=\"gecleant_Absatz\"><strong>Konsekvenser av uttaket<\/strong><\/span><\/p>\n<p>Hvis du trekker deg fra denne kontrakten, vil vi ha gitt deg alle betalinger vi har mottatt fra deg, inkludert leveringskostnadene (med unntak av merkostnadene som f\u00f8lger av \u00e5 velge en annen type levering enn den billigste standardleveransen som tilbys av oss har), skal tilbakebetales umiddelbart og senest innen 14 dager fra datoen da vi mottok varsel om kanselleringen av denne kontrakten. For denne tilbakebetalingen vil vi bruke de samme betalingsm\u00e5tene som du brukte for den opprinnelige transaksjonen, med mindre noe annet ble uttrykkelig avtalt med deg; I ingen tilfeller vil du bli belastet noen gebyrer for denne tilbakebetalingen.<\/p>\n<p><span class=\"gecleant_Absatz\">Vi kan nekte tilbakebetaling f\u00f8r vi har mottatt varene tilbake, eller til du har f\u00f8rt bevis for at du har sendt varene tilbake, avhengig av hva som er tidligere.<\/span><\/p>\n<p><span class=\"gecleant_Absatz\">Du har varene til oss umiddelbart og i alle fall senest 14 dager fra datoen da du informerte oss om kanselleringen av denne kontrakten <\/span><span class=\"gecleant_Absatz\">som skal returneres eller overleveres. Fristen er oppfylt hvis du sender varene f\u00f8r perioden p\u00e5 14 dager er utl\u00f8pt.<\/span><\/p>\n<p><span class=\"gecleant_Absatz\">Du b\u00e6rer de direkte kostnadene ved retur av varene.<\/span><\/p>\n<p><span class=\"gecleant_Absatz\">Du m\u00e5 bare betale for noe verditap p\u00e5 varene hvis dette verditapet skyldes h\u00e5ndtering av varene som ikke er n\u00f8dvendig for \u00e5 kontrollere varens art, egenskaper og funksjonalitet.<\/span><\/p>\n<p><span class=\"gecleant_Absatz\"><strong>\u00c5rsaker til ekskludering eller utl\u00f8p<\/strong><\/span><\/p>\n<p>Angreretten gjelder ikke for kontrakter<\/p>\n<p><span class=\"gecleant_Absatz\">&#8211; for levering av varer som ikke er prefabrikkerte og for produksjon som et individuelt valg eller bestemmelse av forbrukeren er avgj\u00f8rende for eller som er tydelig tilpasset forbrukerens personlige behov;<\/span><br \/><span class=\"gecleant_Absatz\">&#8211; for levering av varer som kan \u00f8delegges raskt eller hvis utl\u00f8psdato raskt vil bli overskredet;<\/span><br \/><span class=\"gecleant_Absatz\">&#8211; for levering av alkoholholdige drikkevarer, hvis pris ble avtalt ved inng\u00e5else av kontrakten, men som kan leveres tidligst 30 dager etter kontraktsinng\u00e5else, og hvis n\u00e5v\u00e6rende verdi avhenger av svingninger i markedet som entrepren\u00f8ren ikke har noen innflytelse over<\/span><br \/><span class=\"gecleant_Absatz\">&#8211; for levering av aviser, magasiner eller magasiner med unntak av abonnementskontrakter.<\/span><\/p>\n<p><span class=\"gecleant_Absatz\">Angreretten utl\u00f8per for tidlig for kontrakter<\/span><\/p>\n<p><span class=\"gecleant_Absatz\">&#8211; for levering av forseglede varer som ikke er egnet for retur av helsebeskyttelse eller hygiene hvis forseglingen er fjernet etter levering;<\/span><br \/><span class=\"gecleant_Absatz\">&#8211; for levering av varer hvis de var uatskillelig blandet med andre varer etter levering p\u00e5 grunn av sin art;<\/span><br \/><span class=\"gecleant_Absatz\">&#8211; for levering av lyd- eller videoopptak eller programvare i en forseglet pakke, hvis forseglingen er fjernet etter levering.<\/span><\/p>\n<hr>\n<p><span class=\"gecleant_Absatz\"><br \/><strong>Skjema for modelluttak<\/strong><\/span><\/p>\n<p>Hvis du vil si opp kontrakten, kan du sende en e-post (ogs\u00e5 et brev) med f\u00f8lgende innhold:<\/p>\n<p>(til Stefan von Ryssel, Im Zipfel 5, 04159 Leipzig, e-postadresse: info@gecleant.de)<\/p>\n<ul>\n<li>Jeg \/ vi (*) hevder herved kontrakten inng\u00e5tt av meg \/ oss (*) for kj\u00f8p av f\u00f8lgende varer (*)<\/li>\n<li>Ordrenummer (*)<\/li>\n<li>Bestilt p\u00e5 (*) \/ mottatt p\u00e5 (*)<\/li>\n<li>Forbrukerens navn<\/li>\n<li>Adresse til forbruker (e)<\/li>\n<li>Forbrukerens (e) signatur (bare n\u00e5r det er varslet p\u00e5 papir)<\/li>\n<li>Dato<\/li>\n<\/ul>\n<p>(*) Vennligst fyll ut.<\/p>\n\t\t\t\t\t\t\t\t<\/div>\n\t\t\t\t<\/div>\n\t\t\t\t\t<\/div>\n\t\t<\/div>\n\t\t\t\t\t<\/div>\n\t\t<\/section>\n\t\t\t\t<\/div>\n\t\t","protected":false},"excerpt":{"rendered":"<p>Angrerett (En forbruker er enhver fysisk person som inng\u00e5r en lovlig transaksjon for form\u00e5l som overveiende ikke er kommersielle eller deres uavhengige profesjonelle virksomhet.) Angrerett &amp; Angrerett Du har rett til \u00e5 kansellere denne kontrakten innen en m\u00e5ned uten \u00e5 oppgi noen grunn. Uttaket er en m\u00e5ned fra dagen , som du eller en tredjepart [&hellip;]<\/p>\n","protected":false},"author":1,"featured_media":0,"parent":0,"menu_order":0,"comment_status":"closed","ping_status":"closed","template":"","meta":{"footnotes":""},"class_list":["post-9848","page","type-page","status-publish","hentry"],"_links":{"self":[{"href":"https:\/\/www.gecleant.de\/no\/wp-json\/wp\/v2\/pages\/9848","targetHints":{"allow":["GET"]}}],"collection":[{"href":"https:\/\/www.gecleant.de\/no\/wp-json\/wp\/v2\/pages"}],"about":[{"href":"https:\/\/www.gecleant.de\/no\/wp-json\/wp\/v2\/types\/page"}],"author":[{"embeddable":true,"href":"https:\/\/www.gecleant.de\/no\/wp-json\/wp\/v2\/users\/1"}],"replies":[{"embeddable":true,"href":"https:\/\/www.gecleant.de\/no\/wp-json\/wp\/v2\/comments?post=9848"}],"version-history":[{"count":0,"href":"https:\/\/www.gecleant.de\/no\/wp-json\/wp\/v2\/pages\/9848\/revisions"}],"wp:attachment":[{"href":"https:\/\/www.gecleant.de\/no\/wp-json\/wp\/v2\/media?parent=9848"}],"curies":[{"name":"wp","href":"https:\/\/api.w.org\/{rel}","templated":true}]}}