{"id":9964,"date":"2020-12-19T17:02:54","date_gmt":"2020-12-19T15:02:54","guid":{"rendered":"https:\/\/www.gecleant.de\/fraktmetoder\/"},"modified":"2020-12-19T17:02:55","modified_gmt":"2020-12-19T15:02:55","slug":"fraktmetoder","status":"publish","type":"page","link":"https:\/\/www.gecleant.de\/no\/fraktmetoder\/","title":{"rendered":"Fraktmetoder"},"content":{"rendered":"\t\t<div data-elementor-type=\"wp-page\" data-elementor-id=\"9964\" class=\"elementor elementor-9964 elementor-2463\" data-elementor-post-type=\"page\">\n\t\t\t\t\t\t<section class=\"elementor-section elementor-top-section elementor-element elementor-element-7b22a772 elementor-section-boxed elementor-section-height-default elementor-section-height-default\" data-id=\"7b22a772\" data-element_type=\"section\" data-e-type=\"section\">\n\t\t\t\t\t\t<div class=\"elementor-container elementor-column-gap-default\">\n\t\t\t\t\t<div class=\"elementor-column elementor-col-50 elementor-top-column elementor-element elementor-element-4fca9db0\" data-id=\"4fca9db0\" data-element_type=\"column\" data-e-type=\"column\">\n\t\t\t<div class=\"elementor-widget-wrap elementor-element-populated\">\n\t\t\t\t\t\t<div class=\"elementor-element elementor-element-2dc9bcd elementor-widget elementor-widget-text-editor\" data-id=\"2dc9bcd\" data-element_type=\"widget\" data-e-type=\"widget\" data-widget_type=\"text-editor.default\">\n\t\t\t\t<div class=\"elementor-widget-container\">\n\t\t\t\t\t\t\t\t\t<p><span class=\"gecleant_Titel\"><strong>betaling og frakt<\/strong><\/span><\/p>\n<p><span class=\"gecleant_Absatz\">F\u00f8lgende vilk\u00e5r gjelder:<\/span><\/p>\n<p><span class=\"gecleant_Titel\"><strong>Fraktbetingelser<\/strong><\/span><\/p>\n<p><span class=\"gecleant_Absatz\">Varene leveres over hele verden.<\/span><strong><span class=\"gecleant_Paragraph\"><br \/> Shipping<\/span><\/strong><span class=\"gecleant_Absatz\"> (inkludert lovp\u00e5lagt moms)<\/span><span class=\"gecleant_Absatz\"> <\/span><\/p>\n<p><span class=\"gecleant_Absatz\">Vi beregner<u><strong> ingen fraktkostnader innen Europa<\/strong> .<\/u><\/span><\/p>\n<p><span class=\"gecleant_Absatz\"> <\/span><\/p>\n<p><span class=\"gecleant_Absatz\">For land<strong> utenfor Europa<\/strong> vi beregner fraktkostnader i henhold til f\u00f8lgende betingelser: <\/span><\/p>\n<ul>\n<li class=\"wc-shipping-zone-method method_enabled\">Warenpost International XS opp til 500g = 5 euro<\/li>\n<li class=\"wc-shipping-zone-method method_enabled\">Varepost internasjonal M opp til 1000 g = 10 euro<\/li>\n<li class=\"wc-shipping-zone-method method_enabled\">Warenpost International L opp til 2000g = 20, &#8211; Euro<\/li>\n<\/ul>\n\t\t\t\t\t\t\t\t<\/div>\n\t\t\t\t<\/div>\n\t\t\t\t\t<\/div>\n\t\t<\/div>\n\t\t\t\t<div class=\"elementor-column elementor-col-50 elementor-top-column elementor-element elementor-element-b95d266\" data-id=\"b95d266\" data-element_type=\"column\" data-e-type=\"column\">\n\t\t\t<div class=\"elementor-widget-wrap elementor-element-populated\">\n\t\t\t\t\t\t<div class=\"elementor-element elementor-element-7563a04b elementor-widget elementor-widget-text-editor\" data-id=\"7563a04b\" data-element_type=\"widget\" data-e-type=\"widget\" data-widget_type=\"text-editor.default\">\n\t\t\t\t<div class=\"elementor-widget-container\">\n\t\t\t\t\t\t\t\t\t<p><span class=\"gecleant_Titel\"><strong class=\"gecleant_Absatz\">Leveringstider<\/strong><\/span><\/p>\n<p><span class=\"gecleant_Absatz\">Med mindre annet er spesifisert i det respektive tilbudet, leveres varene innenlands (Tyskland) innen 2-7 dager, i andre europeiske land innen 3-7 dager, for internasjonale leveranser innen 5-7 dager etter kontraktsinng\u00e5else (for avtalt forskuddsbetaling etter tidspunktet for betalingsordren din).<\/span><br \/><span class=\"gecleant_Absatz\">V\u00e6r oppmerksom p\u00e5 at det ikke er levering p\u00e5 s\u00f8ndager og helligdager.<\/span><br \/><span class=\"gecleant_Absatz\">Hvis du har bestilt varer med forskjellige leveringstider, sender vi varene i en forsendelse, med mindre vi har inng\u00e5tt en annen avtale med deg.<\/span> <span class=\"gecleant_Absatz\">I dette tilfellet bestemmes leveringstiden av varen med den lengste leveringstiden du har bestilt.<\/span><\/p>\n<p><span class=\"gecleant_Absatz\">Hvis du henter varene selv, vil vi informere deg p\u00e5 e-post om tilgjengeligheten av varene og hentealternativene. I dette tilfellet belastes ingen fraktkostnader.<\/span><\/p><\/p>\n\t\t\t\t\t\t\t\t<\/div>\n\t\t\t\t<\/div>\n\t\t\t\t\t<\/div>\n\t\t<\/div>\n\t\t\t\t\t<\/div>\n\t\t<\/section>\n\t\t\t\t<\/div>\n\t\t","protected":false},"excerpt":{"rendered":"<p>betaling og frakt F\u00f8lgende vilk\u00e5r gjelder: Fraktbetingelser Varene leveres over hele verden. Shipping (inkludert lovp\u00e5lagt moms) Vi beregner ingen fraktkostnader innen Europa . For land utenfor Europa vi beregner fraktkostnader i henhold til f\u00f8lgende betingelser: Warenpost International XS opp til 500g = 5 euro Varepost internasjonal M opp til 1000 g = 10 euro Warenpost [&hellip;]<\/p>\n","protected":false},"author":1,"featured_media":0,"parent":0,"menu_order":0,"comment_status":"closed","ping_status":"closed","template":"","meta":{"footnotes":""},"class_list":["post-9964","page","type-page","status-publish","hentry"],"_links":{"self":[{"href":"https:\/\/www.gecleant.de\/no\/wp-json\/wp\/v2\/pages\/9964","targetHints":{"allow":["GET"]}}],"collection":[{"href":"https:\/\/www.gecleant.de\/no\/wp-json\/wp\/v2\/pages"}],"about":[{"href":"https:\/\/www.gecleant.de\/no\/wp-json\/wp\/v2\/types\/page"}],"author":[{"embeddable":true,"href":"https:\/\/www.gecleant.de\/no\/wp-json\/wp\/v2\/users\/1"}],"replies":[{"embeddable":true,"href":"https:\/\/www.gecleant.de\/no\/wp-json\/wp\/v2\/comments?post=9964"}],"version-history":[{"count":0,"href":"https:\/\/www.gecleant.de\/no\/wp-json\/wp\/v2\/pages\/9964\/revisions"}],"wp:attachment":[{"href":"https:\/\/www.gecleant.de\/no\/wp-json\/wp\/v2\/media?parent=9964"}],"curies":[{"name":"wp","href":"https:\/\/api.w.org\/{rel}","templated":true}]}}