{"id":49395,"date":"2021-02-18T15:22:44","date_gmt":"2021-02-18T14:22:44","guid":{"rendered":"https:\/\/www.gecleant.de\/shop\/ukategorisert\/skreddersydde-glasspropper\/"},"modified":"2022-05-10T09:56:42","modified_gmt":"2022-05-10T07:56:42","slug":"glasspropp-laget-etter-maal","status":"publish","type":"product","link":"https:\/\/www.gecleant.de\/no\/shop\/bakre-viskerdeksel\/glasspropp-laget-etter-maal\/","title":{"rendered":"Skreddersydde glasspropper"},"content":{"rendered":"","protected":false},"excerpt":{"rendered":"<p><span style=\"color: #ffffff;\">JA, vi kan levere en passende plugg for kj\u00f8ret\u00f8yet ditt, men vi har enn\u00e5 ikke hatt de n\u00f8dvendige dimensjonene eller har enn\u00e5 ikke klart \u00e5 bekrefte dem.<\/span><\/p>\n<h3><span style=\"color: #ffffff;\">Hvordan bekrefter vi passformen til produktene v\u00e5re?<\/span><\/h3>\n<p><span style=\"color: #ffffff;\">Vi tar digitale m\u00e5linger p\u00e5 flere bakluker av den aktuelle kj\u00f8ret\u00f8ystypen og bestemmer deretter gjennomsnittsdiameteren til viskerhullet (vertikalt og horisontalt). Skivetykkelsen varierer ogs\u00e5 litt. Vi tester alle verdier med referansekunder, og hvis tilbakemeldingen er jevnlig positiv, er viskerhullpluggen integrert i butikken v\u00e5r som et produkt.<\/span><\/p>\n<h3><span style=\"color: #ffffff;\">Hva du skal gj\u00f8re hvis bilen din ikke er oppf\u00f8rt<\/span><\/h3>\n<p><span style=\"color: #ffffff;\">Siden vi er en fabrikk med v\u00e5r egen produksjon, kan vi<strong> Glasspropp fra<\/strong><strong> 20-40mm<\/strong> skreddersydd for de bakre viskerhullene. Det vi trenger for dette er st\u00f8rrelsen p\u00e5 viskerhullet.<\/span><\/p>\n<p><span style=\"color: #ffffff;\">Her kan du bestille et skreddersydd produkt ved \u00e5 spesifisere din faktiske hulldiameter selv. Vennligst m\u00e5l horisontalt og vertikalt og<strong> minste<\/strong> Angi verdi! Vi trekker deretter 0,3 &#8211; 0,6 mm fra denne dimensjonen (dette varierer litt avhengig av produksjon) og leverer deg deretter en tilsvarende viskerhullplugg i henhold til dine \u00f8nsker.<\/span><\/p>\n<h3><span style=\"color: #ffffff;\">eksempel<\/span><\/h3>\n<ol>\n<li><span style=\"color: #ffffff;\">Du<strong> m\u00e5l p\u00e5 bilen din<\/strong> vertikalt 23,58 mm og horisontalt 23,13 mm med digital tykkelse.<\/span><\/li>\n<li><span style=\"color: #ffffff;\">Her velger du 23mm som en spesialtilpasset st\u00f8rrelse.<\/span><\/li>\n<li><span style=\"color: #ffffff;\">Vi produserer proppen din med 22,4 &#8211; 22,7 mm.<\/span><\/li>\n<\/ol>\n<p><span style=\"color: #ffffff;\"><strong>Din m\u00e5lte vindusviskerdiameter (i mm) er:<\/strong><\/span><\/p>\n","protected":false},"featured_media":11914,"comment_status":"open","ping_status":"closed","template":"","meta":[],"product_brand":[],"product_cat":[1274],"product_tag":[],"class_list":{"0":"post-49395","1":"product","2":"type-product","3":"status-publish","4":"has-post-thumbnail","6":"product_cat-bakre-viskerdeksel","8":"first","9":"instock","10":"taxable","11":"shipping-taxable","12":"purchasable","13":"product-type-variable","14":"has-default-attributes"},"bundled_by":[],"bundle_stock_status":"instock","bundle_stock_quantity":null,"bundle_virtual":false,"bundle_layout":"","bundle_add_to_cart_form_location":"","bundle_editable_in_cart":false,"bundle_sold_individually_context":"","bundle_item_grouping":"","bundle_min_size":"","bundle_max_size":"","bundle_price":[],"bundled_items":[],"bundle_sell_ids":[],"_links":{"self":[{"href":"https:\/\/www.gecleant.de\/no\/wp-json\/wp\/v2\/product\/49395","targetHints":{"allow":["GET"]}}],"collection":[{"href":"https:\/\/www.gecleant.de\/no\/wp-json\/wp\/v2\/product"}],"about":[{"href":"https:\/\/www.gecleant.de\/no\/wp-json\/wp\/v2\/types\/product"}],"replies":[{"embeddable":true,"href":"https:\/\/www.gecleant.de\/no\/wp-json\/wp\/v2\/comments?post=49395"}],"version-history":[{"count":0,"href":"https:\/\/www.gecleant.de\/no\/wp-json\/wp\/v2\/product\/49395\/revisions"}],"wp:featuredmedia":[{"embeddable":true,"href":"https:\/\/www.gecleant.de\/no\/wp-json\/wp\/v2\/media\/11914"}],"wp:attachment":[{"href":"https:\/\/www.gecleant.de\/no\/wp-json\/wp\/v2\/media?parent=49395"}],"wp:term":[{"taxonomy":"product_brand","embeddable":true,"href":"https:\/\/www.gecleant.de\/no\/wp-json\/wp\/v2\/product_brand?post=49395"},{"taxonomy":"product_cat","embeddable":true,"href":"https:\/\/www.gecleant.de\/no\/wp-json\/wp\/v2\/product_cat?post=49395"},{"taxonomy":"product_tag","embeddable":true,"href":"https:\/\/www.gecleant.de\/no\/wp-json\/wp\/v2\/product_tag?post=49395"}],"curies":[{"name":"wp","href":"https:\/\/api.w.org\/{rel}","templated":true}]}}