{"id":59078,"date":"2022-02-18T09:42:08","date_gmt":"2022-02-18T11:42:16","guid":{"rendered":"https:\/\/www.gecleant.de\/shop\/ukategorisert\/seed-phrase-gjenopprettingsmetallplate-1-mm-laget-av-rustfritt-staal\/"},"modified":"2022-02-18T12:42:19","modified_gmt":"2022-02-18T11:42:19","slug":"froe-frase-gjenopprettingsmetall-plate-1mm-laget-av-rustfritt-staal-v2a-uten-gravering-penn","status":"publish","type":"product","link":"https:\/\/www.gecleant.de\/no\/shop\/materialer-no\/krypto-maskinvare-lommebok\/froe-frase-gjenopprettingsmetall-plate-1mm-laget-av-rustfritt-staal-v2a-uten-gravering-penn\/","title":{"rendered":"Seed Phrase &#8211; Gjenopprettingsmetallplate (1 mm) laget av rustfritt st\u00e5l"},"content":{"rendered":"<p>I samarbeid med <a href=\"https:\/\/dezentral-investieren.de\/seed-phrase-recovery-metallplatte-1mm-aus-edelstahl-v4a-ohne-gravurstift\/\" rel=\"nofollow noopener\" target=\"_blank\">decentral-investieren.de<\/a> tilbyr vi en metallplate for gravering, som du trygt kan lagre fr\u00f8frasen p\u00e5 (12 eller 24 passord\/privat n\u00f8kkel til lommeboken). Platen er laget av <a href=\"https:\/\/de.wikipedia.org\/wiki\/Edelstahl#WNr._1.4301_(X5CrNi18-10),_AISI_304,_(V2A),_SUS304\" rel=\"nofollow noopener\" target=\"_blank\">1.4301 V2A rustfritt st\u00e5l<\/a> og har f\u00f8lgende egenskaper:<\/p>\n<p>1 mm rustfritt st\u00e5l<br \/>\n7,5 cm bred<br \/>\n9 cm h\u00f8y<br \/>\nBrannbestandig (smelter ved 1400-1455\u00b0)<br \/>\nripebestandig<\/p>\n<p>Siden en leilighetsbrann er rundt 1100\u00b0C, b\u00f8r <a href=\"https:\/\/www.baunetzwissen.de\/glossar\/e\/einheitstemperaturzeitkurve-etk-3176775\" rel=\"nofollow noopener\" target=\"_blank\">kilde 1<\/a> , <a href=\"https:\/\/expressantworten.com\/wie-heiss-wird-es-bei-einem-wohnungsbrand\/\" rel=\"nofollow noopener\" target=\"_blank\">kilde 2<\/a> , rustfritt st\u00e5l 1.4301 gi best beskyttelse mot brann. Tykkelsen p\u00e5 1 mm ble ogs\u00e5 valgt for \u00e5 redusere mekanisk deformasjon p\u00e5 grunn av kollaps eller rusk. I tillegg muliggj\u00f8r denne legeringen enkel bearbeiding med en standard graveringspenn.<\/p>\n","protected":false},"excerpt":{"rendered":"<p>I samarbeid med decentral-investieren.de tilbyr vi en metallplate for gravering, som du trygt kan lagre fr\u00f8frasen p\u00e5 (12 eller 24 passord\/privat n\u00f8kkel til lommeboken). Platen er laget av 1.4301 V2A rustfritt st\u00e5l og har f\u00f8lgende egenskaper: 1 mm rustfritt st\u00e5l 7,5 cm bred 9 cm h\u00f8y Brannbestandig (smelter ved 1400-1455\u00b0) ripebestandig Siden en leilighetsbrann er [&hellip;]<\/p>\n","protected":false},"featured_media":59030,"comment_status":"closed","ping_status":"closed","template":"","meta":[],"product_brand":[],"product_cat":[1557,1862],"product_tag":[],"class_list":{"0":"post-59078","1":"product","2":"type-product","3":"status-publish","4":"has-post-thumbnail","6":"product_cat-materialer-no","7":"product_cat-krypto-maskinvare-lommebok","9":"first","10":"instock","11":"sale","12":"taxable","13":"shipping-taxable","14":"purchasable","15":"product-type-variable","16":"has-default-attributes"},"bundled_by":[],"bundle_stock_status":"instock","bundle_stock_quantity":null,"bundle_virtual":false,"bundle_layout":"","bundle_add_to_cart_form_location":"","bundle_editable_in_cart":false,"bundle_sold_individually_context":"","bundle_item_grouping":"","bundle_min_size":"","bundle_max_size":"","bundle_price":[],"bundled_items":[],"bundle_sell_ids":[],"_links":{"self":[{"href":"https:\/\/www.gecleant.de\/no\/wp-json\/wp\/v2\/product\/59078","targetHints":{"allow":["GET"]}}],"collection":[{"href":"https:\/\/www.gecleant.de\/no\/wp-json\/wp\/v2\/product"}],"about":[{"href":"https:\/\/www.gecleant.de\/no\/wp-json\/wp\/v2\/types\/product"}],"replies":[{"embeddable":true,"href":"https:\/\/www.gecleant.de\/no\/wp-json\/wp\/v2\/comments?post=59078"}],"version-history":[{"count":0,"href":"https:\/\/www.gecleant.de\/no\/wp-json\/wp\/v2\/product\/59078\/revisions"}],"wp:featuredmedia":[{"embeddable":true,"href":"https:\/\/www.gecleant.de\/no\/wp-json\/wp\/v2\/media\/59030"}],"wp:attachment":[{"href":"https:\/\/www.gecleant.de\/no\/wp-json\/wp\/v2\/media?parent=59078"}],"wp:term":[{"taxonomy":"product_brand","embeddable":true,"href":"https:\/\/www.gecleant.de\/no\/wp-json\/wp\/v2\/product_brand?post=59078"},{"taxonomy":"product_cat","embeddable":true,"href":"https:\/\/www.gecleant.de\/no\/wp-json\/wp\/v2\/product_cat?post=59078"},{"taxonomy":"product_tag","embeddable":true,"href":"https:\/\/www.gecleant.de\/no\/wp-json\/wp\/v2\/product_tag?post=59078"}],"curies":[{"name":"wp","href":"https:\/\/api.w.org\/{rel}","templated":true}]}}