{"id":59566,"date":"2021-05-19T13:21:54","date_gmt":"2021-05-19T11:21:54","guid":{"rendered":"https:\/\/www.gecleant.de\/shop\/ukategorisert\/glasspropp-til-ford\/"},"modified":"2022-04-15T18:12:29","modified_gmt":"2022-04-15T16:12:29","slug":"glasstopfen-fuer-ford-gs14","status":"publish","type":"product","link":"https:\/\/www.gecleant.de\/no\/shop\/bakre-viskerdeksel\/ford-ecosport-edge-fiesta-focus-kuga-puma-smax-no\/glasstopfen-fuer-ford-gs14\/","title":{"rendered":"Glasspropp til Ford"},"content":{"rendered":"<p>Du kj\u00f8per kvalitet her. Vi er oppfinnerne av det bakre vindusviskerdekselet av glass. V\u00e5re vindusviskerhulldeksler er freset av et stykke flott\u00f8rglass og er individuelt tilpasset bilen din. Hvis du fjerner (muligens defekt;)) vindusvisker fra bilen din, forblir det et lite hull i bakruten, som du kan lukke flush med glassproppen v\u00e5r. Noen mennesker vil vite hvordan de skal reparere den defekte bakre viskeren og finne ut hvor dyr en reparasjon er. I stedet for \u00e5 bytte \/ reparere den defekte viskerarmen eller viskermotoren bak, tilbyr vi med v\u00e5re tetningsplugger en enkel og billig erstatningsdel som alle kan installere selv. Dysen for spylerv\u00e6ske er forseglet, og i nyere biler er CAN-bussen kodet. Ferdig. Du finner en reparasjonsveiledning for fjerning og montering av vindusviskeren i v\u00e5r help desk.<\/p>\n<p>\u00c5h og viktig: baksiden av proppen v\u00e5r er belagt i svart og fronten er dekket med en gjennomsiktig beskyttelsesfilm slik at ingenting blir riper n\u00e5r den settes inn i bakruten &#8211; s\u00e5 v\u00e6r ikke overrasket over det kjedelige \/ melkeaktige utseendet til stopperen og fjern beskyttelsesfilmen etter \u00e5 ha satt den inn i vinduet.<\/p>\n<p>Et helt rent OEM-utseende er v\u00e5r topprioritet. Derfor polerer vi den synlige kanten av glassinnsatsen for h\u00e5nd, og teamet v\u00e5rt utsetter hver stopper for en presis kvalitetskontroll f\u00f8r den sendes til deg. Hvis du fremdeles er misforn\u00f8yd, s\u00e5 kontakt oss, vi bytter ut uegnede glassdeksler gratis (hvis de ikke er skadet) &#8211; og hvis du droppet proppen eller ved et uhell skadet den da du pr\u00f8vde den, vil vi finne en rettferdig l\u00f8sning og send den til deg billig Erstatning &#8211; s\u00e5 ikke bekymre deg &#8230; skriv til oss p\u00e5 support@gecleant.de s\u00e5 er vi der for deg s\u00e5 snart som mulig.<\/p>\n","protected":false},"excerpt":{"rendered":"<p>Du kj\u00f8per kvalitet her. Vi er oppfinnerne av det bakre vindusviskerdekselet av glass. V\u00e5re vindusviskerhulldeksler er freset av et stykke flott\u00f8rglass og er individuelt tilpasset bilen din. Hvis du fjerner (muligens defekt;)) vindusvisker fra bilen din, forblir det et lite hull i bakruten, som du kan lukke flush med glassproppen v\u00e5r. Noen mennesker vil vite [&hellip;]<\/p>\n","protected":false},"featured_media":11914,"comment_status":"open","ping_status":"closed","template":"","meta":[],"product_brand":[],"product_cat":[1274,1528],"product_tag":[],"class_list":{"0":"post-59566","1":"product","2":"type-product","3":"status-publish","4":"has-post-thumbnail","6":"product_cat-bakre-viskerdeksel","7":"product_cat-ford-ecosport-edge-fiesta-focus-kuga-puma-smax-no","9":"first","10":"instock","11":"virtual","12":"sold-individually","13":"taxable","14":"purchasable","15":"product-type-bundle"},"bundled_by":[],"bundle_stock_status":"instock","bundle_stock_quantity":"","bundle_virtual":false,"bundle_layout":"tabular","bundle_add_to_cart_form_location":"default","bundle_editable_in_cart":true,"bundle_sold_individually_context":"configuration","bundle_item_grouping":"parent","bundle_min_size":1,"bundle_max_size":"","bundle_price":{"price":{"min":{"incl_tax":"25","excl_tax":"21.01"},"max":{"incl_tax":"350","excl_tax":"294.11"}},"regular_price":{"min":{"incl_tax":"25","excl_tax":"21.01"},"max":{"incl_tax":"375","excl_tax":"315.12"}}},"bundled_items":[{"bundled_item_id":9702,"product_id":50400,"menu_order":0,"quantity_min":1,"quantity_max":10,"quantity_default":1,"priced_individually":true,"shipped_individually":false,"override_title":true,"title":"Egnet for<span id=\"modelX\"> Kj\u00f8ret\u00f8yet ditt<\/span> <span id=\"baujahr\"><\/span>","override_description":false,"description":"Glasspropp nr. 14","optional":false,"hide_thumbnail":false,"discount":"","override_variations":false,"allowed_variations":[""],"override_default_variation_attributes":false,"default_variation_attributes":[],"single_product_visibility":"visible","cart_visibility":"hidden","order_visibility":"visible","single_product_price_visibility":"visible","cart_price_visibility":"hidden","order_price_visibility":"visible","stock_status":"on_backorder"},{"bundled_item_id":9703,"product_id":51066,"menu_order":1,"quantity_min":0,"quantity_max":10,"quantity_default":1,"priced_individually":true,"shipped_individually":false,"override_title":false,"title":"Lim sett (lim + rengj\u00f8ringsmiddel)","override_description":false,"description":"Lim sett (lim + rengj\u00f8ringsmiddel)","optional":false,"hide_thumbnail":false,"discount":"","override_variations":false,"allowed_variations":[""],"override_default_variation_attributes":true,"default_variation_attributes":[],"single_product_visibility":"visible","cart_visibility":"visible","order_visibility":"visible","single_product_price_visibility":"hidden","cart_price_visibility":"hidden","order_price_visibility":"hidden","stock_status":"on_backorder"}],"bundle_sell_ids":[],"_links":{"self":[{"href":"https:\/\/www.gecleant.de\/no\/wp-json\/wp\/v2\/product\/59566","targetHints":{"allow":["GET"]}}],"collection":[{"href":"https:\/\/www.gecleant.de\/no\/wp-json\/wp\/v2\/product"}],"about":[{"href":"https:\/\/www.gecleant.de\/no\/wp-json\/wp\/v2\/types\/product"}],"replies":[{"embeddable":true,"href":"https:\/\/www.gecleant.de\/no\/wp-json\/wp\/v2\/comments?post=59566"}],"version-history":[{"count":0,"href":"https:\/\/www.gecleant.de\/no\/wp-json\/wp\/v2\/product\/59566\/revisions"}],"wp:featuredmedia":[{"embeddable":true,"href":"https:\/\/www.gecleant.de\/no\/wp-json\/wp\/v2\/media\/11914"}],"wp:attachment":[{"href":"https:\/\/www.gecleant.de\/no\/wp-json\/wp\/v2\/media?parent=59566"}],"wp:term":[{"taxonomy":"product_brand","embeddable":true,"href":"https:\/\/www.gecleant.de\/no\/wp-json\/wp\/v2\/product_brand?post=59566"},{"taxonomy":"product_cat","embeddable":true,"href":"https:\/\/www.gecleant.de\/no\/wp-json\/wp\/v2\/product_cat?post=59566"},{"taxonomy":"product_tag","embeddable":true,"href":"https:\/\/www.gecleant.de\/no\/wp-json\/wp\/v2\/product_tag?post=59566"}],"curies":[{"name":"wp","href":"https:\/\/api.w.org\/{rel}","templated":true}]}}