{"id":65726,"date":"2023-01-31T10:36:08","date_gmt":"2023-01-31T09:36:08","guid":{"rendered":"https:\/\/www.gecleant.de\/derecelendirmelerin-gercekligi\/"},"modified":"2023-01-31T10:36:08","modified_gmt":"2023-01-31T09:36:08","slug":"derecelendirmelerin-gercekligi","status":"publish","type":"page","link":"https:\/\/www.gecleant.de\/tr\/derecelendirmelerin-gercekligi\/","title":{"rendered":"Derecelendirmelerin ger\u00e7ekli\u011fi"},"content":{"rendered":"<p>Baz\u0131 \u00fcr\u00fcnlerin alt\u0131ndaki derecelendirmeler, ilgili m\u00fc\u015fteriler taraf\u0131ndan &#8220;Tamamland\u0131&#8221; durumundan 30 g\u00fcn sonra sistemimiz taraf\u0131ndan otomatik olarak talep edilir ve iste\u011fe ba\u011fl\u0131d\u0131r.<\/p>\n<p>Cam t\u0131palar\u0131 tutkal ve temizleyici ile birlikte bir set halinde sundu\u011fumuzdan, derecelendirme yaln\u0131zca mevcut g\u00f6r\u00fcn\u00fcm\u00fcn bir k\u0131sm\u0131na at\u0131fta bulunabilir, \u00e7\u00fcnk\u00fc genellikle tutkal seti de\u011fil, yaln\u0131zca cam t\u0131pa derecelendirilir. Bu, <a href=\"\/shop\/heckwischerabdeckung-glasstopfen\/audi-a1-s1-a3-s3-rs3-a4-s4-rs4-a6-s6-rs6-etron\/glasstopfen-fuer-audi-gs01\/\">Audi i\u00e7in cam stoper setinin<\/a> alt\u0131nda Audi i\u00e7in mevcut olan di\u011fer varyantlar\u0131n<a href=\"\/shop\/heckwischerabdeckung-glasstopfen\/glasstopfen-01\/\">(cam stoper 01<\/a> ve cam stoper <a href=\"\/shop\/heckwischerabdeckung-glasstopfen\/glasstopfen-02\/\">02<\/a>) incelemelerini bulaca\u011f\u0131n\u0131z anlam\u0131na gelir. Buna ek olarak, derecelendirmeler birka\u00e7 dilde saklanabilir, bu da ayn\u0131 \u00f6\u011fenin farkl\u0131 bir dilde farkl\u0131 derecelendirmelere sahip olabilece\u011fi anlam\u0131na gelir.<\/p>\n<p>\u00dcr\u00fcn\u00fcn alt\u0131nda herhangi bir derecelendirme yoksa, m\u00fc\u015fterilerimiz taraf\u0131ndan herhangi bir derecelendirme girilmemi\u015ftir.<\/p>\n<p>Yaln\u0131zca bu \u00fcr\u00fcn\u00fc sat\u0131n alan kullan\u0131c\u0131lar bir derecelendirme girme hakk\u0131na sahiptir. Bu, sistematik olarak kullan\u0131c\u0131 hesab\u0131yla e\u015fle\u015ftirilir.<\/p>\n<p>Ba\u015fka <a href=\"\/deine-bewertung\/\">sorular\u0131n\u0131z varsa, l\u00fctfen derecelendirmeleri nas\u0131l istedi\u011fimize<\/a> ve nelerin \u00f6nemli oldu\u011funa bir <a href=\"\/deine-bewertung\/\">g\u00f6z<\/a> at\u0131n.<\/p>\n","protected":false},"excerpt":{"rendered":"<p>Baz\u0131 \u00fcr\u00fcnlerin alt\u0131ndaki derecelendirmeler, ilgili m\u00fc\u015fteriler taraf\u0131ndan &#8220;Tamamland\u0131&#8221; durumundan 30 g\u00fcn sonra sistemimiz taraf\u0131ndan otomatik olarak talep edilir ve iste\u011fe ba\u011fl\u0131d\u0131r. Cam t\u0131palar\u0131 tutkal ve temizleyici ile birlikte bir set halinde sundu\u011fumuzdan, derecelendirme yaln\u0131zca mevcut g\u00f6r\u00fcn\u00fcm\u00fcn bir k\u0131sm\u0131na at\u0131fta bulunabilir, \u00e7\u00fcnk\u00fc genellikle tutkal seti de\u011fil, yaln\u0131zca cam t\u0131pa derecelendirilir. Bu, Audi i\u00e7in cam stoper setinin [&hellip;]<\/p>\n","protected":false},"author":1,"featured_media":0,"parent":0,"menu_order":0,"comment_status":"closed","ping_status":"closed","template":"","meta":{"footnotes":""},"class_list":["post-65726","page","type-page","status-publish","hentry"],"_links":{"self":[{"href":"https:\/\/www.gecleant.de\/tr\/wp-json\/wp\/v2\/pages\/65726","targetHints":{"allow":["GET"]}}],"collection":[{"href":"https:\/\/www.gecleant.de\/tr\/wp-json\/wp\/v2\/pages"}],"about":[{"href":"https:\/\/www.gecleant.de\/tr\/wp-json\/wp\/v2\/types\/page"}],"author":[{"embeddable":true,"href":"https:\/\/www.gecleant.de\/tr\/wp-json\/wp\/v2\/users\/1"}],"replies":[{"embeddable":true,"href":"https:\/\/www.gecleant.de\/tr\/wp-json\/wp\/v2\/comments?post=65726"}],"version-history":[{"count":0,"href":"https:\/\/www.gecleant.de\/tr\/wp-json\/wp\/v2\/pages\/65726\/revisions"}],"wp:attachment":[{"href":"https:\/\/www.gecleant.de\/tr\/wp-json\/wp\/v2\/media?parent=65726"}],"curies":[{"name":"wp","href":"https:\/\/api.w.org\/{rel}","templated":true}]}}