{"id":8514,"date":"2020-12-09T19:02:24","date_gmt":"2020-12-09T17:02:24","guid":{"rendered":"https:\/\/www.gecleant.de\/vazgecme-hakki\/"},"modified":"2022-04-29T16:08:16","modified_gmt":"2022-04-29T14:08:16","slug":"vazgecme-hakki","status":"publish","type":"page","link":"https:\/\/www.gecleant.de\/tr\/vazgecme-hakki\/","title":{"rendered":"Vazge\u00e7me hakk\u0131"},"content":{"rendered":"\t\t<div data-elementor-type=\"wp-page\" data-elementor-id=\"8514\" class=\"elementor elementor-8514 elementor-2461\" data-elementor-post-type=\"page\">\n\t\t\t\t\t\t<section class=\"elementor-section elementor-top-section elementor-element elementor-element-66e7b034 elementor-section-boxed elementor-section-height-default elementor-section-height-default\" data-id=\"66e7b034\" data-element_type=\"section\" data-e-type=\"section\" id=\"topofpage\">\n\t\t\t\t\t\t<div class=\"elementor-container elementor-column-gap-default\">\n\t\t\t\t\t<div class=\"elementor-column elementor-col-100 elementor-top-column elementor-element elementor-element-592c28bb\" data-id=\"592c28bb\" data-element_type=\"column\" data-e-type=\"column\">\n\t\t\t<div class=\"elementor-widget-wrap elementor-element-populated\">\n\t\t\t\t\t\t<div class=\"elementor-element elementor-element-13618478 elementor-widget elementor-widget-text-editor\" data-id=\"13618478\" data-element_type=\"widget\" data-e-type=\"widget\" data-widget_type=\"text-editor.default\">\n\t\t\t\t<div class=\"elementor-widget-container\">\n\t\t\t\t\t\t\t\t\t<p><span class=\"gecleant_Titel\">Vazge\u00e7me hakk\u0131 <\/span><br \/><span class=\"gecleant_Absatz\">(T\u00fcketici, a\u011f\u0131rl\u0131kl\u0131 olarak ne ticari ne de ba\u011f\u0131ms\u0131z mesleki faaliyetleri olmayan ama\u00e7lar i\u00e7in yasal bir i\u015flem ger\u00e7ekle\u015ftiren herhangi bir ger\u00e7ek ki\u015fidir.)<\/span><\/p>\n<p><span class=\"gecleant_Paragraph\"><strong>Vazge\u00e7me hakk\u0131<\/strong><\/span><span class=\"gecleant_Absatz\"><strong> &amp; Vazge\u00e7me hakk\u0131<\/strong><\/span><span class=\"gecleant_Absatz\"><br \/><\/span><\/p>\n<p><span class=\"gecleant_Absatz\">Bu s\u00f6zle\u015fmeyi bir ay i\u00e7inde herhangi bir sebep g\u00f6stermeksizin iptal etme hakk\u0131na sahipsiniz.<\/span><\/p>\n<p><span class=\"gecleant_Absatz\">Para \u00e7ekme s\u00fcresi g\u00fcnden itibaren bir ayd\u0131r<\/span> ,<\/p>\n<ul>\n<li><span class=\"gecleant_Absatz\">Tek tip bir sipari\u015fin bir par\u00e7as\u0131 olarak bir veya daha fazla mal sipari\u015f etmi\u015f olman\u0131z ve bunlar\u0131n tek tip olarak teslim edilmesi veya teslim edilecek olmas\u0131 ko\u015fuluyla, sizin veya sizin belirledi\u011finiz, ta\u015f\u0131y\u0131c\u0131 olmayan \u00fc\u00e7\u00fcnc\u00fc bir taraf\u0131n mallar\u0131 ele ge\u00e7irdi\u011fi veya alm\u0131\u015f oldu\u011fu<\/span><\/li>\n<li><span class=\"gecleant_Absatz\">Tek bir sipari\u015fin bir par\u00e7as\u0131 olarak birden fazla mal sipari\u015f etmi\u015f olman\u0131z ve bunlar\u0131n ayr\u0131 olarak teslim edilmesi ko\u015fuluyla, sizin veya sizin ad\u0131n\u0131za ta\u015f\u0131y\u0131c\u0131 olmayan \u00fc\u00e7\u00fcnc\u00fc bir taraf\u0131n son mallar\u0131 alm\u0131\u015f veya alm\u0131\u015f olmas\u0131<\/span><\/li>\n<li><span class=\"gecleant_Absatz\">Birka\u00e7 k\u0131smi g\u00f6nderi veya par\u00e7a halinde teslim edilen mallar\u0131 sipari\u015f etmi\u015f olman\u0131z ko\u015fuluyla, sizin veya sizin taraf\u0131n\u0131zdan belirtilen, ta\u015f\u0131y\u0131c\u0131 olmayan \u00fc\u00e7\u00fcnc\u00fc bir taraf\u0131n, son k\u0131smi g\u00f6nderiyi veya son \u00f6\u011feyi ele ge\u00e7irmi\u015f veya alm\u0131\u015f olmas\u0131<\/span><\/li>\n<\/ul>\n<p><span class=\"gecleant_Absatz\">Cayma hakk\u0131n\u0131z\u0131 kullanmak i\u00e7in bizimle ileti\u015fime ge\u00e7melisiniz<strong> (Stefan von Ryssel, Im Zipfel 5, 04159 Leipzig, telefon numaras\u0131: 034142579327, e-posta adresi: info@gecleant.de)<\/strong> Bu s\u00f6zle\u015fmeden \u00e7ekilme karar\u0131n\u0131z\u0131n a\u00e7\u0131k bir beyan\u0131 (\u00f6rne\u011fin posta veya e-posta ile g\u00f6nderilen bir mektup) arac\u0131l\u0131\u011f\u0131yla. Bu ama\u00e7la ekli model \u00e7ekilme formunu kullanabilirsiniz, ancak bu zorunlu de\u011fildir.<\/span><\/p>\n<p><span class=\"gecleant_Absatz\">Ayr\u0131ca model geri \u00e7ekme formunu veya web sitemizdeki (www.gecleant.de) ba\u015fka bir a\u00e7\u0131k beyan\u0131 elektronik olarak doldurabilir ve g\u00f6nderebilirsiniz. Bu se\u00e7ene\u011fi kullan\u0131rsan\u0131z, size derhal b\u00f6yle bir iptalin al\u0131nd\u0131\u011f\u0131na dair bir onay g\u00f6nderece\u011fiz (\u00f6rne\u011fin e-posta ile).<\/span><\/p>\n<p><span class=\"gecleant_Absatz\">Son iptal tarihini kar\u015f\u0131lamak i\u00e7in, iptal s\u00fcresi sona ermeden \u00f6nce cayma hakk\u0131n\u0131z\u0131n kullan\u0131ld\u0131\u011f\u0131na dair bildiriminizi g\u00f6ndermeniz yeterlidir.<\/span><\/p>\n<p><span class=\"gecleant_Absatz\"><strong>Geri \u00e7ekilmenin sonu\u00e7lar\u0131<\/strong><\/span><\/p>\n<p>Bu s\u00f6zle\u015fmeden \u00e7ekilirseniz, teslimat masraflar\u0131 da dahil olmak \u00fczere sizden ald\u0131\u011f\u0131m\u0131z t\u00fcm \u00f6demeleri size vermi\u015f olaca\u011f\u0131z (taraf\u0131m\u0131zdan sunulan en ucuz standart teslimattan farkl\u0131 bir teslimat t\u00fcr\u00fc se\u00e7mekten kaynaklanan ek masraflar hari\u00e7) var), bu s\u00f6zle\u015fmeyi iptal etti\u011finize dair bildirim ald\u0131\u011f\u0131m\u0131z tarihten itibaren derhal ve en ge\u00e7 14 g\u00fcn i\u00e7inde geri \u00f6denmek \u00fczere. Bu geri \u00f6deme i\u00e7in, sizinle a\u00e7\u0131k\u00e7a ba\u015fka bir \u015fey \u00fczerinde mutab\u0131k kal\u0131nmad\u0131k\u00e7a, orijinal i\u015flem i\u00e7in kulland\u0131\u011f\u0131n\u0131z ayn\u0131 \u00f6deme y\u00f6ntemlerini kullanaca\u011f\u0131z; Bu geri \u00f6deme i\u00e7in hi\u00e7bir durumda sizden herhangi bir \u00fccret al\u0131nmayacakt\u0131r.<\/p>\n<p><span class=\"gecleant_Absatz\">Mallar\u0131 geri alana kadar veya siz mallar\u0131 geri g\u00f6nderdi\u011finizi kan\u0131tlayana kadar (hangisi daha erken ise) geri \u00f6demeyi reddedebiliriz.<\/span><\/p>\n<p><span class=\"gecleant_Absatz\">Bu s\u00f6zle\u015fmenin iptal edildi\u011fini bize bildirdi\u011finiz tarihten itibaren hemen ve her hal\u00fckarda en ge\u00e7 14 g\u00fcn i\u00e7inde bize mal\u0131n\u0131z var. <\/span><span class=\"gecleant_Absatz\">iade edilecek veya teslim edilecek. Mallar\u0131 14 g\u00fcnl\u00fck s\u00fcre dolmadan g\u00f6nderirseniz son tarih kar\u015f\u0131lan\u0131r.<\/span><\/p>\n<p><span class=\"gecleant_Absatz\">Mallar\u0131 iade etmenin do\u011frudan masraflar\u0131n\u0131 \u00fcstlenirsiniz.<\/span><\/p>\n<p><span class=\"gecleant_Absatz\">Mallar\u0131n de\u011ferindeki bu kay\u0131p, mallar\u0131n niteli\u011fini, \u00f6zelliklerini ve i\u015flevselli\u011fini kontrol etmek i\u00e7in gerekli olmayan mallar\u0131n ta\u015f\u0131nmas\u0131ndan kaynaklan\u0131yorsa, yaln\u0131zca mallar\u0131n de\u011ferindeki herhangi bir kay\u0131p i\u00e7in \u00f6deme yapman\u0131z gerekir.<\/span><\/p>\n<p><span class=\"gecleant_Absatz\"><strong>Hari\u00e7 tutma veya sona erme nedenleri<\/strong><\/span><\/p>\n<p>Cayma hakk\u0131 s\u00f6zle\u015fmeler i\u00e7in ge\u00e7erli de\u011fildir<\/p>\n<p><span class=\"gecleant_Absatz\">&#8211; Prefabrike olmayan ve \u00fcretimi i\u00e7in t\u00fcketici taraf\u0131ndan bireysel bir se\u00e7im veya belirleme belirleyici olan veya a\u00e7\u0131k\u00e7a t\u00fcketicinin ki\u015fisel ihtiya\u00e7lar\u0131na g\u00f6re uyarlanm\u0131\u015f mallar\u0131n teslimi i\u00e7in;<\/span><br \/><span class=\"gecleant_Absatz\">&#8211; \u00c7abuk bozulabilecek veya son kullanma tarihi \u00e7abuk a\u015f\u0131lacak mallar\u0131n teslimi i\u00e7in;<\/span><br \/><span class=\"gecleant_Absatz\">&#8211; Fiyat\u0131 s\u00f6zle\u015fmenin imzalanmas\u0131yla kararla\u015ft\u0131r\u0131lan, ancak s\u00f6zle\u015fmenin imzalanmas\u0131ndan itibaren 30 g\u00fcnden daha erken teslim edilemeyen ve cari de\u011feri giri\u015fimcinin etkisi olmayan pazardaki dalgalanmalara ba\u011fl\u0131 olan alkoll\u00fc i\u00e7eceklerin teslimi i\u00e7in;<\/span><br \/><span class=\"gecleant_Absatz\">&#8211; Abonelik s\u00f6zle\u015fmeleri haricinde gazete, dergi veya dergi teslimat\u0131 i\u00e7in.<\/span><\/p>\n<p><span class=\"gecleant_Absatz\">S\u00f6zle\u015fmeler i\u00e7in cayma hakk\u0131 vaktinden \u00f6nce sona eriyor<\/span><\/p>\n<p><span class=\"gecleant_Absatz\">&#8211; Teslimattan sonra m\u00fch\u00fcrleri \u00e7\u0131kar\u0131lm\u0131\u015fsa, sa\u011fl\u0131\u011f\u0131n korunmas\u0131 veya hijyen nedeniyle iade edilmeye uygun olmayan m\u00fch\u00fcrl\u00fc mallar\u0131n teslimi i\u00e7in;<\/span><br \/><span class=\"gecleant_Absatz\">&#8211; do\u011fas\u0131 gere\u011fi teslim edildikten sonra di\u011fer mallarla ayr\u0131lmaz bir \u015fekilde kar\u0131\u015ft\u0131r\u0131lan mallar\u0131n teslimi i\u00e7in;<\/span><br \/><span class=\"gecleant_Absatz\">&#8211; Teslimattan sonra m\u00fch\u00fcr \u00e7\u0131kar\u0131lm\u0131\u015fsa, ses veya video kay\u0131tlar\u0131n\u0131n veya bilgisayar yaz\u0131l\u0131m\u0131n\u0131n kapal\u0131 bir pakette teslim edilmesi i\u00e7in.<\/span><\/p>\n<hr>\n<p><span class=\"gecleant_Absatz\"><br \/><strong>Model \u00e7ekilme formu<\/strong><\/span><\/p>\n<p>S\u00f6zle\u015fmeyi iptal etmek istiyorsan\u0131z, l\u00fctfen a\u015fa\u011f\u0131daki i\u00e7eri\u011fi i\u00e7eren bir e-posta (ayr\u0131ca bir mektup) g\u00f6nderin:<\/p>\n<p>(Stefan von Ryssel&#8217;e, Im Zipfel 5, 04159 Leipzig&#8217;e, e-posta adresi: info@gecleant.de)<\/p>\n<ul>\n<li>Ben \/ biz (*) a\u015fa\u011f\u0131daki mallar\u0131n (*) sat\u0131n al\u0131nmas\u0131 i\u00e7in benim \/ taraf\u0131m\u0131zca (*) imzalanan s\u00f6zle\u015fmeyi feshediyoruz<\/li>\n<li>Sipari\u015f numaras\u0131 (*)<\/li>\n<li>(*) Tarihinde sipari\u015f edildi \/ (*) tarihinde al\u0131nd\u0131<\/li>\n<li>T\u00fcketicinin \/ t\u00fcketicilerin ad\u0131<\/li>\n<li>T\u00fcketicinin \/ t\u00fcketicilerin adresi<\/li>\n<li>T\u00fcketicinin \/ t\u00fcketicilerin imzas\u0131 (yaln\u0131zca ka\u011f\u0131t \u00fczerinde bildirildi\u011finde)<\/li>\n<li>tarih<\/li>\n<\/ul>\n<p>(*) L\u00fctfen doldurun.<\/p>\n\t\t\t\t\t\t\t\t<\/div>\n\t\t\t\t<\/div>\n\t\t\t\t\t<\/div>\n\t\t<\/div>\n\t\t\t\t\t<\/div>\n\t\t<\/section>\n\t\t\t\t<\/div>\n\t\t","protected":false},"excerpt":{"rendered":"<p>Vazge\u00e7me hakk\u0131 (T\u00fcketici, a\u011f\u0131rl\u0131kl\u0131 olarak ne ticari ne de ba\u011f\u0131ms\u0131z mesleki faaliyetleri olmayan ama\u00e7lar i\u00e7in yasal bir i\u015flem ger\u00e7ekle\u015ftiren herhangi bir ger\u00e7ek ki\u015fidir.) Vazge\u00e7me hakk\u0131 &amp; Vazge\u00e7me hakk\u0131 Bu s\u00f6zle\u015fmeyi bir ay i\u00e7inde herhangi bir sebep g\u00f6stermeksizin iptal etme hakk\u0131na sahipsiniz. Para \u00e7ekme s\u00fcresi g\u00fcnden itibaren bir ayd\u0131r , Tek tip bir sipari\u015fin bir par\u00e7as\u0131 [&hellip;]<\/p>\n","protected":false},"author":1,"featured_media":0,"parent":0,"menu_order":0,"comment_status":"closed","ping_status":"closed","template":"","meta":{"footnotes":""},"class_list":["post-8514","page","type-page","status-publish","hentry"],"_links":{"self":[{"href":"https:\/\/www.gecleant.de\/tr\/wp-json\/wp\/v2\/pages\/8514","targetHints":{"allow":["GET"]}}],"collection":[{"href":"https:\/\/www.gecleant.de\/tr\/wp-json\/wp\/v2\/pages"}],"about":[{"href":"https:\/\/www.gecleant.de\/tr\/wp-json\/wp\/v2\/types\/page"}],"author":[{"embeddable":true,"href":"https:\/\/www.gecleant.de\/tr\/wp-json\/wp\/v2\/users\/1"}],"replies":[{"embeddable":true,"href":"https:\/\/www.gecleant.de\/tr\/wp-json\/wp\/v2\/comments?post=8514"}],"version-history":[{"count":0,"href":"https:\/\/www.gecleant.de\/tr\/wp-json\/wp\/v2\/pages\/8514\/revisions"}],"wp:attachment":[{"href":"https:\/\/www.gecleant.de\/tr\/wp-json\/wp\/v2\/media?parent=8514"}],"curies":[{"name":"wp","href":"https:\/\/api.w.org\/{rel}","templated":true}]}}