{"id":9900,"date":"2020-12-19T17:01:09","date_gmt":"2020-12-19T15:01:09","guid":{"rendered":"https:\/\/www.gecleant.de\/oedeme-secenekleri\/"},"modified":"2022-04-29T16:08:14","modified_gmt":"2022-04-29T14:08:14","slug":"oedeme-secenekleri","status":"publish","type":"page","link":"https:\/\/www.gecleant.de\/tr\/oedeme-secenekleri\/","title":{"rendered":"\u00d6deme metodlar\u0131"},"content":{"rendered":"\t\t<div data-elementor-type=\"wp-page\" data-elementor-id=\"9900\" class=\"elementor elementor-9900 elementor-2465\" data-elementor-post-type=\"page\">\n\t\t\t\t\t\t<section class=\"elementor-section elementor-top-section elementor-element elementor-element-6f16c0de elementor-section-boxed elementor-section-height-default elementor-section-height-default\" data-id=\"6f16c0de\" data-element_type=\"section\" data-e-type=\"section\">\n\t\t\t\t\t\t<div class=\"elementor-container elementor-column-gap-default\">\n\t\t\t\t\t<div class=\"elementor-column elementor-col-100 elementor-top-column elementor-element elementor-element-31fa7673\" data-id=\"31fa7673\" data-element_type=\"column\" data-e-type=\"column\">\n\t\t\t<div class=\"elementor-widget-wrap elementor-element-populated\">\n\t\t\t\t\t\t<div class=\"elementor-element elementor-element-928f931 elementor-widget elementor-widget-text-editor\" data-id=\"928f931\" data-element_type=\"widget\" data-e-type=\"widget\" data-widget_type=\"text-editor.default\">\n\t\t\t\t<div class=\"elementor-widget-container\">\n\t\t\t\t\t\t\t\t\t<p><div class=\"woocommerce woocommerce-gzd\">\n\t<ul class=\"payment_methods methods\">\n\t\t\t\t\t<li class=\"payment_method_stripe\">\n\t\t\t\t<label>Kredi Kart\u0131 (Stripe)<img decoding=\"async\" src=\"https:\/\/www.gecleant.de\/wp-content\/plugins\/woocommerce-gateway-stripe\/assets\/images\/cards.svg\" class=\"stripe-cards-icon stripe-icon\" alt=\"Credit \/ Debit Card\" \/><\/label>\n\t\t\t\t\t\t\t\t\t<div class=\"payment_box payment_method_stripe\">\n\t\t\t\t\t\t<p>Per Kreditkarte oder Apple Pay\/Google Pay mittels Stripe bezahlen.<\/p>\n\t\t\t\t\t<\/div>\n\t\t\t\t\t\t\t<\/li>\n\t\t\t\t\t<li class=\"payment_method_stripe_link\">\n\t\t\t\t<label>Link<\/label>\n\t\t\t\t\t\t\t\t\t<div class=\"payment_box payment_method_stripe_link\">\n\t\t\t\t\t\t<p><\/p>\n\t\t\t\t\t<\/div>\n\t\t\t\t\t\t\t<\/li>\n\t\t\t\t\t<li class=\"payment_method_nmmpro_gateway\">\n\t\t\t\t<label>Pay with Bitcoin (BTC)<\/label>\n\t\t\t\t\t\t\t\t\t<div class=\"payment_box payment_method_nmmpro_gateway\">\n\t\t\t\t\t\t<p><\/p>\n\t\t\t\t\t<\/div>\n\t\t\t\t\t\t\t<\/li>\n\t\t\t\t\t<li class=\"payment_method_bacs\">\n\t\t\t\t<label>Banka transferi<\/label>\n\t\t\t\t\t\t\t\t\t<div class=\"payment_box payment_method_bacs\">\n\t\t\t\t\t\t<p>Do\u011frudan banka hesab\u0131m\u0131za aktar\u0131n. L\u00fctfen sipari\u015f numaras\u0131n\u0131 referans olarak kullan\u0131n. Sipari\u015finiz ancak paran\u0131z hesab\u0131m\u0131za yat\u0131r\u0131ld\u0131ktan sonra kargoya verilecektir.<\/p>\n\t\t\t\t\t<\/div>\n\t\t\t\t\t\t\t<\/li>\n\t\t\t<\/ul>\n<\/div><\/p>\n<p><strong><span class=\"gecleant_Absatz\">\u00d6deme ile ilgili daha fazla ayr\u0131nt\u0131<\/span><\/strong><\/p>\n<p><span class=\"gecleant_Absatz\">SEPA ana otomatik \u00f6demesi veya SEPA kurumsal otomatik \u00f6deme ile \u00f6deme yaparken, bize, ilgili SEPA yetkisi vererek fatura tutar\u0131n\u0131 belirtilen hesaptan tahsil etme yetkisi verirsiniz. Otomatik \u00f6deme tarihinden en az 5 g\u00fcn \u00f6nce bir \u00f6n bildirim alacaks\u0131n\u0131z. L\u00fctfen, ilan edilen tarihte hesab\u0131n\u0131z\u0131n yeterli bakiyeye sahip olmas\u0131n\u0131 sa\u011flamakla y\u00fck\u00fcml\u00fc oldu\u011funuzu unutmay\u0131n.<\/span><\/p>\n<p><span class=\"gecleant_Absatz\">Kredi kart\u0131 ile \u00f6deme yaparsan\u0131z, kredi kart\u0131 hesab\u0131n\u0131z s\u00f6zle\u015fme imzaland\u0131\u011f\u0131nda \u00fccretlendirilecektir.<\/span><\/p>\n<p><span class=\"gecleant_Absatz\">Herhangi bir sorunuz varsa, ileti\u015fim bilgilerimizi \u015fu adreste bulabilirsiniz:<a href=\"https:\/\/www.gecleant.de\/impressum\/\"> bask\u0131<\/a> .<\/span><\/p>\n\t\t\t\t\t\t\t\t<\/div>\n\t\t\t\t<\/div>\n\t\t\t\t\t<\/div>\n\t\t<\/div>\n\t\t\t\t\t<\/div>\n\t\t<\/section>\n\t\t\t\t<\/div>\n\t\t","protected":false},"excerpt":{"rendered":"<p>\u00d6deme ile ilgili daha fazla ayr\u0131nt\u0131 SEPA ana otomatik \u00f6demesi veya SEPA kurumsal otomatik \u00f6deme ile \u00f6deme yaparken, bize, ilgili SEPA yetkisi vererek fatura tutar\u0131n\u0131 belirtilen hesaptan tahsil etme yetkisi verirsiniz. Otomatik \u00f6deme tarihinden en az 5 g\u00fcn \u00f6nce bir \u00f6n bildirim alacaks\u0131n\u0131z. L\u00fctfen, ilan edilen tarihte hesab\u0131n\u0131z\u0131n yeterli bakiyeye sahip olmas\u0131n\u0131 sa\u011flamakla y\u00fck\u00fcml\u00fc oldu\u011funuzu [&hellip;]<\/p>\n","protected":false},"author":1,"featured_media":0,"parent":0,"menu_order":0,"comment_status":"closed","ping_status":"closed","template":"","meta":{"footnotes":""},"class_list":["post-9900","page","type-page","status-publish","hentry"],"_links":{"self":[{"href":"https:\/\/www.gecleant.de\/tr\/wp-json\/wp\/v2\/pages\/9900","targetHints":{"allow":["GET"]}}],"collection":[{"href":"https:\/\/www.gecleant.de\/tr\/wp-json\/wp\/v2\/pages"}],"about":[{"href":"https:\/\/www.gecleant.de\/tr\/wp-json\/wp\/v2\/types\/page"}],"author":[{"embeddable":true,"href":"https:\/\/www.gecleant.de\/tr\/wp-json\/wp\/v2\/users\/1"}],"replies":[{"embeddable":true,"href":"https:\/\/www.gecleant.de\/tr\/wp-json\/wp\/v2\/comments?post=9900"}],"version-history":[{"count":0,"href":"https:\/\/www.gecleant.de\/tr\/wp-json\/wp\/v2\/pages\/9900\/revisions"}],"wp:attachment":[{"href":"https:\/\/www.gecleant.de\/tr\/wp-json\/wp\/v2\/media?parent=9900"}],"curies":[{"name":"wp","href":"https:\/\/api.w.org\/{rel}","templated":true}]}}