{"id":9977,"date":"2020-12-19T17:03:33","date_gmt":"2020-12-19T15:03:33","guid":{"rendered":"https:\/\/www.gecleant.de\/nakliye-yoentemleri\/"},"modified":"2022-04-29T16:08:13","modified_gmt":"2022-04-29T14:08:13","slug":"nakliye-yoentemleri","status":"publish","type":"page","link":"https:\/\/www.gecleant.de\/tr\/nakliye-yoentemleri\/","title":{"rendered":"Nakliye Y\u00f6ntemleri"},"content":{"rendered":"\t\t<div data-elementor-type=\"wp-page\" data-elementor-id=\"9977\" class=\"elementor elementor-9977 elementor-2463\" data-elementor-post-type=\"page\">\n\t\t\t\t\t\t<section class=\"elementor-section elementor-top-section elementor-element elementor-element-7b22a772 elementor-section-boxed elementor-section-height-default elementor-section-height-default\" data-id=\"7b22a772\" data-element_type=\"section\" data-e-type=\"section\">\n\t\t\t\t\t\t<div class=\"elementor-container elementor-column-gap-default\">\n\t\t\t\t\t<div class=\"elementor-column elementor-col-50 elementor-top-column elementor-element elementor-element-4fca9db0\" data-id=\"4fca9db0\" data-element_type=\"column\" data-e-type=\"column\">\n\t\t\t<div class=\"elementor-widget-wrap elementor-element-populated\">\n\t\t\t\t\t\t<div class=\"elementor-element elementor-element-2dc9bcd elementor-widget elementor-widget-text-editor\" data-id=\"2dc9bcd\" data-element_type=\"widget\" data-e-type=\"widget\" data-widget_type=\"text-editor.default\">\n\t\t\t\t<div class=\"elementor-widget-container\">\n\t\t\t\t\t\t\t\t\t<p><span class=\"gecleant_Titel\"><strong>\u00f6deme ve nakliye<\/strong><\/span><\/p>\n<p><span class=\"gecleant_Absatz\">A\u015fa\u011f\u0131daki ko\u015fullar ge\u00e7erlidir:<\/span><\/p>\n<p><span class=\"gecleant_Titel\"><strong>Nakliye ko\u015fullar\u0131<\/strong><\/span><\/p>\n<p><span class=\"gecleant_Absatz\">\u00dcr\u00fcnler d\u00fcnya \u00e7ap\u0131nda teslim edilir.<\/span><strong><span class=\"gecleant_Paragraph\"><br \/> Nakliye<\/span><\/strong><span class=\"gecleant_Absatz\"> (yasal KDV dahil)<\/span><span class=\"gecleant_Absatz\"> <\/span><\/p>\n<p><span class=\"gecleant_Absatz\">Hesapl\u0131yoruz<u><strong> Avrupa i\u00e7inde nakliye \u00fccreti yok<\/strong> .<\/u><\/span><\/p>\n<p><span class=\"gecleant_Absatz\"> <\/span><\/p>\n<p><span class=\"gecleant_Absatz\">\u00dclkeler i\u00e7in<strong> Avrupa d\u0131\u015f\u0131nda<\/strong> nakliye masraflar\u0131n\u0131 a\u015fa\u011f\u0131daki ko\u015fullara g\u00f6re hesapl\u0131yoruz: <\/span><\/p>\n<ul>\n<li class=\"wc-shipping-zone-method method_enabled\">Warenpost International XS 500 grama kadar = 5 Euro<\/li>\n<li class=\"wc-shipping-zone-method method_enabled\">Mal postas\u0131 uluslararas\u0131 M 1000 g&#8217;a kadar = 10 Euro<\/li>\n<li class=\"wc-shipping-zone-method method_enabled\">Warenpost International L 2000g&#8217;ye kadar = 20, &#8211; Euro<\/li>\n<\/ul>\n\t\t\t\t\t\t\t\t<\/div>\n\t\t\t\t<\/div>\n\t\t\t\t\t<\/div>\n\t\t<\/div>\n\t\t\t\t<div class=\"elementor-column elementor-col-50 elementor-top-column elementor-element elementor-element-b95d266\" data-id=\"b95d266\" data-element_type=\"column\" data-e-type=\"column\">\n\t\t\t<div class=\"elementor-widget-wrap elementor-element-populated\">\n\t\t\t\t\t\t<div class=\"elementor-element elementor-element-7563a04b elementor-widget elementor-widget-text-editor\" data-id=\"7563a04b\" data-element_type=\"widget\" data-e-type=\"widget\" data-widget_type=\"text-editor.default\">\n\t\t\t\t<div class=\"elementor-widget-container\">\n\t\t\t\t\t\t\t\t\t<p><span class=\"gecleant_Titel\"><strong class=\"gecleant_Absatz\">Teslimat zamanlar\u0131<\/strong><\/span><\/p>\n<p><span class=\"gecleant_Absatz\">\u0130lgili teklifte aksi belirtilmedik\u00e7e, mallar yurt i\u00e7inde (Almanya) 2-7 g\u00fcn i\u00e7inde, di\u011fer Avrupa \u00fclkelerinde 3-7 g\u00fcn i\u00e7inde, uluslararas\u0131 teslimatlar i\u00e7in ise s\u00f6zle\u015fmenin imzalanmas\u0131ndan sonraki 5-7 g\u00fcn i\u00e7inde ( \u00f6deme emrinizin s\u00fcresinden sonra kabul edilen avans)<\/span><br \/><span class=\"gecleant_Absatz\">Pazar g\u00fcnleri ve resmi tatillerde teslimat yap\u0131lmad\u0131\u011f\u0131n\u0131 l\u00fctfen unutmay\u0131n.<\/span><br \/><span class=\"gecleant_Absatz\">Farkl\u0131 teslimat s\u00fcrelerine sahip \u00fcr\u00fcnler sipari\u015f ettiyseniz, sizinle farkl\u0131 bir anla\u015fma yapmad\u0131\u011f\u0131m\u0131z s\u00fcrece, \u00fcr\u00fcnleri tek bir g\u00f6nderi ile g\u00f6nderece\u011fiz.<\/span> <span class=\"gecleant_Absatz\">Bu durumda teslimat s\u00fcresi, sipari\u015f etti\u011finiz en uzun teslimat s\u00fcresine sahip \u00fcr\u00fcn taraf\u0131ndan belirlenir.<\/span><\/p>\n<p><span class=\"gecleant_Absatz\">Mallar\u0131 kendiniz al\u0131rsan\u0131z, mallar\u0131n mevcudiyeti ve teslim alma se\u00e7enekleri hakk\u0131nda sizi e-posta ile bilgilendirece\u011fiz. Bu durumda nakliye \u00fccreti al\u0131nmayacakt\u0131r.<\/span><\/p><\/p>\n\t\t\t\t\t\t\t\t<\/div>\n\t\t\t\t<\/div>\n\t\t\t\t\t<\/div>\n\t\t<\/div>\n\t\t\t\t\t<\/div>\n\t\t<\/section>\n\t\t\t\t<\/div>\n\t\t","protected":false},"excerpt":{"rendered":"<p>\u00f6deme ve nakliye A\u015fa\u011f\u0131daki ko\u015fullar ge\u00e7erlidir: Nakliye ko\u015fullar\u0131 \u00dcr\u00fcnler d\u00fcnya \u00e7ap\u0131nda teslim edilir. Nakliye (yasal KDV dahil) Hesapl\u0131yoruz Avrupa i\u00e7inde nakliye \u00fccreti yok . \u00dclkeler i\u00e7in Avrupa d\u0131\u015f\u0131nda nakliye masraflar\u0131n\u0131 a\u015fa\u011f\u0131daki ko\u015fullara g\u00f6re hesapl\u0131yoruz: Warenpost International XS 500 grama kadar = 5 Euro Mal postas\u0131 uluslararas\u0131 M 1000 g&#8217;a kadar = 10 Euro Warenpost International [&hellip;]<\/p>\n","protected":false},"author":1,"featured_media":0,"parent":0,"menu_order":0,"comment_status":"closed","ping_status":"closed","template":"","meta":{"footnotes":""},"class_list":["post-9977","page","type-page","status-publish","hentry"],"_links":{"self":[{"href":"https:\/\/www.gecleant.de\/tr\/wp-json\/wp\/v2\/pages\/9977","targetHints":{"allow":["GET"]}}],"collection":[{"href":"https:\/\/www.gecleant.de\/tr\/wp-json\/wp\/v2\/pages"}],"about":[{"href":"https:\/\/www.gecleant.de\/tr\/wp-json\/wp\/v2\/types\/page"}],"author":[{"embeddable":true,"href":"https:\/\/www.gecleant.de\/tr\/wp-json\/wp\/v2\/users\/1"}],"replies":[{"embeddable":true,"href":"https:\/\/www.gecleant.de\/tr\/wp-json\/wp\/v2\/comments?post=9977"}],"version-history":[{"count":0,"href":"https:\/\/www.gecleant.de\/tr\/wp-json\/wp\/v2\/pages\/9977\/revisions"}],"wp:attachment":[{"href":"https:\/\/www.gecleant.de\/tr\/wp-json\/wp\/v2\/media?parent=9977"}],"curies":[{"name":"wp","href":"https:\/\/api.w.org\/{rel}","templated":true}]}}