{"id":49465,"date":"2021-02-18T15:22:44","date_gmt":"2021-02-18T14:22:44","guid":{"rendered":"https:\/\/www.gecleant.de\/shop\/kategorilenmemis\/olcuye-gore-cam-tipalar\/"},"modified":"2022-05-10T09:58:38","modified_gmt":"2022-05-10T07:58:38","slug":"olcuye-gore-cam-tipa","status":"publish","type":"product","link":"https:\/\/www.gecleant.de\/tr\/shop\/silecek-deligi-kapagi\/olcuye-gore-cam-tipa\/","title":{"rendered":"\u00d6l\u00e7\u00fcye g\u00f6re cam t\u0131palar"},"content":{"rendered":"","protected":false},"excerpt":{"rendered":"<p><span style=\"color: #ffffff;\">EVET, arac\u0131n\u0131z i\u00e7in uygun bir fi\u015f temin edebiliriz, ancak hen\u00fcz gerekli boyutlara sahip de\u011filiz veya bunlar\u0131 yeterince do\u011frulayamad\u0131k.<\/span><\/p>\n<h3><span style=\"color: #ffffff;\">\u00dcr\u00fcnlerimizin uygunlu\u011funu nas\u0131l do\u011frular\u0131z?<\/span><\/h3>\n<p><span style=\"color: #ffffff;\">S\u00f6z konusu ara\u00e7 tipinin birka\u00e7 arka kap\u0131s\u0131nda dijital \u00f6l\u00e7\u00fcmler al\u0131yor ve ard\u0131ndan silecek deli\u011finin ortalama \u00e7ap\u0131n\u0131 (dikey ve yatay) belirliyoruz. Dilim kal\u0131nl\u0131\u011f\u0131 da biraz de\u011fi\u015fir. T\u00fcm de\u011ferleri referans m\u00fc\u015fterilerle test ediyoruz ve geri bildirim s\u00fcrekli olarak olumlu ise, silecek deli\u011fi tapas\u0131 bir \u00fcr\u00fcn olarak ma\u011fazam\u0131za entegre ediliyor.<\/span><\/p>\n<h3><span style=\"color: #ffffff;\">Araban\u0131z listede yoksa ne yapmal\u0131s\u0131n\u0131z?<\/span><\/h3>\n<p><span style=\"color: #ffffff;\">Kendi \u00fcretimimizle fabrikada oldu\u011fumuz i\u00e7in,<strong> Cam t\u0131pa<\/strong><strong> 20-40 mm<\/strong> arka silecek delikleri i\u00e7in \u00f6zel yap\u0131m. Bunun i\u00e7in ihtiyac\u0131m\u0131z olan \u015fey silecek deli\u011finin boyutu.<\/span><\/p>\n<p><span style=\"color: #ffffff;\">Burada ger\u00e7ek delik \u00e7ap\u0131n\u0131z\u0131 kendiniz belirterek \u0131smarlama bir \u00fcr\u00fcn sipari\u015f edebilirsiniz. L\u00fctfen yatay ve dikey olarak \u00f6l\u00e7\u00fcn ve<strong> en k\u00fc\u00e7\u00fck<\/strong> De\u011fer girin! Daha sonra bu boyuttan 0,3 &#8211; 0,6 mm \u00e7\u0131kar\u0131r\u0131z (bu, \u00fcretime ba\u011fl\u0131 olarak biraz de\u011fi\u015fir) ve ard\u0131ndan isteklerinize g\u00f6re size uygun bir silecek deli\u011fi tapas\u0131 teslim ederiz.<\/span><\/p>\n<h3><span style=\"color: #ffffff;\">misal<\/span><\/h3>\n<ol>\n<li><span style=\"color: #ffffff;\">Sen<strong> araban\u0131zdaki \u00f6nlemler<\/strong> dikey olarak 23,58 mm ve yatay olarak 23,13 mm dijital kumpas ile.<\/span><\/li>\n<li><span style=\"color: #ffffff;\">Burada \u00f6l\u00e7\u00fcye g\u00f6re boyut olarak 23 mm&#8217;yi se\u00e7ersiniz.<\/span><\/li>\n<li><span style=\"color: #ffffff;\">Stoperinizi 22.4 &#8211; 22.7mm olarak \u00fcretiyoruz.<\/span><\/li>\n<\/ol>\n<p><span style=\"color: #ffffff;\"><strong>\u00d6l\u00e7\u00fclen silecek deli\u011fi \u00e7ap\u0131n\u0131z (mm olarak):<\/strong><\/span><\/p>\n","protected":false},"featured_media":11916,"comment_status":"open","ping_status":"closed","template":"","meta":[],"product_brand":[],"product_cat":[1276],"product_tag":[],"class_list":{"0":"post-49465","1":"product","2":"type-product","3":"status-publish","4":"has-post-thumbnail","6":"product_cat-silecek-deligi-kapagi","8":"first","9":"instock","10":"taxable","11":"shipping-taxable","12":"purchasable","13":"product-type-variable","14":"has-default-attributes"},"bundled_by":[],"bundle_stock_status":"instock","bundle_stock_quantity":null,"bundle_virtual":false,"bundle_layout":"","bundle_add_to_cart_form_location":"","bundle_editable_in_cart":false,"bundle_sold_individually_context":"","bundle_item_grouping":"","bundle_min_size":"","bundle_max_size":"","bundle_price":[],"bundled_items":[],"bundle_sell_ids":[],"_links":{"self":[{"href":"https:\/\/www.gecleant.de\/tr\/wp-json\/wp\/v2\/product\/49465","targetHints":{"allow":["GET"]}}],"collection":[{"href":"https:\/\/www.gecleant.de\/tr\/wp-json\/wp\/v2\/product"}],"about":[{"href":"https:\/\/www.gecleant.de\/tr\/wp-json\/wp\/v2\/types\/product"}],"replies":[{"embeddable":true,"href":"https:\/\/www.gecleant.de\/tr\/wp-json\/wp\/v2\/comments?post=49465"}],"version-history":[{"count":0,"href":"https:\/\/www.gecleant.de\/tr\/wp-json\/wp\/v2\/product\/49465\/revisions"}],"wp:featuredmedia":[{"embeddable":true,"href":"https:\/\/www.gecleant.de\/tr\/wp-json\/wp\/v2\/media\/11916"}],"wp:attachment":[{"href":"https:\/\/www.gecleant.de\/tr\/wp-json\/wp\/v2\/media?parent=49465"}],"wp:term":[{"taxonomy":"product_brand","embeddable":true,"href":"https:\/\/www.gecleant.de\/tr\/wp-json\/wp\/v2\/product_brand?post=49465"},{"taxonomy":"product_cat","embeddable":true,"href":"https:\/\/www.gecleant.de\/tr\/wp-json\/wp\/v2\/product_cat?post=49465"},{"taxonomy":"product_tag","embeddable":true,"href":"https:\/\/www.gecleant.de\/tr\/wp-json\/wp\/v2\/product_tag?post=49465"}],"curies":[{"name":"wp","href":"https:\/\/api.w.org\/{rel}","templated":true}]}}