{"id":50300,"date":"2021-02-17T23:59:58","date_gmt":"2021-04-20T11:32:49","guid":{"rendered":"https:\/\/www.gecleant.de\/shop\/unkategorisiert\/cam-tipa-07t\/"},"modified":"2021-05-19T11:27:08","modified_gmt":"2021-05-19T09:27:08","slug":"cam-tipa-07","status":"publish","type":"product","link":"https:\/\/www.gecleant.de\/tr\/shop\/silecek-deligi-kapagi\/cam-tipa-07\/","title":{"rendered":"Cam t\u0131pa # 07"},"content":{"rendered":"<p>&#8220;T = koyu siyah&#8221; varyant\u0131, do\u011frudan g\u00fcne\u015f \u0131\u015f\u0131\u011f\u0131nda daha koyu g\u00f6r\u00fcnen farkl\u0131 bir hammadde kullan\u0131r. \u00d6zellikle fabrikada renklendirilmi\u015f camlara sahip ara\u00e7lar i\u00e7in tavsiye edilir.<\/p>\n","protected":false},"excerpt":{"rendered":"<p>Arac\u0131n\u0131z\u0131n arkadan g\u00f6r\u00fcn\u00fcm\u00fcn\u00fc temelden de\u011fi\u015ftirecek camdan yap\u0131lm\u0131\u015f k\u00fc\u00e7\u00fck bir yaz\u0131. Kolay kurulum + m\u00fckemmel uyan boyutlar = m\u00fckemmel \u015fekilde yar\u0131lm\u0131\u015f bagaj kapa\u011f\u0131.<\/p>\n","protected":false},"featured_media":11916,"comment_status":"open","ping_status":"closed","template":"","meta":[],"product_brand":[],"product_cat":[1276,1561],"product_tag":[],"class_list":{"0":"post-50300","1":"product","2":"type-product","3":"status-publish","4":"has-post-thumbnail","6":"product_cat-silecek-deligi-kapagi","7":"product_cat-malzemeler","9":"first","10":"onbackorder","11":"taxable","12":"shipping-taxable","13":"purchasable","14":"product-type-simple"},"bundled_by":["59245","59277","59260","59529"],"bundle_stock_status":"onbackorder","bundle_stock_quantity":-125,"bundle_virtual":false,"bundle_layout":"","bundle_add_to_cart_form_location":"","bundle_editable_in_cart":false,"bundle_sold_individually_context":"","bundle_item_grouping":"","bundle_min_size":"","bundle_max_size":"","bundle_price":[],"bundled_items":[],"bundle_sell_ids":[],"_links":{"self":[{"href":"https:\/\/www.gecleant.de\/tr\/wp-json\/wp\/v2\/product\/50300","targetHints":{"allow":["GET"]}}],"collection":[{"href":"https:\/\/www.gecleant.de\/tr\/wp-json\/wp\/v2\/product"}],"about":[{"href":"https:\/\/www.gecleant.de\/tr\/wp-json\/wp\/v2\/types\/product"}],"replies":[{"embeddable":true,"href":"https:\/\/www.gecleant.de\/tr\/wp-json\/wp\/v2\/comments?post=50300"}],"version-history":[{"count":0,"href":"https:\/\/www.gecleant.de\/tr\/wp-json\/wp\/v2\/product\/50300\/revisions"}],"wp:featuredmedia":[{"embeddable":true,"href":"https:\/\/www.gecleant.de\/tr\/wp-json\/wp\/v2\/media\/11916"}],"wp:attachment":[{"href":"https:\/\/www.gecleant.de\/tr\/wp-json\/wp\/v2\/media?parent=50300"}],"wp:term":[{"taxonomy":"product_brand","embeddable":true,"href":"https:\/\/www.gecleant.de\/tr\/wp-json\/wp\/v2\/product_brand?post=50300"},{"taxonomy":"product_cat","embeddable":true,"href":"https:\/\/www.gecleant.de\/tr\/wp-json\/wp\/v2\/product_cat?post=50300"},{"taxonomy":"product_tag","embeddable":true,"href":"https:\/\/www.gecleant.de\/tr\/wp-json\/wp\/v2\/product_tag?post=50300"}],"curies":[{"name":"wp","href":"https:\/\/api.w.org\/{rel}","templated":true}]}}