{"id":50347,"date":"2021-02-17T23:59:59","date_gmt":"2021-04-20T11:34:33","guid":{"rendered":"https:\/\/www.gecleant.de\/shop\/kategorilenmemis\/cam-tipa-10\/"},"modified":"2024-03-11T10:25:17","modified_gmt":"2024-03-11T09:25:17","slug":"cam-tipa-10","status":"publish","type":"product","link":"https:\/\/www.gecleant.de\/tr\/shop\/silecek-deligi-kapagi\/cam-tipa-10\/","title":{"rendered":"Cam t\u0131pa # 10"},"content":{"rendered":"","protected":false},"excerpt":{"rendered":"<p>Arac\u0131n\u0131z\u0131n arkadan g\u00f6r\u00fcn\u00fcm\u00fcn\u00fc temelden de\u011fi\u015ftirecek camdan yap\u0131lm\u0131\u015f k\u00fc\u00e7\u00fck bir yaz\u0131. Kolay kurulum + m\u00fckemmel uyan boyutlar = m\u00fckemmel \u015fekilde yar\u0131lm\u0131\u015f bagaj kapa\u011f\u0131.<\/p>\n","protected":false},"featured_media":11916,"comment_status":"open","ping_status":"closed","template":"","meta":[],"product_brand":[],"product_cat":[1276,1561],"product_tag":[],"class_list":{"0":"post-50347","1":"product","2":"type-product","3":"status-publish","4":"has-post-thumbnail","6":"product_cat-silecek-deligi-kapagi","7":"product_cat-malzemeler","9":"first","10":"onbackorder","11":"taxable","12":"shipping-taxable","13":"purchasable","14":"product-type-simple"},"bundled_by":["59308","59501"],"bundle_stock_status":"onbackorder","bundle_stock_quantity":-8,"bundle_virtual":false,"bundle_layout":"","bundle_add_to_cart_form_location":"","bundle_editable_in_cart":false,"bundle_sold_individually_context":"","bundle_item_grouping":"","bundle_min_size":"","bundle_max_size":"","bundle_price":[],"bundled_items":[],"bundle_sell_ids":[],"_links":{"self":[{"href":"https:\/\/www.gecleant.de\/tr\/wp-json\/wp\/v2\/product\/50347","targetHints":{"allow":["GET"]}}],"collection":[{"href":"https:\/\/www.gecleant.de\/tr\/wp-json\/wp\/v2\/product"}],"about":[{"href":"https:\/\/www.gecleant.de\/tr\/wp-json\/wp\/v2\/types\/product"}],"replies":[{"embeddable":true,"href":"https:\/\/www.gecleant.de\/tr\/wp-json\/wp\/v2\/comments?post=50347"}],"version-history":[{"count":0,"href":"https:\/\/www.gecleant.de\/tr\/wp-json\/wp\/v2\/product\/50347\/revisions"}],"wp:featuredmedia":[{"embeddable":true,"href":"https:\/\/www.gecleant.de\/tr\/wp-json\/wp\/v2\/media\/11916"}],"wp:attachment":[{"href":"https:\/\/www.gecleant.de\/tr\/wp-json\/wp\/v2\/media?parent=50347"}],"wp:term":[{"taxonomy":"product_brand","embeddable":true,"href":"https:\/\/www.gecleant.de\/tr\/wp-json\/wp\/v2\/product_brand?post=50347"},{"taxonomy":"product_cat","embeddable":true,"href":"https:\/\/www.gecleant.de\/tr\/wp-json\/wp\/v2\/product_cat?post=50347"},{"taxonomy":"product_tag","embeddable":true,"href":"https:\/\/www.gecleant.de\/tr\/wp-json\/wp\/v2\/product_tag?post=50347"}],"curies":[{"name":"wp","href":"https:\/\/api.w.org\/{rel}","templated":true}]}}