{"id":51074,"date":"2021-03-05T12:05:28","date_gmt":"2021-04-20T14:01:40","guid":{"rendered":"https:\/\/www.gecleant.de\/shop\/kategorilenmemis\/tutkal-seti-tutkal-temizleyici\/"},"modified":"2023-01-16T10:36:37","modified_gmt":"2023-01-16T09:36:37","slug":"yapiskan-seti","status":"publish","type":"product","link":"https:\/\/www.gecleant.de\/tr\/shop\/malzemeler\/yapiskan-seti\/","title":{"rendered":"Tutkal seti (tutkal + temizleyici)"},"content":{"rendered":"","protected":false},"excerpt":{"rendered":"<p>Arka camda arka silecek kapa\u011f\u0131m\u0131z\u0131n profesyonel ve uzun \u00f6m\u00fcrl\u00fc montaj\u0131 i\u00e7in bir sette siyah, UV&#8217;ye dayan\u0131kl\u0131 montaj yap\u0131\u015ft\u0131r\u0131c\u0131s\u0131 (8g) ve uygun temizleyici (20ml).<\/p>\n<p>L\u00fctfen 7\u00b0&#8217;nin alt\u0131nda yap\u0131\u015ft\u0131r\u0131c\u0131 kullanmay\u0131n. Kuruma s\u00fcresi 24 saattir.<\/p>\n","protected":false},"featured_media":32782,"comment_status":"closed","ping_status":"closed","template":"","meta":[],"product_brand":[],"product_cat":[1561],"product_tag":[],"class_list":{"0":"post-51074","1":"product","2":"type-product","3":"status-publish","4":"has-post-thumbnail","6":"product_cat-malzemeler","8":"first","9":"onbackorder","10":"sale","11":"taxable","12":"shipping-taxable","13":"purchasable","14":"product-type-simple"},"bundled_by":["55689","56128","56142","56161","56188","56171","56214","57088","59308","59303","59284","59317","59237","59258","59254","59243","59240","59245","59260","59271","59273","59277","59324","59280","59281","59286","59289","59341","59294","59346","59353","59300","59305","59310","59389","59424","59388","59387","59430","59398","59391","59396","59392","59393","59397","59399","59438","59440","59455","59460","59465","59444","59474","59480","59490","59485","59495","59498","59501","59509","59506","59512","59515","59520","59518","59527","59524","59533","59529","59536","59567","59573","59570","59579","59576","59585","59582","59540","59539","59547","59545","59552","59546","59558","59555","59561","59564","59588","59249","61159","61160","61150","65352","65380","65401","65420","65447"],"bundle_stock_status":"onbackorder","bundle_stock_quantity":-2767,"bundle_virtual":false,"bundle_layout":"","bundle_add_to_cart_form_location":"","bundle_editable_in_cart":false,"bundle_sold_individually_context":"","bundle_item_grouping":"","bundle_min_size":"","bundle_max_size":"","bundle_price":[],"bundled_items":[],"bundle_sell_ids":[],"_links":{"self":[{"href":"https:\/\/www.gecleant.de\/tr\/wp-json\/wp\/v2\/product\/51074","targetHints":{"allow":["GET"]}}],"collection":[{"href":"https:\/\/www.gecleant.de\/tr\/wp-json\/wp\/v2\/product"}],"about":[{"href":"https:\/\/www.gecleant.de\/tr\/wp-json\/wp\/v2\/types\/product"}],"replies":[{"embeddable":true,"href":"https:\/\/www.gecleant.de\/tr\/wp-json\/wp\/v2\/comments?post=51074"}],"version-history":[{"count":0,"href":"https:\/\/www.gecleant.de\/tr\/wp-json\/wp\/v2\/product\/51074\/revisions"}],"wp:featuredmedia":[{"embeddable":true,"href":"https:\/\/www.gecleant.de\/tr\/wp-json\/wp\/v2\/media\/32782"}],"wp:attachment":[{"href":"https:\/\/www.gecleant.de\/tr\/wp-json\/wp\/v2\/media?parent=51074"}],"wp:term":[{"taxonomy":"product_brand","embeddable":true,"href":"https:\/\/www.gecleant.de\/tr\/wp-json\/wp\/v2\/product_brand?post=51074"},{"taxonomy":"product_cat","embeddable":true,"href":"https:\/\/www.gecleant.de\/tr\/wp-json\/wp\/v2\/product_cat?post=51074"},{"taxonomy":"product_tag","embeddable":true,"href":"https:\/\/www.gecleant.de\/tr\/wp-json\/wp\/v2\/product_tag?post=51074"}],"curies":[{"name":"wp","href":"https:\/\/api.w.org\/{rel}","templated":true}]}}