{"id":59086,"date":"2022-02-18T09:42:08","date_gmt":"2022-02-18T11:42:20","guid":{"rendered":"https:\/\/www.gecleant.de\/shop\/unkategorisiert\/tohum-cuemlesi-paslanmaz-celikten-yapilmis-kurtarma-metal-plaka-1mm\/"},"modified":"2022-02-18T12:42:22","modified_gmt":"2022-02-18T11:42:22","slug":"tohum-ifade-kurtarma-metal-plaka-1mm-yapilmis-paslanmaz-celik-v2a-gravuer-kalemsiz","status":"publish","type":"product","link":"https:\/\/www.gecleant.de\/tr\/shop\/malzemeler\/kripto-donanim-cuezdani\/tohum-ifade-kurtarma-metal-plaka-1mm-yapilmis-paslanmaz-celik-v2a-gravuer-kalemsiz\/","title":{"rendered":"Tohum C\u00fcmlesi &#8211; Paslanmaz \u00e7elikten yap\u0131lm\u0131\u015f kurtarma metal plaka (1mm)"},"content":{"rendered":"<p><a href=\"https:\/\/dezentral-investieren.de\/seed-phrase-recovery-metallplatte-1mm-aus-edelstahl-v4a-ohne-gravurstift\/\" rel=\"nofollow noopener\" target=\"_blank\">Decentral-investieren.de<\/a> ile i\u015fbirli\u011fi i\u00e7inde, \u00fczerinde tohum c\u00fcmlenizi (12 veya 24 \u015fifre\/c\u00fczdan\u0131n \u00f6zel anahtar\u0131) g\u00fcvenle saklayabilece\u011finiz grav\u00fcr i\u00e7in metal bir plaka sunuyoruz. Plaka <a href=\"https:\/\/de.wikipedia.org\/wiki\/Edelstahl#WNr._1.4301_(X5CrNi18-10),_AISI_304,_(V2A),_SUS304\" rel=\"nofollow noopener\" target=\"_blank\">1.4301 V2A paslanmaz \u00e7elikten<\/a> yap\u0131lm\u0131\u015ft\u0131r ve a\u015fa\u011f\u0131daki \u00f6zelliklere sahiptir:<\/p>\n<p>1 mm paslanmaz \u00e7elik<br \/>\n7,5 cm geni\u015fli\u011finde<br \/>\n9cm y\u00fcksekli\u011finde<br \/>\nAte\u015fe dayan\u0131kl\u0131 (1400-1455 \u00b0C&#8217;de erir)<br \/>\n\u00e7izilmeye kar\u015f\u0131 dayan\u0131kl\u0131d\u0131r<\/p>\n<p>Bir apartman yang\u0131n\u0131 yakla\u015f\u0131k 1100\u00b0C oldu\u011fundan, <a href=\"https:\/\/www.baunetzwissen.de\/glossar\/e\/einheitstemperaturzeitkurve-etk-3176775\" rel=\"nofollow noopener\" target=\"_blank\">kaynak 1<\/a> , <a href=\"https:\/\/expressantworten.com\/wie-heiss-wird-es-bei-einem-wohnungsbrand\/\" rel=\"nofollow noopener\" target=\"_blank\">kaynak 2<\/a> , paslanmaz \u00e7elik 1.4301 yang\u0131na kar\u015f\u0131 en iyi korumay\u0131 sa\u011flamal\u0131d\u0131r. \u00c7\u00f6kme veya kal\u0131nt\u0131 nedeniyle mekanik deformasyonu azaltmak i\u00e7in 1 mm kal\u0131nl\u0131k da se\u00e7ilmi\u015ftir. Ayr\u0131ca bu ala\u015f\u0131m, standart bir grav\u00fcr kalemi ile kolay i\u015fleme sa\u011flar.<\/p>\n","protected":false},"excerpt":{"rendered":"<p>Decentral-investieren.de ile i\u015fbirli\u011fi i\u00e7inde, \u00fczerinde tohum c\u00fcmlenizi (12 veya 24 \u015fifre\/c\u00fczdan\u0131n \u00f6zel anahtar\u0131) g\u00fcvenle saklayabilece\u011finiz grav\u00fcr i\u00e7in metal bir plaka sunuyoruz. Plaka 1.4301 V2A paslanmaz \u00e7elikten yap\u0131lm\u0131\u015ft\u0131r ve a\u015fa\u011f\u0131daki \u00f6zelliklere sahiptir: 1 mm paslanmaz \u00e7elik 7,5 cm geni\u015fli\u011finde 9cm y\u00fcksekli\u011finde Ate\u015fe dayan\u0131kl\u0131 (1400-1455 \u00b0C&#8217;de erir) \u00e7izilmeye kar\u015f\u0131 dayan\u0131kl\u0131d\u0131r Bir apartman yang\u0131n\u0131 yakla\u015f\u0131k 1100\u00b0C oldu\u011fundan, kaynak [&hellip;]<\/p>\n","protected":false},"featured_media":59032,"comment_status":"closed","ping_status":"closed","template":"","meta":[],"product_brand":[],"product_cat":[1561,1864],"product_tag":[],"class_list":{"0":"post-59086","1":"product","2":"type-product","3":"status-publish","4":"has-post-thumbnail","6":"product_cat-malzemeler","7":"product_cat-kripto-donanim-cuezdani","9":"first","10":"instock","11":"sale","12":"taxable","13":"shipping-taxable","14":"purchasable","15":"product-type-variable","16":"has-default-attributes"},"bundled_by":[],"bundle_stock_status":"instock","bundle_stock_quantity":null,"bundle_virtual":false,"bundle_layout":"","bundle_add_to_cart_form_location":"","bundle_editable_in_cart":false,"bundle_sold_individually_context":"","bundle_item_grouping":"","bundle_min_size":"","bundle_max_size":"","bundle_price":[],"bundled_items":[],"bundle_sell_ids":[],"_links":{"self":[{"href":"https:\/\/www.gecleant.de\/tr\/wp-json\/wp\/v2\/product\/59086","targetHints":{"allow":["GET"]}}],"collection":[{"href":"https:\/\/www.gecleant.de\/tr\/wp-json\/wp\/v2\/product"}],"about":[{"href":"https:\/\/www.gecleant.de\/tr\/wp-json\/wp\/v2\/types\/product"}],"replies":[{"embeddable":true,"href":"https:\/\/www.gecleant.de\/tr\/wp-json\/wp\/v2\/comments?post=59086"}],"version-history":[{"count":0,"href":"https:\/\/www.gecleant.de\/tr\/wp-json\/wp\/v2\/product\/59086\/revisions"}],"wp:featuredmedia":[{"embeddable":true,"href":"https:\/\/www.gecleant.de\/tr\/wp-json\/wp\/v2\/media\/59032"}],"wp:attachment":[{"href":"https:\/\/www.gecleant.de\/tr\/wp-json\/wp\/v2\/media?parent=59086"}],"wp:term":[{"taxonomy":"product_brand","embeddable":true,"href":"https:\/\/www.gecleant.de\/tr\/wp-json\/wp\/v2\/product_brand?post=59086"},{"taxonomy":"product_cat","embeddable":true,"href":"https:\/\/www.gecleant.de\/tr\/wp-json\/wp\/v2\/product_cat?post=59086"},{"taxonomy":"product_tag","embeddable":true,"href":"https:\/\/www.gecleant.de\/tr\/wp-json\/wp\/v2\/product_tag?post=59086"}],"curies":[{"name":"wp","href":"https:\/\/api.w.org\/{rel}","templated":true}]}}