{"id":59567,"date":"2021-05-19T13:21:54","date_gmt":"2021-05-19T11:21:54","guid":{"rendered":"https:\/\/www.gecleant.de\/shop\/kategorilenmemis\/ford-icin-cam-tipa\/"},"modified":"2022-04-15T18:12:37","modified_gmt":"2022-04-15T16:12:37","slug":"glasstopfen-fuer-ford-gs14","status":"publish","type":"product","link":"https:\/\/www.gecleant.de\/tr\/shop\/silecek-deligi-kapagi\/ford-ecosport-edge-fiesta-focus-kuga-puma-smax-tr\/glasstopfen-fuer-ford-gs14\/","title":{"rendered":"Ford i\u00e7in cam t\u0131pa"},"content":{"rendered":"<p>Burada kaliteyi sat\u0131n al\u0131yorsunuz. Camdan yap\u0131lm\u0131\u015f arka silecek kapa\u011f\u0131n\u0131n mucitleri biziz. Silecek deli\u011fi kapaklar\u0131m\u0131z bir par\u00e7a d\u00fcz camdan frezelenmi\u015ftir ve arac\u0131n\u0131za \u00f6zel olarak tasarlanm\u0131\u015ft\u0131r. Arka cam silece\u011fini (muhtemelen ar\u0131zal\u0131;) araban\u0131zdan \u00e7\u0131kar\u0131rsan\u0131z, arka camda cam durdurucumuzla ayn\u0131 hizada kapatabilece\u011finiz k\u00fc\u00e7\u00fck bir delik kal\u0131r. Baz\u0131 insanlar, ar\u0131zal\u0131 arka sileceklerini nas\u0131l tamir edeceklerini ve onar\u0131m\u0131n ne kadar pahal\u0131 oldu\u011funu \u00f6\u011frenmek ister. Arkadaki ar\u0131zal\u0131 silecek kolunu veya silecek motorunu de\u011fi\u015ftirmek \/ onarmak yerine, s\u0131zd\u0131rmazl\u0131k tapalar\u0131m\u0131zla herkesin kendi kendine takabilece\u011fi basit ve ucuz bir yedek par\u00e7a sunuyoruz. Y\u0131kama s\u0131v\u0131s\u0131 memesi s\u0131zd\u0131rmaz hale getirilmi\u015ftir ve daha yeni ara\u00e7larda CAN veriyolu kodlanm\u0131\u015ft\u0131r. Bitti. Arka cam silece\u011finin s\u00f6k\u00fclmesi ve tak\u0131lmas\u0131 i\u00e7in bir onar\u0131m k\u0131lavuzunu yard\u0131m masam\u0131zda bulabilirsiniz.<\/p>\n<p>Oh ve \u00f6nemli: Durdurucumuzun arkas\u0131 siyah ve \u00f6n taraf\u0131 \u015feffaf bir koruyucu filmle kaplanm\u0131\u015ft\u0131r, b\u00f6ylece arka cama yerle\u015ftirildi\u011finde hi\u00e7bir \u015fey \u00e7izilmez &#8211; bu nedenle l\u00fctfen donuk \/ s\u00fctl\u00fc g\u00f6r\u00fcn\u00fcm\u00fcne \u015fa\u015f\u0131rmay\u0131n. t\u0131pa ve koruyucu filmi pencere \u00e7\u0131tas\u0131na yerle\u015ftirdikten sonra \u00e7\u0131kar\u0131n.<\/p>\n<p>M\u00fckemmel temiz bir OEM g\u00f6r\u00fcn\u00fcm\u00fc en \u00f6nemli \u00f6nceli\u011fimizdir. Bu nedenle cam par\u00e7an\u0131n g\u00f6r\u00fcnen kenar\u0131n\u0131 elle parlat\u0131yoruz ve ekibimiz size g\u00f6nderilmeden \u00f6nce her t\u0131pay\u0131 hassas bir kalite kontrol\u00fcnden ge\u00e7iriyor. Hala memnun de\u011filseniz, l\u00fctfen bizimle ileti\u015fime ge\u00e7in, uygun olmayan cam kapaklar\u0131 \u00fccretsiz olarak de\u011fi\u015ftirece\u011fiz (hasar g\u00f6rmemi\u015flerse) &#8211; ve t\u0131pay\u0131 d\u00fc\u015f\u00fcrd\u00fcyseniz veya denedi\u011finizde kazayla hasar g\u00f6r\u00fcrseniz, adil bir \u00e7\u00f6z\u00fcm bulaca\u011f\u0131z ve bunu size ucuza g\u00f6nderin De\u011fi\u015ftirme &#8211; bu y\u00fczden endi\u015felenmeyin &#8230; support@gecleant.de adresinden bize yaz\u0131n ve m\u00fcmk\u00fcn olan en k\u0131sa s\u00fcrede sizin i\u00e7in orada olaca\u011f\u0131z.<\/p>\n","protected":false},"excerpt":{"rendered":"<p>Burada kaliteyi sat\u0131n al\u0131yorsunuz. Camdan yap\u0131lm\u0131\u015f arka silecek kapa\u011f\u0131n\u0131n mucitleri biziz. Silecek deli\u011fi kapaklar\u0131m\u0131z bir par\u00e7a d\u00fcz camdan frezelenmi\u015ftir ve arac\u0131n\u0131za \u00f6zel olarak tasarlanm\u0131\u015ft\u0131r. Arka cam silece\u011fini (muhtemelen ar\u0131zal\u0131;) araban\u0131zdan \u00e7\u0131kar\u0131rsan\u0131z, arka camda cam durdurucumuzla ayn\u0131 hizada kapatabilece\u011finiz k\u00fc\u00e7\u00fck bir delik kal\u0131r. Baz\u0131 insanlar, ar\u0131zal\u0131 arka sileceklerini nas\u0131l tamir edeceklerini ve onar\u0131m\u0131n ne kadar pahal\u0131 [&hellip;]<\/p>\n","protected":false},"featured_media":11916,"comment_status":"open","ping_status":"closed","template":"","meta":[],"product_brand":[],"product_cat":[1540,1276],"product_tag":[],"class_list":{"0":"post-59567","1":"product","2":"type-product","3":"status-publish","4":"has-post-thumbnail","6":"product_cat-ford-ecosport-edge-fiesta-focus-kuga-puma-smax-tr","7":"product_cat-silecek-deligi-kapagi","9":"first","10":"instock","11":"virtual","12":"sold-individually","13":"taxable","14":"purchasable","15":"product-type-bundle"},"bundled_by":[],"bundle_stock_status":"instock","bundle_stock_quantity":"","bundle_virtual":false,"bundle_layout":"tabular","bundle_add_to_cart_form_location":"default","bundle_editable_in_cart":true,"bundle_sold_individually_context":"configuration","bundle_item_grouping":"parent","bundle_min_size":1,"bundle_max_size":"","bundle_price":{"price":{"min":{"incl_tax":"25","excl_tax":"21.01"},"max":{"incl_tax":"350","excl_tax":"294.11"}},"regular_price":{"min":{"incl_tax":"25","excl_tax":"21.01"},"max":{"incl_tax":"375","excl_tax":"315.12"}}},"bundled_items":[{"bundled_item_id":9704,"product_id":50405,"menu_order":0,"quantity_min":1,"quantity_max":10,"quantity_default":1,"priced_individually":true,"shipped_individually":false,"override_title":true,"title":"\u0130\u00e7in uygun<span id=\"modelX\"> Arac\u0131n\u0131z<\/span> <span id=\"baujahr\"><\/span>","override_description":false,"description":"Cam t\u0131pa # 14","optional":false,"hide_thumbnail":false,"discount":"","override_variations":false,"allowed_variations":[""],"override_default_variation_attributes":false,"default_variation_attributes":[],"single_product_visibility":"visible","cart_visibility":"hidden","order_visibility":"visible","single_product_price_visibility":"visible","cart_price_visibility":"hidden","order_price_visibility":"visible","stock_status":"on_backorder"},{"bundled_item_id":9705,"product_id":51074,"menu_order":1,"quantity_min":0,"quantity_max":10,"quantity_default":1,"priced_individually":true,"shipped_individually":false,"override_title":false,"title":"Tutkal seti (tutkal + temizleyici)","override_description":false,"description":"Tutkal seti (tutkal + temizleyici)","optional":false,"hide_thumbnail":false,"discount":"","override_variations":false,"allowed_variations":[""],"override_default_variation_attributes":true,"default_variation_attributes":[],"single_product_visibility":"visible","cart_visibility":"visible","order_visibility":"visible","single_product_price_visibility":"hidden","cart_price_visibility":"hidden","order_price_visibility":"hidden","stock_status":"on_backorder"}],"bundle_sell_ids":[],"_links":{"self":[{"href":"https:\/\/www.gecleant.de\/tr\/wp-json\/wp\/v2\/product\/59567","targetHints":{"allow":["GET"]}}],"collection":[{"href":"https:\/\/www.gecleant.de\/tr\/wp-json\/wp\/v2\/product"}],"about":[{"href":"https:\/\/www.gecleant.de\/tr\/wp-json\/wp\/v2\/types\/product"}],"replies":[{"embeddable":true,"href":"https:\/\/www.gecleant.de\/tr\/wp-json\/wp\/v2\/comments?post=59567"}],"version-history":[{"count":0,"href":"https:\/\/www.gecleant.de\/tr\/wp-json\/wp\/v2\/product\/59567\/revisions"}],"wp:featuredmedia":[{"embeddable":true,"href":"https:\/\/www.gecleant.de\/tr\/wp-json\/wp\/v2\/media\/11916"}],"wp:attachment":[{"href":"https:\/\/www.gecleant.de\/tr\/wp-json\/wp\/v2\/media?parent=59567"}],"wp:term":[{"taxonomy":"product_brand","embeddable":true,"href":"https:\/\/www.gecleant.de\/tr\/wp-json\/wp\/v2\/product_brand?post=59567"},{"taxonomy":"product_cat","embeddable":true,"href":"https:\/\/www.gecleant.de\/tr\/wp-json\/wp\/v2\/product_cat?post=59567"},{"taxonomy":"product_tag","embeddable":true,"href":"https:\/\/www.gecleant.de\/tr\/wp-json\/wp\/v2\/product_tag?post=59567"}],"curies":[{"name":"wp","href":"https:\/\/api.w.org\/{rel}","templated":true}]}}