{"id":61218,"date":"2021-06-07T15:02:25","date_gmt":"2022-04-15T22:13:21","guid":{"rendered":"https:\/\/www.gecleant.de\/shop\/kategorilenmemis\/daha-az-daha-fazladir-gecleant-de-cikartmasi\/"},"modified":"2022-04-16T00:13:21","modified_gmt":"2022-04-15T22:13:21","slug":"daha-az-daha-temizlenmis-cikartma","status":"publish","type":"product","link":"https:\/\/www.gecleant.de\/tr\/shop\/malzemeler\/daha-az-daha-temizlenmis-cikartma\/","title":{"rendered":"Daha Az Daha Fazlad\u0131r gecleant.de \u00e7\u0131kartmas\u0131"},"content":{"rendered":"<p><a href=\"https:\/\/www.gecleant.de\/?attachment_id=57321\" rel=\"attachment wp-att-57321\"><img fetchpriority=\"high\" decoding=\"async\" class=\"alignnone size-full wp-image-57321\" src=\"https:\/\/www.gecleant.de\/wp-content\/uploads\/2021\/06\/lessismore_aufkleber1.jpg\" alt=\"\" width=\"800\" height=\"800\" srcset=\"https:\/\/www.gecleant.de\/wp-content\/uploads\/2021\/06\/lessismore_aufkleber1.jpg 800w, https:\/\/www.gecleant.de\/wp-content\/uploads\/2021\/06\/lessismore_aufkleber1-324x324.jpg 324w, https:\/\/www.gecleant.de\/wp-content\/uploads\/2021\/06\/lessismore_aufkleber1-100x100.jpg 100w, https:\/\/www.gecleant.de\/wp-content\/uploads\/2021\/06\/lessismore_aufkleber1-416x416.jpg 416w, https:\/\/www.gecleant.de\/wp-content\/uploads\/2021\/06\/lessismore_aufkleber1-300x300.jpg 300w, https:\/\/www.gecleant.de\/wp-content\/uploads\/2021\/06\/lessismore_aufkleber1-150x150.jpg 150w, https:\/\/www.gecleant.de\/wp-content\/uploads\/2021\/06\/lessismore_aufkleber1-768x768.jpg 768w\" sizes=\"(max-width: 800px) 100vw, 800px\" \/><\/a><\/p>\n","protected":false},"excerpt":{"rendered":"","protected":false},"featured_media":57297,"comment_status":"open","ping_status":"closed","template":"","meta":[],"product_brand":[],"product_cat":[1561,1569],"product_tag":[],"class_list":{"0":"post-61218","1":"product","2":"type-product","3":"status-publish","4":"has-post-thumbnail","6":"product_cat-malzemeler","7":"product_cat-ekipman","9":"first","10":"instock","11":"sale","12":"taxable","13":"shipping-taxable","14":"purchasable","15":"product-type-variable","16":"has-default-attributes"},"bundled_by":[],"bundle_stock_status":"instock","bundle_stock_quantity":null,"bundle_virtual":false,"bundle_layout":"","bundle_add_to_cart_form_location":"","bundle_editable_in_cart":false,"bundle_sold_individually_context":"","bundle_item_grouping":"","bundle_min_size":"","bundle_max_size":"","bundle_price":[],"bundled_items":[],"bundle_sell_ids":[],"_links":{"self":[{"href":"https:\/\/www.gecleant.de\/tr\/wp-json\/wp\/v2\/product\/61218","targetHints":{"allow":["GET"]}}],"collection":[{"href":"https:\/\/www.gecleant.de\/tr\/wp-json\/wp\/v2\/product"}],"about":[{"href":"https:\/\/www.gecleant.de\/tr\/wp-json\/wp\/v2\/types\/product"}],"replies":[{"embeddable":true,"href":"https:\/\/www.gecleant.de\/tr\/wp-json\/wp\/v2\/comments?post=61218"}],"version-history":[{"count":0,"href":"https:\/\/www.gecleant.de\/tr\/wp-json\/wp\/v2\/product\/61218\/revisions"}],"wp:featuredmedia":[{"embeddable":true,"href":"https:\/\/www.gecleant.de\/tr\/wp-json\/wp\/v2\/media\/57297"}],"wp:attachment":[{"href":"https:\/\/www.gecleant.de\/tr\/wp-json\/wp\/v2\/media?parent=61218"}],"wp:term":[{"taxonomy":"product_brand","embeddable":true,"href":"https:\/\/www.gecleant.de\/tr\/wp-json\/wp\/v2\/product_brand?post=61218"},{"taxonomy":"product_cat","embeddable":true,"href":"https:\/\/www.gecleant.de\/tr\/wp-json\/wp\/v2\/product_cat?post=61218"},{"taxonomy":"product_tag","embeddable":true,"href":"https:\/\/www.gecleant.de\/tr\/wp-json\/wp\/v2\/product_tag?post=61218"}],"curies":[{"name":"wp","href":"https:\/\/api.w.org\/{rel}","templated":true}]}}